{"id":9046,"date":"2023-03-03T10:39:19","date_gmt":"2023-03-03T10:39:19","guid":{"rendered":"https:\/\/www.stjarnkliniken.com\/stockholm-solna\/?page_id=9046"},"modified":"2024-02-07T10:52:53","modified_gmt":"2024-02-07T10:52:53","slug":"massage-solna","status":"publish","type":"page","link":"https:\/\/www.stjarnkliniken.com\/stockholm-solna\/massage-solna\/","title":{"rendered":"Massage Solna"},"content":{"rendered":"\n<div class=\"wp-block-group alignfull has-yellow-100-background-color has-background is-layout-flow wp-block-group-is-layout-flow\">\n\n<div class=\"wp-block-qala-blocks-hero alignfull content-position__left content-align__center\" >\n\t<div\n\t\tclass=\"wp-block-qala-blocks-hero__wrapper \"\n\t\tstyle=\" \"\n\t\t>\n\n\t\t\t\t<div\n\t\t\tclass=\"wp-block-qala-blocks-hero__content\"\n\t\t\tdata-width=\"50%\"\n\t\t\tstyle=\" width:50%;  text-align:left;\"\n\t\t\t>\n\t\t\t\n\n<div class=\"wp-block-columns are-vertically-aligned-center is-justified-center is-layout-flex wp-container-core-columns-is-layout-9d6595d7 wp-block-columns-is-layout-flex\">\n<div class=\"wp-block-column is-vertically-aligned-center is-layout-flow wp-block-column-is-layout-flow\" style=\"flex-basis:550px\">\n<div style=\"height:70px\" aria-hidden=\"true\" class=\"wp-block-spacer\"><\/div>\n\n\n\n<h1 class=\"wp-block-heading has-text-align-center wp-block-qala-blocks-hero__heading\" id=\"h-massage-solna\"><em>MASSAGE SOLNA<\/em><\/h1>\n\n\n\n<p class=\"has-text-align-center wp-block-qala-blocks-hero__text has-medium-font-size\">&nbsp;V\u00e4lkommen till oss p\u00e5 Stj\u00e4rnkliniken f\u00f6r en massage i Solna. Vi erbjuder personliga massageupplevelser som skr\u00e4ddarsys efter dina behov och \u00f6nskem\u00e5l. V\u00e5ra professionella massageterapeuter har l\u00e5ng erfarenhet och h\u00f6g kompetens inom olika massagetekniker.&nbsp;<\/p>\n\n\n\n<div class=\"wp-block-columns is-layout-flex wp-container-core-columns-is-layout-9d6595d7 wp-block-columns-is-layout-flex\">\n<div class=\"wp-block-column is-layout-flow wp-block-column-is-layout-flow\">\n<figure class=\"wp-block-image size-large is-style-rounded\"><img loading=\"lazy\" decoding=\"async\" width=\"600\" height=\"600\" src=\"https:\/\/www.stjarnkliniken.com\/wp-content\/uploads\/2022\/05\/massage5-hemsida.jpg\" alt=\"\" class=\"wp-image-8223\" srcset=\"https:\/\/www.stjarnkliniken.com\/stockholm-solna\/wp-content\/uploads\/sites\/5\/2022\/05\/massage5-hemsida.jpg 600w, https:\/\/www.stjarnkliniken.com\/stockholm-solna\/wp-content\/uploads\/sites\/5\/2022\/05\/massage5-hemsida-300x300.jpg 300w\" sizes=\"auto, (max-width: 600px) 100vw, 600px\" \/><\/figure>\n\n\n\n<h4 class=\"wp-block-heading has-text-align-center has-normal-font-size\" id=\"h-massage\">Massage<\/h4>\n<\/div>\n\n\n\n<div class=\"wp-block-column is-layout-flow wp-block-column-is-layout-flow\">\n<figure class=\"wp-block-image size-large is-style-rounded\"><img loading=\"lazy\" decoding=\"async\" width=\"600\" height=\"600\" src=\"https:\/\/www.stjarnkliniken.com\/wp-content\/uploads\/2022\/05\/massage4-hemsida.jpg\" alt=\"\" class=\"wp-image-8222\" srcset=\"https:\/\/www.stjarnkliniken.com\/stockholm-solna\/wp-content\/uploads\/sites\/5\/2022\/05\/massage4-hemsida.jpg 600w, https:\/\/www.stjarnkliniken.com\/stockholm-solna\/wp-content\/uploads\/sites\/5\/2022\/05\/massage4-hemsida-300x300.jpg 300w\" sizes=\"auto, (max-width: 600px) 100vw, 600px\" \/><\/figure>\n\n\n\n<h4 class=\"wp-block-heading has-text-align-center has-normal-font-size\" id=\"h-idrottsmasage\">Idrottsmasage<\/h4>\n<\/div>\n\n\n\n<div class=\"wp-block-column is-layout-flow wp-block-column-is-layout-flow\">\n<figure class=\"wp-block-image size-large is-style-rounded\"><img decoding=\"async\" src=\"https:\/\/www.stjarnkliniken.com\/wp-content\/uploads\/2022\/06\/massagehemsidda.jpg\" alt=\"\" class=\"wp-image-8912\"\/><\/figure>\n\n\n\n<h4 class=\"wp-block-heading has-text-align-center has-normal-font-size\" id=\"h-gravidmassage\">Gravidmassage<\/h4>\n<\/div>\n<\/div>\n<\/div>\n<\/div>\n\n\t\t<\/div>\n\n\t\t\n\t\t<div\n\t\t\tclass=\"wp-block-qala-blocks-hero__media-wrap\"\n\t\t\tstyle=\"\"\n\t\t\t>\n\n\t\t\t\t\t\t\t\t\t\t\t\t<img decoding=\"async\" src=\"https:\/\/www.stjarnkliniken.com\/wp-content\/uploads\/2022\/06\/massage-1-start-hemsida.jpg\" alt=\"hero-image\" loading=\"lazy\">\n\t\t\t\t\t\t\t\n\t\t\t\t\t\t\n\t\t\t\t\t\t\t<div\n\t\t\t\t\tclass=\"overlay\"\n\t\t\t\t\tstyle=\"opacity:70%; \"\n\t\t\t\t><\/div>\n\t\t\t\n\t\t<\/div>\n\t<\/div>\n<\/div>\n<\/div>\n\n\n\n<div style=\"height:70px\" aria-hidden=\"true\" class=\"wp-block-spacer\"><\/div>\n\n\n\n<h2 class=\"wp-block-heading alignwide\">&nbsp;Professionell massagebehandling&nbsp;<\/h2>\n\n\n\n<div class=\"wp-block-group alignwide is-layout-flow wp-block-group-is-layout-flow\">\n<p>&nbsp;V\u00e5ra certifierade massageterapeuter \u00e4r inte bara experter p\u00e5 att behandla fysiska besv\u00e4r, utan ocks\u00e5 p\u00e5 att skapa en unik och personlig upplevelse som hj\u00e4lper dig att \u00e5terh\u00e4mta b\u00e5de kropp och sj\u00e4l. Vi str\u00e4var alltid efter att hitta den b\u00e4sta behandlingen f\u00f6r dig och dina specifika behov, och arbetar med olika tekniker och metoder f\u00f6r att uppn\u00e5 detta.&nbsp;<\/p>\n\n\n\n<div style=\"height:50px\" aria-hidden=\"true\" class=\"wp-block-spacer\"><\/div>\n\n\n\n<h3 class=\"wp-block-heading alignwide\" id=\"h-vara-kliniker\"><strong>V\u00e5ra kliniker<\/strong><\/h3>\n\n\n\n<p>&nbsp;Ut\u00f6ver kliniken h\u00e4r i Solna erbjuder vi massage p\u00e5 flera platser i Stockholmsomr\u00e5det:&nbsp;<\/p>\n\n\n\n<ul class=\"has-normal-font-size wp-block-list\">\n<li><a href=\"https:\/\/www.stjarnkliniken.com\/stockholm-city\/massage-stockholm-city\/\"><span class=\"has-inline-color has-black-color\"><strong>Stockholm City<\/strong><\/span><\/a><\/li>\n\n\n\n<li>\u00d6stermalm<\/li>\n\n\n\n<li><a href=\"https:\/\/www.stjarnkliniken.com\/stockholm-sodermalm\/massage-sodermalm\/\"><span class=\"has-inline-color has-black-color\"><strong>S\u00f6dermalm<\/strong><\/span><\/a><\/li>\n<\/ul>\n<\/div>\n\n\n\n<div style=\"height:70px\" aria-hidden=\"true\" class=\"wp-block-spacer\"><\/div>\n\n\n\n<div class=\"wp-block-group alignfull hero-block-video has-yellow-100-background-color has-background is-layout-flow wp-block-group-is-layout-flow\">\n\n<div class=\"wp-block-qala-blocks-hero alignfull content-position__left content-align__center\" >\n\t<div\n\t\tclass=\"wp-block-qala-blocks-hero__wrapper \"\n\t\tstyle=\" \"\n\t\t>\n\n\t\t\t\t<div\n\t\t\tclass=\"wp-block-qala-blocks-hero__content\"\n\t\t\tdata-width=\"50%\"\n\t\t\tstyle=\" width:50%;  text-align:left;\"\n\t\t\t>\n\t\t\t\n\n<div style=\"height:32px\" aria-hidden=\"true\" class=\"wp-block-spacer\"><\/div>\n\n\n\n<h2 class=\"wp-block-heading has-text-align-center\">S\u00e5 h\u00e4r g\u00e5r en massagebehandling till&nbsp;<\/h2>\n\n\n\n<p class=\"has-text-align-center\">Vi arbetar aktivt f\u00f6r att skapa en unik massagebehandling som \u00e4r anpassad efter dina individuella behov och \u00f6nskem\u00e5l. En behandling inleds alltid med en kort anamnes f\u00f6r att h\u00f6ra om dina besv\u00e4r och eventuella tidigare problem. Vid f\u00f6rsta bes\u00f6ket fyller vi \u00e4ven i en h\u00e4lsodeklaration f\u00f6r att f\u00e5 en fullst\u00e4ndig bild av din h\u00e4lsa och s\u00e4kerst\u00e4lla att behandlingen l\u00e4ggs upp p\u00e5 r\u00e4tt s\u00e4tt.&nbsp;<\/p>\n\n\n\n<p class=\"has-text-align-center\">Ibland kan vi beh\u00f6va utf\u00f6ra tester och unders\u00f6kningar f\u00f6r att s\u00e4kerst\u00e4lla en korrekt diagnos och f\u00f6r att kunna lokalisera eventuella besv\u00e4r p\u00e5 b\u00e4sta s\u00e4tt. N\u00e4r vi har en klar bild av dina behov och \u00f6nskem\u00e5l p\u00e5b\u00f6rjar vi behandlingen med den metod som passar dig b\u00e4st. S\u00e5 om du s\u00f6ker efter en skr\u00e4ddarsydd massage i Solna, \u00e4r du varmt v\u00e4lkommen att bes\u00f6ka oss p\u00e5 Stj\u00e4rnkliniken.&nbsp;<\/p>\n\n\n\n<h3 class=\"wp-block-heading has-text-align-center\" id=\"h-boka-massage-i-solna\"><strong>Boka massage i Solna&nbsp;<\/strong><\/h3>\n\n\n\n<p class=\"has-text-align-center\">H\u00e4r kan du boka massage i Solna hos en av v\u00e5ra mass\u00f6rer. Tveka inte heller att kontakta oss f\u00f6r mer information om v\u00e5ra behandlingar.&nbsp;<\/p>\n\n\n\n<div class=\"wp-block-buttons is-horizontal is-content-justification-center is-layout-flex wp-container-core-buttons-is-layout-499968f5 wp-block-buttons-is-layout-flex\">\n<div class=\"wp-block-button wp-block-button\"><a class=\"wp-block-button__link wp-element-button\" href=\"https:\/\/www.stjarnkliniken.com\/boka-nu\/\">Boka tid<\/a><\/div>\n<\/div>\n\n\n\n<div style=\"height:62px\" aria-hidden=\"true\" class=\"wp-block-spacer\"><\/div>\n\n\t\t<\/div>\n\n\t\t\n\t\t<div\n\t\t\tclass=\"wp-block-qala-blocks-hero__media-wrap\"\n\t\t\tstyle=\"\"\n\t\t\t>\n\n\t\t\t\t\t\t\t\t\t\t\t\t<img decoding=\"async\" src=\"https:\/\/www.stjarnkliniken.com\/wp-content\/uploads\/2022\/06\/massage6-hemsida-e1655883674909.jpg\" alt=\"hero-image\" loading=\"lazy\">\n\t\t\t\t\t\t\t\n\t\t\t\t\t\t\n\t\t\t\t\t\t\t<div\n\t\t\t\t\tclass=\"overlay\"\n\t\t\t\t\tstyle=\"opacity:70%; \"\n\t\t\t\t><\/div>\n\t\t\t\n\t\t<\/div>\n\t<\/div>\n<\/div>\n<\/div>\n\n\n\n<div class=\"wp-block-group alignfull has-yellow-600-background-color has-background is-layout-flow wp-block-group-is-layout-flow\">\n\n<div class=\"wp-block-qala-blocks-hero alignfull content-position__right content-align__center\" >\n\t<div\n\t\tclass=\"wp-block-qala-blocks-hero__wrapper \"\n\t\tstyle=\" \"\n\t\t>\n\n\t\t\t\t<div\n\t\t\tclass=\"wp-block-qala-blocks-hero__content\"\n\t\t\tdata-width=\"50%\"\n\t\t\tstyle=\" width:50%;  text-align:left;\"\n\t\t\t>\n\t\t\t\n\n<h2 class=\"wp-block-heading has-text-align-center has-white-color has-text-color\" id=\"h-varfor-valja-oss\">Varf\u00f6r v\u00e4lja oss?<\/h2>\n\n\n\n<div class=\"wp-block-group is-label is-layout-flow wp-block-group-is-layout-flow\">\n<p class=\"has-text-align-center is-label has-yellow-300-background-color has-background\" id=\"h-stjarnkliniken\"><strong><em>DET LILLA EXTRA<\/em><\/strong><\/p>\n<\/div>\n\n\n\n<div style=\"height:34px\" aria-hidden=\"true\" class=\"wp-block-spacer\"><\/div>\n\n\n\n<p class=\"has-text-align-center has-white-color has-text-color\">Vi skr\u00e4ddarsyr en massagebehandling efter dina specifika behov genom att kombinera olika behandlingsmetoder s\u00e5som massage, pressur\/triggerpunktsbehandling, t\u00f6jning och stretch\u00f6vningar. V\u00e5ra massageterapeuter str\u00e4var alltid efter att erbjuda en helt\u00e4ckande massageupplevelse som \u00e4r skr\u00e4ddarsydd f\u00f6r att lindra dina besv\u00e4r.&nbsp;<\/p>\n\n\t\t<\/div>\n\n\t\t\n\t\t<div\n\t\t\tclass=\"wp-block-qala-blocks-hero__media-wrap\"\n\t\t\tstyle=\"\"\n\t\t\t>\n\n\t\t\t\t\t\t\t\t\t\t\t\t<img decoding=\"async\" src=\"https:\/\/www.stjarnkliniken.com\/wp-content\/uploads\/2022\/06\/extra-hemsida-e1655822481351.jpg\" alt=\"hero-image\" loading=\"lazy\">\n\t\t\t\t\t\t\t\n\t\t\t\t\t\t\n\t\t\t\t\t\t\t<div\n\t\t\t\t\tclass=\"overlay\"\n\t\t\t\t\tstyle=\"opacity:70%; \"\n\t\t\t\t><\/div>\n\t\t\t\n\t\t<\/div>\n\t<\/div>\n<\/div>\n<\/div>\n\n\n\n<div style=\"height:100px\" aria-hidden=\"true\" class=\"wp-block-spacer\"><\/div>\n\n\n\n<div class=\"wp-block-buttons is-horizontal is-content-justification-center is-layout-flex wp-container-core-buttons-is-layout-499968f5 wp-block-buttons-is-layout-flex\">\n<div class=\"wp-block-button wp-block-button\"><a class=\"wp-block-button__link wp-element-button\" href=\"https:\/\/www.stjarnkliniken.com\/boka-nu\/\">BOKA TID H\u00c4R<\/a><\/div>\n<\/div>\n\n\n\n<div class=\"wp-block-group is-layout-flow wp-block-group-is-layout-flow\" style=\"padding-top:0px;padding-right:100px;padding-bottom:100px;padding-left:100px\">\n<h2 class=\"wp-block-heading has-text-align-center\" id=\"h-vi-hjalper-dig-idag-valj-din-klinik\">Vi hj\u00e4lper dig idag.<br><span class=\"has-inline-color has-yellow-300-color\"><strong>V\u00e4lj din klinik.<\/strong><\/span><\/h2>\n<\/div>\n","protected":false},"excerpt":{"rendered":"<p>MASSAGE SOLNA. &nbsp;V\u00e4lkommen till oss p\u00e5 Stj\u00e4rnkliniken f\u00f6r en massage i Solna. Vi erbjuder personliga massageupplevelser som skr\u00e4ddarsys efter dina behov och \u00f6nskem\u00e5l. V\u00e5ra professionella massageterapeuter har l\u00e5ng erfarenhet och h\u00f6g kompetens inom olika massagetekniker<\/p>\n","protected":false},"author":2,"featured_media":0,"parent":0,"menu_order":0,"comment_status":"closed","ping_status":"closed","template":"","meta":{"_acf_changed":false,"footnotes":""},"class_list":["post-9046","page","type-page","status-publish","hentry"],"acf":[],"yoast_head":"<!-- This site is optimized with the Yoast SEO Premium plugin v22.6 (Yoast SEO v22.6) - https:\/\/yoast.com\/wordpress\/plugins\/seo\/ -->\n<title>Massage Solna - Stj\u00e4rnkliniken<\/title>\n<meta name=\"description\" content=\"S\u00f6ker du massage i Solna \u00e4r du varmt v\u00e4lkommen till v\u00e5ra legitimerade massageterapeuter p\u00e5 Stj\u00e4rnkliniken. Boka behandling h\u00e4r!\" \/>\n<meta name=\"robots\" content=\"index, follow, max-snippet:-1, max-image-preview:large, max-video-preview:-1\" \/>\n<link rel=\"canonical\" href=\"https:\/\/www.stjarnkliniken.com\/stockholm-solna\/massage-solna\/\" \/>\n<meta property=\"og:locale\" content=\"sv_SE\" \/>\n<meta property=\"og:type\" content=\"article\" \/>\n<meta property=\"og:title\" content=\"Massage Solna\" \/>\n<meta property=\"og:description\" content=\"S\u00f6ker du massage i Solna \u00e4r du varmt v\u00e4lkommen till v\u00e5ra legitimerade massageterapeuter p\u00e5 Stj\u00e4rnkliniken. Boka behandling h\u00e4r!\" \/>\n<meta property=\"og:url\" content=\"https:\/\/www.stjarnkliniken.com\/stockholm-solna\/massage-solna\/\" \/>\n<meta property=\"og:site_name\" content=\"Stockholm Solna\" \/>\n<meta property=\"article:modified_time\" content=\"2024-02-07T10:52:53+00:00\" \/>\n<meta property=\"og:image\" content=\"https:\/\/www.stjarnkliniken.com\/wp-content\/uploads\/2022\/05\/massage5-hemsida.jpg\" \/>\n<meta name=\"twitter:card\" content=\"summary_large_image\" \/>\n<meta name=\"twitter:label1\" content=\"Ber\u00e4knad l\u00e4stid\" \/>\n\t<meta name=\"twitter:data1\" content=\"3 minuter\" \/>\n<script type=\"application\/ld+json\" class=\"yoast-schema-graph\">{\"@context\":\"https:\/\/schema.org\",\"@graph\":[{\"@type\":\"WebPage\",\"@id\":\"https:\/\/www.stjarnkliniken.com\/stockholm-solna\/massage-solna\/\",\"url\":\"https:\/\/www.stjarnkliniken.com\/stockholm-solna\/massage-solna\/\",\"name\":\"Massage Solna - Stj\u00e4rnkliniken\",\"isPartOf\":{\"@id\":\"https:\/\/www.stjarnkliniken.com\/stockholm-solna\/#website\"},\"primaryImageOfPage\":{\"@id\":\"https:\/\/www.stjarnkliniken.com\/stockholm-solna\/massage-solna\/#primaryimage\"},\"image\":{\"@id\":\"https:\/\/www.stjarnkliniken.com\/stockholm-solna\/massage-solna\/#primaryimage\"},\"thumbnailUrl\":\"https:\/\/www.stjarnkliniken.com\/wp-content\/uploads\/2022\/05\/massage5-hemsida.jpg\",\"datePublished\":\"2023-03-03T10:39:19+00:00\",\"dateModified\":\"2024-02-07T10:52:53+00:00\",\"description\":\"S\u00f6ker du massage i Solna \u00e4r du varmt v\u00e4lkommen till v\u00e5ra legitimerade massageterapeuter p\u00e5 Stj\u00e4rnkliniken. Boka behandling h\u00e4r!\",\"breadcrumb\":{\"@id\":\"https:\/\/www.stjarnkliniken.com\/stockholm-solna\/massage-solna\/#breadcrumb\"},\"inLanguage\":\"sv-SE\",\"potentialAction\":[{\"@type\":\"ReadAction\",\"target\":[\"https:\/\/www.stjarnkliniken.com\/stockholm-solna\/massage-solna\/\"]}]},{\"@type\":\"ImageObject\",\"inLanguage\":\"sv-SE\",\"@id\":\"https:\/\/www.stjarnkliniken.com\/stockholm-solna\/massage-solna\/#primaryimage\",\"url\":\"https:\/\/www.stjarnkliniken.com\/wp-content\/uploads\/2022\/05\/massage5-hemsida.jpg\",\"contentUrl\":\"https:\/\/www.stjarnkliniken.com\/wp-content\/uploads\/2022\/05\/massage5-hemsida.jpg\"},{\"@type\":\"BreadcrumbList\",\"@id\":\"https:\/\/www.stjarnkliniken.com\/stockholm-solna\/massage-solna\/#breadcrumb\",\"itemListElement\":[{\"@type\":\"ListItem\",\"position\":1,\"name\":\"Hem\",\"item\":\"https:\/\/www.stjarnkliniken.com\/stockholm-solna\/\"},{\"@type\":\"ListItem\",\"position\":2,\"name\":\"Massage Solna\"}]},{\"@type\":\"WebSite\",\"@id\":\"https:\/\/www.stjarnkliniken.com\/stockholm-solna\/#website\",\"url\":\"https:\/\/www.stjarnkliniken.com\/stockholm-solna\/\",\"name\":\"Stockholm Solna\",\"description\":\"Stj\u00e4rnkliniken: Naprapati &amp; massage - ingen v\u00e4ntetid, ingen remiss!\",\"potentialAction\":[{\"@type\":\"SearchAction\",\"target\":{\"@type\":\"EntryPoint\",\"urlTemplate\":\"https:\/\/www.stjarnkliniken.com\/stockholm-solna\/?s={search_term_string}\"},\"query-input\":\"required name=search_term_string\"}],\"inLanguage\":\"sv-SE\"}]}<\/script>\n<!-- \/ Yoast SEO Premium plugin. -->","yoast_head_json":{"title":"Massage Solna - Stj\u00e4rnkliniken","description":"S\u00f6ker du massage i Solna \u00e4r du varmt v\u00e4lkommen till v\u00e5ra legitimerade massageterapeuter p\u00e5 Stj\u00e4rnkliniken. Boka behandling h\u00e4r!","robots":{"index":"index","follow":"follow","max-snippet":"max-snippet:-1","max-image-preview":"max-image-preview:large","max-video-preview":"max-video-preview:-1"},"canonical":"https:\/\/www.stjarnkliniken.com\/stockholm-solna\/massage-solna\/","og_locale":"sv_SE","og_type":"article","og_title":"Massage Solna","og_description":"S\u00f6ker du massage i Solna \u00e4r du varmt v\u00e4lkommen till v\u00e5ra legitimerade massageterapeuter p\u00e5 Stj\u00e4rnkliniken. Boka behandling h\u00e4r!","og_url":"https:\/\/www.stjarnkliniken.com\/stockholm-solna\/massage-solna\/","og_site_name":"Stockholm Solna","article_modified_time":"2024-02-07T10:52:53+00:00","og_image":[{"url":"https:\/\/www.stjarnkliniken.com\/wp-content\/uploads\/2022\/05\/massage5-hemsida.jpg"}],"twitter_card":"summary_large_image","twitter_misc":{"Ber\u00e4knad l\u00e4stid":"3 minuter"},"schema":{"@context":"https:\/\/schema.org","@graph":[{"@type":"WebPage","@id":"https:\/\/www.stjarnkliniken.com\/stockholm-solna\/massage-solna\/","url":"https:\/\/www.stjarnkliniken.com\/stockholm-solna\/massage-solna\/","name":"Massage Solna - Stj\u00e4rnkliniken","isPartOf":{"@id":"https:\/\/www.stjarnkliniken.com\/stockholm-solna\/#website"},"primaryImageOfPage":{"@id":"https:\/\/www.stjarnkliniken.com\/stockholm-solna\/massage-solna\/#primaryimage"},"image":{"@id":"https:\/\/www.stjarnkliniken.com\/stockholm-solna\/massage-solna\/#primaryimage"},"thumbnailUrl":"https:\/\/www.stjarnkliniken.com\/wp-content\/uploads\/2022\/05\/massage5-hemsida.jpg","datePublished":"2023-03-03T10:39:19+00:00","dateModified":"2024-02-07T10:52:53+00:00","description":"S\u00f6ker du massage i Solna \u00e4r du varmt v\u00e4lkommen till v\u00e5ra legitimerade massageterapeuter p\u00e5 Stj\u00e4rnkliniken. Boka behandling h\u00e4r!","breadcrumb":{"@id":"https:\/\/www.stjarnkliniken.com\/stockholm-solna\/massage-solna\/#breadcrumb"},"inLanguage":"sv-SE","potentialAction":[{"@type":"ReadAction","target":["https:\/\/www.stjarnkliniken.com\/stockholm-solna\/massage-solna\/"]}]},{"@type":"ImageObject","inLanguage":"sv-SE","@id":"https:\/\/www.stjarnkliniken.com\/stockholm-solna\/massage-solna\/#primaryimage","url":"https:\/\/www.stjarnkliniken.com\/wp-content\/uploads\/2022\/05\/massage5-hemsida.jpg","contentUrl":"https:\/\/www.stjarnkliniken.com\/wp-content\/uploads\/2022\/05\/massage5-hemsida.jpg"},{"@type":"BreadcrumbList","@id":"https:\/\/www.stjarnkliniken.com\/stockholm-solna\/massage-solna\/#breadcrumb","itemListElement":[{"@type":"ListItem","position":1,"name":"Hem","item":"https:\/\/www.stjarnkliniken.com\/stockholm-solna\/"},{"@type":"ListItem","position":2,"name":"Massage Solna"}]},{"@type":"WebSite","@id":"https:\/\/www.stjarnkliniken.com\/stockholm-solna\/#website","url":"https:\/\/www.stjarnkliniken.com\/stockholm-solna\/","name":"Stockholm Solna","description":"Stj\u00e4rnkliniken: Naprapati &amp; massage - ingen v\u00e4ntetid, ingen remiss!","potentialAction":[{"@type":"SearchAction","target":{"@type":"EntryPoint","urlTemplate":"https:\/\/www.stjarnkliniken.com\/stockholm-solna\/?s={search_term_string}"},"query-input":"required name=search_term_string"}],"inLanguage":"sv-SE"}]}},"_links":{"self":[{"href":"https:\/\/www.stjarnkliniken.com\/stockholm-solna\/wp-json\/wp\/v2\/pages\/9046","targetHints":{"allow":["GET"]}}],"collection":[{"href":"https:\/\/www.stjarnkliniken.com\/stockholm-solna\/wp-json\/wp\/v2\/pages"}],"about":[{"href":"https:\/\/www.stjarnkliniken.com\/stockholm-solna\/wp-json\/wp\/v2\/types\/page"}],"author":[{"embeddable":true,"href":"https:\/\/www.stjarnkliniken.com\/stockholm-solna\/wp-json\/wp\/v2\/users\/2"}],"replies":[{"embeddable":true,"href":"https:\/\/www.stjarnkliniken.com\/stockholm-solna\/wp-json\/wp\/v2\/comments?post=9046"}],"version-history":[{"count":3,"href":"https:\/\/www.stjarnkliniken.com\/stockholm-solna\/wp-json\/wp\/v2\/pages\/9046\/revisions"}],"predecessor-version":[{"id":9581,"href":"https:\/\/www.stjarnkliniken.com\/stockholm-solna\/wp-json\/wp\/v2\/pages\/9046\/revisions\/9581"}],"wp:attachment":[{"href":"https:\/\/www.stjarnkliniken.com\/stockholm-solna\/wp-json\/wp\/v2\/media?parent=9046"}],"curies":[{"name":"wp","href":"https:\/\/api.w.org\/{rel}","templated":true}]}}