{"id":9033,"date":"2023-02-23T11:23:02","date_gmt":"2023-02-23T11:23:02","guid":{"rendered":"https:\/\/www.stjarnkliniken.com\/stockholm-solna\/?page_id=9033"},"modified":"2024-02-07T10:50:31","modified_gmt":"2024-02-07T10:50:31","slug":"kiropraktor-solna","status":"publish","type":"page","link":"https:\/\/www.stjarnkliniken.com\/stockholm-solna\/kiropraktor-solna\/","title":{"rendered":"Kiropraktor Solna"},"content":{"rendered":"\n<div class=\"wp-block-group alignfull has-yellow-100-background-color has-background is-layout-flow wp-block-group-is-layout-flow\">\n\n<div class=\"wp-block-qala-blocks-hero alignfull content-position__left content-align__center\" >\n\t<div\n\t\tclass=\"wp-block-qala-blocks-hero__wrapper \"\n\t\tstyle=\" \"\n\t\t>\n\n\t\t\t\t<div\n\t\t\tclass=\"wp-block-qala-blocks-hero__content\"\n\t\t\tdata-width=\"50%\"\n\t\t\tstyle=\" width:50%;  text-align:left;\"\n\t\t\t>\n\t\t\t\n\n<div class=\"wp-block-columns are-vertically-aligned-center is-justified-center is-layout-flex wp-container-core-columns-is-layout-9d6595d7 wp-block-columns-is-layout-flex\">\n<div class=\"wp-block-column is-vertically-aligned-center is-layout-flow wp-block-column-is-layout-flow\" style=\"flex-basis:550px\">\n<div style=\"height:40px\" aria-hidden=\"true\" class=\"wp-block-spacer\"><\/div>\n\n\n\n<div style=\"height:50px\" aria-hidden=\"true\" class=\"wp-block-spacer\"><\/div>\n\n\n\n<h1 class=\"wp-block-heading has-text-align-center wp-block-qala-blocks-hero__heading\" id=\"h-kiropraktor-solna\"><em>KIROPRAKTOR SOLNA<\/em><\/h1>\n\n\n\n<p class=\"has-text-align-center has-medium-font-size\">&nbsp;S\u00f6ker du en kiropraktor i Solna? D\u00e5 \u00e4r Stj\u00e4rnkliniken det sj\u00e4lvklara valet f\u00f6r dig! Hos oss f\u00e5r du tr\u00e4ffa en erfaren och legitimerad kiropraktor som \u00e4r dedikerad till att hj\u00e4lpa dig mot en sm\u00e4rtfri vardag. V\u00e5ra kiropraktorer har l\u00e5ng erfarenhet inom omr\u00e5det och v\u00e5r huvuduppgift \u00e4r att hj\u00e4lpa v\u00e5ra patienter att uppn\u00e5 en b\u00e4ttre livskvalitet!&nbsp;<\/p>\n\n\n\n<div class=\"wp-block-columns is-layout-flex wp-container-core-columns-is-layout-9d6595d7 wp-block-columns-is-layout-flex\">\n<div class=\"wp-block-column is-layout-flow wp-block-column-is-layout-flow\">\n<figure class=\"wp-block-image size-large is-style-rounded\"><img decoding=\"async\" src=\"https:\/\/www.stjarnkliniken.com\/wp-content\/uploads\/2022\/05\/naprapati-5-hemsida-e1655198992406.jpg\" alt=\"\" class=\"wp-image-8514\"\/><\/figure>\n\n\n\n<h4 class=\"wp-block-heading has-text-align-center has-normal-font-size\" id=\"h-mobilisering\">Mobilisering<\/h4>\n<\/div>\n\n\n\n<div class=\"wp-block-column is-layout-flow wp-block-column-is-layout-flow\">\n<figure class=\"wp-block-image size-large is-style-rounded\"><img decoding=\"async\" src=\"https:\/\/www.stjarnkliniken.com\/wp-content\/uploads\/2022\/05\/naprapati-4-hemsida.jpg\" alt=\"\" class=\"wp-image-8506\"\/><\/figure>\n\n\n\n<h4 class=\"wp-block-heading has-text-align-center has-normal-font-size\" id=\"h-stretching\">Stretching<\/h4>\n<\/div>\n\n\n\n<div class=\"wp-block-column is-layout-flow wp-block-column-is-layout-flow\">\n<figure class=\"wp-block-image size-large is-style-rounded\"><img loading=\"lazy\" decoding=\"async\" width=\"600\" height=\"600\" src=\"https:\/\/www.stjarnkliniken.com\/wp-content\/uploads\/2022\/05\/massage5-hemsida.jpg\" alt=\"\" class=\"wp-image-8223\" srcset=\"https:\/\/www.stjarnkliniken.com\/stockholm-solna\/wp-content\/uploads\/sites\/5\/2022\/05\/massage5-hemsida.jpg 600w, https:\/\/www.stjarnkliniken.com\/stockholm-solna\/wp-content\/uploads\/sites\/5\/2022\/05\/massage5-hemsida-300x300.jpg 300w\" sizes=\"auto, (max-width: 600px) 100vw, 600px\" \/><\/figure>\n\n\n\n<h4 class=\"wp-block-heading has-text-align-center has-normal-font-size\" id=\"h-massage\">Massage<\/h4>\n<\/div>\n<\/div>\n<\/div>\n<\/div>\n\n\t\t<\/div>\n\n\t\t\n\t\t<div\n\t\t\tclass=\"wp-block-qala-blocks-hero__media-wrap\"\n\t\t\tstyle=\"\"\n\t\t\t>\n\n\t\t\t\t\t\t\t\t\t\t\t\t<img decoding=\"async\" src=\"https:\/\/www.stjarnkliniken.com\/wp-content\/uploads\/2022\/06\/naprapati-start-hemsida-e1655883744591.jpg\" alt=\"hero-image\" loading=\"lazy\">\n\t\t\t\t\t\t\t\n\t\t\t\t\t\t\n\t\t\t\t\t\t\t<div\n\t\t\t\t\tclass=\"overlay\"\n\t\t\t\t\tstyle=\"opacity:70%; \"\n\t\t\t\t><\/div>\n\t\t\t\n\t\t<\/div>\n\t<\/div>\n<\/div>\n<\/div>\n\n\n\n<div style=\"height:70px\" aria-hidden=\"true\" class=\"wp-block-spacer\"><\/div>\n\n\n\n<h2 class=\"wp-block-heading alignwide\">Legitimerad kiropraktik i Solna<\/h2>\n\n\n\n<div class=\"wp-block-group alignwide is-layout-flow wp-block-group-is-layout-flow\">\n<p>Stj\u00e4rnkliniken erbjuder legitimerad kiropraktik i Solna som specialiserar sig p\u00e5 att behandla olika typer av sm\u00e4rta. Vi arbetar individuellt med varje patient f\u00f6r att f\u00f6rst\u00e5 deras unika behov och utveckla en anpassad kiropraktisk behandlingsplan. V\u00e5rt m\u00e5l \u00e4r att behandla sm\u00e4rta som uppst\u00e5r p\u00e5 grund av nedsatt funktion i nerver, leder och muskler. Vill du boka tid hos en kiropraktor i Solna hos oss p\u00e5 Stj\u00e4rnkliniken kan du g\u00f6ra det h\u00e4r.&nbsp;<\/p>\n\n\n\n<div class=\"wp-block-buttons alignfull is-horizontal is-content-justification-left is-layout-flex wp-container-core-buttons-is-layout-7e5fce0a wp-block-buttons-is-layout-flex\">\n<div class=\"wp-block-button wp-block-button\"><a class=\"wp-block-button__link wp-element-button\" href=\"https:\/\/www.stjarnkliniken.com\/boka-nu\/\">Boka tid<\/a><\/div>\n<\/div>\n\n\n\n<div style=\"height:70px\" aria-hidden=\"true\" class=\"wp-block-spacer\"><\/div>\n\n\n\n<h3 class=\"wp-block-heading alignwide\"><strong>V\u00e5ra kliniker<\/strong><\/h3>\n\n\n\n<p>&nbsp;Ut\u00f6ver v\u00e5r kiropraktik i Solna, finns vi ocks\u00e5 p\u00e5 andra platser i Stockholmsomr\u00e5det:&nbsp;<\/p>\n\n\n\n<ul class=\"has-normal-font-size wp-block-list\">\n<li><a href=\"https:\/\/www.stjarnkliniken.com\/stockholm-city\/kiropraktor-stockholm\/\"><strong><span class=\"has-inline-color has-black-color\">Stockholm City<\/span><\/strong><\/a><\/li>\n\n\n\n<li><span style=\"background-color:rgba(0, 0, 0, 0)\" class=\"has-inline-color has-black-color\">\u00d6stermalm<\/span><\/li>\n\n\n\n<li><span style=\"background-color:rgba(0, 0, 0, 0)\" class=\"has-inline-color has-black-color\">S\u00f6dermalm<\/span><\/li>\n<\/ul>\n<\/div>\n\n\n\n<div style=\"height:70px\" aria-hidden=\"true\" class=\"wp-block-spacer\"><\/div>\n\n\n\n<div class=\"wp-block-group alignfull hero-block-video has-yellow-100-background-color has-background is-layout-flow wp-block-group-is-layout-flow\">\n\n<div class=\"wp-block-qala-blocks-hero alignfull content-position__left content-align__center\" >\n\t<div\n\t\tclass=\"wp-block-qala-blocks-hero__wrapper \"\n\t\tstyle=\" \"\n\t\t>\n\n\t\t\t\t<div\n\t\t\tclass=\"wp-block-qala-blocks-hero__content\"\n\t\t\tdata-width=\"50%\"\n\t\t\tstyle=\" width:50%;  text-align:left;\"\n\t\t\t>\n\t\t\t\n\n<div style=\"height:32px\" aria-hidden=\"true\" class=\"wp-block-spacer\"><\/div>\n\n\n\n<h2 class=\"wp-block-heading has-text-align-center has-black-color has-text-color\">Hur g\u00e5r en behandling till?<\/h2>\n\n\n\n<p class=\"has-text-align-center\">V\u00e5ra kiropraktorer anv\u00e4nder manuella behandlingstekniker f\u00f6r att hj\u00e4lpa patienter med behandling av stela leder och f\u00f6r att lindra sm\u00e4rta. V\u00e5rt huvudsakliga m\u00e5l \u00e4r att \u00e5terst\u00e4lla kroppens r\u00f6relsef\u00f6rm\u00e5ga, men v\u00e5ra behandlingar kan ocks\u00e5 innefatta r\u00e5dgivning och tr\u00e4ning, f\u00f6r att ge v\u00e5ra patienter de verktyg de beh\u00f6ver f\u00f6r att f\u00f6rebygga framtida skador och sm\u00e4rta.&nbsp;<\/p>\n\n\n\n<p class=\"has-text-align-center\">Vid behandling kombinerar vi ofta manipulation och mobilisering av lederna med stretching av musklerna f\u00f6r att lindra sm\u00e4rta och \u00f6ka flexibiliteten. Vi analyserar ocks\u00e5 noggrant de bakomliggande orsakerna till sm\u00e4rtan f\u00f6r att skapa en personlig behandlingsplan som passar v\u00e5ra patienters individuella behov.&nbsp;<\/p>\n\n\n\n<div style=\"height:36px\" aria-hidden=\"true\" class=\"wp-block-spacer\"><\/div>\n\n\n\n<h3 class=\"wp-block-heading has-text-align-center\" id=\"h-vad-kan-vi-behandla\"><strong>Vad kan vi behandla?<\/strong><\/h3>\n\n\n\n<p>En kiropraktorbehandling kan vara en effektiv l\u00f6sning f\u00f6r m\u00e5nga olika typer av besv\u00e4r. V\u00e5ra kiropraktorer i Solna kan hj\u00e4lpa dig med en rad olika problem, som till exempel:&nbsp;<\/p>\n\n\n\n<div class=\"wp-block-columns is-layout-flex wp-container-core-columns-is-layout-9d6595d7 wp-block-columns-is-layout-flex\">\n<div class=\"wp-block-column is-layout-flow wp-block-column-is-layout-flow\" style=\"flex-basis:33.34%\"><\/div>\n\n\n\n<div class=\"wp-block-column is-layout-flow wp-block-column-is-layout-flow\" style=\"flex-basis:300%\">\n<ul class=\"has-normal-font-size wp-block-list\">\n<li>Sm\u00e4rta och stelhet i nacke och axlar&nbsp;<\/li>\n\n\n\n<li>Sp\u00e4nda och \u00f6mma muskler&nbsp;<\/li>\n\n\n\n<li>Nacksp\u00e4rr<\/li>\n\n\n\n<li>Ryggont<\/li>\n\n\n\n<li>Idrottsskador<\/li>\n\n\n\n<li>Migr\u00e4n<\/li>\n\n\n\n<li>Yrsel<\/li>\n<\/ul>\n<\/div>\n\n\n\n<div class=\"wp-block-column is-layout-flow wp-block-column-is-layout-flow\" style=\"flex-basis:33.33%\"><\/div>\n<\/div>\n\n\n\n<p class=\"has-text-align-center\">V\u00e5ra legitimerade kiropraktorer har l\u00e5ng erfarenhet av att hj\u00e4lpa m\u00e4nniskor att hantera sm\u00e4rta och f\u00f6rb\u00e4ttra sin r\u00f6relsef\u00f6rm\u00e5ga. Vi skapar en personlig behandlingsplan som passar dina specifika behov och m\u00e5l.&nbsp;<\/p>\n\n\n\n<p class=\"has-text-align-center\">Tveka inte att <a href=\"https:\/\/www.stjarnkliniken.com\/kontakt\/\">h\u00f6ra av dig till oss<\/a> eller <a href=\"https:\/\/www.stjarnkliniken.com\/boka-nu\/\">boka tid<\/a> hos en kiropraktor p\u00e5 Stj\u00e4rnkliniken i Solna f\u00f6r att h\u00f6ra mer om hur vi kan hj\u00e4lpa just dig.&nbsp;<\/p>\n\n\n\n<div style=\"height:30px\" aria-hidden=\"true\" class=\"wp-block-spacer\"><\/div>\n\n\t\t<\/div>\n\n\t\t\n\t\t<div\n\t\t\tclass=\"wp-block-qala-blocks-hero__media-wrap\"\n\t\t\tstyle=\"\"\n\t\t\t>\n\n\t\t\t\t\t\t\t\t\t\t\t\t<img decoding=\"async\" src=\"https:\/\/www.stjarnkliniken.com\/wp-content\/uploads\/2022\/06\/IMG_7135-2-scaled-e1655884159309.jpg\" alt=\"hero-image\" loading=\"lazy\">\n\t\t\t\t\t\t\t\n\t\t\t\t\t\t\n\t\t\t\t\t\t\t<div\n\t\t\t\t\tclass=\"overlay\"\n\t\t\t\t\tstyle=\"opacity:70%; \"\n\t\t\t\t><\/div>\n\t\t\t\n\t\t<\/div>\n\t<\/div>\n<\/div>\n<\/div>\n\n\n\n<div class=\"wp-block-group alignfull has-yellow-600-background-color has-background is-layout-flow wp-block-group-is-layout-flow\">\n\n<div class=\"wp-block-qala-blocks-hero alignfull content-position__right content-align__center\" >\n\t<div\n\t\tclass=\"wp-block-qala-blocks-hero__wrapper \"\n\t\tstyle=\" \"\n\t\t>\n\n\t\t\t\t<div\n\t\t\tclass=\"wp-block-qala-blocks-hero__content\"\n\t\t\tdata-width=\"50%\"\n\t\t\tstyle=\" width:50%;  text-align:left;\"\n\t\t\t>\n\t\t\t\n\n<div class=\"wp-block-group is-label is-layout-flow wp-block-group-is-layout-flow\">\n<p class=\"has-text-align-center is-label has-yellow-300-background-color has-background\" id=\"h-stjarnkliniken\"><strong><em>VARF\u00d6R OSS<\/em><\/strong><\/p>\n<\/div>\n\n\n\n<h2 class=\"wp-block-heading has-text-align-center has-white-color has-text-color\">Det lilla extra<\/h2>\n\n\n\n<p class=\"has-text-align-center has-white-color has-text-color\">Vid behov f\u00f6ljer vi upp behandlingen med individuellt anpassade tr\u00e4ningsprogram och andra r\u00e5d som kan vara behj\u00e4lpliga i ditt tillfrisknande och f\u00f6r att f\u00f6rebygga att nya skador uppst\u00e5r.<\/p>\n\n\t\t<\/div>\n\n\t\t\n\t\t<div\n\t\t\tclass=\"wp-block-qala-blocks-hero__media-wrap\"\n\t\t\tstyle=\"\"\n\t\t\t>\n\n\t\t\t\t\t\t\t\t\t\t\t\t<img decoding=\"async\" src=\"https:\/\/www.stjarnkliniken.com\/wp-content\/uploads\/2022\/06\/extra-hemsida-e1655822481351.jpg\" alt=\"hero-image\" loading=\"lazy\">\n\t\t\t\t\t\t\t\n\t\t\t\t\t\t\n\t\t\t\t\t\t\t<div\n\t\t\t\t\tclass=\"overlay\"\n\t\t\t\t\tstyle=\"opacity:70%; \"\n\t\t\t\t><\/div>\n\t\t\t\n\t\t<\/div>\n\t<\/div>\n<\/div>\n<\/div>\n\n\n\n<div style=\"height:100px\" aria-hidden=\"true\" class=\"wp-block-spacer\"><\/div>\n\n\n\n<div class=\"wp-block-buttons is-horizontal is-content-justification-center is-layout-flex wp-container-core-buttons-is-layout-499968f5 wp-block-buttons-is-layout-flex\">\n<div class=\"wp-block-button wp-block-button\"><a class=\"wp-block-button__link wp-element-button\" href=\"https:\/\/www.stjarnkliniken.com\/boka-nu\/\">BOKA TID H\u00c4R<\/a><\/div>\n<\/div>\n\n\n\n<div class=\"wp-block-group is-layout-flow wp-block-group-is-layout-flow\" style=\"padding-top:0px;padding-right:100px;padding-bottom:100px;padding-left:100px\">\n<h2 class=\"wp-block-heading has-text-align-center\" id=\"h-vi-hjalper-dig-idag-valj-din-klinik\">Vi hj\u00e4lper dig idag.<br><span class=\"has-inline-color has-yellow-300-color\"><strong>V\u00e4lj din klinik.<\/strong><\/span><\/h2>\n<\/div>\n","protected":false},"excerpt":{"rendered":"<p>KIROPRAKTOR SOLNA. &nbsp;S\u00f6ker du en kiropraktor i Solna? D\u00e5 \u00e4r Stj\u00e4rnkliniken det sj\u00e4lvklara valet f\u00f6r dig! Hos oss f\u00e5r du tr\u00e4ffa en erfaren och legitimerad kiropraktor som \u00e4r dedikerad till att hj\u00e4lpa dig mot en sm\u00e4rtfri vardag<\/p>\n","protected":false},"author":2,"featured_media":0,"parent":0,"menu_order":0,"comment_status":"closed","ping_status":"closed","template":"","meta":{"_acf_changed":false,"footnotes":""},"class_list":["post-9033","page","type-page","status-publish","hentry"],"acf":[],"yoast_head":"<!-- This site is optimized with the Yoast SEO Premium plugin v22.6 (Yoast SEO v22.6) - https:\/\/yoast.com\/wordpress\/plugins\/seo\/ -->\n<title>Kiropraktor Solna - Stj\u00e4rnkliniken<\/title>\n<meta name=\"description\" content=\"S\u00f6ker du en kiropraktor i Solna? D\u00e5 \u00e4r Stj\u00e4rnkliniken valet f\u00f6r dig! H\u00e4r tr\u00e4ffar du en legitimerad och erfaren kiropraktor som hj\u00e4lper dig med dina besv\u00e4r.\" \/>\n<meta name=\"robots\" content=\"index, follow, max-snippet:-1, max-image-preview:large, max-video-preview:-1\" \/>\n<link rel=\"canonical\" href=\"https:\/\/www.stjarnkliniken.com\/stockholm-solna\/kiropraktor-solna\/\" \/>\n<meta property=\"og:locale\" content=\"sv_SE\" \/>\n<meta property=\"og:type\" content=\"article\" \/>\n<meta property=\"og:title\" content=\"Kiropraktor Solna\" \/>\n<meta property=\"og:description\" content=\"S\u00f6ker du en kiropraktor i Solna? D\u00e5 \u00e4r Stj\u00e4rnkliniken valet f\u00f6r dig! H\u00e4r tr\u00e4ffar du en legitimerad och erfaren kiropraktor som hj\u00e4lper dig med dina besv\u00e4r.\" \/>\n<meta property=\"og:url\" content=\"https:\/\/www.stjarnkliniken.com\/stockholm-solna\/kiropraktor-solna\/\" \/>\n<meta property=\"og:site_name\" content=\"Stockholm Solna\" \/>\n<meta property=\"article:modified_time\" content=\"2024-02-07T10:50:31+00:00\" \/>\n<meta property=\"og:image\" content=\"https:\/\/www.stjarnkliniken.com\/wp-content\/uploads\/2022\/05\/naprapati-5-hemsida-e1655198992406.jpg\" \/>\n<meta name=\"twitter:card\" content=\"summary_large_image\" \/>\n<meta name=\"twitter:label1\" content=\"Ber\u00e4knad l\u00e4stid\" \/>\n\t<meta name=\"twitter:data1\" content=\"3 minuter\" \/>\n<script type=\"application\/ld+json\" class=\"yoast-schema-graph\">{\"@context\":\"https:\/\/schema.org\",\"@graph\":[{\"@type\":\"WebPage\",\"@id\":\"https:\/\/www.stjarnkliniken.com\/stockholm-solna\/kiropraktor-solna\/\",\"url\":\"https:\/\/www.stjarnkliniken.com\/stockholm-solna\/kiropraktor-solna\/\",\"name\":\"Kiropraktor Solna - Stj\u00e4rnkliniken\",\"isPartOf\":{\"@id\":\"https:\/\/www.stjarnkliniken.com\/stockholm-solna\/#website\"},\"primaryImageOfPage\":{\"@id\":\"https:\/\/www.stjarnkliniken.com\/stockholm-solna\/kiropraktor-solna\/#primaryimage\"},\"image\":{\"@id\":\"https:\/\/www.stjarnkliniken.com\/stockholm-solna\/kiropraktor-solna\/#primaryimage\"},\"thumbnailUrl\":\"https:\/\/www.stjarnkliniken.com\/wp-content\/uploads\/2022\/05\/naprapati-5-hemsida-e1655198992406.jpg\",\"datePublished\":\"2023-02-23T11:23:02+00:00\",\"dateModified\":\"2024-02-07T10:50:31+00:00\",\"description\":\"S\u00f6ker du en kiropraktor i Solna? D\u00e5 \u00e4r Stj\u00e4rnkliniken valet f\u00f6r dig! H\u00e4r tr\u00e4ffar du en legitimerad och erfaren kiropraktor som hj\u00e4lper dig med dina besv\u00e4r.\",\"breadcrumb\":{\"@id\":\"https:\/\/www.stjarnkliniken.com\/stockholm-solna\/kiropraktor-solna\/#breadcrumb\"},\"inLanguage\":\"sv-SE\",\"potentialAction\":[{\"@type\":\"ReadAction\",\"target\":[\"https:\/\/www.stjarnkliniken.com\/stockholm-solna\/kiropraktor-solna\/\"]}]},{\"@type\":\"ImageObject\",\"inLanguage\":\"sv-SE\",\"@id\":\"https:\/\/www.stjarnkliniken.com\/stockholm-solna\/kiropraktor-solna\/#primaryimage\",\"url\":\"https:\/\/www.stjarnkliniken.com\/wp-content\/uploads\/2022\/05\/naprapati-5-hemsida-e1655198992406.jpg\",\"contentUrl\":\"https:\/\/www.stjarnkliniken.com\/wp-content\/uploads\/2022\/05\/naprapati-5-hemsida-e1655198992406.jpg\"},{\"@type\":\"BreadcrumbList\",\"@id\":\"https:\/\/www.stjarnkliniken.com\/stockholm-solna\/kiropraktor-solna\/#breadcrumb\",\"itemListElement\":[{\"@type\":\"ListItem\",\"position\":1,\"name\":\"Hem\",\"item\":\"https:\/\/www.stjarnkliniken.com\/stockholm-solna\/\"},{\"@type\":\"ListItem\",\"position\":2,\"name\":\"Kiropraktor Solna\"}]},{\"@type\":\"WebSite\",\"@id\":\"https:\/\/www.stjarnkliniken.com\/stockholm-solna\/#website\",\"url\":\"https:\/\/www.stjarnkliniken.com\/stockholm-solna\/\",\"name\":\"Stockholm Solna\",\"description\":\"Stj\u00e4rnkliniken: Naprapati &amp; massage - ingen v\u00e4ntetid, ingen remiss!\",\"potentialAction\":[{\"@type\":\"SearchAction\",\"target\":{\"@type\":\"EntryPoint\",\"urlTemplate\":\"https:\/\/www.stjarnkliniken.com\/stockholm-solna\/?s={search_term_string}\"},\"query-input\":\"required name=search_term_string\"}],\"inLanguage\":\"sv-SE\"}]}<\/script>\n<!-- \/ Yoast SEO Premium plugin. -->","yoast_head_json":{"title":"Kiropraktor Solna - Stj\u00e4rnkliniken","description":"S\u00f6ker du en kiropraktor i Solna? D\u00e5 \u00e4r Stj\u00e4rnkliniken valet f\u00f6r dig! H\u00e4r tr\u00e4ffar du en legitimerad och erfaren kiropraktor som hj\u00e4lper dig med dina besv\u00e4r.","robots":{"index":"index","follow":"follow","max-snippet":"max-snippet:-1","max-image-preview":"max-image-preview:large","max-video-preview":"max-video-preview:-1"},"canonical":"https:\/\/www.stjarnkliniken.com\/stockholm-solna\/kiropraktor-solna\/","og_locale":"sv_SE","og_type":"article","og_title":"Kiropraktor Solna","og_description":"S\u00f6ker du en kiropraktor i Solna? D\u00e5 \u00e4r Stj\u00e4rnkliniken valet f\u00f6r dig! H\u00e4r tr\u00e4ffar du en legitimerad och erfaren kiropraktor som hj\u00e4lper dig med dina besv\u00e4r.","og_url":"https:\/\/www.stjarnkliniken.com\/stockholm-solna\/kiropraktor-solna\/","og_site_name":"Stockholm Solna","article_modified_time":"2024-02-07T10:50:31+00:00","og_image":[{"url":"https:\/\/www.stjarnkliniken.com\/wp-content\/uploads\/2022\/05\/naprapati-5-hemsida-e1655198992406.jpg"}],"twitter_card":"summary_large_image","twitter_misc":{"Ber\u00e4knad l\u00e4stid":"3 minuter"},"schema":{"@context":"https:\/\/schema.org","@graph":[{"@type":"WebPage","@id":"https:\/\/www.stjarnkliniken.com\/stockholm-solna\/kiropraktor-solna\/","url":"https:\/\/www.stjarnkliniken.com\/stockholm-solna\/kiropraktor-solna\/","name":"Kiropraktor Solna - Stj\u00e4rnkliniken","isPartOf":{"@id":"https:\/\/www.stjarnkliniken.com\/stockholm-solna\/#website"},"primaryImageOfPage":{"@id":"https:\/\/www.stjarnkliniken.com\/stockholm-solna\/kiropraktor-solna\/#primaryimage"},"image":{"@id":"https:\/\/www.stjarnkliniken.com\/stockholm-solna\/kiropraktor-solna\/#primaryimage"},"thumbnailUrl":"https:\/\/www.stjarnkliniken.com\/wp-content\/uploads\/2022\/05\/naprapati-5-hemsida-e1655198992406.jpg","datePublished":"2023-02-23T11:23:02+00:00","dateModified":"2024-02-07T10:50:31+00:00","description":"S\u00f6ker du en kiropraktor i Solna? D\u00e5 \u00e4r Stj\u00e4rnkliniken valet f\u00f6r dig! H\u00e4r tr\u00e4ffar du en legitimerad och erfaren kiropraktor som hj\u00e4lper dig med dina besv\u00e4r.","breadcrumb":{"@id":"https:\/\/www.stjarnkliniken.com\/stockholm-solna\/kiropraktor-solna\/#breadcrumb"},"inLanguage":"sv-SE","potentialAction":[{"@type":"ReadAction","target":["https:\/\/www.stjarnkliniken.com\/stockholm-solna\/kiropraktor-solna\/"]}]},{"@type":"ImageObject","inLanguage":"sv-SE","@id":"https:\/\/www.stjarnkliniken.com\/stockholm-solna\/kiropraktor-solna\/#primaryimage","url":"https:\/\/www.stjarnkliniken.com\/wp-content\/uploads\/2022\/05\/naprapati-5-hemsida-e1655198992406.jpg","contentUrl":"https:\/\/www.stjarnkliniken.com\/wp-content\/uploads\/2022\/05\/naprapati-5-hemsida-e1655198992406.jpg"},{"@type":"BreadcrumbList","@id":"https:\/\/www.stjarnkliniken.com\/stockholm-solna\/kiropraktor-solna\/#breadcrumb","itemListElement":[{"@type":"ListItem","position":1,"name":"Hem","item":"https:\/\/www.stjarnkliniken.com\/stockholm-solna\/"},{"@type":"ListItem","position":2,"name":"Kiropraktor Solna"}]},{"@type":"WebSite","@id":"https:\/\/www.stjarnkliniken.com\/stockholm-solna\/#website","url":"https:\/\/www.stjarnkliniken.com\/stockholm-solna\/","name":"Stockholm Solna","description":"Stj\u00e4rnkliniken: Naprapati &amp; massage - ingen v\u00e4ntetid, ingen remiss!","potentialAction":[{"@type":"SearchAction","target":{"@type":"EntryPoint","urlTemplate":"https:\/\/www.stjarnkliniken.com\/stockholm-solna\/?s={search_term_string}"},"query-input":"required name=search_term_string"}],"inLanguage":"sv-SE"}]}},"_links":{"self":[{"href":"https:\/\/www.stjarnkliniken.com\/stockholm-solna\/wp-json\/wp\/v2\/pages\/9033","targetHints":{"allow":["GET"]}}],"collection":[{"href":"https:\/\/www.stjarnkliniken.com\/stockholm-solna\/wp-json\/wp\/v2\/pages"}],"about":[{"href":"https:\/\/www.stjarnkliniken.com\/stockholm-solna\/wp-json\/wp\/v2\/types\/page"}],"author":[{"embeddable":true,"href":"https:\/\/www.stjarnkliniken.com\/stockholm-solna\/wp-json\/wp\/v2\/users\/2"}],"replies":[{"embeddable":true,"href":"https:\/\/www.stjarnkliniken.com\/stockholm-solna\/wp-json\/wp\/v2\/comments?post=9033"}],"version-history":[{"count":3,"href":"https:\/\/www.stjarnkliniken.com\/stockholm-solna\/wp-json\/wp\/v2\/pages\/9033\/revisions"}],"predecessor-version":[{"id":9574,"href":"https:\/\/www.stjarnkliniken.com\/stockholm-solna\/wp-json\/wp\/v2\/pages\/9033\/revisions\/9574"}],"wp:attachment":[{"href":"https:\/\/www.stjarnkliniken.com\/stockholm-solna\/wp-json\/wp\/v2\/media?parent=9033"}],"curies":[{"name":"wp","href":"https:\/\/api.w.org\/{rel}","templated":true}]}}