{"id":9011,"date":"2023-02-20T12:45:31","date_gmt":"2023-02-20T12:45:31","guid":{"rendered":"https:\/\/www.stjarnkliniken.com\/stockholm-solna\/?page_id=9011"},"modified":"2024-02-07T10:57:53","modified_gmt":"2024-02-07T10:57:53","slug":"sjukgymnast-solna","status":"publish","type":"page","link":"https:\/\/www.stjarnkliniken.com\/stockholm-solna\/sjukgymnast-solna\/","title":{"rendered":"Sjukgymnast Solna"},"content":{"rendered":"\n<div class=\"wp-block-group alignfull has-yellow-100-background-color has-background is-layout-flow wp-block-group-is-layout-flow\">\n\n<div class=\"wp-block-qala-blocks-hero alignfull content-position__left content-align__center\" >\n\t<div\n\t\tclass=\"wp-block-qala-blocks-hero__wrapper \"\n\t\tstyle=\" \"\n\t\t>\n\n\t\t\t\t<div\n\t\t\tclass=\"wp-block-qala-blocks-hero__content\"\n\t\t\tdata-width=\"50%\"\n\t\t\tstyle=\" width:50%;  text-align:left;\"\n\t\t\t>\n\t\t\t\n\n<div class=\"wp-block-columns are-vertically-aligned-center is-justified-center is-layout-flex wp-container-core-columns-is-layout-9d6595d7 wp-block-columns-is-layout-flex\">\n<div class=\"wp-block-column is-vertically-aligned-center is-layout-flow wp-block-column-is-layout-flow\" style=\"flex-basis:550px\">\n<div style=\"height:40px\" aria-hidden=\"true\" class=\"wp-block-spacer\"><\/div>\n\n\n\n<div style=\"height:50px\" aria-hidden=\"true\" class=\"wp-block-spacer\"><\/div>\n\n\n\n<h1 class=\"wp-block-heading has-text-align-center wp-block-qala-blocks-hero__heading\" id=\"h-sjukgymnast-solna\"><em><em>SJUKGYMNAST SOLNA<\/em><\/em><\/h1>\n\n\n\n<p class=\"has-text-align-center has-medium-font-size\">S\u00f6ker du en sjukgymnast i Solna? V\u00e4lkommen till oss p\u00e5 Stj\u00e4rnkliniken! Tr\u00e4ffa en av v\u00e5ra legitimerade fysioterapeuter p\u00e5 v\u00e5r klinik i Solna. Vi hj\u00e4lper dig med sjukgymnastik f\u00f6r att behandla en skada eller sm\u00e4rta av n\u00e5gon form.<\/p>\n\n\n\n<div class=\"wp-block-columns is-layout-flex wp-container-core-columns-is-layout-9d6595d7 wp-block-columns-is-layout-flex\">\n<div class=\"wp-block-column is-layout-flow wp-block-column-is-layout-flow\">\n<figure class=\"wp-block-image size-large is-style-rounded\"><img decoding=\"async\" src=\"https:\/\/www.stjarnkliniken.com\/wp-content\/uploads\/2022\/05\/naprapati-5-hemsida-e1655198992406.jpg\" alt=\"\" class=\"wp-image-8514\"\/><\/figure>\n\n\n\n<h4 class=\"wp-block-heading has-text-align-center has-normal-font-size\" id=\"h-akupunktur\">Akupunktur<\/h4>\n<\/div>\n\n\n\n<div class=\"wp-block-column is-layout-flow wp-block-column-is-layout-flow\">\n<figure class=\"wp-block-image size-large is-style-rounded\"><img decoding=\"async\" src=\"https:\/\/www.stjarnkliniken.com\/wp-content\/uploads\/2022\/06\/pt-hemsida.jpg\" alt=\"\" class=\"wp-image-9096\"\/><\/figure>\n\n\n\n<h4 class=\"wp-block-heading has-text-align-center has-normal-font-size\" id=\"h-rehabilitering\">Rehabilitering<\/h4>\n<\/div>\n\n\n\n<div class=\"wp-block-column is-layout-flow wp-block-column-is-layout-flow\">\n<figure class=\"wp-block-image size-large is-style-rounded\"><img decoding=\"async\" src=\"https:\/\/www.stjarnkliniken.com\/wp-content\/uploads\/2022\/05\/naprapati-4-hemsida.jpg\" alt=\"\" class=\"wp-image-8506\"\/><\/figure>\n\n\n\n<h4 class=\"wp-block-heading has-text-align-center has-normal-font-size\" id=\"h-mobilisering\">Mobilisering<\/h4>\n<\/div>\n<\/div>\n<\/div>\n<\/div>\n\n\t\t<\/div>\n\n\t\t\n\t\t<div\n\t\t\tclass=\"wp-block-qala-blocks-hero__media-wrap\"\n\t\t\tstyle=\"\"\n\t\t\t>\n\n\t\t\t\t\t\t\t\t\t\t\t\t<img decoding=\"async\" src=\"https:\/\/www.stjarnkliniken.com\/wp-content\/uploads\/2022\/09\/sto\u0308t-hemsida.jpg\" alt=\"hero-image\" loading=\"lazy\">\n\t\t\t\t\t\t\t\n\t\t\t\t\t\t\n\t\t\t\t\t\t\t<div\n\t\t\t\t\tclass=\"overlay\"\n\t\t\t\t\tstyle=\"opacity:70%; \"\n\t\t\t\t><\/div>\n\t\t\t\n\t\t<\/div>\n\t<\/div>\n<\/div>\n<\/div>\n\n\n\n<div style=\"height:70px\" aria-hidden=\"true\" class=\"wp-block-spacer\"><\/div>\n\n\n\n<h2 class=\"wp-block-heading alignwide\">Legitimerade fysioterapeuter i Solna<\/h2>\n\n\n\n<div class=\"wp-block-group alignwide is-layout-flow wp-block-group-is-layout-flow\">\n<p>H\u00e4r tr\u00e4ffar du legitimerade sjukgymnaster\/fysioterapeuter i Solna som kan hj\u00e4lpa dig med att behandla din sm\u00e4rta.<\/p>\n\n\n\n<p>Vi anv\u00e4nder olika behandlingsmetoder f\u00f6r att f\u00f6rebygga, utreda och behandla olika typer av sm\u00e4rttillst\u00e5nd och funktionsrubbningar. Fysioterapi kan inneb\u00e4ra allt fr\u00e5n behandling av skador, till rehabilitering efter en operation.<\/p>\n\n\n\n<div class=\"wp-block-buttons alignfull is-horizontal is-content-justification-left is-layout-flex wp-container-core-buttons-is-layout-7e5fce0a wp-block-buttons-is-layout-flex\">\n<div class=\"wp-block-button wp-block-button\"><a class=\"wp-block-button__link wp-element-button\" href=\"https:\/\/www.stjarnkliniken.com\/boka-nu\/\">Boka tid<\/a><\/div>\n<\/div>\n\n\n\n<div style=\"height:70px\" aria-hidden=\"true\" class=\"wp-block-spacer\"><\/div>\n\n\n\n<h3 class=\"wp-block-heading alignwide\"><strong>V\u00e5ra kliniker<\/strong><\/h3>\n\n\n\n<p>Ut\u00f6ver v\u00e5r fysioterapi\/sjukgymnastik i Solna finns vi \u00e4ven p\u00e5 andra platser i Stockholmsomr\u00e5det. Du hittar oss \u00e4ven h\u00e4r:<\/p>\n\n\n\n<ul class=\"has-normal-font-size wp-block-list\">\n<li><a href=\"https:\/\/www.stjarnkliniken.com\/stockholm-sodermalm\/sjukgymnast-sodermalm\/\"><span class=\"has-inline-color has-black-color\"><strong>S\u00f6dermalm<\/strong><\/span><\/a><\/li>\n\n\n\n<li><span style=\"background-color:rgba(0, 0, 0, 0)\" class=\"has-inline-color has-black-color\">\u00d6stermalm<\/span><\/li>\n\n\n\n<li><a href=\"https:\/\/www.stjarnkliniken.com\/stockholm-city\/sjukgymnast-stockholm\/\"><span class=\"has-inline-color has-black-color\"><strong>Stockholm City<\/strong><\/span><\/a><\/li>\n<\/ul>\n<\/div>\n\n\n\n<div style=\"height:70px\" aria-hidden=\"true\" class=\"wp-block-spacer\"><\/div>\n\n\n\n<div class=\"wp-block-group alignfull hero-block-video has-yellow-100-background-color has-background is-layout-flow wp-block-group-is-layout-flow\">\n\n<div class=\"wp-block-qala-blocks-hero alignfull content-position__left content-align__center\" >\n\t<div\n\t\tclass=\"wp-block-qala-blocks-hero__wrapper \"\n\t\tstyle=\" \"\n\t\t>\n\n\t\t\t\t<div\n\t\t\tclass=\"wp-block-qala-blocks-hero__content\"\n\t\t\tdata-width=\"50%\"\n\t\t\tstyle=\" width:50%;  text-align:left;\"\n\t\t\t>\n\t\t\t\n\n<div style=\"height:32px\" aria-hidden=\"true\" class=\"wp-block-spacer\"><\/div>\n\n\n\n<h2 class=\"wp-block-heading has-text-align-center has-black-color has-text-color\">Hur g\u00e5r en behandling till hos v\u00e5ra sjukgymnaster?<\/h2>\n\n\n\n<p class=\"has-text-align-center\">Behandlingen kan variera beroende p\u00e5 patientens diagnos, men ett bes\u00f6k hos en av v\u00e5ra sjukgymnaster kan inneb\u00e4ra allt fr\u00e5n rehabilitering och tr\u00e4ning, till massage, akupunktur, stretching och st\u00f6tv\u00e5gsbehandling f\u00f6r att f\u00f6rebygga, utreda och behandla olika typer av sm\u00e4rttillst\u00e5nd och funktionsrubbningar.<\/p>\n\n\n\n<p class=\"has-text-align-center\">V\u00e5ra sjukgymnaster arbetar f\u00f6rebyggande med att ge dig verktyg f\u00f6r att hj\u00e4lpa dig att undvika nya skador och hur du kan anv\u00e4nda din kropp p\u00e5 ett s\u00e4tt som kan g\u00f6ra att dina besv\u00e4r minskar. Tveka inte att <a href=\"https:\/\/www.stjarnkliniken.com\/kontakt\/\">kontakta oss<\/a>  f\u00f6r mer information om hur en av v\u00e5ra sjukgymnaster i Solna kan hj\u00e4lpa dig.<\/p>\n\n\n\n<div style=\"height:36px\" aria-hidden=\"true\" class=\"wp-block-spacer\"><\/div>\n\n\n\n<h3 class=\"wp-block-heading has-text-align-center\" id=\"h-vad-kan-vi-behandla\"><strong>Vad kan vi behandla?<\/strong><\/h3>\n\n\n\n<p class=\"has-text-align-center\">V\u00e5ra behandlingar kan vara effektiva vid olika typer av besv\u00e4r. Vi kan till exempel hj\u00e4lpa dig med besv\u00e4r som:<\/p>\n\n\n\n<div class=\"wp-block-columns is-layout-flex wp-container-core-columns-is-layout-9d6595d7 wp-block-columns-is-layout-flex\">\n<div class=\"wp-block-column is-layout-flow wp-block-column-is-layout-flow\" style=\"flex-basis:33.34%\"><\/div>\n\n\n\n<div class=\"wp-block-column is-layout-flow wp-block-column-is-layout-flow\" style=\"flex-basis:300%\">\n<ul class=\"has-normal-font-size wp-block-list\">\n<li>Sp\u00e4nning eller v\u00e4rk i axlar och nacke<\/li>\n\n\n\n<li>Stela och sp\u00e4nda muskler<\/li>\n\n\n\n<li>Ryggsm\u00e4rta som orsakas av att muskler och leder inte anv\u00e4nds p\u00e5 r\u00e4tt s\u00e4tt<\/li>\n<\/ul>\n<\/div>\n\n\n\n<div class=\"wp-block-column is-layout-flow wp-block-column-is-layout-flow\" style=\"flex-basis:33.33%\"><\/div>\n<\/div>\n\n\n\n<div style=\"height:30px\" aria-hidden=\"true\" class=\"wp-block-spacer\"><\/div>\n\n\t\t<\/div>\n\n\t\t\n\t\t<div\n\t\t\tclass=\"wp-block-qala-blocks-hero__media-wrap\"\n\t\t\tstyle=\"\"\n\t\t\t>\n\n\t\t\t\t\t\t\t\t\t\t\t\t<img decoding=\"async\" src=\"https:\/\/www.stjarnkliniken.com\/wp-content\/uploads\/2022\/06\/190619_stjarnkliniken_0710A-scaled-e1655883967254.jpg\" alt=\"hero-image\" loading=\"lazy\">\n\t\t\t\t\t\t\t\n\t\t\t\t\t\t\n\t\t\t\t\t\t\t<div\n\t\t\t\t\tclass=\"overlay\"\n\t\t\t\t\tstyle=\"opacity:70%; \"\n\t\t\t\t><\/div>\n\t\t\t\n\t\t<\/div>\n\t<\/div>\n<\/div>\n<\/div>\n\n\n\n<div class=\"wp-block-group alignfull has-yellow-600-background-color has-background is-layout-flow wp-block-group-is-layout-flow\">\n\n<div class=\"wp-block-qala-blocks-hero alignfull content-position__right content-align__center\" >\n\t<div\n\t\tclass=\"wp-block-qala-blocks-hero__wrapper \"\n\t\tstyle=\" \"\n\t\t>\n\n\t\t\t\t<div\n\t\t\tclass=\"wp-block-qala-blocks-hero__content\"\n\t\t\tdata-width=\"50%\"\n\t\t\tstyle=\" width:50%;  text-align:left;\"\n\t\t\t>\n\t\t\t\n\n<div class=\"wp-block-group is-label is-layout-flow wp-block-group-is-layout-flow\">\n<p class=\"has-text-align-center is-label has-yellow-300-background-color has-background\" id=\"h-stjarnkliniken\"><strong><em>VARF\u00d6R OSS<\/em><\/strong><\/p>\n<\/div>\n\n\n\n<h2 class=\"wp-block-heading has-text-align-center has-white-color has-text-color\">Det lilla extra<\/h2>\n\n\n\n<p class=\"has-text-align-center has-white-color has-text-color\">Om vi anser att det beh\u00f6vs f\u00f6ljs behandlingen upp med individuellt anpassade tr\u00e4ningsprogram och andra r\u00e5d som kan vara behj\u00e4lpliga i ditt tillfrisknande och f\u00f6r att f\u00f6rebygga nya skador.<\/p>\n\n\t\t<\/div>\n\n\t\t\n\t\t<div\n\t\t\tclass=\"wp-block-qala-blocks-hero__media-wrap\"\n\t\t\tstyle=\"\"\n\t\t\t>\n\n\t\t\t\t\t\t\t\t\t\t\t\t<img decoding=\"async\" src=\"https:\/\/www.stjarnkliniken.com\/wp-content\/uploads\/2022\/06\/extra-hemsida-e1655822481351.jpg\" alt=\"hero-image\" loading=\"lazy\">\n\t\t\t\t\t\t\t\n\t\t\t\t\t\t\n\t\t\t\t\t\t\t<div\n\t\t\t\t\tclass=\"overlay\"\n\t\t\t\t\tstyle=\"opacity:70%; \"\n\t\t\t\t><\/div>\n\t\t\t\n\t\t<\/div>\n\t<\/div>\n<\/div>\n<\/div>\n\n\n\n<div style=\"height:100px\" aria-hidden=\"true\" class=\"wp-block-spacer\"><\/div>\n\n\n\n<div class=\"wp-block-buttons is-horizontal is-content-justification-center is-layout-flex wp-container-core-buttons-is-layout-499968f5 wp-block-buttons-is-layout-flex\">\n<div class=\"wp-block-button wp-block-button\"><a class=\"wp-block-button__link wp-element-button\" href=\"https:\/\/www.stjarnkliniken.com\/boka-nu\/\">BOKA TID H\u00c4R<\/a><\/div>\n<\/div>\n\n\n\n<div class=\"wp-block-group is-layout-flow wp-block-group-is-layout-flow\" style=\"padding-top:0px;padding-right:100px;padding-bottom:100px;padding-left:100px\">\n<h2 class=\"wp-block-heading has-text-align-center\" id=\"h-vi-hjalper-dig-idag-valj-din-klinik\">Vi hj\u00e4lper dig idag.<br><span class=\"has-inline-color has-yellow-300-color\"><strong>V\u00e4lj din klinik.<\/strong><\/span><\/h2>\n<\/div>\n\n\n\n<p><\/p>\n","protected":false},"excerpt":{"rendered":"<p>SJUKGYMNAST SOLNA. S\u00f6ker du en sjukgymnast i Solna? V\u00e4lkommen till oss p\u00e5 Stj\u00e4rnkliniken! Tr\u00e4ffa en av v\u00e5ra legitimerade fysioterapeuter p\u00e5 v\u00e5r klinik i Solna. Vi hj\u00e4lper dig med sjukgymnastik f\u00f6r att behandla en skada eller sm\u00e4rta av n\u00e5gon form<\/p>\n","protected":false},"author":2,"featured_media":0,"parent":0,"menu_order":0,"comment_status":"closed","ping_status":"closed","template":"","meta":{"_acf_changed":false,"footnotes":""},"class_list":["post-9011","page","type-page","status-publish","hentry"],"acf":[],"yoast_head":"<!-- This site is optimized with the Yoast SEO Premium plugin v22.6 (Yoast SEO v22.6) - https:\/\/yoast.com\/wordpress\/plugins\/seo\/ -->\n<title>Fysioterapeut\/Sjukgymnast Solna - Stj\u00e4rnkliniken<\/title>\n<meta name=\"description\" content=\"S\u00f6ker du en sjukgymnast i Solna? V\u00e4lkommen till oss p\u00e5 Stj\u00e4rnkliniken! Tr\u00e4ffa en av v\u00e5ra legitimerade fysioterapeuter p\u00e5 v\u00e5r klinik i Solna.\" \/>\n<meta name=\"robots\" content=\"index, follow, max-snippet:-1, max-image-preview:large, max-video-preview:-1\" \/>\n<link rel=\"canonical\" href=\"https:\/\/www.stjarnkliniken.com\/stockholm-solna\/sjukgymnast-solna\/\" \/>\n<meta property=\"og:locale\" content=\"sv_SE\" \/>\n<meta property=\"og:type\" content=\"article\" \/>\n<meta property=\"og:title\" content=\"Sjukgymnast Solna\" \/>\n<meta property=\"og:description\" content=\"S\u00f6ker du en sjukgymnast i Solna? V\u00e4lkommen till oss p\u00e5 Stj\u00e4rnkliniken! Tr\u00e4ffa en av v\u00e5ra legitimerade fysioterapeuter p\u00e5 v\u00e5r klinik i Solna.\" \/>\n<meta property=\"og:url\" content=\"https:\/\/www.stjarnkliniken.com\/stockholm-solna\/sjukgymnast-solna\/\" \/>\n<meta property=\"og:site_name\" content=\"Stockholm Solna\" \/>\n<meta property=\"article:modified_time\" content=\"2024-02-07T10:57:53+00:00\" \/>\n<meta property=\"og:image\" content=\"https:\/\/www.stjarnkliniken.com\/wp-content\/uploads\/2022\/05\/naprapati-5-hemsida-e1655198992406.jpg\" \/>\n<meta name=\"twitter:card\" content=\"summary_large_image\" \/>\n<meta name=\"twitter:label1\" content=\"Ber\u00e4knad l\u00e4stid\" \/>\n\t<meta name=\"twitter:data1\" content=\"3 minuter\" \/>\n<script type=\"application\/ld+json\" class=\"yoast-schema-graph\">{\"@context\":\"https:\/\/schema.org\",\"@graph\":[{\"@type\":\"WebPage\",\"@id\":\"https:\/\/www.stjarnkliniken.com\/stockholm-solna\/sjukgymnast-solna\/\",\"url\":\"https:\/\/www.stjarnkliniken.com\/stockholm-solna\/sjukgymnast-solna\/\",\"name\":\"Fysioterapeut\/Sjukgymnast Solna - Stj\u00e4rnkliniken\",\"isPartOf\":{\"@id\":\"https:\/\/www.stjarnkliniken.com\/stockholm-solna\/#website\"},\"primaryImageOfPage\":{\"@id\":\"https:\/\/www.stjarnkliniken.com\/stockholm-solna\/sjukgymnast-solna\/#primaryimage\"},\"image\":{\"@id\":\"https:\/\/www.stjarnkliniken.com\/stockholm-solna\/sjukgymnast-solna\/#primaryimage\"},\"thumbnailUrl\":\"https:\/\/www.stjarnkliniken.com\/wp-content\/uploads\/2022\/05\/naprapati-5-hemsida-e1655198992406.jpg\",\"datePublished\":\"2023-02-20T12:45:31+00:00\",\"dateModified\":\"2024-02-07T10:57:53+00:00\",\"description\":\"S\u00f6ker du en sjukgymnast i Solna? V\u00e4lkommen till oss p\u00e5 Stj\u00e4rnkliniken! Tr\u00e4ffa en av v\u00e5ra legitimerade fysioterapeuter p\u00e5 v\u00e5r klinik i Solna.\",\"breadcrumb\":{\"@id\":\"https:\/\/www.stjarnkliniken.com\/stockholm-solna\/sjukgymnast-solna\/#breadcrumb\"},\"inLanguage\":\"sv-SE\",\"potentialAction\":[{\"@type\":\"ReadAction\",\"target\":[\"https:\/\/www.stjarnkliniken.com\/stockholm-solna\/sjukgymnast-solna\/\"]}]},{\"@type\":\"ImageObject\",\"inLanguage\":\"sv-SE\",\"@id\":\"https:\/\/www.stjarnkliniken.com\/stockholm-solna\/sjukgymnast-solna\/#primaryimage\",\"url\":\"https:\/\/www.stjarnkliniken.com\/wp-content\/uploads\/2022\/05\/naprapati-5-hemsida-e1655198992406.jpg\",\"contentUrl\":\"https:\/\/www.stjarnkliniken.com\/wp-content\/uploads\/2022\/05\/naprapati-5-hemsida-e1655198992406.jpg\"},{\"@type\":\"BreadcrumbList\",\"@id\":\"https:\/\/www.stjarnkliniken.com\/stockholm-solna\/sjukgymnast-solna\/#breadcrumb\",\"itemListElement\":[{\"@type\":\"ListItem\",\"position\":1,\"name\":\"Hem\",\"item\":\"https:\/\/www.stjarnkliniken.com\/stockholm-solna\/\"},{\"@type\":\"ListItem\",\"position\":2,\"name\":\"Sjukgymnast Solna\"}]},{\"@type\":\"WebSite\",\"@id\":\"https:\/\/www.stjarnkliniken.com\/stockholm-solna\/#website\",\"url\":\"https:\/\/www.stjarnkliniken.com\/stockholm-solna\/\",\"name\":\"Stockholm Solna\",\"description\":\"Stj\u00e4rnkliniken: Naprapati &amp; massage - ingen v\u00e4ntetid, ingen remiss!\",\"potentialAction\":[{\"@type\":\"SearchAction\",\"target\":{\"@type\":\"EntryPoint\",\"urlTemplate\":\"https:\/\/www.stjarnkliniken.com\/stockholm-solna\/?s={search_term_string}\"},\"query-input\":\"required name=search_term_string\"}],\"inLanguage\":\"sv-SE\"}]}<\/script>\n<!-- \/ Yoast SEO Premium plugin. -->","yoast_head_json":{"title":"Fysioterapeut\/Sjukgymnast Solna - Stj\u00e4rnkliniken","description":"S\u00f6ker du en sjukgymnast i Solna? V\u00e4lkommen till oss p\u00e5 Stj\u00e4rnkliniken! Tr\u00e4ffa en av v\u00e5ra legitimerade fysioterapeuter p\u00e5 v\u00e5r klinik i Solna.","robots":{"index":"index","follow":"follow","max-snippet":"max-snippet:-1","max-image-preview":"max-image-preview:large","max-video-preview":"max-video-preview:-1"},"canonical":"https:\/\/www.stjarnkliniken.com\/stockholm-solna\/sjukgymnast-solna\/","og_locale":"sv_SE","og_type":"article","og_title":"Sjukgymnast Solna","og_description":"S\u00f6ker du en sjukgymnast i Solna? V\u00e4lkommen till oss p\u00e5 Stj\u00e4rnkliniken! Tr\u00e4ffa en av v\u00e5ra legitimerade fysioterapeuter p\u00e5 v\u00e5r klinik i Solna.","og_url":"https:\/\/www.stjarnkliniken.com\/stockholm-solna\/sjukgymnast-solna\/","og_site_name":"Stockholm Solna","article_modified_time":"2024-02-07T10:57:53+00:00","og_image":[{"url":"https:\/\/www.stjarnkliniken.com\/wp-content\/uploads\/2022\/05\/naprapati-5-hemsida-e1655198992406.jpg"}],"twitter_card":"summary_large_image","twitter_misc":{"Ber\u00e4knad l\u00e4stid":"3 minuter"},"schema":{"@context":"https:\/\/schema.org","@graph":[{"@type":"WebPage","@id":"https:\/\/www.stjarnkliniken.com\/stockholm-solna\/sjukgymnast-solna\/","url":"https:\/\/www.stjarnkliniken.com\/stockholm-solna\/sjukgymnast-solna\/","name":"Fysioterapeut\/Sjukgymnast Solna - Stj\u00e4rnkliniken","isPartOf":{"@id":"https:\/\/www.stjarnkliniken.com\/stockholm-solna\/#website"},"primaryImageOfPage":{"@id":"https:\/\/www.stjarnkliniken.com\/stockholm-solna\/sjukgymnast-solna\/#primaryimage"},"image":{"@id":"https:\/\/www.stjarnkliniken.com\/stockholm-solna\/sjukgymnast-solna\/#primaryimage"},"thumbnailUrl":"https:\/\/www.stjarnkliniken.com\/wp-content\/uploads\/2022\/05\/naprapati-5-hemsida-e1655198992406.jpg","datePublished":"2023-02-20T12:45:31+00:00","dateModified":"2024-02-07T10:57:53+00:00","description":"S\u00f6ker du en sjukgymnast i Solna? V\u00e4lkommen till oss p\u00e5 Stj\u00e4rnkliniken! Tr\u00e4ffa en av v\u00e5ra legitimerade fysioterapeuter p\u00e5 v\u00e5r klinik i Solna.","breadcrumb":{"@id":"https:\/\/www.stjarnkliniken.com\/stockholm-solna\/sjukgymnast-solna\/#breadcrumb"},"inLanguage":"sv-SE","potentialAction":[{"@type":"ReadAction","target":["https:\/\/www.stjarnkliniken.com\/stockholm-solna\/sjukgymnast-solna\/"]}]},{"@type":"ImageObject","inLanguage":"sv-SE","@id":"https:\/\/www.stjarnkliniken.com\/stockholm-solna\/sjukgymnast-solna\/#primaryimage","url":"https:\/\/www.stjarnkliniken.com\/wp-content\/uploads\/2022\/05\/naprapati-5-hemsida-e1655198992406.jpg","contentUrl":"https:\/\/www.stjarnkliniken.com\/wp-content\/uploads\/2022\/05\/naprapati-5-hemsida-e1655198992406.jpg"},{"@type":"BreadcrumbList","@id":"https:\/\/www.stjarnkliniken.com\/stockholm-solna\/sjukgymnast-solna\/#breadcrumb","itemListElement":[{"@type":"ListItem","position":1,"name":"Hem","item":"https:\/\/www.stjarnkliniken.com\/stockholm-solna\/"},{"@type":"ListItem","position":2,"name":"Sjukgymnast Solna"}]},{"@type":"WebSite","@id":"https:\/\/www.stjarnkliniken.com\/stockholm-solna\/#website","url":"https:\/\/www.stjarnkliniken.com\/stockholm-solna\/","name":"Stockholm Solna","description":"Stj\u00e4rnkliniken: Naprapati &amp; massage - ingen v\u00e4ntetid, ingen remiss!","potentialAction":[{"@type":"SearchAction","target":{"@type":"EntryPoint","urlTemplate":"https:\/\/www.stjarnkliniken.com\/stockholm-solna\/?s={search_term_string}"},"query-input":"required name=search_term_string"}],"inLanguage":"sv-SE"}]}},"_links":{"self":[{"href":"https:\/\/www.stjarnkliniken.com\/stockholm-solna\/wp-json\/wp\/v2\/pages\/9011","targetHints":{"allow":["GET"]}}],"collection":[{"href":"https:\/\/www.stjarnkliniken.com\/stockholm-solna\/wp-json\/wp\/v2\/pages"}],"about":[{"href":"https:\/\/www.stjarnkliniken.com\/stockholm-solna\/wp-json\/wp\/v2\/types\/page"}],"author":[{"embeddable":true,"href":"https:\/\/www.stjarnkliniken.com\/stockholm-solna\/wp-json\/wp\/v2\/users\/2"}],"replies":[{"embeddable":true,"href":"https:\/\/www.stjarnkliniken.com\/stockholm-solna\/wp-json\/wp\/v2\/comments?post=9011"}],"version-history":[{"count":4,"href":"https:\/\/www.stjarnkliniken.com\/stockholm-solna\/wp-json\/wp\/v2\/pages\/9011\/revisions"}],"predecessor-version":[{"id":9594,"href":"https:\/\/www.stjarnkliniken.com\/stockholm-solna\/wp-json\/wp\/v2\/pages\/9011\/revisions\/9594"}],"wp:attachment":[{"href":"https:\/\/www.stjarnkliniken.com\/stockholm-solna\/wp-json\/wp\/v2\/media?parent=9011"}],"curies":[{"name":"wp","href":"https:\/\/api.w.org\/{rel}","templated":true}]}}