{"id":8883,"date":"2023-01-18T11:15:37","date_gmt":"2023-01-18T11:15:37","guid":{"rendered":"https:\/\/www.stjarnkliniken.com\/stockholm-solna\/?page_id=8883"},"modified":"2024-02-07T10:55:55","modified_gmt":"2024-02-07T10:55:55","slug":"naprapat-solna","status":"publish","type":"page","link":"https:\/\/www.stjarnkliniken.com\/stockholm-solna\/naprapat-solna\/","title":{"rendered":"Naprapat Solna"},"content":{"rendered":"\n<div class=\"wp-block-group alignfull has-yellow-100-background-color has-background is-layout-flow wp-block-group-is-layout-flow\">\n\n<div class=\"wp-block-qala-blocks-hero alignfull content-position__left content-align__center\" >\n\t<div\n\t\tclass=\"wp-block-qala-blocks-hero__wrapper \"\n\t\tstyle=\" \"\n\t\t>\n\n\t\t\t\t<div\n\t\t\tclass=\"wp-block-qala-blocks-hero__content\"\n\t\t\tdata-width=\"50%\"\n\t\t\tstyle=\" width:50%;  text-align:left;\"\n\t\t\t>\n\t\t\t\n\n<div class=\"wp-block-columns are-vertically-aligned-center is-justified-center is-layout-flex wp-container-core-columns-is-layout-9d6595d7 wp-block-columns-is-layout-flex\">\n<div class=\"wp-block-column is-vertically-aligned-center is-layout-flow wp-block-column-is-layout-flow\" style=\"flex-basis:550px\">\n<div style=\"height:75px\" aria-hidden=\"true\" class=\"wp-block-spacer\"><\/div>\n\n\n\n<h1 class=\"wp-block-heading has-text-align-center wp-block-qala-blocks-hero__heading\" id=\"h-naprapat-solna\"><em>NAPRAPAT SOLNA<\/em><\/h1>\n\n\n\n<p class=\"has-text-align-center wp-block-qala-blocks-hero__text has-medium-font-size\">Beh\u00f6ver du hj\u00e4lp av en naprapat i Solna? Hos oss p\u00e5 Stj\u00e4rnkliniken f\u00e5r du tr\u00e4ffa legitimerade naprapater som hj\u00e4lper dig med akut eller f\u00f6rebyggande behandling av b\u00e5de muskler och leder. Vi hj\u00e4lper dig bland annat med:&nbsp;<\/p>\n\n\n\n<div class=\"wp-block-columns is-layout-flex wp-container-core-columns-is-layout-9d6595d7 wp-block-columns-is-layout-flex\">\n<div class=\"wp-block-column is-layout-flow wp-block-column-is-layout-flow\">\n<figure class=\"wp-block-image size-large is-style-rounded\"><img decoding=\"async\" src=\"https:\/\/www.stjarnkliniken.com\/wp-content\/uploads\/2022\/06\/naprapati-6-hemsida.jpg\" alt=\"\" class=\"wp-image-9093\"\/><\/figure>\n\n\n\n<h4 class=\"wp-block-heading has-text-align-center has-normal-font-size\" id=\"h-manipulation\">Manipulation<\/h4>\n<\/div>\n\n\n\n<div class=\"wp-block-column is-layout-flow wp-block-column-is-layout-flow\">\n<figure class=\"wp-block-image size-large is-style-rounded\"><img loading=\"lazy\" decoding=\"async\" width=\"591\" height=\"591\" src=\"https:\/\/www.stjarnkliniken.com\/wp-content\/uploads\/2022\/05\/naprapati-3-hemsida.jpg\" alt=\"\" class=\"wp-image-8343\" srcset=\"https:\/\/www.stjarnkliniken.com\/stockholm-solna\/wp-content\/uploads\/sites\/5\/2022\/05\/naprapati-3-hemsida.jpg 591w, https:\/\/www.stjarnkliniken.com\/stockholm-solna\/wp-content\/uploads\/sites\/5\/2022\/05\/naprapati-3-hemsida-300x300.jpg 300w\" sizes=\"auto, (max-width: 591px) 100vw, 591px\" \/><\/figure>\n\n\n\n<h4 class=\"wp-block-heading has-text-align-center has-normal-font-size\" id=\"h-stotvags-behandling\">St\u00f6tv\u00e5gs-behandling<\/h4>\n<\/div>\n\n\n\n<div class=\"wp-block-column is-layout-flow wp-block-column-is-layout-flow\">\n<figure class=\"wp-block-image size-large is-style-rounded\"><img loading=\"lazy\" decoding=\"async\" width=\"600\" height=\"600\" src=\"https:\/\/www.stjarnkliniken.com\/wp-content\/uploads\/2022\/05\/massage4-hemsida.jpg\" alt=\"\" class=\"wp-image-8222\" srcset=\"https:\/\/www.stjarnkliniken.com\/stockholm-solna\/wp-content\/uploads\/sites\/5\/2022\/05\/massage4-hemsida.jpg 600w, https:\/\/www.stjarnkliniken.com\/stockholm-solna\/wp-content\/uploads\/sites\/5\/2022\/05\/massage4-hemsida-300x300.jpg 300w\" sizes=\"auto, (max-width: 600px) 100vw, 600px\" \/><\/figure>\n\n\n\n<h4 class=\"wp-block-heading has-text-align-center has-normal-font-size\" id=\"h-massage\">Massage<\/h4>\n<\/div>\n\n\n\n<div class=\"wp-block-column is-layout-flow wp-block-column-is-layout-flow\">\n<figure class=\"wp-block-image size-large is-style-rounded\"><img decoding=\"async\" src=\"https:\/\/www.stjarnkliniken.com\/stockholm-city\/wp-content\/uploads\/sites\/8\/2023\/01\/na\u030al-kopia.jpg\" alt=\"\" class=\"wp-image-9070\"\/><\/figure>\n\n\n\n<h4 class=\"wp-block-heading has-text-align-center has-normal-font-size\" id=\"h-dry-needling\">Dry-needling<\/h4>\n<\/div>\n<\/div>\n<\/div>\n<\/div>\n\n\t\t<\/div>\n\n\t\t\n\t\t<div\n\t\t\tclass=\"wp-block-qala-blocks-hero__media-wrap\"\n\t\t\tstyle=\"\"\n\t\t\t>\n\n\t\t\t\t\t\t\t\t\t\t\t\t<img decoding=\"async\" src=\"https:\/\/www.stjarnkliniken.com\/wp-content\/uploads\/2022\/06\/naprapati-start-hemsida-e1655883744591.jpg\" alt=\"hero-image\" loading=\"lazy\">\n\t\t\t\t\t\t\t\n\t\t\t\t\t\t\n\t\t\t\t\t\t\t<div\n\t\t\t\t\tclass=\"overlay\"\n\t\t\t\t\tstyle=\"opacity:70%; \"\n\t\t\t\t><\/div>\n\t\t\t\n\t\t<\/div>\n\t<\/div>\n<\/div>\n<\/div>\n\n\n\n<div style=\"height:70px\" aria-hidden=\"true\" class=\"wp-block-spacer\"><\/div>\n\n\n\n<h2 class=\"wp-block-heading alignwide\">&nbsp;<strong>Legitimerad naprapat i Solna&nbsp;<\/strong><\/h2>\n\n\n\n<div class=\"wp-block-group alignwide is-layout-flow wp-block-group-is-layout-flow\">\n<p>V\u00e5ra naprapater \u00e4r legitimerade och har l\u00e5ng erfarenhet inom naprapati, vilket inneb\u00e4r att du som kund kan k\u00e4nna dig trygg n\u00e4r du \u00e4r i v\u00e5ra h\u00e4nder.&nbsp;<\/p>\n\n\n\n<p>Vi arbetar aktivt med att f\u00f6rebygga och behandla sm\u00e4rta som bildas n\u00e4r samspelet mellan muskler, leder och nervsystem inte fungerar optimalt. Ut\u00f6ver att behandla nedsatt funktion och sm\u00e4rta kan v\u00e5ra naprapater i Solna \u00e4ven behandla besv\u00e4r fr\u00e5n alla kroppens \u00f6vriga leder, samt specifika diagnoser och sm\u00e4rttillst\u00e5nd, som till exempel migr\u00e4n, musarm, ischias, och s\u00e5 vidare.&nbsp;<\/p>\n\n\n\n<div class=\"wp-block-buttons alignfull is-horizontal is-content-justification-left is-layout-flex wp-container-core-buttons-is-layout-7e5fce0a wp-block-buttons-is-layout-flex\">\n<div class=\"wp-block-button wp-block-button\"><a class=\"wp-block-button__link wp-element-button\" href=\"https:\/\/www.stjarnkliniken.com\/boka-nu\/\">Boka tid<\/a><\/div>\n<\/div>\n\n\n\n<div style=\"height:70px\" aria-hidden=\"true\" class=\"wp-block-spacer\"><\/div>\n\n\n\n<h3 class=\"wp-block-heading alignwide\"><strong>V\u00e5ra kliniker<\/strong><\/h3>\n\n\n\n<p>Vi begr\u00e4nsar oss inte enbart till Solna, utan v\u00e5ra kliniker finns p\u00e5 flera platser runtom i Stockholmsomr\u00e5det. <\/p>\n\n\n\n<p>Du hittar oss \u00e4ven p\u00e5 f\u00f6ljande platser:&nbsp;<\/p>\n\n\n\n<ul class=\"has-normal-font-size wp-block-list\">\n<li><a href=\"https:\/\/www.stjarnkliniken.com\/stockholm-city\/naprapat-stockholm\/\"><strong><span class=\"has-inline-color has-black-color\">Stockholm City<\/span><\/strong><\/a><\/li>\n\n\n\n<li><a href=\"https:\/\/www.stjarnkliniken.com\/stockholm-stureplan\/naprapat-ostermalm\/\"><strong><span class=\"has-inline-color has-black-color\">\u00d6stermalm<\/span><\/strong><\/a><\/li>\n\n\n\n<li><a href=\"https:\/\/www.stjarnkliniken.com\/stockholm-sodermalm\/naprapat-sodermalm\/\"><strong><span class=\"has-inline-color has-black-color\">S\u00f6dermalm<\/span><\/strong><\/a><\/li>\n<\/ul>\n\n\n\n<p><\/p>\n<\/div>\n\n\n\n<div style=\"height:55px\" aria-hidden=\"true\" class=\"wp-block-spacer\"><\/div>\n\n\n\n<div class=\"wp-block-group alignfull hero-block-video has-yellow-100-background-color has-background is-layout-flow wp-block-group-is-layout-flow\">\n\n<div class=\"wp-block-qala-blocks-hero alignfull content-position__left content-align__center\" >\n\t<div\n\t\tclass=\"wp-block-qala-blocks-hero__wrapper \"\n\t\tstyle=\" \"\n\t\t>\n\n\t\t\t\t<div\n\t\t\tclass=\"wp-block-qala-blocks-hero__content\"\n\t\t\tdata-width=\"50%\"\n\t\t\tstyle=\" width:50%;  text-align:left;\"\n\t\t\t>\n\t\t\t\n\n<div style=\"height:32px\" aria-hidden=\"true\" class=\"wp-block-spacer\"><\/div>\n\n\n\n<h2 class=\"wp-block-heading has-text-align-center has-black-color has-text-color\"><strong>Hur g\u00e5r en behandling till hos v\u00e5ra naprapater i Solna?&nbsp;<\/strong><\/h2>\n\n\n\n<p class=\"has-text-align-center has-black-color has-text-color\">Vid behandling unders\u00f6ker, diagnostiserar, behandlar, rehabiliterar och f\u00f6rebygger naprapaten sm\u00e4rttillst\u00e5nd och nedsatt funktion i samtliga delar av r\u00f6relseorganen. V\u00e5ra naprapater \u00e4r experter inom manuell medicin och anv\u00e4nder fr\u00e4mst sina h\u00e4nder i de olika behandlingsteknikerna. Mobilisering och manipulation anv\u00e4nds med syftet att \u00e5terskapa funktion i lederna, vilket kombineras med massage, bindv\u00e4vstekniker och stretching av kroppens mjukdelar. H\u00e4r kan du l\u00e4sa mer om hur vi arbetar med <a href=\"https:\/\/www.stjarnkliniken.com\/behandling-privatperson\/naprapati\/\">naprapati<\/a>.<\/p>\n\n\n\n<div style=\"height:36px\" aria-hidden=\"true\" class=\"wp-block-spacer\"><\/div>\n\n\n\n<h3 class=\"wp-block-heading has-text-align-center\" id=\"h-vilka-besvar-kan-vi-hjalpa-dig-med\"><strong>Vilka besv\u00e4r kan vi hj\u00e4lpa dig med?&nbsp;<\/strong><\/h3>\n\n\n\n<p class=\"has-text-align-center has-black-color has-text-color\">Vi behandlar besv\u00e4r som uppst\u00e5r i muskler, leder och nerver i hela kroppen och kan till exempel hj\u00e4lpa dig med sm\u00e4rta som uppst\u00e5r i:&nbsp;<\/p>\n\n\n\n<div class=\"wp-block-columns is-layout-flex wp-container-core-columns-is-layout-9d6595d7 wp-block-columns-is-layout-flex\">\n<div class=\"wp-block-column is-layout-flow wp-block-column-is-layout-flow\" style=\"flex-basis:33.34%\"><\/div>\n\n\n\n<div class=\"wp-block-column is-layout-flow wp-block-column-is-layout-flow\" style=\"flex-basis:300%\">\n<ul class=\"has-normal-font-size wp-block-list\">\n<li>Armb\u00e5garna&nbsp;<\/li>\n\n\n\n<li>Axlarna&nbsp;<\/li>\n\n\n\n<li>F\u00f6tterna&nbsp;<\/li>\n\n\n\n<li>Huvudet&nbsp;<\/li>\n\n\n\n<li>H\u00f6ften&nbsp;<\/li>\n\n\n\n<li>Kn\u00e4na&nbsp;<\/li>\n\n\n\n<li>Nacken&nbsp;<\/li>\n\n\n\n<li>Ryggen<\/li>\n<\/ul>\n<\/div>\n\n\n\n<div class=\"wp-block-column is-layout-flow wp-block-column-is-layout-flow\" style=\"flex-basis:33.33%\"><\/div>\n<\/div>\n\n\t\t<\/div>\n\n\t\t\n\t\t<div\n\t\t\tclass=\"wp-block-qala-blocks-hero__media-wrap\"\n\t\t\tstyle=\"\"\n\t\t\t>\n\n\t\t\t\t\t\t\t\t\t\t\t\t<img decoding=\"async\" src=\"https:\/\/www.stjarnkliniken.com\/wp-content\/uploads\/2022\/06\/190619_stjarnkliniken_0747A-scaled-e1655209478226.jpg\" alt=\"hero-image\" loading=\"lazy\">\n\t\t\t\t\t\t\t\n\t\t\t\t\t\t\n\t\t\t\t\t\t\t<div\n\t\t\t\t\tclass=\"overlay\"\n\t\t\t\t\tstyle=\"opacity:70%; \"\n\t\t\t\t><\/div>\n\t\t\t\n\t\t<\/div>\n\t<\/div>\n<\/div>\n<\/div>\n\n\n\n<div class=\"wp-block-group alignfull has-yellow-600-background-color has-background is-layout-flow wp-block-group-is-layout-flow\">\n\n<div class=\"wp-block-qala-blocks-hero alignfull content-position__right content-align__center\" >\n\t<div\n\t\tclass=\"wp-block-qala-blocks-hero__wrapper \"\n\t\tstyle=\" \"\n\t\t>\n\n\t\t\t\t<div\n\t\t\tclass=\"wp-block-qala-blocks-hero__content\"\n\t\t\tdata-width=\"50%\"\n\t\t\tstyle=\" width:50%;  text-align:left;\"\n\t\t\t>\n\t\t\t\n\n<div class=\"wp-block-group is-label is-layout-flow wp-block-group-is-layout-flow\">\n<p class=\"has-text-align-center is-label has-yellow-300-background-color has-background\" id=\"h-stjarnkliniken\"><strong><em>VARF\u00d6R OSS<\/em><\/strong><\/p>\n<\/div>\n\n\n\n<h2 class=\"wp-block-heading has-text-align-center has-white-color has-text-color\">Det lilla extra<\/h2>\n\n\n\n<p class=\"has-text-align-center has-white-color has-text-color\">Om vi anser att det beh\u00f6vs f\u00f6ljs behandlingen upp med individuellt anpassade tr\u00e4ningsprogram och andra r\u00e5d som kan vara behj\u00e4lpliga i ditt tillfrisknande och f\u00f6r att f\u00f6rebygga nya skador.<\/p>\n\n\t\t<\/div>\n\n\t\t\n\t\t<div\n\t\t\tclass=\"wp-block-qala-blocks-hero__media-wrap\"\n\t\t\tstyle=\"\"\n\t\t\t>\n\n\t\t\t\t\t\t\t\t\t\t\t\t<img decoding=\"async\" src=\"https:\/\/www.stjarnkliniken.com\/wp-content\/uploads\/2022\/06\/extra-hemsida-e1655822481351.jpg\" alt=\"hero-image\" loading=\"lazy\">\n\t\t\t\t\t\t\t\n\t\t\t\t\t\t\n\t\t\t\t\t\t\t<div\n\t\t\t\t\tclass=\"overlay\"\n\t\t\t\t\tstyle=\"opacity:70%; \"\n\t\t\t\t><\/div>\n\t\t\t\n\t\t<\/div>\n\t<\/div>\n<\/div>\n<\/div>\n\n\n\n<div style=\"height:100px\" aria-hidden=\"true\" class=\"wp-block-spacer\"><\/div>\n\n\n\n<div class=\"wp-block-buttons is-horizontal is-content-justification-center is-layout-flex wp-container-core-buttons-is-layout-499968f5 wp-block-buttons-is-layout-flex\">\n<div class=\"wp-block-button wp-block-button\"><a class=\"wp-block-button__link wp-element-button\" href=\"https:\/\/www.stjarnkliniken.com\/boka-nu\/\">BOKA TID H\u00c4R<\/a><\/div>\n<\/div>\n\n\n\n<div class=\"wp-block-group is-layout-flow wp-block-group-is-layout-flow\" style=\"padding-top:0px;padding-right:100px;padding-bottom:100px;padding-left:100px\">\n<h2 class=\"wp-block-heading has-text-align-center\" id=\"h-vi-hjalper-dig-idag-valj-din-klinik\">Vi hj\u00e4lper dig idag.<br><span class=\"has-inline-color has-yellow-300-color\"><strong>V\u00e4lj din klinik.<\/strong><\/span><\/h2>\n<\/div>\n","protected":false},"excerpt":{"rendered":"<p>NAPRAPAT SOLNA. Beh\u00f6ver du hj\u00e4lp av en naprapat i Solna? Hos oss p\u00e5 Stj\u00e4rnkliniken f\u00e5r du tr\u00e4ffa legitimerade naprapater som hj\u00e4lper dig med akut eller f\u00f6rebyggande behandling av b\u00e5de muskler och leder<\/p>\n","protected":false},"author":2,"featured_media":0,"parent":0,"menu_order":0,"comment_status":"closed","ping_status":"closed","template":"","meta":{"_acf_changed":false,"footnotes":""},"class_list":["post-8883","page","type-page","status-publish","hentry"],"acf":[],"yoast_head":"<!-- This site is optimized with the Yoast SEO Premium plugin v22.6 (Yoast SEO v22.6) - https:\/\/yoast.com\/wordpress\/plugins\/seo\/ -->\n<title>Naprapat Solna - Legitimerade naprapater - Stj\u00e4rnkliniken<\/title>\n<meta name=\"description\" content=\"Naprapat i Solna. V\u00e5ra legitimerade naprapater hj\u00e4lper dig med akut eller f\u00f6rebyggande behandling av muskler och leder. Kontakta oss i dag! \u2192\" \/>\n<meta name=\"robots\" content=\"index, follow, max-snippet:-1, max-image-preview:large, max-video-preview:-1\" \/>\n<link rel=\"canonical\" href=\"https:\/\/www.stjarnkliniken.com\/stockholm-solna\/naprapat-solna\/\" \/>\n<meta property=\"og:locale\" content=\"sv_SE\" \/>\n<meta property=\"og:type\" content=\"article\" \/>\n<meta property=\"og:title\" content=\"Naprapat Solna\" \/>\n<meta property=\"og:description\" content=\"Naprapat i Solna. V\u00e5ra legitimerade naprapater hj\u00e4lper dig med akut eller f\u00f6rebyggande behandling av muskler och leder. Kontakta oss i dag! \u2192\" \/>\n<meta property=\"og:url\" content=\"https:\/\/www.stjarnkliniken.com\/stockholm-solna\/naprapat-solna\/\" \/>\n<meta property=\"og:site_name\" content=\"Stockholm Solna\" \/>\n<meta property=\"article:modified_time\" content=\"2024-02-07T10:55:55+00:00\" \/>\n<meta property=\"og:image\" content=\"https:\/\/www.stjarnkliniken.com\/wp-content\/uploads\/2022\/06\/naprapati-6-hemsida.jpg\" \/>\n<meta name=\"twitter:card\" content=\"summary_large_image\" \/>\n<meta name=\"twitter:label1\" content=\"Ber\u00e4knad l\u00e4stid\" \/>\n\t<meta name=\"twitter:data1\" content=\"3 minuter\" \/>\n<script type=\"application\/ld+json\" class=\"yoast-schema-graph\">{\"@context\":\"https:\/\/schema.org\",\"@graph\":[{\"@type\":\"WebPage\",\"@id\":\"https:\/\/www.stjarnkliniken.com\/stockholm-solna\/naprapat-solna\/\",\"url\":\"https:\/\/www.stjarnkliniken.com\/stockholm-solna\/naprapat-solna\/\",\"name\":\"Naprapat Solna - Legitimerade naprapater - Stj\u00e4rnkliniken\",\"isPartOf\":{\"@id\":\"https:\/\/www.stjarnkliniken.com\/stockholm-solna\/#website\"},\"primaryImageOfPage\":{\"@id\":\"https:\/\/www.stjarnkliniken.com\/stockholm-solna\/naprapat-solna\/#primaryimage\"},\"image\":{\"@id\":\"https:\/\/www.stjarnkliniken.com\/stockholm-solna\/naprapat-solna\/#primaryimage\"},\"thumbnailUrl\":\"https:\/\/www.stjarnkliniken.com\/wp-content\/uploads\/2022\/06\/naprapati-6-hemsida.jpg\",\"datePublished\":\"2023-01-18T11:15:37+00:00\",\"dateModified\":\"2024-02-07T10:55:55+00:00\",\"description\":\"Naprapat i Solna. V\u00e5ra legitimerade naprapater hj\u00e4lper dig med akut eller f\u00f6rebyggande behandling av muskler och leder. Kontakta oss i dag! \u2192\",\"breadcrumb\":{\"@id\":\"https:\/\/www.stjarnkliniken.com\/stockholm-solna\/naprapat-solna\/#breadcrumb\"},\"inLanguage\":\"sv-SE\",\"potentialAction\":[{\"@type\":\"ReadAction\",\"target\":[\"https:\/\/www.stjarnkliniken.com\/stockholm-solna\/naprapat-solna\/\"]}]},{\"@type\":\"ImageObject\",\"inLanguage\":\"sv-SE\",\"@id\":\"https:\/\/www.stjarnkliniken.com\/stockholm-solna\/naprapat-solna\/#primaryimage\",\"url\":\"https:\/\/www.stjarnkliniken.com\/wp-content\/uploads\/2022\/06\/naprapati-6-hemsida.jpg\",\"contentUrl\":\"https:\/\/www.stjarnkliniken.com\/wp-content\/uploads\/2022\/06\/naprapati-6-hemsida.jpg\"},{\"@type\":\"BreadcrumbList\",\"@id\":\"https:\/\/www.stjarnkliniken.com\/stockholm-solna\/naprapat-solna\/#breadcrumb\",\"itemListElement\":[{\"@type\":\"ListItem\",\"position\":1,\"name\":\"Hem\",\"item\":\"https:\/\/www.stjarnkliniken.com\/stockholm-solna\/\"},{\"@type\":\"ListItem\",\"position\":2,\"name\":\"Naprapat Solna\"}]},{\"@type\":\"WebSite\",\"@id\":\"https:\/\/www.stjarnkliniken.com\/stockholm-solna\/#website\",\"url\":\"https:\/\/www.stjarnkliniken.com\/stockholm-solna\/\",\"name\":\"Stockholm Solna\",\"description\":\"Stj\u00e4rnkliniken: Naprapati &amp; massage - ingen v\u00e4ntetid, ingen remiss!\",\"potentialAction\":[{\"@type\":\"SearchAction\",\"target\":{\"@type\":\"EntryPoint\",\"urlTemplate\":\"https:\/\/www.stjarnkliniken.com\/stockholm-solna\/?s={search_term_string}\"},\"query-input\":\"required name=search_term_string\"}],\"inLanguage\":\"sv-SE\"}]}<\/script>\n<!-- \/ Yoast SEO Premium plugin. -->","yoast_head_json":{"title":"Naprapat Solna - Legitimerade naprapater - Stj\u00e4rnkliniken","description":"Naprapat i Solna. V\u00e5ra legitimerade naprapater hj\u00e4lper dig med akut eller f\u00f6rebyggande behandling av muskler och leder. Kontakta oss i dag! \u2192","robots":{"index":"index","follow":"follow","max-snippet":"max-snippet:-1","max-image-preview":"max-image-preview:large","max-video-preview":"max-video-preview:-1"},"canonical":"https:\/\/www.stjarnkliniken.com\/stockholm-solna\/naprapat-solna\/","og_locale":"sv_SE","og_type":"article","og_title":"Naprapat Solna","og_description":"Naprapat i Solna. V\u00e5ra legitimerade naprapater hj\u00e4lper dig med akut eller f\u00f6rebyggande behandling av muskler och leder. Kontakta oss i dag! \u2192","og_url":"https:\/\/www.stjarnkliniken.com\/stockholm-solna\/naprapat-solna\/","og_site_name":"Stockholm Solna","article_modified_time":"2024-02-07T10:55:55+00:00","og_image":[{"url":"https:\/\/www.stjarnkliniken.com\/wp-content\/uploads\/2022\/06\/naprapati-6-hemsida.jpg"}],"twitter_card":"summary_large_image","twitter_misc":{"Ber\u00e4knad l\u00e4stid":"3 minuter"},"schema":{"@context":"https:\/\/schema.org","@graph":[{"@type":"WebPage","@id":"https:\/\/www.stjarnkliniken.com\/stockholm-solna\/naprapat-solna\/","url":"https:\/\/www.stjarnkliniken.com\/stockholm-solna\/naprapat-solna\/","name":"Naprapat Solna - Legitimerade naprapater - Stj\u00e4rnkliniken","isPartOf":{"@id":"https:\/\/www.stjarnkliniken.com\/stockholm-solna\/#website"},"primaryImageOfPage":{"@id":"https:\/\/www.stjarnkliniken.com\/stockholm-solna\/naprapat-solna\/#primaryimage"},"image":{"@id":"https:\/\/www.stjarnkliniken.com\/stockholm-solna\/naprapat-solna\/#primaryimage"},"thumbnailUrl":"https:\/\/www.stjarnkliniken.com\/wp-content\/uploads\/2022\/06\/naprapati-6-hemsida.jpg","datePublished":"2023-01-18T11:15:37+00:00","dateModified":"2024-02-07T10:55:55+00:00","description":"Naprapat i Solna. V\u00e5ra legitimerade naprapater hj\u00e4lper dig med akut eller f\u00f6rebyggande behandling av muskler och leder. Kontakta oss i dag! \u2192","breadcrumb":{"@id":"https:\/\/www.stjarnkliniken.com\/stockholm-solna\/naprapat-solna\/#breadcrumb"},"inLanguage":"sv-SE","potentialAction":[{"@type":"ReadAction","target":["https:\/\/www.stjarnkliniken.com\/stockholm-solna\/naprapat-solna\/"]}]},{"@type":"ImageObject","inLanguage":"sv-SE","@id":"https:\/\/www.stjarnkliniken.com\/stockholm-solna\/naprapat-solna\/#primaryimage","url":"https:\/\/www.stjarnkliniken.com\/wp-content\/uploads\/2022\/06\/naprapati-6-hemsida.jpg","contentUrl":"https:\/\/www.stjarnkliniken.com\/wp-content\/uploads\/2022\/06\/naprapati-6-hemsida.jpg"},{"@type":"BreadcrumbList","@id":"https:\/\/www.stjarnkliniken.com\/stockholm-solna\/naprapat-solna\/#breadcrumb","itemListElement":[{"@type":"ListItem","position":1,"name":"Hem","item":"https:\/\/www.stjarnkliniken.com\/stockholm-solna\/"},{"@type":"ListItem","position":2,"name":"Naprapat Solna"}]},{"@type":"WebSite","@id":"https:\/\/www.stjarnkliniken.com\/stockholm-solna\/#website","url":"https:\/\/www.stjarnkliniken.com\/stockholm-solna\/","name":"Stockholm Solna","description":"Stj\u00e4rnkliniken: Naprapati &amp; massage - ingen v\u00e4ntetid, ingen remiss!","potentialAction":[{"@type":"SearchAction","target":{"@type":"EntryPoint","urlTemplate":"https:\/\/www.stjarnkliniken.com\/stockholm-solna\/?s={search_term_string}"},"query-input":"required name=search_term_string"}],"inLanguage":"sv-SE"}]}},"_links":{"self":[{"href":"https:\/\/www.stjarnkliniken.com\/stockholm-solna\/wp-json\/wp\/v2\/pages\/8883","targetHints":{"allow":["GET"]}}],"collection":[{"href":"https:\/\/www.stjarnkliniken.com\/stockholm-solna\/wp-json\/wp\/v2\/pages"}],"about":[{"href":"https:\/\/www.stjarnkliniken.com\/stockholm-solna\/wp-json\/wp\/v2\/types\/page"}],"author":[{"embeddable":true,"href":"https:\/\/www.stjarnkliniken.com\/stockholm-solna\/wp-json\/wp\/v2\/users\/2"}],"replies":[{"embeddable":true,"href":"https:\/\/www.stjarnkliniken.com\/stockholm-solna\/wp-json\/wp\/v2\/comments?post=8883"}],"version-history":[{"count":5,"href":"https:\/\/www.stjarnkliniken.com\/stockholm-solna\/wp-json\/wp\/v2\/pages\/8883\/revisions"}],"predecessor-version":[{"id":9589,"href":"https:\/\/www.stjarnkliniken.com\/stockholm-solna\/wp-json\/wp\/v2\/pages\/8883\/revisions\/9589"}],"wp:attachment":[{"href":"https:\/\/www.stjarnkliniken.com\/stockholm-solna\/wp-json\/wp\/v2\/media?parent=8883"}],"curies":[{"name":"wp","href":"https:\/\/api.w.org\/{rel}","templated":true}]}}