{"id":9095,"date":"2023-03-03T10:32:07","date_gmt":"2023-03-03T10:32:07","guid":{"rendered":"https:\/\/www.stjarnkliniken.com\/stockholm-sodermalm\/?page_id=9095"},"modified":"2024-02-07T12:48:19","modified_gmt":"2024-02-07T12:48:19","slug":"massage-sodermalm","status":"publish","type":"page","link":"https:\/\/www.stjarnkliniken.com\/stockholm-sodermalm\/massage-sodermalm\/","title":{"rendered":"Massage S\u00f6dermalm"},"content":{"rendered":"\n<div class=\"wp-block-group alignfull has-yellow-100-background-color has-background is-layout-flow wp-block-group-is-layout-flow\">\n\n<div class=\"wp-block-qala-blocks-hero alignfull content-position__left content-align__center\" >\n\t<div\n\t\tclass=\"wp-block-qala-blocks-hero__wrapper \"\n\t\tstyle=\" \"\n\t\t>\n\n\t\t\t\t<div\n\t\t\tclass=\"wp-block-qala-blocks-hero__content\"\n\t\t\tdata-width=\"50%\"\n\t\t\tstyle=\" width:50%;  text-align:left;\"\n\t\t\t>\n\t\t\t\n\n<div class=\"wp-block-columns are-vertically-aligned-center is-justified-center is-layout-flex wp-container-core-columns-is-layout-9d6595d7 wp-block-columns-is-layout-flex\">\n<div class=\"wp-block-column is-vertically-aligned-center is-layout-flow wp-block-column-is-layout-flow\" style=\"flex-basis:550px\">\n<div style=\"height:70px\" aria-hidden=\"true\" class=\"wp-block-spacer\"><\/div>\n\n\n\n<h1 class=\"wp-block-heading has-text-align-center wp-block-qala-blocks-hero__heading\" id=\"h-massage-sodermalm\"><em>MASSAGE S\u00d6DERMALM<\/em><\/h1>\n\n\n\n<p class=\"has-text-align-center wp-block-qala-blocks-hero__text has-medium-font-size\">&nbsp;Stj\u00e4rnkliniken erbjuder massage p\u00e5 Mariatorget, S\u00f6dermalm. H\u00e4r arbetar certifierade massageterapeuter med l\u00e5ng erfarenhet och h\u00f6g kompetens inom olika massagetekniker, f\u00f6r att du ska f\u00e5 en effektiv och avkopplande behandling.&nbsp;<\/p>\n\n\n\n<div class=\"wp-block-columns is-layout-flex wp-container-core-columns-is-layout-9d6595d7 wp-block-columns-is-layout-flex\">\n<div class=\"wp-block-column is-layout-flow wp-block-column-is-layout-flow\">\n<figure class=\"wp-block-image size-large is-style-rounded\"><img loading=\"lazy\" decoding=\"async\" width=\"600\" height=\"600\" src=\"https:\/\/www.stjarnkliniken.com\/wp-content\/uploads\/2022\/05\/massage5-hemsida.jpg\" alt=\"\" class=\"wp-image-8223\" srcset=\"https:\/\/www.stjarnkliniken.com\/stockholm-sodermalm\/wp-content\/uploads\/sites\/10\/2022\/05\/massage5-hemsida.jpg 600w, https:\/\/www.stjarnkliniken.com\/stockholm-sodermalm\/wp-content\/uploads\/sites\/10\/2022\/05\/massage5-hemsida-300x300.jpg 300w\" sizes=\"auto, (max-width: 600px) 100vw, 600px\" \/><\/figure>\n\n\n\n<h4 class=\"wp-block-heading has-text-align-center has-normal-font-size\" id=\"h-massage\">Massage<\/h4>\n<\/div>\n\n\n\n<div class=\"wp-block-column is-layout-flow wp-block-column-is-layout-flow\">\n<figure class=\"wp-block-image size-large is-style-rounded\"><img loading=\"lazy\" decoding=\"async\" width=\"600\" height=\"600\" src=\"https:\/\/www.stjarnkliniken.com\/wp-content\/uploads\/2022\/05\/massage4-hemsida.jpg\" alt=\"\" class=\"wp-image-8222\" srcset=\"https:\/\/www.stjarnkliniken.com\/stockholm-sodermalm\/wp-content\/uploads\/sites\/10\/2022\/05\/massage4-hemsida.jpg 600w, https:\/\/www.stjarnkliniken.com\/stockholm-sodermalm\/wp-content\/uploads\/sites\/10\/2022\/05\/massage4-hemsida-300x300.jpg 300w\" sizes=\"auto, (max-width: 600px) 100vw, 600px\" \/><\/figure>\n\n\n\n<h4 class=\"wp-block-heading has-text-align-center has-normal-font-size\" id=\"h-idrottsmasage\">Idrottsmasage<\/h4>\n<\/div>\n\n\n\n<div class=\"wp-block-column is-layout-flow wp-block-column-is-layout-flow\">\n<figure class=\"wp-block-image size-large is-style-rounded\"><img decoding=\"async\" src=\"https:\/\/www.stjarnkliniken.com\/wp-content\/uploads\/2022\/06\/massagehemsidda.jpg\" alt=\"\" class=\"wp-image-8912\"\/><\/figure>\n\n\n\n<h4 class=\"wp-block-heading has-text-align-center has-normal-font-size\" id=\"h-gravidmassage\">Gravidmassage<\/h4>\n<\/div>\n<\/div>\n<\/div>\n<\/div>\n\n\t\t<\/div>\n\n\t\t\n\t\t<div\n\t\t\tclass=\"wp-block-qala-blocks-hero__media-wrap\"\n\t\t\tstyle=\"\"\n\t\t\t>\n\n\t\t\t\t\t\t\t\t\t\t\t\t<img decoding=\"async\" src=\"https:\/\/www.stjarnkliniken.com\/wp-content\/uploads\/2022\/06\/massage-1-start-hemsida.jpg\" alt=\"hero-image\" loading=\"lazy\">\n\t\t\t\t\t\t\t\n\t\t\t\t\t\t\n\t\t\t\t\t\t\t<div\n\t\t\t\t\tclass=\"overlay\"\n\t\t\t\t\tstyle=\"opacity:70%; \"\n\t\t\t\t><\/div>\n\t\t\t\n\t\t<\/div>\n\t<\/div>\n<\/div>\n<\/div>\n\n\n\n<div style=\"height:70px\" aria-hidden=\"true\" class=\"wp-block-spacer\"><\/div>\n\n\n\n<h2 class=\"wp-block-heading alignwide\">&nbsp;<strong>Certifierade mass\u00f6rer&nbsp;<\/strong><\/h2>\n\n\n\n<div class=\"wp-block-group alignwide is-layout-flow wp-block-group-is-layout-flow\">\n<p>Vi erbjuder professionell och individanpassad massage f\u00f6r att lindra v\u00e4rk, sm\u00e4rta och stelhet i hela kroppen. V\u00e5ra certifierade massageterapeuter anv\u00e4nder olika tekniker och metoder f\u00f6r att skr\u00e4ddarsy din behandling efter dina behov och \u00f6nskem\u00e5l.&nbsp;<\/p>\n\n\n\n<div style=\"height:50px\" aria-hidden=\"true\" class=\"wp-block-spacer\"><\/div>\n\n\n\n<h3 class=\"wp-block-heading alignwide\" id=\"h-vara-kliniker\"><strong>V\u00e5ra kliniker<\/strong><\/h3>\n\n\n\n<p>&nbsp;Ut\u00f6ver kliniken h\u00e4r p\u00e5 S\u00f6dermalm s\u00e5 finns vi p\u00e5 flera platser i Stockholmsomr\u00e5det:&nbsp;<\/p>\n\n\n\n<ul class=\"has-normal-font-size wp-block-list\">\n<li><a href=\"https:\/\/www.stjarnkliniken.com\/stockholm-solna\/massage-solna\/\"><span class=\"has-inline-color has-black-color\"><strong>Solna<\/strong><\/span><\/a><\/li>\n\n\n\n<li><a href=\"https:\/\/www.stjarnkliniken.com\/stockholm-city\/massage-stockholm-city\/\"><span class=\"has-inline-color has-black-color\"><strong>Stockholm City<\/strong><\/span><\/a><\/li>\n\n\n\n<li>\u00d6stermalm<\/li>\n<\/ul>\n<\/div>\n\n\n\n<div style=\"height:70px\" aria-hidden=\"true\" class=\"wp-block-spacer\"><\/div>\n\n\n\n<div class=\"wp-block-group alignfull hero-block-video has-yellow-100-background-color has-background is-layout-flow wp-block-group-is-layout-flow\">\n\n<div class=\"wp-block-qala-blocks-hero alignfull content-position__left content-align__center\" >\n\t<div\n\t\tclass=\"wp-block-qala-blocks-hero__wrapper \"\n\t\tstyle=\" \"\n\t\t>\n\n\t\t\t\t<div\n\t\t\tclass=\"wp-block-qala-blocks-hero__content\"\n\t\t\tdata-width=\"50%\"\n\t\t\tstyle=\" width:50%;  text-align:left;\"\n\t\t\t>\n\t\t\t\n\n<div style=\"height:32px\" aria-hidden=\"true\" class=\"wp-block-spacer\"><\/div>\n\n\n\n<h2 class=\"wp-block-heading has-text-align-center\">Hur g\u00e5r en massagebehandling till?<\/h2>\n\n\n\n<p class=\"has-text-align-center\">P\u00e5 Stj\u00e4rnkliniken str\u00e4var vi alltid efter att skapa en unik och personlig massagebehandling som passar just dig. Vi b\u00f6rjar alltid med en grundlig anamnes f\u00f6r att kartl\u00e4gga dina specifika behov och fyller \u00e4ven i en h\u00e4lsodeklaration f\u00f6r att s\u00e4kerst\u00e4lla att behandlingen \u00e4r s\u00e4ker och effektiv. P\u00e5 s\u00e5 s\u00e4tt kan vi ge dig den b\u00e4sta m\u00f6jliga behandlingen f\u00f6r att lindra sm\u00e4rta, v\u00e4rk och stelhet i hela kroppen.&nbsp;<\/p>\n\n\n\n<h3 class=\"wp-block-heading has-text-align-center\" id=\"h-boka-massage-pa-sodermalm\"><strong>Boka massage p\u00e5 S\u00f6dermalm&nbsp;<\/strong><\/h3>\n\n\n\n<p class=\"has-text-align-center\">V\u00e4lkommen att boka massage p\u00e5 S\u00f6dermalm hos en av v\u00e5ra duktiga massageterapeuter.&nbsp;<\/p>\n\n\n\n<div class=\"wp-block-buttons is-horizontal is-content-justification-center is-layout-flex wp-container-core-buttons-is-layout-499968f5 wp-block-buttons-is-layout-flex\">\n<div class=\"wp-block-button wp-block-button\"><a class=\"wp-block-button__link wp-element-button\" href=\"https:\/\/www.stjarnkliniken.com\/boka-nu\/\">Boka tid<\/a><\/div>\n<\/div>\n\n\n\n<div style=\"height:62px\" aria-hidden=\"true\" class=\"wp-block-spacer\"><\/div>\n\n\t\t<\/div>\n\n\t\t\n\t\t<div\n\t\t\tclass=\"wp-block-qala-blocks-hero__media-wrap\"\n\t\t\tstyle=\"\"\n\t\t\t>\n\n\t\t\t\t\t\t\t\t\t\t\t\t<img decoding=\"async\" src=\"https:\/\/www.stjarnkliniken.com\/wp-content\/uploads\/2022\/06\/massage6-hemsida-e1655883674909.jpg\" alt=\"hero-image\" loading=\"lazy\">\n\t\t\t\t\t\t\t\n\t\t\t\t\t\t\n\t\t\t\t\t\t\t<div\n\t\t\t\t\tclass=\"overlay\"\n\t\t\t\t\tstyle=\"opacity:70%; \"\n\t\t\t\t><\/div>\n\t\t\t\n\t\t<\/div>\n\t<\/div>\n<\/div>\n<\/div>\n\n\n\n<div class=\"wp-block-group alignfull has-yellow-600-background-color has-background is-layout-flow wp-block-group-is-layout-flow\">\n\n<div class=\"wp-block-qala-blocks-hero alignfull content-position__right content-align__center\" >\n\t<div\n\t\tclass=\"wp-block-qala-blocks-hero__wrapper \"\n\t\tstyle=\" \"\n\t\t>\n\n\t\t\t\t<div\n\t\t\tclass=\"wp-block-qala-blocks-hero__content\"\n\t\t\tdata-width=\"50%\"\n\t\t\tstyle=\" width:50%;  text-align:left;\"\n\t\t\t>\n\t\t\t\n\n<h2 class=\"wp-block-heading has-text-align-center has-white-color has-text-color\" id=\"h-varfor-stjarnkliniken\">Varf\u00f6r Stj\u00e4rnkliniken?<\/h2>\n\n\n\n<div class=\"wp-block-group is-label is-layout-flow wp-block-group-is-layout-flow\">\n<p class=\"has-text-align-center is-label has-yellow-300-background-color has-background\" id=\"h-stjarnkliniken\"><strong><em>DET LILLA EXTRA<\/em><\/strong><\/p>\n<\/div>\n\n\n\n<div style=\"height:34px\" aria-hidden=\"true\" class=\"wp-block-spacer\"><\/div>\n\n\n\n<p class=\"has-text-align-center has-white-color has-text-color\">Vi p\u00e5 Stj\u00e4rnkliniken erbjuder en helt\u00e4ckande massagebehandling som \u00e4r anpassad efter just dina individuella behov. Vi kombinerar olika behandlingsmetoder s\u00e5som massage, pressur\/triggerpunktsbehandling, t\u00f6jning och stretch\u00f6vningar f\u00f6r att lindra dina besv\u00e4r p\u00e5 b\u00e4sta s\u00e4tt. V\u00e4lkommen till oss f\u00f6r en personlig och skr\u00e4ddarsydd massageupplevelse!&nbsp;<\/p>\n\n\t\t<\/div>\n\n\t\t\n\t\t<div\n\t\t\tclass=\"wp-block-qala-blocks-hero__media-wrap\"\n\t\t\tstyle=\"\"\n\t\t\t>\n\n\t\t\t\t\t\t\t\t\t\t\t\t<img decoding=\"async\" src=\"https:\/\/www.stjarnkliniken.com\/wp-content\/uploads\/2022\/06\/extra-hemsida-e1655822481351.jpg\" alt=\"hero-image\" loading=\"lazy\">\n\t\t\t\t\t\t\t\n\t\t\t\t\t\t\n\t\t\t\t\t\t\t<div\n\t\t\t\t\tclass=\"overlay\"\n\t\t\t\t\tstyle=\"opacity:70%; \"\n\t\t\t\t><\/div>\n\t\t\t\n\t\t<\/div>\n\t<\/div>\n<\/div>\n<\/div>\n\n\n\n<div style=\"height:100px\" aria-hidden=\"true\" class=\"wp-block-spacer\"><\/div>\n\n\n\n<div class=\"wp-block-buttons is-horizontal is-content-justification-center is-layout-flex wp-container-core-buttons-is-layout-499968f5 wp-block-buttons-is-layout-flex\">\n<div class=\"wp-block-button wp-block-button\"><a class=\"wp-block-button__link wp-element-button\" href=\"https:\/\/www.stjarnkliniken.com\/boka-nu\/\">BOKA TID H\u00c4R<\/a><\/div>\n<\/div>\n\n\n\n<div class=\"wp-block-group is-layout-flow wp-block-group-is-layout-flow\" style=\"padding-top:0px;padding-right:100px;padding-bottom:100px;padding-left:100px\">\n<h2 class=\"wp-block-heading has-text-align-center\" id=\"h-vi-hjalper-dig-idag-valj-din-klinik\">Vi hj\u00e4lper dig idag.<br><span class=\"has-inline-color has-yellow-300-color\"><strong>V\u00e4lj din klinik.<\/strong><\/span><\/h2>\n<\/div>\n","protected":false},"excerpt":{"rendered":"<p>MASSAGE S\u00d6DERMALM. &nbsp;Stj\u00e4rnkliniken erbjuder massage p\u00e5 Mariatorget S\u00f6dermalm. H\u00e4r arbetar certifierade massageterapeuter med l\u00e5ng erfarenhet och h\u00f6g kompetens inom olika massagetekniker f\u00f6r att du ska f\u00e5 en effektiv och avkopplande behandling<\/p>\n","protected":false},"author":2,"featured_media":0,"parent":0,"menu_order":0,"comment_status":"closed","ping_status":"closed","template":"","meta":{"_acf_changed":false,"footnotes":""},"class_list":["post-9095","page","type-page","status-publish","hentry"],"acf":[],"yoast_head":"<!-- This site is optimized with the Yoast SEO Premium plugin v22.6 (Yoast SEO v22.6) - https:\/\/yoast.com\/wordpress\/plugins\/seo\/ -->\n<title>Massage S\u00f6dermalm - Stj\u00e4rnkliniken<\/title>\n<meta name=\"description\" content=\"Vill du boka massage p\u00e5 S\u00f6dermalm? V\u00e4lkommen till Stj\u00e4rnkliniken! H\u00e4r hittar du certifierade massageterapeuter med l\u00e5ng erfarenhet.\" \/>\n<meta name=\"robots\" content=\"index, follow, max-snippet:-1, max-image-preview:large, max-video-preview:-1\" \/>\n<link rel=\"canonical\" href=\"https:\/\/www.stjarnkliniken.com\/stockholm-sodermalm\/massage-sodermalm\/\" \/>\n<meta property=\"og:locale\" content=\"sv_SE\" \/>\n<meta property=\"og:type\" content=\"article\" \/>\n<meta property=\"og:title\" content=\"Massage S\u00f6dermalm\" \/>\n<meta property=\"og:description\" content=\"Vill du boka massage p\u00e5 S\u00f6dermalm? V\u00e4lkommen till Stj\u00e4rnkliniken! H\u00e4r hittar du certifierade massageterapeuter med l\u00e5ng erfarenhet.\" \/>\n<meta property=\"og:url\" content=\"https:\/\/www.stjarnkliniken.com\/stockholm-sodermalm\/massage-sodermalm\/\" \/>\n<meta property=\"og:site_name\" content=\"Stockholm S\u00f6dermalm\" \/>\n<meta property=\"article:modified_time\" content=\"2024-02-07T12:48:19+00:00\" \/>\n<meta property=\"og:image\" content=\"https:\/\/www.stjarnkliniken.com\/wp-content\/uploads\/2022\/05\/massage5-hemsida.jpg\" \/>\n<meta name=\"twitter:card\" content=\"summary_large_image\" \/>\n<meta name=\"twitter:label1\" content=\"Ber\u00e4knad l\u00e4stid\" \/>\n\t<meta name=\"twitter:data1\" content=\"2 minuter\" \/>\n<script type=\"application\/ld+json\" class=\"yoast-schema-graph\">{\"@context\":\"https:\/\/schema.org\",\"@graph\":[{\"@type\":\"WebPage\",\"@id\":\"https:\/\/www.stjarnkliniken.com\/stockholm-sodermalm\/massage-sodermalm\/\",\"url\":\"https:\/\/www.stjarnkliniken.com\/stockholm-sodermalm\/massage-sodermalm\/\",\"name\":\"Massage S\u00f6dermalm - Stj\u00e4rnkliniken\",\"isPartOf\":{\"@id\":\"https:\/\/www.stjarnkliniken.com\/stockholm-sodermalm\/#website\"},\"primaryImageOfPage\":{\"@id\":\"https:\/\/www.stjarnkliniken.com\/stockholm-sodermalm\/massage-sodermalm\/#primaryimage\"},\"image\":{\"@id\":\"https:\/\/www.stjarnkliniken.com\/stockholm-sodermalm\/massage-sodermalm\/#primaryimage\"},\"thumbnailUrl\":\"https:\/\/www.stjarnkliniken.com\/wp-content\/uploads\/2022\/05\/massage5-hemsida.jpg\",\"datePublished\":\"2023-03-03T10:32:07+00:00\",\"dateModified\":\"2024-02-07T12:48:19+00:00\",\"description\":\"Vill du boka massage p\u00e5 S\u00f6dermalm? V\u00e4lkommen till Stj\u00e4rnkliniken! H\u00e4r hittar du certifierade massageterapeuter med l\u00e5ng erfarenhet.\",\"breadcrumb\":{\"@id\":\"https:\/\/www.stjarnkliniken.com\/stockholm-sodermalm\/massage-sodermalm\/#breadcrumb\"},\"inLanguage\":\"sv-SE\",\"potentialAction\":[{\"@type\":\"ReadAction\",\"target\":[\"https:\/\/www.stjarnkliniken.com\/stockholm-sodermalm\/massage-sodermalm\/\"]}]},{\"@type\":\"ImageObject\",\"inLanguage\":\"sv-SE\",\"@id\":\"https:\/\/www.stjarnkliniken.com\/stockholm-sodermalm\/massage-sodermalm\/#primaryimage\",\"url\":\"https:\/\/www.stjarnkliniken.com\/wp-content\/uploads\/2022\/05\/massage5-hemsida.jpg\",\"contentUrl\":\"https:\/\/www.stjarnkliniken.com\/wp-content\/uploads\/2022\/05\/massage5-hemsida.jpg\"},{\"@type\":\"BreadcrumbList\",\"@id\":\"https:\/\/www.stjarnkliniken.com\/stockholm-sodermalm\/massage-sodermalm\/#breadcrumb\",\"itemListElement\":[{\"@type\":\"ListItem\",\"position\":1,\"name\":\"Hem\",\"item\":\"https:\/\/www.stjarnkliniken.com\/stockholm-sodermalm\/\"},{\"@type\":\"ListItem\",\"position\":2,\"name\":\"Massage S\u00f6dermalm\"}]},{\"@type\":\"WebSite\",\"@id\":\"https:\/\/www.stjarnkliniken.com\/stockholm-sodermalm\/#website\",\"url\":\"https:\/\/www.stjarnkliniken.com\/stockholm-sodermalm\/\",\"name\":\"Stockholm S\u00f6dermalm\",\"description\":\"Stj\u00e4rnkliniken: Naprapati &amp; massage - ingen v\u00e4ntetid, ingen remiss!\",\"potentialAction\":[{\"@type\":\"SearchAction\",\"target\":{\"@type\":\"EntryPoint\",\"urlTemplate\":\"https:\/\/www.stjarnkliniken.com\/stockholm-sodermalm\/?s={search_term_string}\"},\"query-input\":\"required name=search_term_string\"}],\"inLanguage\":\"sv-SE\"}]}<\/script>\n<!-- \/ Yoast SEO Premium plugin. -->","yoast_head_json":{"title":"Massage S\u00f6dermalm - Stj\u00e4rnkliniken","description":"Vill du boka massage p\u00e5 S\u00f6dermalm? V\u00e4lkommen till Stj\u00e4rnkliniken! H\u00e4r hittar du certifierade massageterapeuter med l\u00e5ng erfarenhet.","robots":{"index":"index","follow":"follow","max-snippet":"max-snippet:-1","max-image-preview":"max-image-preview:large","max-video-preview":"max-video-preview:-1"},"canonical":"https:\/\/www.stjarnkliniken.com\/stockholm-sodermalm\/massage-sodermalm\/","og_locale":"sv_SE","og_type":"article","og_title":"Massage S\u00f6dermalm","og_description":"Vill du boka massage p\u00e5 S\u00f6dermalm? V\u00e4lkommen till Stj\u00e4rnkliniken! H\u00e4r hittar du certifierade massageterapeuter med l\u00e5ng erfarenhet.","og_url":"https:\/\/www.stjarnkliniken.com\/stockholm-sodermalm\/massage-sodermalm\/","og_site_name":"Stockholm S\u00f6dermalm","article_modified_time":"2024-02-07T12:48:19+00:00","og_image":[{"url":"https:\/\/www.stjarnkliniken.com\/wp-content\/uploads\/2022\/05\/massage5-hemsida.jpg"}],"twitter_card":"summary_large_image","twitter_misc":{"Ber\u00e4knad l\u00e4stid":"2 minuter"},"schema":{"@context":"https:\/\/schema.org","@graph":[{"@type":"WebPage","@id":"https:\/\/www.stjarnkliniken.com\/stockholm-sodermalm\/massage-sodermalm\/","url":"https:\/\/www.stjarnkliniken.com\/stockholm-sodermalm\/massage-sodermalm\/","name":"Massage S\u00f6dermalm - Stj\u00e4rnkliniken","isPartOf":{"@id":"https:\/\/www.stjarnkliniken.com\/stockholm-sodermalm\/#website"},"primaryImageOfPage":{"@id":"https:\/\/www.stjarnkliniken.com\/stockholm-sodermalm\/massage-sodermalm\/#primaryimage"},"image":{"@id":"https:\/\/www.stjarnkliniken.com\/stockholm-sodermalm\/massage-sodermalm\/#primaryimage"},"thumbnailUrl":"https:\/\/www.stjarnkliniken.com\/wp-content\/uploads\/2022\/05\/massage5-hemsida.jpg","datePublished":"2023-03-03T10:32:07+00:00","dateModified":"2024-02-07T12:48:19+00:00","description":"Vill du boka massage p\u00e5 S\u00f6dermalm? V\u00e4lkommen till Stj\u00e4rnkliniken! H\u00e4r hittar du certifierade massageterapeuter med l\u00e5ng erfarenhet.","breadcrumb":{"@id":"https:\/\/www.stjarnkliniken.com\/stockholm-sodermalm\/massage-sodermalm\/#breadcrumb"},"inLanguage":"sv-SE","potentialAction":[{"@type":"ReadAction","target":["https:\/\/www.stjarnkliniken.com\/stockholm-sodermalm\/massage-sodermalm\/"]}]},{"@type":"ImageObject","inLanguage":"sv-SE","@id":"https:\/\/www.stjarnkliniken.com\/stockholm-sodermalm\/massage-sodermalm\/#primaryimage","url":"https:\/\/www.stjarnkliniken.com\/wp-content\/uploads\/2022\/05\/massage5-hemsida.jpg","contentUrl":"https:\/\/www.stjarnkliniken.com\/wp-content\/uploads\/2022\/05\/massage5-hemsida.jpg"},{"@type":"BreadcrumbList","@id":"https:\/\/www.stjarnkliniken.com\/stockholm-sodermalm\/massage-sodermalm\/#breadcrumb","itemListElement":[{"@type":"ListItem","position":1,"name":"Hem","item":"https:\/\/www.stjarnkliniken.com\/stockholm-sodermalm\/"},{"@type":"ListItem","position":2,"name":"Massage S\u00f6dermalm"}]},{"@type":"WebSite","@id":"https:\/\/www.stjarnkliniken.com\/stockholm-sodermalm\/#website","url":"https:\/\/www.stjarnkliniken.com\/stockholm-sodermalm\/","name":"Stockholm S\u00f6dermalm","description":"Stj\u00e4rnkliniken: Naprapati &amp; massage - ingen v\u00e4ntetid, ingen remiss!","potentialAction":[{"@type":"SearchAction","target":{"@type":"EntryPoint","urlTemplate":"https:\/\/www.stjarnkliniken.com\/stockholm-sodermalm\/?s={search_term_string}"},"query-input":"required name=search_term_string"}],"inLanguage":"sv-SE"}]}},"_links":{"self":[{"href":"https:\/\/www.stjarnkliniken.com\/stockholm-sodermalm\/wp-json\/wp\/v2\/pages\/9095","targetHints":{"allow":["GET"]}}],"collection":[{"href":"https:\/\/www.stjarnkliniken.com\/stockholm-sodermalm\/wp-json\/wp\/v2\/pages"}],"about":[{"href":"https:\/\/www.stjarnkliniken.com\/stockholm-sodermalm\/wp-json\/wp\/v2\/types\/page"}],"author":[{"embeddable":true,"href":"https:\/\/www.stjarnkliniken.com\/stockholm-sodermalm\/wp-json\/wp\/v2\/users\/2"}],"replies":[{"embeddable":true,"href":"https:\/\/www.stjarnkliniken.com\/stockholm-sodermalm\/wp-json\/wp\/v2\/comments?post=9095"}],"version-history":[{"count":5,"href":"https:\/\/www.stjarnkliniken.com\/stockholm-sodermalm\/wp-json\/wp\/v2\/pages\/9095\/revisions"}],"predecessor-version":[{"id":9536,"href":"https:\/\/www.stjarnkliniken.com\/stockholm-sodermalm\/wp-json\/wp\/v2\/pages\/9095\/revisions\/9536"}],"wp:attachment":[{"href":"https:\/\/www.stjarnkliniken.com\/stockholm-sodermalm\/wp-json\/wp\/v2\/media?parent=9095"}],"curies":[{"name":"wp","href":"https:\/\/api.w.org\/{rel}","templated":true}]}}