{"id":9039,"date":"2023-02-17T10:29:48","date_gmt":"2023-02-17T10:29:48","guid":{"rendered":"https:\/\/www.stjarnkliniken.com\/stockholm-sodermalm\/?page_id=9039"},"modified":"2024-02-07T12:49:10","modified_gmt":"2024-02-07T12:49:10","slug":"sjukgymnast-sodermalm","status":"publish","type":"page","link":"https:\/\/www.stjarnkliniken.com\/stockholm-sodermalm\/sjukgymnast-sodermalm\/","title":{"rendered":"Sjukgymnast S\u00f6dermalm"},"content":{"rendered":"\n<div class=\"wp-block-group alignfull has-yellow-100-background-color has-background is-layout-flow wp-block-group-is-layout-flow\">\n\n<div class=\"wp-block-qala-blocks-hero alignfull content-position__left content-align__center\" >\n\t<div\n\t\tclass=\"wp-block-qala-blocks-hero__wrapper \"\n\t\tstyle=\" \"\n\t\t>\n\n\t\t\t\t<div\n\t\t\tclass=\"wp-block-qala-blocks-hero__content\"\n\t\t\tdata-width=\"50%\"\n\t\t\tstyle=\" width:50%;  text-align:left;\"\n\t\t\t>\n\t\t\t\n\n<div class=\"wp-block-columns are-vertically-aligned-center is-justified-center is-layout-flex wp-container-core-columns-is-layout-9d6595d7 wp-block-columns-is-layout-flex\">\n<div class=\"wp-block-column is-vertically-aligned-center is-layout-flow wp-block-column-is-layout-flow\" style=\"flex-basis:550px\">\n<div style=\"height:40px\" aria-hidden=\"true\" class=\"wp-block-spacer\"><\/div>\n\n\n\n<div style=\"height:50px\" aria-hidden=\"true\" class=\"wp-block-spacer\"><\/div>\n\n\n\n<h1 class=\"wp-block-heading has-text-align-center wp-block-qala-blocks-hero__heading\" id=\"h-sjukgymnast-sodermalm\"><em><em>SJUKGYMNAST S\u00d6DERMALM<\/em><\/em><\/h1>\n\n\n\n<p class=\"has-text-align-center has-medium-font-size\">Beh\u00f6ver du en sjukgymnast p\u00e5 S\u00f6dermalm? V\u00e4lkommen till Stj\u00e4rnkliniken f\u00f6r att tr\u00e4ffa en av v\u00e5ra legitimerade fysioterapeuter p\u00e5 S\u00f6dermalm. Vi hj\u00e4lper dig med sjukgymnastik\/fysioterapi f\u00f6r att behandla olika skador eller former av sm\u00e4rta.<\/p>\n\n\n\n<div class=\"wp-block-columns is-layout-flex wp-container-core-columns-is-layout-9d6595d7 wp-block-columns-is-layout-flex\">\n<div class=\"wp-block-column is-layout-flow wp-block-column-is-layout-flow\">\n<figure class=\"wp-block-image size-large is-style-rounded\"><img decoding=\"async\" src=\"https:\/\/www.stjarnkliniken.com\/wp-content\/uploads\/2022\/05\/naprapati-5-hemsida-e1655198992406.jpg\" alt=\"\" class=\"wp-image-8514\"\/><\/figure>\n\n\n\n<h4 class=\"wp-block-heading has-text-align-center has-normal-font-size\" id=\"h-akupunktur\">Akupunktur<\/h4>\n<\/div>\n\n\n\n<div class=\"wp-block-column is-layout-flow wp-block-column-is-layout-flow\">\n<figure class=\"wp-block-image size-large is-style-rounded\"><img decoding=\"async\" src=\"https:\/\/www.stjarnkliniken.com\/wp-content\/uploads\/2022\/06\/pt-hemsida.jpg\" alt=\"\" class=\"wp-image-9096\"\/><\/figure>\n\n\n\n<h4 class=\"wp-block-heading has-text-align-center has-normal-font-size\" id=\"h-rehabilitering\">Rehabilitering<\/h4>\n<\/div>\n\n\n\n<div class=\"wp-block-column is-layout-flow wp-block-column-is-layout-flow\">\n<figure class=\"wp-block-image size-large is-style-rounded\"><img decoding=\"async\" src=\"https:\/\/www.stjarnkliniken.com\/wp-content\/uploads\/2022\/05\/naprapati-4-hemsida.jpg\" alt=\"\" class=\"wp-image-8506\"\/><\/figure>\n\n\n\n<h4 class=\"wp-block-heading has-text-align-center has-normal-font-size\" id=\"h-mobilisering\">Mobilisering<\/h4>\n<\/div>\n<\/div>\n<\/div>\n<\/div>\n\n\t\t<\/div>\n\n\t\t\n\t\t<div\n\t\t\tclass=\"wp-block-qala-blocks-hero__media-wrap\"\n\t\t\tstyle=\"\"\n\t\t\t>\n\n\t\t\t\t\t\t\t\t\t\t\t\t<img decoding=\"async\" src=\"https:\/\/www.stjarnkliniken.com\/wp-content\/uploads\/2022\/09\/sto\u0308t-hemsida.jpg\" alt=\"hero-image\" loading=\"lazy\">\n\t\t\t\t\t\t\t\n\t\t\t\t\t\t\n\t\t\t\t\t\t\t<div\n\t\t\t\t\tclass=\"overlay\"\n\t\t\t\t\tstyle=\"opacity:70%; \"\n\t\t\t\t><\/div>\n\t\t\t\n\t\t<\/div>\n\t<\/div>\n<\/div>\n<\/div>\n\n\n\n<div style=\"height:70px\" aria-hidden=\"true\" class=\"wp-block-spacer\"><\/div>\n\n\n\n<h2 class=\"wp-block-heading alignwide\">Legitimerade fysioterapeuter p\u00e5 S\u00f6dermalm<\/h2>\n\n\n\n<div class=\"wp-block-group alignwide is-layout-flow wp-block-group-is-layout-flow\">\n<p>Hos oss p\u00e5 Stj\u00e4rnkliniken f\u00e5r du tr\u00e4ffa legitimerade sjukgymnaster\/fysioterapeuter p\u00e5 S\u00f6dermalm. Vi hj\u00e4lper dig med behandling och rehabilitering av olika typer av sm\u00e4rta och skador.<\/p>\n\n\n\n<p>Med hj\u00e4lp av olika behandlingsmetoder hj\u00e4lper vi dig att utreda, f\u00f6rebygga och behandla sm\u00e4rttillst\u00e5nd och funktionsrubbningar av olika slag. Sjukgymnastik kan inneb\u00e4ra allt fr\u00e5n rehabilitering efter en operation, till behandling av skador i olika former.<\/p>\n\n\n\n<div class=\"wp-block-buttons alignfull is-horizontal is-content-justification-left is-layout-flex wp-container-core-buttons-is-layout-7e5fce0a wp-block-buttons-is-layout-flex\">\n<div class=\"wp-block-button wp-block-button\"><a class=\"wp-block-button__link wp-element-button\" href=\"https:\/\/www.stjarnkliniken.com\/boka-nu\/\">Boka tid<\/a><\/div>\n<\/div>\n\n\n\n<div style=\"height:70px\" aria-hidden=\"true\" class=\"wp-block-spacer\"><\/div>\n\n\n\n<h3 class=\"wp-block-heading alignwide\"><strong>V\u00e5ra kliniker<\/strong><\/h3>\n\n\n\n<p>Ut\u00f6ver v\u00e5r sjukgymnastik p\u00e5 S\u00f6dermalm, finns vi \u00e4ven p\u00e5 andra platser runt om i Stockholm:<\/p>\n\n\n\n<ul class=\"has-normal-font-size wp-block-list\">\n<li><a href=\"https:\/\/www.stjarnkliniken.com\/stockholm-solna\/sjukgymnast-solna\/\"><span class=\"has-inline-color has-black-color\"><strong>Solna<\/strong><\/span><\/a><\/li>\n\n\n\n<li><a href=\"https:\/\/www.stjarnkliniken.com\/stockholm-stureplan\/naprapat-ostermalm\/\"><span class=\"has-inline-color has-black-color\">\u00d6stermalm<\/span><\/a><\/li>\n\n\n\n<li><a href=\"https:\/\/www.stjarnkliniken.com\/stockholm-city\/sjukgymnast-stockholm\/\"><strong><span class=\"has-inline-color has-black-color\">Stockholm city<\/span><\/strong><\/a><\/li>\n<\/ul>\n<\/div>\n\n\n\n<div style=\"height:70px\" aria-hidden=\"true\" class=\"wp-block-spacer\"><\/div>\n\n\n\n<div class=\"wp-block-group alignfull hero-block-video has-yellow-100-background-color has-background is-layout-flow wp-block-group-is-layout-flow\">\n\n<div class=\"wp-block-qala-blocks-hero alignfull content-position__left content-align__center\" >\n\t<div\n\t\tclass=\"wp-block-qala-blocks-hero__wrapper \"\n\t\tstyle=\" \"\n\t\t>\n\n\t\t\t\t<div\n\t\t\tclass=\"wp-block-qala-blocks-hero__content\"\n\t\t\tdata-width=\"50%\"\n\t\t\tstyle=\" width:50%;  text-align:left;\"\n\t\t\t>\n\t\t\t\n\n<div style=\"height:32px\" aria-hidden=\"true\" class=\"wp-block-spacer\"><\/div>\n\n\n\n<h2 class=\"wp-block-heading has-text-align-center has-black-color has-text-color\">Hur g\u00e5r en behandling till?<\/h2>\n\n\n\n<p class=\"has-text-align-center\">En behandling hos en av v\u00e5ra sjukgymnaster kan inneb\u00e4ra tr\u00e4ning och rehabilitering s\u00e5v\u00e4l som akupunktur, massage, st\u00f6tv\u00e5gsbehandling och stretching. Patientens diagnos styr utfallet av behandlingen, men gemensamt f\u00f6r alla behandlingar \u00e4r att de syftar till att utreda, f\u00f6rebygga och behandla olika typer av funktionsrubbningar och sm\u00e4rttillst\u00e5nd.<\/p>\n\n\n\n<p class=\"has-text-align-center\">V\u00e5ra fysioterapeuter arbetar i f\u00f6rebyggande syfte, f\u00f6r att ge dig de r\u00e4tta verktygen som minimerar risken f\u00f6r att du ska \u00e5dra dig nya skador och hur du kan anv\u00e4nda din kropp s\u00e5 att dina besv\u00e4r minskar.<\/p>\n\n\n\n<div style=\"height:36px\" aria-hidden=\"true\" class=\"wp-block-spacer\"><\/div>\n\n\n\n<h3 class=\"wp-block-heading has-text-align-center\" id=\"h-vad-kan-behandlas-med-fysioterapi\"><strong>Vad kan behandlas med fysioterapi?<\/strong><\/h3>\n\n\n\n<p class=\"has-text-align-center\">V\u00e5ra behandlingar \u00e4r effektiva vid olika typer av besv\u00e4r och vi kan bland annat hj\u00e4lpa dig med behandling mot:<\/p>\n\n\n\n<div class=\"wp-block-columns is-layout-flex wp-container-core-columns-is-layout-9d6595d7 wp-block-columns-is-layout-flex\">\n<div class=\"wp-block-column is-layout-flow wp-block-column-is-layout-flow\" style=\"flex-basis:33.34%\"><\/div>\n\n\n\n<div class=\"wp-block-column is-layout-flow wp-block-column-is-layout-flow\" style=\"flex-basis:300%\">\n<ul class=\"has-normal-font-size wp-block-list\">\n<li>Sp\u00e4nda och stela muskler<\/li>\n\n\n\n<li>Sp\u00e4nning och v\u00e4rk i axlar och nacke<\/li>\n\n\n\n<li>Ryggsm\u00e4rta som uppst\u00e5r n\u00e4r muskler och leder inte anv\u00e4nds r\u00e4tt<\/li>\n<\/ul>\n<\/div>\n\n\n\n<div class=\"wp-block-column is-layout-flow wp-block-column-is-layout-flow\" style=\"flex-basis:33.33%\"><\/div>\n<\/div>\n\n\n\n<p class=\"has-text-align-center\">\u00c4r du nyfiken p\u00e5 att veta mer om v\u00e5ra behandlingar? V\u00e4lkommen att <span class=\"has-inline-color has-black-color\"><a href=\"https:\/\/www.stjarnkliniken.com\/kontakt\/\">kontakta oss<\/a> <\/span>f\u00f6r mer information om hur vi arbetar med fysioterapi p\u00e5 S\u00f6dermalm.<\/p>\n\n\n\n<div style=\"height:30px\" aria-hidden=\"true\" class=\"wp-block-spacer\"><\/div>\n\n\n\n<p><\/p>\n\n\t\t<\/div>\n\n\t\t\n\t\t<div\n\t\t\tclass=\"wp-block-qala-blocks-hero__media-wrap\"\n\t\t\tstyle=\"\"\n\t\t\t>\n\n\t\t\t\t\t\t\t\t\t\t\t\t<img decoding=\"async\" src=\"https:\/\/www.stjarnkliniken.com\/wp-content\/uploads\/2022\/06\/190619_stjarnkliniken_0710A-scaled-e1655883967254.jpg\" alt=\"hero-image\" loading=\"lazy\">\n\t\t\t\t\t\t\t\n\t\t\t\t\t\t\n\t\t\t\t\t\t\t<div\n\t\t\t\t\tclass=\"overlay\"\n\t\t\t\t\tstyle=\"opacity:70%; \"\n\t\t\t\t><\/div>\n\t\t\t\n\t\t<\/div>\n\t<\/div>\n<\/div>\n<\/div>\n\n\n\n<div class=\"wp-block-group alignfull has-yellow-600-background-color has-background is-layout-flow wp-block-group-is-layout-flow\">\n\n<div class=\"wp-block-qala-blocks-hero alignfull content-position__right content-align__center\" >\n\t<div\n\t\tclass=\"wp-block-qala-blocks-hero__wrapper \"\n\t\tstyle=\" \"\n\t\t>\n\n\t\t\t\t<div\n\t\t\tclass=\"wp-block-qala-blocks-hero__content\"\n\t\t\tdata-width=\"50%\"\n\t\t\tstyle=\" width:50%;  text-align:left;\"\n\t\t\t>\n\t\t\t\n\n<div class=\"wp-block-group is-label is-layout-flow wp-block-group-is-layout-flow\">\n<p class=\"has-text-align-center is-label has-yellow-300-background-color has-background\" id=\"h-stjarnkliniken\"><strong><em>VARF\u00d6R OSS<\/em><\/strong><\/p>\n<\/div>\n\n\n\n<h2 class=\"wp-block-heading has-text-align-center has-white-color has-text-color\">Det lilla extra<\/h2>\n\n\n\n<p class=\"has-text-align-center has-white-color has-text-color\">Om vi anser att det beh\u00f6vs f\u00f6ljs behandlingen upp med individuellt anpassade tr\u00e4ningsprogram och andra r\u00e5d som kan vara behj\u00e4lpliga i ditt tillfrisknande och f\u00f6r att f\u00f6rebygga nya skador.<\/p>\n\n\t\t<\/div>\n\n\t\t\n\t\t<div\n\t\t\tclass=\"wp-block-qala-blocks-hero__media-wrap\"\n\t\t\tstyle=\"\"\n\t\t\t>\n\n\t\t\t\t\t\t\t\t\t\t\t\t<img decoding=\"async\" src=\"https:\/\/www.stjarnkliniken.com\/wp-content\/uploads\/2022\/06\/extra-hemsida-e1655822481351.jpg\" alt=\"hero-image\" loading=\"lazy\">\n\t\t\t\t\t\t\t\n\t\t\t\t\t\t\n\t\t\t\t\t\t\t<div\n\t\t\t\t\tclass=\"overlay\"\n\t\t\t\t\tstyle=\"opacity:70%; \"\n\t\t\t\t><\/div>\n\t\t\t\n\t\t<\/div>\n\t<\/div>\n<\/div>\n<\/div>\n\n\n\n<div style=\"height:100px\" aria-hidden=\"true\" class=\"wp-block-spacer\"><\/div>\n\n\n\n<div class=\"wp-block-buttons is-horizontal is-content-justification-center is-layout-flex wp-container-core-buttons-is-layout-499968f5 wp-block-buttons-is-layout-flex\">\n<div class=\"wp-block-button wp-block-button\"><a class=\"wp-block-button__link wp-element-button\" href=\"https:\/\/www.stjarnkliniken.com\/boka-nu\/\">BOKA TID H\u00c4R<\/a><\/div>\n<\/div>\n\n\n\n<div class=\"wp-block-group is-layout-flow wp-block-group-is-layout-flow\" style=\"padding-top:0px;padding-right:100px;padding-bottom:100px;padding-left:100px\">\n<h2 class=\"wp-block-heading has-text-align-center\" id=\"h-vi-hjalper-dig-idag-valj-din-klinik\">Vi hj\u00e4lper dig idag.<br><span class=\"has-inline-color has-yellow-300-color\"><strong>V\u00e4lj din klinik.<\/strong><\/span><\/h2>\n<\/div>\n\n\n\n<p><\/p>\n","protected":false},"excerpt":{"rendered":"<p>SJUKGYMNAST S\u00d6DERMALM. Beh\u00f6ver du en sjukgymnast p\u00e5 S\u00f6dermalm? V\u00e4lkommen till Stj\u00e4rnkliniken f\u00f6r att tr\u00e4ffa en av v\u00e5ra legitimerade fysioterapeuter p\u00e5 S\u00f6dermalm. Vi hj\u00e4lper dig med sjukgymnastik\/fysioterapi f\u00f6r att behandla olika skador eller former av sm\u00e4rta<\/p>\n","protected":false},"author":2,"featured_media":0,"parent":0,"menu_order":0,"comment_status":"closed","ping_status":"closed","template":"","meta":{"_acf_changed":false,"footnotes":""},"class_list":["post-9039","page","type-page","status-publish","hentry"],"acf":[],"yoast_head":"<!-- This site is optimized with the Yoast SEO Premium plugin v22.6 (Yoast SEO v22.6) - https:\/\/yoast.com\/wordpress\/plugins\/seo\/ -->\n<title>Sjukgymnast S\u00f6dermalm - Stj\u00e4rnkliniken<\/title>\n<meta name=\"description\" content=\"Beh\u00f6ver du en sjukgymnast p\u00e5 S\u00f6dermalm? V\u00e4lkommen till Stj\u00e4rnkliniken f\u00f6r att tr\u00e4ffa en av v\u00e5ra legitimerade fysioterapeuter p\u00e5 S\u00f6dermalm!\" \/>\n<meta name=\"robots\" content=\"index, follow, max-snippet:-1, max-image-preview:large, max-video-preview:-1\" \/>\n<link rel=\"canonical\" href=\"https:\/\/www.stjarnkliniken.com\/stockholm-sodermalm\/sjukgymnast-sodermalm\/\" \/>\n<meta property=\"og:locale\" content=\"sv_SE\" \/>\n<meta property=\"og:type\" content=\"article\" \/>\n<meta property=\"og:title\" content=\"Sjukgymnast S\u00f6dermalm\" \/>\n<meta property=\"og:description\" content=\"Beh\u00f6ver du en sjukgymnast p\u00e5 S\u00f6dermalm? V\u00e4lkommen till Stj\u00e4rnkliniken f\u00f6r att tr\u00e4ffa en av v\u00e5ra legitimerade fysioterapeuter p\u00e5 S\u00f6dermalm!\" \/>\n<meta property=\"og:url\" content=\"https:\/\/www.stjarnkliniken.com\/stockholm-sodermalm\/sjukgymnast-sodermalm\/\" \/>\n<meta property=\"og:site_name\" content=\"Stockholm S\u00f6dermalm\" \/>\n<meta property=\"article:modified_time\" content=\"2024-02-07T12:49:10+00:00\" \/>\n<meta property=\"og:image\" content=\"https:\/\/www.stjarnkliniken.com\/wp-content\/uploads\/2022\/05\/naprapati-5-hemsida-e1655198992406.jpg\" \/>\n<meta name=\"twitter:card\" content=\"summary_large_image\" \/>\n<meta name=\"twitter:label1\" content=\"Ber\u00e4knad l\u00e4stid\" \/>\n\t<meta name=\"twitter:data1\" content=\"3 minuter\" \/>\n<script type=\"application\/ld+json\" class=\"yoast-schema-graph\">{\"@context\":\"https:\/\/schema.org\",\"@graph\":[{\"@type\":\"WebPage\",\"@id\":\"https:\/\/www.stjarnkliniken.com\/stockholm-sodermalm\/sjukgymnast-sodermalm\/\",\"url\":\"https:\/\/www.stjarnkliniken.com\/stockholm-sodermalm\/sjukgymnast-sodermalm\/\",\"name\":\"Sjukgymnast S\u00f6dermalm - Stj\u00e4rnkliniken\",\"isPartOf\":{\"@id\":\"https:\/\/www.stjarnkliniken.com\/stockholm-sodermalm\/#website\"},\"primaryImageOfPage\":{\"@id\":\"https:\/\/www.stjarnkliniken.com\/stockholm-sodermalm\/sjukgymnast-sodermalm\/#primaryimage\"},\"image\":{\"@id\":\"https:\/\/www.stjarnkliniken.com\/stockholm-sodermalm\/sjukgymnast-sodermalm\/#primaryimage\"},\"thumbnailUrl\":\"https:\/\/www.stjarnkliniken.com\/wp-content\/uploads\/2022\/05\/naprapati-5-hemsida-e1655198992406.jpg\",\"datePublished\":\"2023-02-17T10:29:48+00:00\",\"dateModified\":\"2024-02-07T12:49:10+00:00\",\"description\":\"Beh\u00f6ver du en sjukgymnast p\u00e5 S\u00f6dermalm? V\u00e4lkommen till Stj\u00e4rnkliniken f\u00f6r att tr\u00e4ffa en av v\u00e5ra legitimerade fysioterapeuter p\u00e5 S\u00f6dermalm!\",\"breadcrumb\":{\"@id\":\"https:\/\/www.stjarnkliniken.com\/stockholm-sodermalm\/sjukgymnast-sodermalm\/#breadcrumb\"},\"inLanguage\":\"sv-SE\",\"potentialAction\":[{\"@type\":\"ReadAction\",\"target\":[\"https:\/\/www.stjarnkliniken.com\/stockholm-sodermalm\/sjukgymnast-sodermalm\/\"]}]},{\"@type\":\"ImageObject\",\"inLanguage\":\"sv-SE\",\"@id\":\"https:\/\/www.stjarnkliniken.com\/stockholm-sodermalm\/sjukgymnast-sodermalm\/#primaryimage\",\"url\":\"https:\/\/www.stjarnkliniken.com\/wp-content\/uploads\/2022\/05\/naprapati-5-hemsida-e1655198992406.jpg\",\"contentUrl\":\"https:\/\/www.stjarnkliniken.com\/wp-content\/uploads\/2022\/05\/naprapati-5-hemsida-e1655198992406.jpg\"},{\"@type\":\"BreadcrumbList\",\"@id\":\"https:\/\/www.stjarnkliniken.com\/stockholm-sodermalm\/sjukgymnast-sodermalm\/#breadcrumb\",\"itemListElement\":[{\"@type\":\"ListItem\",\"position\":1,\"name\":\"Hem\",\"item\":\"https:\/\/www.stjarnkliniken.com\/stockholm-sodermalm\/\"},{\"@type\":\"ListItem\",\"position\":2,\"name\":\"Sjukgymnast S\u00f6dermalm\"}]},{\"@type\":\"WebSite\",\"@id\":\"https:\/\/www.stjarnkliniken.com\/stockholm-sodermalm\/#website\",\"url\":\"https:\/\/www.stjarnkliniken.com\/stockholm-sodermalm\/\",\"name\":\"Stockholm S\u00f6dermalm\",\"description\":\"Stj\u00e4rnkliniken: Naprapati &amp; massage - ingen v\u00e4ntetid, ingen remiss!\",\"potentialAction\":[{\"@type\":\"SearchAction\",\"target\":{\"@type\":\"EntryPoint\",\"urlTemplate\":\"https:\/\/www.stjarnkliniken.com\/stockholm-sodermalm\/?s={search_term_string}\"},\"query-input\":\"required name=search_term_string\"}],\"inLanguage\":\"sv-SE\"}]}<\/script>\n<!-- \/ Yoast SEO Premium plugin. -->","yoast_head_json":{"title":"Sjukgymnast S\u00f6dermalm - Stj\u00e4rnkliniken","description":"Beh\u00f6ver du en sjukgymnast p\u00e5 S\u00f6dermalm? V\u00e4lkommen till Stj\u00e4rnkliniken f\u00f6r att tr\u00e4ffa en av v\u00e5ra legitimerade fysioterapeuter p\u00e5 S\u00f6dermalm!","robots":{"index":"index","follow":"follow","max-snippet":"max-snippet:-1","max-image-preview":"max-image-preview:large","max-video-preview":"max-video-preview:-1"},"canonical":"https:\/\/www.stjarnkliniken.com\/stockholm-sodermalm\/sjukgymnast-sodermalm\/","og_locale":"sv_SE","og_type":"article","og_title":"Sjukgymnast S\u00f6dermalm","og_description":"Beh\u00f6ver du en sjukgymnast p\u00e5 S\u00f6dermalm? V\u00e4lkommen till Stj\u00e4rnkliniken f\u00f6r att tr\u00e4ffa en av v\u00e5ra legitimerade fysioterapeuter p\u00e5 S\u00f6dermalm!","og_url":"https:\/\/www.stjarnkliniken.com\/stockholm-sodermalm\/sjukgymnast-sodermalm\/","og_site_name":"Stockholm S\u00f6dermalm","article_modified_time":"2024-02-07T12:49:10+00:00","og_image":[{"url":"https:\/\/www.stjarnkliniken.com\/wp-content\/uploads\/2022\/05\/naprapati-5-hemsida-e1655198992406.jpg"}],"twitter_card":"summary_large_image","twitter_misc":{"Ber\u00e4knad l\u00e4stid":"3 minuter"},"schema":{"@context":"https:\/\/schema.org","@graph":[{"@type":"WebPage","@id":"https:\/\/www.stjarnkliniken.com\/stockholm-sodermalm\/sjukgymnast-sodermalm\/","url":"https:\/\/www.stjarnkliniken.com\/stockholm-sodermalm\/sjukgymnast-sodermalm\/","name":"Sjukgymnast S\u00f6dermalm - Stj\u00e4rnkliniken","isPartOf":{"@id":"https:\/\/www.stjarnkliniken.com\/stockholm-sodermalm\/#website"},"primaryImageOfPage":{"@id":"https:\/\/www.stjarnkliniken.com\/stockholm-sodermalm\/sjukgymnast-sodermalm\/#primaryimage"},"image":{"@id":"https:\/\/www.stjarnkliniken.com\/stockholm-sodermalm\/sjukgymnast-sodermalm\/#primaryimage"},"thumbnailUrl":"https:\/\/www.stjarnkliniken.com\/wp-content\/uploads\/2022\/05\/naprapati-5-hemsida-e1655198992406.jpg","datePublished":"2023-02-17T10:29:48+00:00","dateModified":"2024-02-07T12:49:10+00:00","description":"Beh\u00f6ver du en sjukgymnast p\u00e5 S\u00f6dermalm? V\u00e4lkommen till Stj\u00e4rnkliniken f\u00f6r att tr\u00e4ffa en av v\u00e5ra legitimerade fysioterapeuter p\u00e5 S\u00f6dermalm!","breadcrumb":{"@id":"https:\/\/www.stjarnkliniken.com\/stockholm-sodermalm\/sjukgymnast-sodermalm\/#breadcrumb"},"inLanguage":"sv-SE","potentialAction":[{"@type":"ReadAction","target":["https:\/\/www.stjarnkliniken.com\/stockholm-sodermalm\/sjukgymnast-sodermalm\/"]}]},{"@type":"ImageObject","inLanguage":"sv-SE","@id":"https:\/\/www.stjarnkliniken.com\/stockholm-sodermalm\/sjukgymnast-sodermalm\/#primaryimage","url":"https:\/\/www.stjarnkliniken.com\/wp-content\/uploads\/2022\/05\/naprapati-5-hemsida-e1655198992406.jpg","contentUrl":"https:\/\/www.stjarnkliniken.com\/wp-content\/uploads\/2022\/05\/naprapati-5-hemsida-e1655198992406.jpg"},{"@type":"BreadcrumbList","@id":"https:\/\/www.stjarnkliniken.com\/stockholm-sodermalm\/sjukgymnast-sodermalm\/#breadcrumb","itemListElement":[{"@type":"ListItem","position":1,"name":"Hem","item":"https:\/\/www.stjarnkliniken.com\/stockholm-sodermalm\/"},{"@type":"ListItem","position":2,"name":"Sjukgymnast S\u00f6dermalm"}]},{"@type":"WebSite","@id":"https:\/\/www.stjarnkliniken.com\/stockholm-sodermalm\/#website","url":"https:\/\/www.stjarnkliniken.com\/stockholm-sodermalm\/","name":"Stockholm S\u00f6dermalm","description":"Stj\u00e4rnkliniken: Naprapati &amp; massage - ingen v\u00e4ntetid, ingen remiss!","potentialAction":[{"@type":"SearchAction","target":{"@type":"EntryPoint","urlTemplate":"https:\/\/www.stjarnkliniken.com\/stockholm-sodermalm\/?s={search_term_string}"},"query-input":"required name=search_term_string"}],"inLanguage":"sv-SE"}]}},"_links":{"self":[{"href":"https:\/\/www.stjarnkliniken.com\/stockholm-sodermalm\/wp-json\/wp\/v2\/pages\/9039","targetHints":{"allow":["GET"]}}],"collection":[{"href":"https:\/\/www.stjarnkliniken.com\/stockholm-sodermalm\/wp-json\/wp\/v2\/pages"}],"about":[{"href":"https:\/\/www.stjarnkliniken.com\/stockholm-sodermalm\/wp-json\/wp\/v2\/types\/page"}],"author":[{"embeddable":true,"href":"https:\/\/www.stjarnkliniken.com\/stockholm-sodermalm\/wp-json\/wp\/v2\/users\/2"}],"replies":[{"embeddable":true,"href":"https:\/\/www.stjarnkliniken.com\/stockholm-sodermalm\/wp-json\/wp\/v2\/comments?post=9039"}],"version-history":[{"count":4,"href":"https:\/\/www.stjarnkliniken.com\/stockholm-sodermalm\/wp-json\/wp\/v2\/pages\/9039\/revisions"}],"predecessor-version":[{"id":9546,"href":"https:\/\/www.stjarnkliniken.com\/stockholm-sodermalm\/wp-json\/wp\/v2\/pages\/9039\/revisions\/9546"}],"wp:attachment":[{"href":"https:\/\/www.stjarnkliniken.com\/stockholm-sodermalm\/wp-json\/wp\/v2\/media?parent=9039"}],"curies":[{"name":"wp","href":"https:\/\/api.w.org\/{rel}","templated":true}]}}