{"id":9335,"date":"2023-03-20T15:27:09","date_gmt":"2023-03-20T15:27:09","guid":{"rendered":"https:\/\/www.stjarnkliniken.com\/stockholm-city\/?page_id=9335"},"modified":"2026-03-01T06:53:12","modified_gmt":"2026-03-01T06:53:12","slug":"prislista","status":"publish","type":"page","link":"https:\/\/www.stjarnkliniken.com\/stockholm-city\/prislista\/","title":{"rendered":"prislista"},"content":{"rendered":"\n<div class=\"wp-block-group alignfull has-black-color has-yellow-100-background-color has-text-color has-background is-layout-flow wp-block-group-is-layout-flow\" style=\"padding-top:100px;padding-right:100px;padding-bottom:100px;padding-left:100px\">\n<h1 class=\"wp-block-heading has-text-align-center\" id=\"h-prislista\"><em>PRISLISTA<\/em><\/h1>\n<\/div>\n\n\n\n<div style=\"height:62px\" aria-hidden=\"true\" class=\"wp-block-spacer\"><\/div>\n\n\n\n<h5 class=\"wp-block-heading\" id=\"h-personlig-traning-30-min-555-kr\">Personlig tr\u00e4ning 30 min 555 kr <\/h5>\n\n\n\n<p>Pers. tr\u00e4ning 10 x 30 min -&gt;&nbsp;4995 kr (9 x 555 kr)<\/p>\n\n\n\n<h5 class=\"wp-block-heading\" id=\"h-personlig-traning-40-min-745-kr\">Personlig tr\u00e4ning 40 min 745 kr <\/h5>\n\n\n\n<p>Pers. tr\u00e4ning 3 x 40 min -&gt;&nbsp;2085 kr (3 x 695 kr)<\/p>\n\n\n\n<p>Pers. tr\u00e4ning 10 x 40 min -&gt;&nbsp;6705 kr (9 x 745 kr)<\/p>\n\n\n\n<h5 class=\"wp-block-heading\" id=\"h-personlig-traning-60-min-995-kr\">Personlig tr\u00e4ning 60 min 995 kr<\/h5>\n\n\n\n<p>Pers. tr\u00e4ning 3 x 60 min -&gt;&nbsp;2775 kr ( 3 x 925 kr)&nbsp;<\/p>\n\n\n\n<p>Pers. tr\u00e4ning 10 x 60 min -&gt;&nbsp;8955 kr (9 x 995 kr)<\/p>\n\n\n\n<p>Boka personlig tr\u00e4ning eller vill du veta mer om v\u00e5ra paketpriser? H\u00f6r av dig till Anna p\u00e5&nbsp;<a href=\"mailto:anna.gaul@traningspuls.se\">anna.gaul@stjarnkliniken.com<\/a>&nbsp;s\u00e5 hj\u00e4lper hon dig.<\/p>\n\n\n\n<h5 class=\"wp-block-heading\" id=\"h-naprapati-fysioterapi-920-kr\">Naprapati\/Fysioterapi 920 kr<\/h5>\n\n\n\n<p>Nap\/Fys\u00a0(nybes\u00f6k, \u00e5terbes\u00f6k) x 3 st\u00a0<br>Paketpris: 2685 kr &#8211; 895 kr\/tillf\u00e4lle (Ord. 920 kr\/tillf\u00e4lle)<\/p>\n\n\n\n<p>Nap\/Fys\u00a0(nybes\u00f6k, \u00e5terbes\u00f6k) x 5 st <br>Paketpris: 4000 kr &#8211; 800 kr\/tillf\u00e4lle (Ord. 920 kr\/tillf\u00e4lle)<\/p>\n\n\n\n<h5 class=\"wp-block-heading\" id=\"h-friskvardande-behandling-995-kr\">Friskv\u00e5rdande behandling 995 kr <\/h5>\n\n\n\n<p>(Tj\u00e4nsten f\u00f6r dig som vill nyttja ditt friskv\u00e5rdsbidrag hos v\u00e5ra&nbsp;naprapater)<\/p>\n\n\n\n<p>Friskv\u00e5rdande behandling 3 x 40&nbsp;min -&gt;&nbsp;2850 kr (3 x 950 kr)<\/p>\n\n\n\n<p>Friskv\u00e5rdande behandling 5 x 40 min -&gt;&nbsp;3980 kr (4 x 995 kr)<\/p>\n\n\n\n<h5 class=\"wp-block-heading\" id=\"h-massage-30-min-625-kr\">Massage 30 min 625 kr<\/h5>\n\n\n\n<p>3&#215;30 min (3 x 595 kr)&nbsp;1785 kr<\/p>\n\n\n\n<p>5&#215;30 min (4 x 625 kr)&nbsp;2500 kr<\/p>\n\n\n\n<h5 class=\"wp-block-heading\" id=\"h-massage-40-min-780-kr\">Massage 40 min 780 kr<\/h5>\n\n\n\n<p>Massage hos massageterapeut<\/p>\n\n\n\n<h5 class=\"wp-block-heading\" id=\"h-massage-60-min-995-kr\">Massage 60 min 995 kr<\/h5>\n\n\n\n<p>Massage hos massageterapeut<\/p>\n\n\n\n<div style=\"height:30px\" aria-hidden=\"true\" class=\"wp-block-spacer\"><\/div>\n\n\n\n<h5 class=\"wp-block-heading\" id=\"h-massage-av-naprapat-40-min-780-kr\">Massage av naprapat 40 min 780 kr<\/h5>\n\n\n\n<p><\/p>\n\n\n\n<div style=\"height:35px\" aria-hidden=\"true\" class=\"wp-block-spacer\"><\/div>\n\n\n\n<div style=\"height:30px\" aria-hidden=\"true\" class=\"wp-block-spacer\"><\/div>\n\n\n\n<div style=\"height:61px\" aria-hidden=\"true\" class=\"wp-block-spacer\"><\/div>\n","protected":false},"excerpt":{"rendered":"<p>PRISLISTA. Personlig tr\u00e4ning 30 min 555 kr. Pers. tr\u00e4ning 10 x 30 min -&gt;&nbsp;4995 kr (9 x 555 kr). <\/p>\n","protected":false},"author":2,"featured_media":0,"parent":0,"menu_order":0,"comment_status":"closed","ping_status":"closed","template":"","meta":{"_acf_changed":false,"footnotes":""},"class_list":["post-9335","page","type-page","status-publish","hentry"],"acf":[],"yoast_head":"<!-- This site is optimized with the Yoast SEO Premium plugin v22.6 (Yoast SEO v22.6) - https:\/\/yoast.com\/wordpress\/plugins\/seo\/ -->\n<title>prislista - Stockholm City<\/title>\n<meta name=\"robots\" content=\"index, follow, max-snippet:-1, max-image-preview:large, max-video-preview:-1\" \/>\n<link rel=\"canonical\" href=\"https:\/\/www.stjarnkliniken.com\/stockholm-city\/prislista\/\" \/>\n<meta property=\"og:locale\" content=\"sv_SE\" \/>\n<meta property=\"og:type\" content=\"article\" \/>\n<meta property=\"og:title\" content=\"prislista\" \/>\n<meta property=\"og:description\" content=\"PRISLISTA. Personlig tr\u00e4ning 30 min 555 kr. Pers. tr\u00e4ning 10 x 30 min -&gt;&nbsp;4995 kr (9 x 555 kr).\" \/>\n<meta property=\"og:url\" content=\"https:\/\/www.stjarnkliniken.com\/stockholm-city\/prislista\/\" \/>\n<meta property=\"og:site_name\" content=\"Stockholm City\" \/>\n<meta property=\"article:modified_time\" content=\"2026-03-01T06:53:12+00:00\" \/>\n<meta name=\"twitter:card\" content=\"summary_large_image\" \/>\n<meta name=\"twitter:label1\" content=\"Ber\u00e4knad l\u00e4stid\" \/>\n\t<meta name=\"twitter:data1\" content=\"2 minuter\" \/>\n<script type=\"application\/ld+json\" class=\"yoast-schema-graph\">{\"@context\":\"https:\/\/schema.org\",\"@graph\":[{\"@type\":\"WebPage\",\"@id\":\"https:\/\/www.stjarnkliniken.com\/stockholm-city\/prislista\/\",\"url\":\"https:\/\/www.stjarnkliniken.com\/stockholm-city\/prislista\/\",\"name\":\"prislista - Stockholm City\",\"isPartOf\":{\"@id\":\"https:\/\/www.stjarnkliniken.com\/stockholm-city\/#website\"},\"datePublished\":\"2023-03-20T15:27:09+00:00\",\"dateModified\":\"2026-03-01T06:53:12+00:00\",\"breadcrumb\":{\"@id\":\"https:\/\/www.stjarnkliniken.com\/stockholm-city\/prislista\/#breadcrumb\"},\"inLanguage\":\"sv-SE\",\"potentialAction\":[{\"@type\":\"ReadAction\",\"target\":[\"https:\/\/www.stjarnkliniken.com\/stockholm-city\/prislista\/\"]}]},{\"@type\":\"BreadcrumbList\",\"@id\":\"https:\/\/www.stjarnkliniken.com\/stockholm-city\/prislista\/#breadcrumb\",\"itemListElement\":[{\"@type\":\"ListItem\",\"position\":1,\"name\":\"Hem\",\"item\":\"https:\/\/www.stjarnkliniken.com\/stockholm-city\/\"},{\"@type\":\"ListItem\",\"position\":2,\"name\":\"prislista\"}]},{\"@type\":\"WebSite\",\"@id\":\"https:\/\/www.stjarnkliniken.com\/stockholm-city\/#website\",\"url\":\"https:\/\/www.stjarnkliniken.com\/stockholm-city\/\",\"name\":\"Stockholm City\",\"description\":\"Stj\u00e4rnkliniken: Naprapati &amp; massage - ingen v\u00e4ntetid, ingen remiss!\",\"potentialAction\":[{\"@type\":\"SearchAction\",\"target\":{\"@type\":\"EntryPoint\",\"urlTemplate\":\"https:\/\/www.stjarnkliniken.com\/stockholm-city\/?s={search_term_string}\"},\"query-input\":\"required name=search_term_string\"}],\"inLanguage\":\"sv-SE\"}]}<\/script>\n<!-- \/ Yoast SEO Premium plugin. -->","yoast_head_json":{"title":"prislista - Stockholm City","robots":{"index":"index","follow":"follow","max-snippet":"max-snippet:-1","max-image-preview":"max-image-preview:large","max-video-preview":"max-video-preview:-1"},"canonical":"https:\/\/www.stjarnkliniken.com\/stockholm-city\/prislista\/","og_locale":"sv_SE","og_type":"article","og_title":"prislista","og_description":"PRISLISTA. Personlig tr\u00e4ning 30 min 555 kr. Pers. tr\u00e4ning 10 x 30 min -&gt;&nbsp;4995 kr (9 x 555 kr).","og_url":"https:\/\/www.stjarnkliniken.com\/stockholm-city\/prislista\/","og_site_name":"Stockholm City","article_modified_time":"2026-03-01T06:53:12+00:00","twitter_card":"summary_large_image","twitter_misc":{"Ber\u00e4knad l\u00e4stid":"2 minuter"},"schema":{"@context":"https:\/\/schema.org","@graph":[{"@type":"WebPage","@id":"https:\/\/www.stjarnkliniken.com\/stockholm-city\/prislista\/","url":"https:\/\/www.stjarnkliniken.com\/stockholm-city\/prislista\/","name":"prislista - Stockholm City","isPartOf":{"@id":"https:\/\/www.stjarnkliniken.com\/stockholm-city\/#website"},"datePublished":"2023-03-20T15:27:09+00:00","dateModified":"2026-03-01T06:53:12+00:00","breadcrumb":{"@id":"https:\/\/www.stjarnkliniken.com\/stockholm-city\/prislista\/#breadcrumb"},"inLanguage":"sv-SE","potentialAction":[{"@type":"ReadAction","target":["https:\/\/www.stjarnkliniken.com\/stockholm-city\/prislista\/"]}]},{"@type":"BreadcrumbList","@id":"https:\/\/www.stjarnkliniken.com\/stockholm-city\/prislista\/#breadcrumb","itemListElement":[{"@type":"ListItem","position":1,"name":"Hem","item":"https:\/\/www.stjarnkliniken.com\/stockholm-city\/"},{"@type":"ListItem","position":2,"name":"prislista"}]},{"@type":"WebSite","@id":"https:\/\/www.stjarnkliniken.com\/stockholm-city\/#website","url":"https:\/\/www.stjarnkliniken.com\/stockholm-city\/","name":"Stockholm City","description":"Stj\u00e4rnkliniken: Naprapati &amp; massage - ingen v\u00e4ntetid, ingen remiss!","potentialAction":[{"@type":"SearchAction","target":{"@type":"EntryPoint","urlTemplate":"https:\/\/www.stjarnkliniken.com\/stockholm-city\/?s={search_term_string}"},"query-input":"required name=search_term_string"}],"inLanguage":"sv-SE"}]}},"_links":{"self":[{"href":"https:\/\/www.stjarnkliniken.com\/stockholm-city\/wp-json\/wp\/v2\/pages\/9335","targetHints":{"allow":["GET"]}}],"collection":[{"href":"https:\/\/www.stjarnkliniken.com\/stockholm-city\/wp-json\/wp\/v2\/pages"}],"about":[{"href":"https:\/\/www.stjarnkliniken.com\/stockholm-city\/wp-json\/wp\/v2\/types\/page"}],"author":[{"embeddable":true,"href":"https:\/\/www.stjarnkliniken.com\/stockholm-city\/wp-json\/wp\/v2\/users\/2"}],"replies":[{"embeddable":true,"href":"https:\/\/www.stjarnkliniken.com\/stockholm-city\/wp-json\/wp\/v2\/comments?post=9335"}],"version-history":[{"count":4,"href":"https:\/\/www.stjarnkliniken.com\/stockholm-city\/wp-json\/wp\/v2\/pages\/9335\/revisions"}],"predecessor-version":[{"id":10498,"href":"https:\/\/www.stjarnkliniken.com\/stockholm-city\/wp-json\/wp\/v2\/pages\/9335\/revisions\/10498"}],"wp:attachment":[{"href":"https:\/\/www.stjarnkliniken.com\/stockholm-city\/wp-json\/wp\/v2\/media?parent=9335"}],"curies":[{"name":"wp","href":"https:\/\/api.w.org\/{rel}","templated":true}]}}