{"id":9226,"date":"2023-02-24T12:33:26","date_gmt":"2023-02-24T12:33:26","guid":{"rendered":"https:\/\/www.stjarnkliniken.com\/stockholm-city\/?page_id=9226"},"modified":"2025-02-17T12:46:22","modified_gmt":"2025-02-17T12:46:22","slug":"massage-stockholm-city","status":"publish","type":"page","link":"https:\/\/www.stjarnkliniken.com\/stockholm-city\/massage-stockholm-city\/","title":{"rendered":"Massage Stockholm City"},"content":{"rendered":"\n<div class=\"wp-block-group alignfull has-yellow-100-background-color has-background is-layout-flow wp-block-group-is-layout-flow\">\n\n<div class=\"wp-block-qala-blocks-hero alignfull content-position__left content-align__center\" >\n\t<div\n\t\tclass=\"wp-block-qala-blocks-hero__wrapper \"\n\t\tstyle=\" \"\n\t\t>\n\n\t\t\t\t<div\n\t\t\tclass=\"wp-block-qala-blocks-hero__content\"\n\t\t\tdata-width=\"50%\"\n\t\t\tstyle=\" width:50%;  text-align:left;\"\n\t\t\t>\n\t\t\t\n\n<div class=\"wp-block-columns are-vertically-aligned-center is-justified-center is-layout-flex wp-container-core-columns-is-layout-9d6595d7 wp-block-columns-is-layout-flex\">\n<div class=\"wp-block-column is-vertically-aligned-center is-layout-flow wp-block-column-is-layout-flow\" style=\"flex-basis:550px\">\n<div style=\"height:70px\" aria-hidden=\"true\" class=\"wp-block-spacer\"><\/div>\n\n\n\n<h1 class=\"wp-block-heading has-text-align-center wp-block-qala-blocks-hero__heading\" id=\"h-massage-stockholm-city\"><em>MASSAGE STOCKHOLM CITY<\/em><\/h1>\n\n\n\n<p class=\"has-text-align-center wp-block-qala-blocks-hero__text has-medium-font-size\">&nbsp;En massage kan vara precis vad kroppen beh\u00f6ver f\u00f6r att sl\u00e4ppa p\u00e5 sp\u00e4nningar och stress. Om du vill boka massage i Stockholm City och s\u00f6ker efter en professionell och kvalitativ massagebehandling \u00e4r du varmt v\u00e4lkommen till oss p\u00e5 Stj\u00e4rnkliniken.&nbsp;<\/p>\n\n\n\n<div class=\"wp-block-columns is-layout-flex wp-container-core-columns-is-layout-9d6595d7 wp-block-columns-is-layout-flex\">\n<div class=\"wp-block-column is-layout-flow wp-block-column-is-layout-flow\">\n<figure class=\"wp-block-image size-large is-style-rounded\"><img loading=\"lazy\" decoding=\"async\" width=\"600\" height=\"600\" src=\"https:\/\/www.stjarnkliniken.com\/wp-content\/uploads\/2022\/05\/massage5-hemsida.jpg\" alt=\"\" class=\"wp-image-8223\" srcset=\"https:\/\/www.stjarnkliniken.com\/stockholm-city\/wp-content\/uploads\/sites\/8\/2022\/05\/massage5-hemsida.jpg 600w, https:\/\/www.stjarnkliniken.com\/stockholm-city\/wp-content\/uploads\/sites\/8\/2022\/05\/massage5-hemsida-300x300.jpg 300w\" sizes=\"auto, (max-width: 600px) 100vw, 600px\" \/><\/figure>\n\n\n\n<h4 class=\"wp-block-heading has-text-align-center has-normal-font-size\" id=\"h-massage\">Massage<\/h4>\n<\/div>\n\n\n\n<div class=\"wp-block-column is-layout-flow wp-block-column-is-layout-flow\">\n<figure class=\"wp-block-image size-large is-style-rounded\"><img loading=\"lazy\" decoding=\"async\" width=\"600\" height=\"600\" src=\"https:\/\/www.stjarnkliniken.com\/wp-content\/uploads\/2022\/05\/massage4-hemsida.jpg\" alt=\"\" class=\"wp-image-8222\" srcset=\"https:\/\/www.stjarnkliniken.com\/stockholm-city\/wp-content\/uploads\/sites\/8\/2022\/05\/massage4-hemsida.jpg 600w, https:\/\/www.stjarnkliniken.com\/stockholm-city\/wp-content\/uploads\/sites\/8\/2022\/05\/massage4-hemsida-300x300.jpg 300w\" sizes=\"auto, (max-width: 600px) 100vw, 600px\" \/><\/figure>\n\n\n\n<h4 class=\"wp-block-heading has-text-align-center has-normal-font-size\" id=\"h-idrottsmasage\">Idrottsmasage<\/h4>\n<\/div>\n\n\n\n<div class=\"wp-block-column is-layout-flow wp-block-column-is-layout-flow\">\n<figure class=\"wp-block-image size-large is-style-rounded\"><img decoding=\"async\" src=\"https:\/\/www.stjarnkliniken.com\/wp-content\/uploads\/2022\/06\/massagehemsidda.jpg\" alt=\"\" class=\"wp-image-8912\" \/><\/figure>\n\n\n\n<h4 class=\"wp-block-heading has-text-align-center has-normal-font-size\" id=\"h-gravidmassage\">Gravidmassage<\/h4>\n<\/div>\n<\/div>\n<\/div>\n<\/div>\n\n\t\t<\/div>\n\n\t\t\n\t\t<div\n\t\t\tclass=\"wp-block-qala-blocks-hero__media-wrap\"\n\t\t\tstyle=\"\"\n\t\t\t>\n\n\t\t\t\t\t\t\t\t\t\t\t\t<img decoding=\"async\" src=\"https:\/\/www.stjarnkliniken.com\/wp-content\/uploads\/2022\/06\/massage-1-start-hemsida.jpg\" alt=\"hero-image\" loading=\"lazy\">\n\t\t\t\t\t\t\t\n\t\t\t\t\t\t\n\t\t\t\t\t\t\t<div\n\t\t\t\t\tclass=\"overlay\"\n\t\t\t\t\tstyle=\"opacity:70%; \"\n\t\t\t\t><\/div>\n\t\t\t\n\t\t<\/div>\n\t<\/div>\n<\/div>\n<\/div>\n\n\n\n<div style=\"height:70px\" aria-hidden=\"true\" class=\"wp-block-spacer\"><\/div>\n\n\n\n<h2 class=\"wp-block-heading alignwide\">&nbsp;<strong>Certifierade massageterapeuter&nbsp;<\/strong><\/h2>\n\n\n\n<div class=\"wp-block-group alignwide is-layout-flow wp-block-group-is-layout-flow\">\n<p>Stj\u00e4rnkliniken erbjuder professionell och personlig massagebehandling f\u00f6r att hj\u00e4lpa dig att lindra sm\u00e4rta, v\u00e4rk och stelhet i hela kroppen. V\u00e5ra massageterapeuter \u00e4r utbildade och certifierade. Vi arbetar med behandlande massage och v\u00e5rt m\u00e5l \u00e4r alltid att ge dig b\u00e4sta m\u00f6jliga behandling utifr\u00e5n dina behov och problematik.&nbsp;<\/p>\n\n\n\n<div style=\"height:50px\" aria-hidden=\"true\" class=\"wp-block-spacer\"><\/div>\n\n\n\n<h3 class=\"wp-block-heading alignwide\" id=\"h-vara-kliniker\"><strong>V\u00e5ra kliniker<\/strong><\/h3>\n\n\n\n<p>Stj\u00e4rnkliniken finns p\u00e5 flera platser i Stockholm:<\/p>\n\n\n\n<ul class=\"has-normal-font-size wp-block-list\">\n<li><a href=\"https:\/\/www.stjarnkliniken.com\/stockholm-solna\/massage-solna\/\"><span class=\"has-inline-color has-black-color\"><strong>Solna<\/strong><\/span><\/a><\/li>\n\n\n\n<li>\u00d6stermalm<\/li>\n\n\n\n<li><a href=\"https:\/\/www.stjarnkliniken.com\/stockholm-sodermalm\/massage-sodermalm\/\"><span class=\"has-inline-color has-black-color\"><strong>S\u00f6dermalm<\/strong><\/span><\/a><\/li>\n<\/ul>\n<\/div>\n\n\n\n<div style=\"height:70px\" aria-hidden=\"true\" class=\"wp-block-spacer\"><\/div>\n\n\n\n<div class=\"wp-block-group alignfull hero-block-video has-yellow-100-background-color has-background is-layout-flow wp-block-group-is-layout-flow\">\n\n<div class=\"wp-block-qala-blocks-hero alignfull content-position__left content-align__center\" >\n\t<div\n\t\tclass=\"wp-block-qala-blocks-hero__wrapper \"\n\t\tstyle=\" \"\n\t\t>\n\n\t\t\t\t<div\n\t\t\tclass=\"wp-block-qala-blocks-hero__content\"\n\t\t\tdata-width=\"50%\"\n\t\t\tstyle=\" width:50%;  text-align:left;\"\n\t\t\t>\n\t\t\t\n\n<div style=\"height:32px\" aria-hidden=\"true\" class=\"wp-block-spacer\"><\/div>\n\n\n\n<h2 class=\"wp-block-heading has-text-align-center\">Hur g\u00e5r en behandling till?<\/h2>\n\n\n\n<p class=\"has-text-align-center\">&nbsp;N\u00e4r du kommer till oss p\u00e5 massage i Stockholm City f\u00e5r du alltid en skr\u00e4ddarsydd massagebehandling som passar dina behov och \u00f6nskem\u00e5l. Behandlingen inleds med en kort anamnes d\u00e4r vi lyssnar p\u00e5 din ber\u00e4ttelse och tar reda p\u00e5 dina besv\u00e4r och eventuella tidigare problem. Vi fyller \u00e4ven i en h\u00e4lsodeklaration vid f\u00f6rsta bes\u00f6ket f\u00f6r att f\u00e5 en fullst\u00e4ndig bild av din h\u00e4lsa och kunna l\u00e4gga upp behandlingen p\u00e5 ett korrekt s\u00e4tt.&nbsp;<\/p>\n\n\n\n<p class=\"has-text-align-center\">&nbsp;Beroende p\u00e5 dina besv\u00e4r och \u00f6nskem\u00e5l kan det h\u00e4nda att vi beh\u00f6ver utf\u00f6ra tester f\u00f6r att s\u00e4kerst\u00e4lla en korrekt diagnos och f\u00f6r att kunna lokalisera dina besv\u00e4r p\u00e5 b\u00e4sta s\u00e4tt. N\u00e4r vi har en tydlig bild av dina behov och \u00f6nskem\u00e5l b\u00f6rjar vi med den behandlingsmetod som passar dig b\u00e4st.&nbsp;&nbsp;<\/p>\n\n\n\n<h3 class=\"wp-block-heading has-text-align-center\" id=\"h-boka-massage-i-stockholm-city\"><strong>Boka massage i Stockholm City&nbsp;<\/strong><\/h3>\n\n\n\n<p class=\"has-text-align-center\">Tveka inte att kontakta oss f\u00f6r att boka massage i Stockholm City hos en av v\u00e5ra mass\u00f6rer, eller f\u00f6r mer information om v\u00e5ra behandlingar och hur vi kan hj\u00e4lpa dig. Vi lyssnar in dina behov och tar fram en behandlingsplan baserat p\u00e5 dina f\u00f6ruts\u00e4ttningar och \u00f6nskem\u00e5l.&nbsp;<\/p>\n\n\n\n<div class=\"wp-block-buttons is-horizontal is-content-justification-center is-layout-flex wp-container-core-buttons-is-layout-499968f5 wp-block-buttons-is-layout-flex\">\n<div class=\"wp-block-button wp-block-button\"><a class=\"wp-block-button__link wp-element-button\" href=\"https:\/\/www.bokadirekt.se\/places\/tr%C3%A4ningspuls-behandlingar-1693\">Boka tid<\/a><\/div>\n<\/div>\n\n\n\n<div style=\"height:62px\" aria-hidden=\"true\" class=\"wp-block-spacer\"><\/div>\n\n\t\t<\/div>\n\n\t\t\n\t\t<div\n\t\t\tclass=\"wp-block-qala-blocks-hero__media-wrap\"\n\t\t\tstyle=\"\"\n\t\t\t>\n\n\t\t\t\t\t\t\t\t\t\t\t\t<img decoding=\"async\" src=\"https:\/\/www.stjarnkliniken.com\/wp-content\/uploads\/2022\/06\/massage6-hemsida-e1655883674909.jpg\" alt=\"hero-image\" loading=\"lazy\">\n\t\t\t\t\t\t\t\n\t\t\t\t\t\t\n\t\t\t\t\t\t\t<div\n\t\t\t\t\tclass=\"overlay\"\n\t\t\t\t\tstyle=\"opacity:70%; \"\n\t\t\t\t><\/div>\n\t\t\t\n\t\t<\/div>\n\t<\/div>\n<\/div>\n<\/div>\n\n\n\n<div class=\"wp-block-group alignfull has-yellow-600-background-color has-background is-layout-flow wp-block-group-is-layout-flow\">\n\n<div class=\"wp-block-qala-blocks-hero alignfull content-position__right content-align__center\" >\n\t<div\n\t\tclass=\"wp-block-qala-blocks-hero__wrapper \"\n\t\tstyle=\" \"\n\t\t>\n\n\t\t\t\t<div\n\t\t\tclass=\"wp-block-qala-blocks-hero__content\"\n\t\t\tdata-width=\"50%\"\n\t\t\tstyle=\" width:50%;  text-align:left;\"\n\t\t\t>\n\t\t\t\n\n<h2 class=\"wp-block-heading has-text-align-center has-white-color has-text-color\" id=\"h-varfor-oss\">Varf\u00f6r oss?<\/h2>\n\n\n\n<div class=\"wp-block-group is-label is-layout-flow wp-block-group-is-layout-flow\">\n<p class=\"has-text-align-center is-label has-yellow-300-background-color has-background\" id=\"h-stjarnkliniken\"><strong><em>DET LILLA EXTRA<\/em><\/strong><\/p>\n<\/div>\n\n\n\n<div style=\"height:34px\" aria-hidden=\"true\" class=\"wp-block-spacer\"><\/div>\n\n\n\n<p class=\"has-text-align-center has-white-color has-text-color\">Vi kombinerar olika behandlingsmetoder s\u00e5som massage, pressur\/triggerpunktsbehandling, t\u00f6jning och stretch\u00f6vningar f\u00f6r att kunna erbjuda en helt\u00e4ckande massagebehandling som passar dina specifika behov.&nbsp;<\/p>\n\n\n\n<p class=\"has-text-align-center has-white-color has-text-color\">Vi fokuserar inte enbart p\u00e5 dina fysiska problem, utan tar \u00e4ven h\u00e4nsyn till ditt andnings- och h\u00e5llningsm\u00f6nster, samt eventuella stressrelaterade besv\u00e4r. Ut\u00f6ver detta kan vi ocks\u00e5 ge dig r\u00e5d om tr\u00e4ning och stretch\u00f6vningar f\u00f6r att hj\u00e4lpa dig att uppr\u00e4tth\u00e5lla resultatet av behandlingen och f\u00f6rhindra eventuella \u00e5terfall. Vi vill att du ska k\u00e4nna dig helt n\u00f6jd med ditt bes\u00f6k hos oss och d\u00e4rf\u00f6r tar vi alltid h\u00e4nsyn till dina individuella \u00f6nskem\u00e5l och behov.&nbsp;<\/p>\n\n\t\t<\/div>\n\n\t\t\n\t\t<div\n\t\t\tclass=\"wp-block-qala-blocks-hero__media-wrap\"\n\t\t\tstyle=\"\"\n\t\t\t>\n\n\t\t\t\t\t\t\t\t\t\t\t\t<img decoding=\"async\" src=\"https:\/\/www.stjarnkliniken.com\/wp-content\/uploads\/2022\/06\/extra-hemsida-e1655822481351.jpg\" alt=\"hero-image\" loading=\"lazy\">\n\t\t\t\t\t\t\t\n\t\t\t\t\t\t\n\t\t\t\t\t\t\t<div\n\t\t\t\t\tclass=\"overlay\"\n\t\t\t\t\tstyle=\"opacity:70%; \"\n\t\t\t\t><\/div>\n\t\t\t\n\t\t<\/div>\n\t<\/div>\n<\/div>\n<\/div>\n\n\n\n<div style=\"height:100px\" aria-hidden=\"true\" class=\"wp-block-spacer\"><\/div>\n\n\n\n<div class=\"wp-block-buttons is-horizontal is-content-justification-center is-layout-flex wp-container-core-buttons-is-layout-499968f5 wp-block-buttons-is-layout-flex\">\n<div class=\"wp-block-button wp-block-button\"><a class=\"wp-block-button__link wp-element-button\" href=\"https:\/\/www.stjarnkliniken.com\/boka-nu\/\">BOKA TID H\u00c4R<\/a><\/div>\n<\/div>\n\n\n\n<div class=\"wp-block-group is-layout-flow wp-block-group-is-layout-flow\" style=\"padding-top:0px;padding-right:100px;padding-bottom:100px;padding-left:100px\">\n<h2 class=\"wp-block-heading has-text-align-center\" id=\"h-vi-hjalper-dig-idag-valj-din-klinik\">Vi hj\u00e4lper dig idag.<br><span class=\"has-inline-color has-yellow-300-color\"><strong>V\u00e4lj din klinik.<\/strong><\/span><\/h2>\n<\/div>\n","protected":false},"excerpt":{"rendered":"<p>MASSAGE STOCKHOLM CITY. &nbsp;En massage kan vara precis vad kroppen beh\u00f6ver f\u00f6r att sl\u00e4ppa p\u00e5 sp\u00e4nningar och stress. Om du vill boka massage i Stockholm City och s\u00f6ker efter en professionell och kvalitativ massagebehandling \u00e4r du varmt v\u00e4lkommen till oss&hellip;<\/p>\n","protected":false},"author":2,"featured_media":0,"parent":0,"menu_order":0,"comment_status":"closed","ping_status":"closed","template":"","meta":{"_acf_changed":false,"footnotes":""},"class_list":["post-9226","page","type-page","status-publish","hentry"],"acf":[],"yoast_head":"<!-- This site is optimized with the Yoast SEO Premium plugin v22.6 (Yoast SEO v22.6) - https:\/\/yoast.com\/wordpress\/plugins\/seo\/ -->\n<title>Massage Stockholm City - Stj\u00e4rnkliniken<\/title>\n<meta name=\"description\" content=\"Om du vill boka massage i Stockholm City och s\u00f6ker efter en professionell och kvalitativ massagebehandling \u00e4r du varmt v\u00e4lkommen till oss p\u00e5 Stj\u00e4rnkliniken.\" \/>\n<meta name=\"robots\" content=\"index, follow, max-snippet:-1, max-image-preview:large, max-video-preview:-1\" \/>\n<link rel=\"canonical\" href=\"https:\/\/www.stjarnkliniken.com\/stockholm-city\/massage-stockholm-city\/\" \/>\n<meta property=\"og:locale\" content=\"sv_SE\" \/>\n<meta property=\"og:type\" content=\"article\" \/>\n<meta property=\"og:title\" content=\"Massage Stockholm City\" \/>\n<meta property=\"og:description\" content=\"Om du vill boka massage i Stockholm City och s\u00f6ker efter en professionell och kvalitativ massagebehandling \u00e4r du varmt v\u00e4lkommen till oss p\u00e5 Stj\u00e4rnkliniken.\" \/>\n<meta property=\"og:url\" content=\"https:\/\/www.stjarnkliniken.com\/stockholm-city\/massage-stockholm-city\/\" \/>\n<meta property=\"og:site_name\" content=\"Stockholm City\" \/>\n<meta property=\"article:modified_time\" content=\"2025-02-17T12:46:22+00:00\" \/>\n<meta property=\"og:image\" content=\"https:\/\/www.stjarnkliniken.com\/wp-content\/uploads\/2022\/05\/massage5-hemsida.jpg\" \/>\n<meta name=\"twitter:card\" content=\"summary_large_image\" \/>\n<meta name=\"twitter:label1\" content=\"Ber\u00e4knad l\u00e4stid\" \/>\n\t<meta name=\"twitter:data1\" content=\"3 minuter\" \/>\n<script type=\"application\/ld+json\" class=\"yoast-schema-graph\">{\"@context\":\"https:\/\/schema.org\",\"@graph\":[{\"@type\":\"WebPage\",\"@id\":\"https:\/\/www.stjarnkliniken.com\/stockholm-city\/massage-stockholm-city\/\",\"url\":\"https:\/\/www.stjarnkliniken.com\/stockholm-city\/massage-stockholm-city\/\",\"name\":\"Massage Stockholm City - Stj\u00e4rnkliniken\",\"isPartOf\":{\"@id\":\"https:\/\/www.stjarnkliniken.com\/stockholm-city\/#website\"},\"primaryImageOfPage\":{\"@id\":\"https:\/\/www.stjarnkliniken.com\/stockholm-city\/massage-stockholm-city\/#primaryimage\"},\"image\":{\"@id\":\"https:\/\/www.stjarnkliniken.com\/stockholm-city\/massage-stockholm-city\/#primaryimage\"},\"thumbnailUrl\":\"https:\/\/www.stjarnkliniken.com\/wp-content\/uploads\/2022\/05\/massage5-hemsida.jpg\",\"datePublished\":\"2023-02-24T12:33:26+00:00\",\"dateModified\":\"2025-02-17T12:46:22+00:00\",\"description\":\"Om du vill boka massage i Stockholm City och s\u00f6ker efter en professionell och kvalitativ massagebehandling \u00e4r du varmt v\u00e4lkommen till oss p\u00e5 Stj\u00e4rnkliniken.\",\"breadcrumb\":{\"@id\":\"https:\/\/www.stjarnkliniken.com\/stockholm-city\/massage-stockholm-city\/#breadcrumb\"},\"inLanguage\":\"sv-SE\",\"potentialAction\":[{\"@type\":\"ReadAction\",\"target\":[\"https:\/\/www.stjarnkliniken.com\/stockholm-city\/massage-stockholm-city\/\"]}]},{\"@type\":\"ImageObject\",\"inLanguage\":\"sv-SE\",\"@id\":\"https:\/\/www.stjarnkliniken.com\/stockholm-city\/massage-stockholm-city\/#primaryimage\",\"url\":\"https:\/\/www.stjarnkliniken.com\/wp-content\/uploads\/2022\/05\/massage5-hemsida.jpg\",\"contentUrl\":\"https:\/\/www.stjarnkliniken.com\/wp-content\/uploads\/2022\/05\/massage5-hemsida.jpg\"},{\"@type\":\"BreadcrumbList\",\"@id\":\"https:\/\/www.stjarnkliniken.com\/stockholm-city\/massage-stockholm-city\/#breadcrumb\",\"itemListElement\":[{\"@type\":\"ListItem\",\"position\":1,\"name\":\"Hem\",\"item\":\"https:\/\/www.stjarnkliniken.com\/stockholm-city\/\"},{\"@type\":\"ListItem\",\"position\":2,\"name\":\"Massage Stockholm City\"}]},{\"@type\":\"WebSite\",\"@id\":\"https:\/\/www.stjarnkliniken.com\/stockholm-city\/#website\",\"url\":\"https:\/\/www.stjarnkliniken.com\/stockholm-city\/\",\"name\":\"Stockholm City\",\"description\":\"Stj\u00e4rnkliniken: Naprapati &amp; massage - ingen v\u00e4ntetid, ingen remiss!\",\"potentialAction\":[{\"@type\":\"SearchAction\",\"target\":{\"@type\":\"EntryPoint\",\"urlTemplate\":\"https:\/\/www.stjarnkliniken.com\/stockholm-city\/?s={search_term_string}\"},\"query-input\":\"required name=search_term_string\"}],\"inLanguage\":\"sv-SE\"}]}<\/script>\n<!-- \/ Yoast SEO Premium plugin. -->","yoast_head_json":{"title":"Massage Stockholm City - Stj\u00e4rnkliniken","description":"Om du vill boka massage i Stockholm City och s\u00f6ker efter en professionell och kvalitativ massagebehandling \u00e4r du varmt v\u00e4lkommen till oss p\u00e5 Stj\u00e4rnkliniken.","robots":{"index":"index","follow":"follow","max-snippet":"max-snippet:-1","max-image-preview":"max-image-preview:large","max-video-preview":"max-video-preview:-1"},"canonical":"https:\/\/www.stjarnkliniken.com\/stockholm-city\/massage-stockholm-city\/","og_locale":"sv_SE","og_type":"article","og_title":"Massage Stockholm City","og_description":"Om du vill boka massage i Stockholm City och s\u00f6ker efter en professionell och kvalitativ massagebehandling \u00e4r du varmt v\u00e4lkommen till oss p\u00e5 Stj\u00e4rnkliniken.","og_url":"https:\/\/www.stjarnkliniken.com\/stockholm-city\/massage-stockholm-city\/","og_site_name":"Stockholm City","article_modified_time":"2025-02-17T12:46:22+00:00","og_image":[{"url":"https:\/\/www.stjarnkliniken.com\/wp-content\/uploads\/2022\/05\/massage5-hemsida.jpg"}],"twitter_card":"summary_large_image","twitter_misc":{"Ber\u00e4knad l\u00e4stid":"3 minuter"},"schema":{"@context":"https:\/\/schema.org","@graph":[{"@type":"WebPage","@id":"https:\/\/www.stjarnkliniken.com\/stockholm-city\/massage-stockholm-city\/","url":"https:\/\/www.stjarnkliniken.com\/stockholm-city\/massage-stockholm-city\/","name":"Massage Stockholm City - Stj\u00e4rnkliniken","isPartOf":{"@id":"https:\/\/www.stjarnkliniken.com\/stockholm-city\/#website"},"primaryImageOfPage":{"@id":"https:\/\/www.stjarnkliniken.com\/stockholm-city\/massage-stockholm-city\/#primaryimage"},"image":{"@id":"https:\/\/www.stjarnkliniken.com\/stockholm-city\/massage-stockholm-city\/#primaryimage"},"thumbnailUrl":"https:\/\/www.stjarnkliniken.com\/wp-content\/uploads\/2022\/05\/massage5-hemsida.jpg","datePublished":"2023-02-24T12:33:26+00:00","dateModified":"2025-02-17T12:46:22+00:00","description":"Om du vill boka massage i Stockholm City och s\u00f6ker efter en professionell och kvalitativ massagebehandling \u00e4r du varmt v\u00e4lkommen till oss p\u00e5 Stj\u00e4rnkliniken.","breadcrumb":{"@id":"https:\/\/www.stjarnkliniken.com\/stockholm-city\/massage-stockholm-city\/#breadcrumb"},"inLanguage":"sv-SE","potentialAction":[{"@type":"ReadAction","target":["https:\/\/www.stjarnkliniken.com\/stockholm-city\/massage-stockholm-city\/"]}]},{"@type":"ImageObject","inLanguage":"sv-SE","@id":"https:\/\/www.stjarnkliniken.com\/stockholm-city\/massage-stockholm-city\/#primaryimage","url":"https:\/\/www.stjarnkliniken.com\/wp-content\/uploads\/2022\/05\/massage5-hemsida.jpg","contentUrl":"https:\/\/www.stjarnkliniken.com\/wp-content\/uploads\/2022\/05\/massage5-hemsida.jpg"},{"@type":"BreadcrumbList","@id":"https:\/\/www.stjarnkliniken.com\/stockholm-city\/massage-stockholm-city\/#breadcrumb","itemListElement":[{"@type":"ListItem","position":1,"name":"Hem","item":"https:\/\/www.stjarnkliniken.com\/stockholm-city\/"},{"@type":"ListItem","position":2,"name":"Massage Stockholm City"}]},{"@type":"WebSite","@id":"https:\/\/www.stjarnkliniken.com\/stockholm-city\/#website","url":"https:\/\/www.stjarnkliniken.com\/stockholm-city\/","name":"Stockholm City","description":"Stj\u00e4rnkliniken: Naprapati &amp; massage - ingen v\u00e4ntetid, ingen remiss!","potentialAction":[{"@type":"SearchAction","target":{"@type":"EntryPoint","urlTemplate":"https:\/\/www.stjarnkliniken.com\/stockholm-city\/?s={search_term_string}"},"query-input":"required name=search_term_string"}],"inLanguage":"sv-SE"}]}},"_links":{"self":[{"href":"https:\/\/www.stjarnkliniken.com\/stockholm-city\/wp-json\/wp\/v2\/pages\/9226","targetHints":{"allow":["GET"]}}],"collection":[{"href":"https:\/\/www.stjarnkliniken.com\/stockholm-city\/wp-json\/wp\/v2\/pages"}],"about":[{"href":"https:\/\/www.stjarnkliniken.com\/stockholm-city\/wp-json\/wp\/v2\/types\/page"}],"author":[{"embeddable":true,"href":"https:\/\/www.stjarnkliniken.com\/stockholm-city\/wp-json\/wp\/v2\/users\/2"}],"replies":[{"embeddable":true,"href":"https:\/\/www.stjarnkliniken.com\/stockholm-city\/wp-json\/wp\/v2\/comments?post=9226"}],"version-history":[{"count":5,"href":"https:\/\/www.stjarnkliniken.com\/stockholm-city\/wp-json\/wp\/v2\/pages\/9226\/revisions"}],"predecessor-version":[{"id":10371,"href":"https:\/\/www.stjarnkliniken.com\/stockholm-city\/wp-json\/wp\/v2\/pages\/9226\/revisions\/10371"}],"wp:attachment":[{"href":"https:\/\/www.stjarnkliniken.com\/stockholm-city\/wp-json\/wp\/v2\/media?parent=9226"}],"curies":[{"name":"wp","href":"https:\/\/api.w.org\/{rel}","templated":true}]}}