{"id":9052,"date":"2023-01-16T13:55:05","date_gmt":"2023-01-16T13:55:05","guid":{"rendered":"https:\/\/www.stjarnkliniken.com\/stockholm-city\/?page_id=9052"},"modified":"2024-02-07T12:38:56","modified_gmt":"2024-02-07T12:38:56","slug":"naprapat-stockholm","status":"publish","type":"page","link":"https:\/\/www.stjarnkliniken.com\/stockholm-city\/naprapat-stockholm\/","title":{"rendered":"Naprapat"},"content":{"rendered":"\n<div class=\"wp-block-group alignfull has-yellow-100-background-color has-background is-layout-flow wp-block-group-is-layout-flow\">\n\n<div class=\"wp-block-qala-blocks-hero alignfull content-position__left content-align__center\" >\n\t<div\n\t\tclass=\"wp-block-qala-blocks-hero__wrapper \"\n\t\tstyle=\" \"\n\t\t>\n\n\t\t\t\t<div\n\t\t\tclass=\"wp-block-qala-blocks-hero__content\"\n\t\t\tdata-width=\"50%\"\n\t\t\tstyle=\" width:50%;  text-align:left;\"\n\t\t\t>\n\t\t\t\n\n<div class=\"wp-block-columns are-vertically-aligned-center is-justified-center is-layout-flex wp-container-core-columns-is-layout-9d6595d7 wp-block-columns-is-layout-flex\">\n<div class=\"wp-block-column is-vertically-aligned-center is-layout-flow wp-block-column-is-layout-flow\" style=\"flex-basis:550px\">\n<div style=\"height:75px\" aria-hidden=\"true\" class=\"wp-block-spacer\"><\/div>\n\n\n\n<h1 class=\"wp-block-heading has-text-align-center wp-block-qala-blocks-hero__heading\" id=\"h-naprapati-stockholm\"><em>NAPRAPATI STOCKHOLM<\/em><\/h1>\n\n\n\n<p class=\"has-text-align-center wp-block-qala-blocks-hero__text has-medium-font-size\">Letar du efter en naprapat i Stockholm? D\u00e5 har du hittat helt r\u00e4tt. Stj\u00e4rnkliniken erbjuder naprapati i Stockholm med omnejd. V\u00e5ra naprapater arbetar aktivt f\u00f6r att f\u00f6rebygga och behandla skador, sm\u00e4rta och stelhet i muskler och leder.<\/p>\n\n\n\n<div class=\"wp-block-columns is-layout-flex wp-container-core-columns-is-layout-9d6595d7 wp-block-columns-is-layout-flex\">\n<div class=\"wp-block-column is-layout-flow wp-block-column-is-layout-flow\">\n<figure class=\"wp-block-image size-large is-style-rounded\"><img decoding=\"async\" src=\"https:\/\/www.stjarnkliniken.com\/wp-content\/uploads\/2022\/06\/naprapati-6-hemsida.jpg\" alt=\"\" class=\"wp-image-9093\"\/><\/figure>\n\n\n\n<h4 class=\"wp-block-heading has-text-align-center has-normal-font-size\" id=\"h-manipulation\">Manipulation<\/h4>\n<\/div>\n\n\n\n<div class=\"wp-block-column is-layout-flow wp-block-column-is-layout-flow\">\n<figure class=\"wp-block-image size-large is-style-rounded\"><img loading=\"lazy\" decoding=\"async\" width=\"591\" height=\"591\" src=\"https:\/\/www.stjarnkliniken.com\/wp-content\/uploads\/2022\/05\/naprapati-3-hemsida.jpg\" alt=\"\" class=\"wp-image-8343\" srcset=\"https:\/\/www.stjarnkliniken.com\/stockholm-city\/wp-content\/uploads\/sites\/8\/2022\/05\/naprapati-3-hemsida.jpg 591w, https:\/\/www.stjarnkliniken.com\/stockholm-city\/wp-content\/uploads\/sites\/8\/2022\/05\/naprapati-3-hemsida-300x300.jpg 300w\" sizes=\"auto, (max-width: 591px) 100vw, 591px\" \/><\/figure>\n\n\n\n<h4 class=\"wp-block-heading has-text-align-center has-normal-font-size\" id=\"h-stotvags-behandling\">St\u00f6tv\u00e5gs-behandling<\/h4>\n<\/div>\n\n\n\n<div class=\"wp-block-column is-layout-flow wp-block-column-is-layout-flow\">\n<figure class=\"wp-block-image size-large is-style-rounded\"><img loading=\"lazy\" decoding=\"async\" width=\"600\" height=\"600\" src=\"https:\/\/www.stjarnkliniken.com\/wp-content\/uploads\/2022\/05\/massage4-hemsida.jpg\" alt=\"\" class=\"wp-image-8222\" srcset=\"https:\/\/www.stjarnkliniken.com\/stockholm-city\/wp-content\/uploads\/sites\/8\/2022\/05\/massage4-hemsida.jpg 600w, https:\/\/www.stjarnkliniken.com\/stockholm-city\/wp-content\/uploads\/sites\/8\/2022\/05\/massage4-hemsida-300x300.jpg 300w\" sizes=\"auto, (max-width: 600px) 100vw, 600px\" \/><\/figure>\n\n\n\n<h4 class=\"wp-block-heading has-text-align-center has-normal-font-size\" id=\"h-massage\">Massage<\/h4>\n<\/div>\n\n\n\n<div class=\"wp-block-column is-layout-flow wp-block-column-is-layout-flow\">\n<figure class=\"wp-block-image size-large is-style-rounded\"><img loading=\"lazy\" decoding=\"async\" width=\"600\" height=\"600\" src=\"https:\/\/www.stjarnkliniken.com\/stockholm-city\/wp-content\/uploads\/sites\/8\/2023\/01\/na\u030al-kopia.jpg\" alt=\"\" class=\"wp-image-9070\" srcset=\"https:\/\/www.stjarnkliniken.com\/stockholm-city\/wp-content\/uploads\/sites\/8\/2023\/01\/na\u030al-kopia.jpg 600w, https:\/\/www.stjarnkliniken.com\/stockholm-city\/wp-content\/uploads\/sites\/8\/2023\/01\/na\u030al-kopia-300x300.jpg 300w, https:\/\/www.stjarnkliniken.com\/stockholm-city\/wp-content\/uploads\/sites\/8\/2023\/01\/na\u030al-kopia-520x520.jpg 520w\" sizes=\"auto, (max-width: 600px) 100vw, 600px\" \/><\/figure>\n\n\n\n<h4 class=\"wp-block-heading has-text-align-center has-normal-font-size\" id=\"h-dry-needling\">Dry-needling<\/h4>\n<\/div>\n<\/div>\n<\/div>\n<\/div>\n\n\t\t<\/div>\n\n\t\t\n\t\t<div\n\t\t\tclass=\"wp-block-qala-blocks-hero__media-wrap\"\n\t\t\tstyle=\"\"\n\t\t\t>\n\n\t\t\t\t\t\t\t\t\t\t\t\t<img decoding=\"async\" src=\"https:\/\/www.stjarnkliniken.com\/wp-content\/uploads\/2022\/06\/naprapati-start-hemsida-e1655883744591.jpg\" alt=\"hero-image\" loading=\"lazy\">\n\t\t\t\t\t\t\t\n\t\t\t\t\t\t\n\t\t\t\t\t\t\t<div\n\t\t\t\t\tclass=\"overlay\"\n\t\t\t\t\tstyle=\"opacity:70%; \"\n\t\t\t\t><\/div>\n\t\t\t\n\t\t<\/div>\n\t<\/div>\n<\/div>\n<\/div>\n\n\n\n<div style=\"height:70px\" aria-hidden=\"true\" class=\"wp-block-spacer\"><\/div>\n\n\n\n<h2 class=\"wp-block-heading alignwide\">Tr\u00e4ffa en legitimerad naprapat i Stockholm<\/h2>\n\n\n\n<div class=\"wp-block-group alignwide is-layout-flow wp-block-group-is-layout-flow\">\n<p>V\u00e4lkommen till oss p\u00e5 Stj\u00e4rnkliniken och v\u00e5ra legitimerade naprapater i Stockholm.<\/p>\n\n\n\n<p>Vi har l\u00e5ng erfarenhet av naprapati och hj\u00e4lper dig med behandling mot sm\u00e4rta, samt att f\u00f6rebygga skador som uppst\u00e5r n\u00e4r samspelet mellan nervsystemet, muskler och leder inte fungerar som de ska.<\/p>\n\n\n\n<div class=\"wp-block-buttons alignfull is-horizontal is-content-justification-left is-layout-flex wp-container-core-buttons-is-layout-7e5fce0a wp-block-buttons-is-layout-flex\">\n<div class=\"wp-block-button wp-block-button\"><a class=\"wp-block-button__link wp-element-button\" href=\"https:\/\/www.stjarnkliniken.com\/boka-nu\/\">Boka tid<\/a><\/div>\n<\/div>\n\n\n\n<div style=\"height:70px\" aria-hidden=\"true\" class=\"wp-block-spacer\"><\/div>\n\n\n\n<h3 class=\"wp-block-heading alignwide\"><strong>V\u00e5ra kliniker<\/strong><\/h3>\n\n\n\n<p>Vi har flera kliniker i Stockholm och du hittar s\u00e5v\u00e4l v\u00e5ra naprapater i Stockholm city, p\u00e5 Stureplan och S\u00f6dermalm som i Solna.<\/p>\n\n\n\n<ul class=\"has-normal-font-size wp-block-list\">\n<li><a href=\"https:\/\/www.stjarnkliniken.com\/stockholm-solna\/naprapat-solna\/\"><strong><span class=\"has-inline-color has-black-color\">Solna<\/span><\/strong><\/a><\/li>\n\n\n\n<li><a href=\"https:\/\/www.stjarnkliniken.com\/stockholm-stureplan\/naprapat-ostermalm\/\"><strong><span class=\"has-inline-color has-black-color\">Stureplan<\/span><\/strong><\/a><\/li>\n\n\n\n<li><strong>Stockholm City<\/strong><\/li>\n\n\n\n<li><a href=\"https:\/\/www.stjarnkliniken.com\/stockholm-sodermalm\/naprapat-sodermalm\/\"><strong><span class=\"has-inline-color has-black-color\">S\u00f6dermalm<\/span><\/strong><\/a><\/li>\n<\/ul>\n<\/div>\n\n\n\n<div style=\"height:55px\" aria-hidden=\"true\" class=\"wp-block-spacer\"><\/div>\n\n\n\n<div class=\"wp-block-group alignfull hero-block-video has-yellow-100-background-color has-background is-layout-flow wp-block-group-is-layout-flow\">\n\n<div class=\"wp-block-qala-blocks-hero alignfull content-position__left content-align__center\" >\n\t<div\n\t\tclass=\"wp-block-qala-blocks-hero__wrapper \"\n\t\tstyle=\" \"\n\t\t>\n\n\t\t\t\t<div\n\t\t\tclass=\"wp-block-qala-blocks-hero__content\"\n\t\t\tdata-width=\"50%\"\n\t\t\tstyle=\" width:50%;  text-align:left;\"\n\t\t\t>\n\t\t\t\n\n<div style=\"height:32px\" aria-hidden=\"true\" class=\"wp-block-spacer\"><\/div>\n\n\n\n<h2 class=\"wp-block-heading has-text-align-center has-black-color has-text-color\">Hur g\u00e5r en behandling till?<\/h2>\n\n\n\n<p class=\"has-text-align-center has-black-color has-text-color\">Vid behandling anv\u00e4nder naprapaten fr\u00e4mst manuella tekniker, vilket inneb\u00e4r att naprapaten arbetar med hj\u00e4lp av sina h\u00e4nder f\u00f6r att f\u00f6rebygga, behandla och rehabilitera sm\u00e4rtor och besv\u00e4r som \u00e4r kopplade till r\u00f6relseapparaten. I de allra flesta fall kombineras manipulation och mobilisering av lederna med olika massagetekniker och stretchning av musklerna. Vi hj\u00e4lper dig \u00e4ven med tips om fysisk aktivitet och r\u00f6relse f\u00f6r att f\u00f6rebygga problemen. L\u00e4s mer om hur vi arbetar med <a href=\"https:\/\/www.stjarnkliniken.com\/behandling-privatperson\/naprapati\/\">naprapati<\/a> h\u00e4r.<\/p>\n\n\n\n<div style=\"height:36px\" aria-hidden=\"true\" class=\"wp-block-spacer\"><\/div>\n\n\n\n<h3 class=\"wp-block-heading has-text-align-center\" id=\"h-vad-kan-vi-hjalpa-dig-med\"><strong>Vad kan vi hj\u00e4lpa dig med?<\/strong><\/h3>\n\n\n\n<p class=\"has-text-align-center has-black-color has-text-color\">Vi behandlar besv\u00e4r fr\u00e5n leder, muskler och nerver i hela kroppen, som till exempel:<\/p>\n\n\n\n<div class=\"wp-block-columns is-layout-flex wp-container-core-columns-is-layout-9d6595d7 wp-block-columns-is-layout-flex\">\n<div class=\"wp-block-column is-layout-flow wp-block-column-is-layout-flow\" style=\"flex-basis:33.34%\"><\/div>\n\n\n\n<div class=\"wp-block-column is-layout-flow wp-block-column-is-layout-flow\" style=\"flex-basis:300%\">\n<ul class=\"has-normal-font-size wp-block-list\">\n<li>Armb\u00e5gssm\u00e4rta<\/li>\n\n\n\n<li>Axelsm\u00e4rta<\/li>\n\n\n\n<li>Fotsm\u00e4rta<\/li>\n\n\n\n<li>Huvudv\u00e4rk<\/li>\n\n\n\n<li>H\u00f6ftsm\u00e4rta<\/li>\n\n\n\n<li>Kn\u00e4sm\u00e4rta<\/li>\n\n\n\n<li>Nacksm\u00e4rta<\/li>\n\n\n\n<li>Ryggsm\u00e4rta<\/li>\n<\/ul>\n<\/div>\n\n\n\n<div class=\"wp-block-column is-layout-flow wp-block-column-is-layout-flow\" style=\"flex-basis:33.33%\"><\/div>\n<\/div>\n\n\t\t<\/div>\n\n\t\t\n\t\t<div\n\t\t\tclass=\"wp-block-qala-blocks-hero__media-wrap\"\n\t\t\tstyle=\"\"\n\t\t\t>\n\n\t\t\t\t\t\t\t\t\t\t\t\t<img decoding=\"async\" src=\"https:\/\/www.stjarnkliniken.com\/wp-content\/uploads\/2022\/06\/190619_stjarnkliniken_0747A-scaled-e1655209478226.jpg\" alt=\"hero-image\" loading=\"lazy\">\n\t\t\t\t\t\t\t\n\t\t\t\t\t\t\n\t\t\t\t\t\t\t<div\n\t\t\t\t\tclass=\"overlay\"\n\t\t\t\t\tstyle=\"opacity:70%; \"\n\t\t\t\t><\/div>\n\t\t\t\n\t\t<\/div>\n\t<\/div>\n<\/div>\n<\/div>\n\n\n\n<div class=\"wp-block-group alignfull has-yellow-600-background-color has-background is-layout-flow wp-block-group-is-layout-flow\">\n\n<div class=\"wp-block-qala-blocks-hero alignfull content-position__right content-align__center\" >\n\t<div\n\t\tclass=\"wp-block-qala-blocks-hero__wrapper \"\n\t\tstyle=\" \"\n\t\t>\n\n\t\t\t\t<div\n\t\t\tclass=\"wp-block-qala-blocks-hero__content\"\n\t\t\tdata-width=\"50%\"\n\t\t\tstyle=\" width:50%;  text-align:left;\"\n\t\t\t>\n\t\t\t\n\n<div class=\"wp-block-group is-label is-layout-flow wp-block-group-is-layout-flow\">\n<p class=\"has-text-align-center is-label has-yellow-300-background-color has-background\" id=\"h-stjarnkliniken\"><strong><em>VARF\u00d6R OSS<\/em><\/strong><\/p>\n<\/div>\n\n\n\n<h2 class=\"wp-block-heading has-text-align-center has-white-color has-text-color\">Det lilla extra<\/h2>\n\n\n\n<p class=\"has-text-align-center has-white-color has-text-color\">Om vi anser att det beh\u00f6vs f\u00f6ljs behandlingen upp med individuellt anpassade tr\u00e4ningsprogram och andra r\u00e5d som kan vara behj\u00e4lpliga i ditt tillfrisknande och f\u00f6r att f\u00f6rebygga nya skador.<\/p>\n\n\t\t<\/div>\n\n\t\t\n\t\t<div\n\t\t\tclass=\"wp-block-qala-blocks-hero__media-wrap\"\n\t\t\tstyle=\"\"\n\t\t\t>\n\n\t\t\t\t\t\t\t\t\t\t\t\t<img decoding=\"async\" src=\"https:\/\/www.stjarnkliniken.com\/wp-content\/uploads\/2022\/06\/extra-hemsida-e1655822481351.jpg\" alt=\"hero-image\" loading=\"lazy\">\n\t\t\t\t\t\t\t\n\t\t\t\t\t\t\n\t\t\t\t\t\t\t<div\n\t\t\t\t\tclass=\"overlay\"\n\t\t\t\t\tstyle=\"opacity:70%; \"\n\t\t\t\t><\/div>\n\t\t\t\n\t\t<\/div>\n\t<\/div>\n<\/div>\n<\/div>\n\n\n\n<div style=\"height:100px\" aria-hidden=\"true\" class=\"wp-block-spacer\"><\/div>\n\n\n\n<div class=\"wp-block-buttons is-horizontal is-content-justification-center is-layout-flex wp-container-core-buttons-is-layout-499968f5 wp-block-buttons-is-layout-flex\">\n<div class=\"wp-block-button wp-block-button\"><a class=\"wp-block-button__link wp-element-button\" href=\"https:\/\/www.stjarnkliniken.com\/boka-nu\/\">BOKA TID H\u00c4R<\/a><\/div>\n<\/div>\n\n\n\n<div class=\"wp-block-group is-layout-flow wp-block-group-is-layout-flow\" style=\"padding-top:0px;padding-right:100px;padding-bottom:100px;padding-left:100px\">\n<h2 class=\"wp-block-heading has-text-align-center\" id=\"h-vi-hjalper-dig-idag-valj-din-klinik\">Vi hj\u00e4lper dig idag.<br><span class=\"has-inline-color has-yellow-300-color\"><strong>V\u00e4lj din klinik.<\/strong><\/span><\/h2>\n<\/div>\n","protected":false},"excerpt":{"rendered":"<p>NAPRAPATI STOCKHOLM. Letar du efter en naprapat i Stockholm? D\u00e5 har du hittat helt r\u00e4tt. Stj\u00e4rnkliniken erbjuder naprapati i Stockholm med omnejd. V\u00e5ra naprapater arbetar aktivt f\u00f6r att f\u00f6rebygga och behandla skador sm\u00e4rta och stelhet i muskler och leder<\/p>\n","protected":false},"author":2,"featured_media":0,"parent":0,"menu_order":0,"comment_status":"closed","ping_status":"closed","template":"","meta":{"_acf_changed":false,"footnotes":""},"class_list":["post-9052","page","type-page","status-publish","hentry"],"acf":[],"yoast_head":"<!-- This site is optimized with the Yoast SEO Premium plugin v22.6 (Yoast SEO v22.6) - https:\/\/yoast.com\/wordpress\/plugins\/seo\/ -->\n<title>Naprapati Stockholm - Stj\u00e4rnkliniken<\/title>\n<meta name=\"description\" content=\"Naprapati i Stockholm. Skickliga, legitimerade naprapater hj\u00e4lper dig att behandla, f\u00f6rebygga och rehabilitera sm\u00e4rta i kroppen. Kontakta oss h\u00e4r! \u2192\" \/>\n<meta name=\"robots\" content=\"index, follow, max-snippet:-1, max-image-preview:large, max-video-preview:-1\" \/>\n<link rel=\"canonical\" href=\"https:\/\/www.stjarnkliniken.com\/stockholm-city\/naprapat-stockholm\/\" \/>\n<meta property=\"og:locale\" content=\"sv_SE\" \/>\n<meta property=\"og:type\" content=\"article\" \/>\n<meta property=\"og:title\" content=\"Naprapat\" \/>\n<meta property=\"og:description\" content=\"Naprapati i Stockholm. Skickliga, legitimerade naprapater hj\u00e4lper dig att behandla, f\u00f6rebygga och rehabilitera sm\u00e4rta i kroppen. Kontakta oss h\u00e4r! \u2192\" \/>\n<meta property=\"og:url\" content=\"https:\/\/www.stjarnkliniken.com\/stockholm-city\/naprapat-stockholm\/\" \/>\n<meta property=\"og:site_name\" content=\"Stockholm City\" \/>\n<meta property=\"article:modified_time\" content=\"2024-02-07T12:38:56+00:00\" \/>\n<meta property=\"og:image\" content=\"https:\/\/www.stjarnkliniken.com\/wp-content\/uploads\/2022\/06\/naprapati-6-hemsida.jpg\" \/>\n<meta name=\"twitter:card\" content=\"summary_large_image\" \/>\n<meta name=\"twitter:label1\" content=\"Ber\u00e4knad l\u00e4stid\" \/>\n\t<meta name=\"twitter:data1\" content=\"3 minuter\" \/>\n<script type=\"application\/ld+json\" class=\"yoast-schema-graph\">{\"@context\":\"https:\/\/schema.org\",\"@graph\":[{\"@type\":\"WebPage\",\"@id\":\"https:\/\/www.stjarnkliniken.com\/stockholm-city\/naprapat-stockholm\/\",\"url\":\"https:\/\/www.stjarnkliniken.com\/stockholm-city\/naprapat-stockholm\/\",\"name\":\"Naprapati Stockholm - Stj\u00e4rnkliniken\",\"isPartOf\":{\"@id\":\"https:\/\/www.stjarnkliniken.com\/stockholm-city\/#website\"},\"primaryImageOfPage\":{\"@id\":\"https:\/\/www.stjarnkliniken.com\/stockholm-city\/naprapat-stockholm\/#primaryimage\"},\"image\":{\"@id\":\"https:\/\/www.stjarnkliniken.com\/stockholm-city\/naprapat-stockholm\/#primaryimage\"},\"thumbnailUrl\":\"https:\/\/www.stjarnkliniken.com\/wp-content\/uploads\/2022\/06\/naprapati-6-hemsida.jpg\",\"datePublished\":\"2023-01-16T13:55:05+00:00\",\"dateModified\":\"2024-02-07T12:38:56+00:00\",\"description\":\"Naprapati i Stockholm. Skickliga, legitimerade naprapater hj\u00e4lper dig att behandla, f\u00f6rebygga och rehabilitera sm\u00e4rta i kroppen. Kontakta oss h\u00e4r! \u2192\",\"breadcrumb\":{\"@id\":\"https:\/\/www.stjarnkliniken.com\/stockholm-city\/naprapat-stockholm\/#breadcrumb\"},\"inLanguage\":\"sv-SE\",\"potentialAction\":[{\"@type\":\"ReadAction\",\"target\":[\"https:\/\/www.stjarnkliniken.com\/stockholm-city\/naprapat-stockholm\/\"]}]},{\"@type\":\"ImageObject\",\"inLanguage\":\"sv-SE\",\"@id\":\"https:\/\/www.stjarnkliniken.com\/stockholm-city\/naprapat-stockholm\/#primaryimage\",\"url\":\"https:\/\/www.stjarnkliniken.com\/wp-content\/uploads\/2022\/06\/naprapati-6-hemsida.jpg\",\"contentUrl\":\"https:\/\/www.stjarnkliniken.com\/wp-content\/uploads\/2022\/06\/naprapati-6-hemsida.jpg\"},{\"@type\":\"BreadcrumbList\",\"@id\":\"https:\/\/www.stjarnkliniken.com\/stockholm-city\/naprapat-stockholm\/#breadcrumb\",\"itemListElement\":[{\"@type\":\"ListItem\",\"position\":1,\"name\":\"Hem\",\"item\":\"https:\/\/www.stjarnkliniken.com\/stockholm-city\/\"},{\"@type\":\"ListItem\",\"position\":2,\"name\":\"Naprapat\"}]},{\"@type\":\"WebSite\",\"@id\":\"https:\/\/www.stjarnkliniken.com\/stockholm-city\/#website\",\"url\":\"https:\/\/www.stjarnkliniken.com\/stockholm-city\/\",\"name\":\"Stockholm City\",\"description\":\"Stj\u00e4rnkliniken: Naprapati &amp; massage - ingen v\u00e4ntetid, ingen remiss!\",\"potentialAction\":[{\"@type\":\"SearchAction\",\"target\":{\"@type\":\"EntryPoint\",\"urlTemplate\":\"https:\/\/www.stjarnkliniken.com\/stockholm-city\/?s={search_term_string}\"},\"query-input\":\"required name=search_term_string\"}],\"inLanguage\":\"sv-SE\"}]}<\/script>\n<!-- \/ Yoast SEO Premium plugin. -->","yoast_head_json":{"title":"Naprapati Stockholm - Stj\u00e4rnkliniken","description":"Naprapati i Stockholm. Skickliga, legitimerade naprapater hj\u00e4lper dig att behandla, f\u00f6rebygga och rehabilitera sm\u00e4rta i kroppen. Kontakta oss h\u00e4r! \u2192","robots":{"index":"index","follow":"follow","max-snippet":"max-snippet:-1","max-image-preview":"max-image-preview:large","max-video-preview":"max-video-preview:-1"},"canonical":"https:\/\/www.stjarnkliniken.com\/stockholm-city\/naprapat-stockholm\/","og_locale":"sv_SE","og_type":"article","og_title":"Naprapat","og_description":"Naprapati i Stockholm. Skickliga, legitimerade naprapater hj\u00e4lper dig att behandla, f\u00f6rebygga och rehabilitera sm\u00e4rta i kroppen. Kontakta oss h\u00e4r! \u2192","og_url":"https:\/\/www.stjarnkliniken.com\/stockholm-city\/naprapat-stockholm\/","og_site_name":"Stockholm City","article_modified_time":"2024-02-07T12:38:56+00:00","og_image":[{"url":"https:\/\/www.stjarnkliniken.com\/wp-content\/uploads\/2022\/06\/naprapati-6-hemsida.jpg"}],"twitter_card":"summary_large_image","twitter_misc":{"Ber\u00e4knad l\u00e4stid":"3 minuter"},"schema":{"@context":"https:\/\/schema.org","@graph":[{"@type":"WebPage","@id":"https:\/\/www.stjarnkliniken.com\/stockholm-city\/naprapat-stockholm\/","url":"https:\/\/www.stjarnkliniken.com\/stockholm-city\/naprapat-stockholm\/","name":"Naprapati Stockholm - Stj\u00e4rnkliniken","isPartOf":{"@id":"https:\/\/www.stjarnkliniken.com\/stockholm-city\/#website"},"primaryImageOfPage":{"@id":"https:\/\/www.stjarnkliniken.com\/stockholm-city\/naprapat-stockholm\/#primaryimage"},"image":{"@id":"https:\/\/www.stjarnkliniken.com\/stockholm-city\/naprapat-stockholm\/#primaryimage"},"thumbnailUrl":"https:\/\/www.stjarnkliniken.com\/wp-content\/uploads\/2022\/06\/naprapati-6-hemsida.jpg","datePublished":"2023-01-16T13:55:05+00:00","dateModified":"2024-02-07T12:38:56+00:00","description":"Naprapati i Stockholm. Skickliga, legitimerade naprapater hj\u00e4lper dig att behandla, f\u00f6rebygga och rehabilitera sm\u00e4rta i kroppen. Kontakta oss h\u00e4r! \u2192","breadcrumb":{"@id":"https:\/\/www.stjarnkliniken.com\/stockholm-city\/naprapat-stockholm\/#breadcrumb"},"inLanguage":"sv-SE","potentialAction":[{"@type":"ReadAction","target":["https:\/\/www.stjarnkliniken.com\/stockholm-city\/naprapat-stockholm\/"]}]},{"@type":"ImageObject","inLanguage":"sv-SE","@id":"https:\/\/www.stjarnkliniken.com\/stockholm-city\/naprapat-stockholm\/#primaryimage","url":"https:\/\/www.stjarnkliniken.com\/wp-content\/uploads\/2022\/06\/naprapati-6-hemsida.jpg","contentUrl":"https:\/\/www.stjarnkliniken.com\/wp-content\/uploads\/2022\/06\/naprapati-6-hemsida.jpg"},{"@type":"BreadcrumbList","@id":"https:\/\/www.stjarnkliniken.com\/stockholm-city\/naprapat-stockholm\/#breadcrumb","itemListElement":[{"@type":"ListItem","position":1,"name":"Hem","item":"https:\/\/www.stjarnkliniken.com\/stockholm-city\/"},{"@type":"ListItem","position":2,"name":"Naprapat"}]},{"@type":"WebSite","@id":"https:\/\/www.stjarnkliniken.com\/stockholm-city\/#website","url":"https:\/\/www.stjarnkliniken.com\/stockholm-city\/","name":"Stockholm City","description":"Stj\u00e4rnkliniken: Naprapati &amp; massage - ingen v\u00e4ntetid, ingen remiss!","potentialAction":[{"@type":"SearchAction","target":{"@type":"EntryPoint","urlTemplate":"https:\/\/www.stjarnkliniken.com\/stockholm-city\/?s={search_term_string}"},"query-input":"required name=search_term_string"}],"inLanguage":"sv-SE"}]}},"_links":{"self":[{"href":"https:\/\/www.stjarnkliniken.com\/stockholm-city\/wp-json\/wp\/v2\/pages\/9052","targetHints":{"allow":["GET"]}}],"collection":[{"href":"https:\/\/www.stjarnkliniken.com\/stockholm-city\/wp-json\/wp\/v2\/pages"}],"about":[{"href":"https:\/\/www.stjarnkliniken.com\/stockholm-city\/wp-json\/wp\/v2\/types\/page"}],"author":[{"embeddable":true,"href":"https:\/\/www.stjarnkliniken.com\/stockholm-city\/wp-json\/wp\/v2\/users\/2"}],"replies":[{"embeddable":true,"href":"https:\/\/www.stjarnkliniken.com\/stockholm-city\/wp-json\/wp\/v2\/comments?post=9052"}],"version-history":[{"count":5,"href":"https:\/\/www.stjarnkliniken.com\/stockholm-city\/wp-json\/wp\/v2\/pages\/9052\/revisions"}],"predecessor-version":[{"id":10019,"href":"https:\/\/www.stjarnkliniken.com\/stockholm-city\/wp-json\/wp\/v2\/pages\/9052\/revisions\/10019"}],"wp:attachment":[{"href":"https:\/\/www.stjarnkliniken.com\/stockholm-city\/wp-json\/wp\/v2\/media?parent=9052"}],"curies":[{"name":"wp","href":"https:\/\/api.w.org\/{rel}","templated":true}]}}