{"id":10402,"date":"2025-04-07T07:07:08","date_gmt":"2025-04-07T07:07:08","guid":{"rendered":"https:\/\/www.stjarnkliniken.com\/stockholm-city\/?page_id=10402"},"modified":"2026-02-03T08:48:36","modified_gmt":"2026-02-03T08:48:36","slug":"kontakt-stockholm-city","status":"publish","type":"page","link":"https:\/\/www.stjarnkliniken.com\/stockholm-city\/kontakt-stockholm-city\/","title":{"rendered":"Kontakt Stockholm City"},"content":{"rendered":"\n<div class=\"wp-block-group alignfull has-black-color has-yellow-100-background-color has-text-color has-background is-layout-flow wp-block-group-is-layout-flow\" style=\"padding-top:100px;padding-right:100px;padding-bottom:100px;padding-left:100px\">\n<h1 class=\"wp-block-heading has-text-align-center\" id=\"h-kontakt-stockholm-city\"><em>KONTAKT STOCKHOLM CITY<\/em><\/h1>\n<\/div>\n\n\n\n<div style=\"height:87px\" aria-hidden=\"true\" class=\"wp-block-spacer\"><\/div>\n\n\n\n<h2 class=\"wp-block-heading has-text-align-center\" id=\"h-om-kliniken\">Om kliniken<\/h2>\n\n\n\n<p class=\"has-text-align-center\"><br><strong>Adress:<\/strong> <mark><a href=\"https:\/\/maps.app.goo.gl\/jeGvh6j5hqP2NURV9\"><mark style=\"background-color:#ffffff\" class=\"has-inline-color\">Klarabergsviadukten 70, World Trade Center<\/mark><\/a><\/mark><mark style=\"background-color:#ffffff\" class=\"has-inline-color\"><a href=\"https:\/\/maps.app.goo.gl\/jeGvh6j5hqP2NURV9\"> (klicka h\u00e4r f\u00f6r v\u00e4gbeskrivning)<\/a><\/mark><br>Vi finns inne i World Trade Center, ing\u00e5ng Klarabergsviadukten 70, p\u00e5 entr\u00e9plan. Ing\u00e5ngen till WTC ligger till h\u00f6ger om ing\u00e5ngen till Cityterminalen.<br><strong>\u00d6ppettider:<\/strong> M\u00e5ndag &#8211; fredag, kl. 08:00 &#8211; 17:00. L\u00f6rdag, kl. 10:00 &#8211; 14:00.<br><strong>Reception:<\/strong>&nbsp;Obemannad.<br><br>Vi tar inte emot patienter via v\u00e5rdavtal i Stockholm.&nbsp;<br><br><strong>N\u00e4rmaste h\u00e5llplats med tunnelbana eller pendelt\u00e5g<\/strong>&nbsp;<br>T-Centralen, 3-5 min g\u00e5ng.<br><br><strong>Parkering<\/strong><br>Gatuparkering finns runt om kliniken.<\/p>\n\n\n\n<p class=\"has-text-align-center\" id=\"h-har-du-fragor-om-tjansten\"><\/p>\n\n\n\n<h2 class=\"wp-block-heading has-text-align-center\" id=\"h-allman-info\">Allm\u00e4n info<\/h2>\n\n\n\n<p class=\"has-text-align-center\">Vid fr\u00e5gor om bokning, behandling eller allm\u00e4nna funderingar n\u00e5r du oss p\u00e5 <a href=\"mailto:info@stjarnkliniken.com\">info@stjarnkliniken.com<\/a> eller telefon, <a href=\"tel:010-30 30 260\">010-30 30 260<\/a>, p\u00e5 f\u00f6ljande tider:<br><strong>M\u00e5ndagar:<\/strong>&nbsp;07:20 \u2013 16:20<br><strong>Tisdagar \u2013 torsdagar:<\/strong>&nbsp;07:20 \u2013 10:00 och 14.20 &#8211; 16.20<br><strong>Fredagar:<\/strong>&nbsp;07:20 \u2013 12:20<\/p>\n\n\n\n<p class=\"has-text-align-center\">Vid organisatoriska fr\u00e5gor kontakta VD Gustav Ingestad p\u00e5 <a href=\"mailto:gustav@stjarnkliniken.com\">gustav@stjarnkliniken.com<\/a><\/p>\n","protected":false},"excerpt":{"rendered":"<p>KONTAKT STOCKHOLM CITY. Om kliniken. Adress:. <\/p>\n","protected":false},"author":42,"featured_media":0,"parent":0,"menu_order":0,"comment_status":"closed","ping_status":"closed","template":"","meta":{"_acf_changed":false,"footnotes":""},"class_list":["post-10402","page","type-page","status-publish","hentry"],"acf":[],"yoast_head":"<!-- This site is optimized with the Yoast SEO Premium plugin v22.6 (Yoast SEO v22.6) - https:\/\/yoast.com\/wordpress\/plugins\/seo\/ -->\n<title>Kontakt Stockholm City - Stockholm City<\/title>\n<meta name=\"robots\" content=\"index, follow, max-snippet:-1, max-image-preview:large, max-video-preview:-1\" \/>\n<link rel=\"canonical\" href=\"https:\/\/www.stjarnkliniken.com\/stockholm-city\/kontakt-stockholm-city\/\" \/>\n<meta property=\"og:locale\" content=\"sv_SE\" \/>\n<meta property=\"og:type\" content=\"article\" \/>\n<meta property=\"og:title\" content=\"Kontakt Stockholm City\" \/>\n<meta property=\"og:description\" content=\"KONTAKT STOCKHOLM CITY. Om kliniken. Adress:.\" \/>\n<meta property=\"og:url\" content=\"https:\/\/www.stjarnkliniken.com\/stockholm-city\/kontakt-stockholm-city\/\" \/>\n<meta property=\"og:site_name\" content=\"Stockholm City\" \/>\n<meta property=\"article:modified_time\" content=\"2026-02-03T08:48:36+00:00\" \/>\n<meta name=\"twitter:card\" content=\"summary_large_image\" \/>\n<meta name=\"twitter:label1\" content=\"Ber\u00e4knad l\u00e4stid\" \/>\n\t<meta name=\"twitter:data1\" content=\"1 minut\" \/>\n<script type=\"application\/ld+json\" class=\"yoast-schema-graph\">{\"@context\":\"https:\/\/schema.org\",\"@graph\":[{\"@type\":\"WebPage\",\"@id\":\"https:\/\/www.stjarnkliniken.com\/stockholm-city\/kontakt-stockholm-city\/\",\"url\":\"https:\/\/www.stjarnkliniken.com\/stockholm-city\/kontakt-stockholm-city\/\",\"name\":\"Kontakt Stockholm City - Stockholm City\",\"isPartOf\":{\"@id\":\"https:\/\/www.stjarnkliniken.com\/stockholm-city\/#website\"},\"datePublished\":\"2025-04-07T07:07:08+00:00\",\"dateModified\":\"2026-02-03T08:48:36+00:00\",\"breadcrumb\":{\"@id\":\"https:\/\/www.stjarnkliniken.com\/stockholm-city\/kontakt-stockholm-city\/#breadcrumb\"},\"inLanguage\":\"sv-SE\",\"potentialAction\":[{\"@type\":\"ReadAction\",\"target\":[\"https:\/\/www.stjarnkliniken.com\/stockholm-city\/kontakt-stockholm-city\/\"]}]},{\"@type\":\"BreadcrumbList\",\"@id\":\"https:\/\/www.stjarnkliniken.com\/stockholm-city\/kontakt-stockholm-city\/#breadcrumb\",\"itemListElement\":[{\"@type\":\"ListItem\",\"position\":1,\"name\":\"Hem\",\"item\":\"https:\/\/www.stjarnkliniken.com\/stockholm-city\/\"},{\"@type\":\"ListItem\",\"position\":2,\"name\":\"Kontakt Stockholm City\"}]},{\"@type\":\"WebSite\",\"@id\":\"https:\/\/www.stjarnkliniken.com\/stockholm-city\/#website\",\"url\":\"https:\/\/www.stjarnkliniken.com\/stockholm-city\/\",\"name\":\"Stockholm City\",\"description\":\"Stj\u00e4rnkliniken: Naprapati &amp; massage - ingen v\u00e4ntetid, ingen remiss!\",\"potentialAction\":[{\"@type\":\"SearchAction\",\"target\":{\"@type\":\"EntryPoint\",\"urlTemplate\":\"https:\/\/www.stjarnkliniken.com\/stockholm-city\/?s={search_term_string}\"},\"query-input\":\"required name=search_term_string\"}],\"inLanguage\":\"sv-SE\"}]}<\/script>\n<!-- \/ Yoast SEO Premium plugin. -->","yoast_head_json":{"title":"Kontakt Stockholm City - Stockholm City","robots":{"index":"index","follow":"follow","max-snippet":"max-snippet:-1","max-image-preview":"max-image-preview:large","max-video-preview":"max-video-preview:-1"},"canonical":"https:\/\/www.stjarnkliniken.com\/stockholm-city\/kontakt-stockholm-city\/","og_locale":"sv_SE","og_type":"article","og_title":"Kontakt Stockholm City","og_description":"KONTAKT STOCKHOLM CITY. Om kliniken. Adress:.","og_url":"https:\/\/www.stjarnkliniken.com\/stockholm-city\/kontakt-stockholm-city\/","og_site_name":"Stockholm City","article_modified_time":"2026-02-03T08:48:36+00:00","twitter_card":"summary_large_image","twitter_misc":{"Ber\u00e4knad l\u00e4stid":"1 minut"},"schema":{"@context":"https:\/\/schema.org","@graph":[{"@type":"WebPage","@id":"https:\/\/www.stjarnkliniken.com\/stockholm-city\/kontakt-stockholm-city\/","url":"https:\/\/www.stjarnkliniken.com\/stockholm-city\/kontakt-stockholm-city\/","name":"Kontakt Stockholm City - Stockholm City","isPartOf":{"@id":"https:\/\/www.stjarnkliniken.com\/stockholm-city\/#website"},"datePublished":"2025-04-07T07:07:08+00:00","dateModified":"2026-02-03T08:48:36+00:00","breadcrumb":{"@id":"https:\/\/www.stjarnkliniken.com\/stockholm-city\/kontakt-stockholm-city\/#breadcrumb"},"inLanguage":"sv-SE","potentialAction":[{"@type":"ReadAction","target":["https:\/\/www.stjarnkliniken.com\/stockholm-city\/kontakt-stockholm-city\/"]}]},{"@type":"BreadcrumbList","@id":"https:\/\/www.stjarnkliniken.com\/stockholm-city\/kontakt-stockholm-city\/#breadcrumb","itemListElement":[{"@type":"ListItem","position":1,"name":"Hem","item":"https:\/\/www.stjarnkliniken.com\/stockholm-city\/"},{"@type":"ListItem","position":2,"name":"Kontakt Stockholm City"}]},{"@type":"WebSite","@id":"https:\/\/www.stjarnkliniken.com\/stockholm-city\/#website","url":"https:\/\/www.stjarnkliniken.com\/stockholm-city\/","name":"Stockholm City","description":"Stj\u00e4rnkliniken: Naprapati &amp; massage - ingen v\u00e4ntetid, ingen remiss!","potentialAction":[{"@type":"SearchAction","target":{"@type":"EntryPoint","urlTemplate":"https:\/\/www.stjarnkliniken.com\/stockholm-city\/?s={search_term_string}"},"query-input":"required name=search_term_string"}],"inLanguage":"sv-SE"}]}},"_links":{"self":[{"href":"https:\/\/www.stjarnkliniken.com\/stockholm-city\/wp-json\/wp\/v2\/pages\/10402","targetHints":{"allow":["GET"]}}],"collection":[{"href":"https:\/\/www.stjarnkliniken.com\/stockholm-city\/wp-json\/wp\/v2\/pages"}],"about":[{"href":"https:\/\/www.stjarnkliniken.com\/stockholm-city\/wp-json\/wp\/v2\/types\/page"}],"author":[{"embeddable":true,"href":"https:\/\/www.stjarnkliniken.com\/stockholm-city\/wp-json\/wp\/v2\/users\/42"}],"replies":[{"embeddable":true,"href":"https:\/\/www.stjarnkliniken.com\/stockholm-city\/wp-json\/wp\/v2\/comments?post=10402"}],"version-history":[{"count":3,"href":"https:\/\/www.stjarnkliniken.com\/stockholm-city\/wp-json\/wp\/v2\/pages\/10402\/revisions"}],"predecessor-version":[{"id":10486,"href":"https:\/\/www.stjarnkliniken.com\/stockholm-city\/wp-json\/wp\/v2\/pages\/10402\/revisions\/10486"}],"wp:attachment":[{"href":"https:\/\/www.stjarnkliniken.com\/stockholm-city\/wp-json\/wp\/v2\/media?parent=10402"}],"curies":[{"name":"wp","href":"https:\/\/api.w.org\/{rel}","templated":true}]}}