{"id":9541,"date":"2025-01-14T11:51:07","date_gmt":"2025-01-14T11:51:07","guid":{"rendered":"https:\/\/www.stjarnkliniken.com\/soderkoping\/?page_id=9541"},"modified":"2025-01-14T15:03:45","modified_gmt":"2025-01-14T15:03:45","slug":"naprapat","status":"publish","type":"page","link":"https:\/\/www.stjarnkliniken.com\/soderkoping\/naprapat\/","title":{"rendered":"Boka naprapat i S\u00f6derk\u00f6ping"},"content":{"rendered":"\n<div class=\"wp-block-group alignfull has-yellow-100-background-color has-background is-layout-flow wp-block-group-is-layout-flow\">\n\n<div class=\"wp-block-qala-blocks-hero alignfull content-position__left content-align__center\" >\n\t<div\n\t\tclass=\"wp-block-qala-blocks-hero__wrapper \"\n\t\tstyle=\" \"\n\t\t>\n\n\t\t\t\t<div\n\t\t\tclass=\"wp-block-qala-blocks-hero__content\"\n\t\t\tdata-width=\"50%\"\n\t\t\tstyle=\" width:50%;  text-align:left;\"\n\t\t\t>\n\t\t\t\n\n<div class=\"wp-block-columns are-vertically-aligned-center is-justified-center is-layout-flex wp-container-core-columns-is-layout-9d6595d7 wp-block-columns-is-layout-flex\">\n<div class=\"wp-block-column is-vertically-aligned-center is-layout-flow wp-block-column-is-layout-flow\" style=\"flex-basis:550px\">\n<div style=\"height:75px\" aria-hidden=\"true\" class=\"wp-block-spacer\"><\/div>\n\n\n\n<h1 class=\"wp-block-heading has-text-align-center wp-block-qala-blocks-hero__heading\" id=\"h-boka-naprapat-i-soderkoping\"><em><em>Boka naprapat i S\u00f6derk\u00f6ping<\/em><\/em><\/h1>\n\n\n\n<p class=\"has-text-align-left wp-block-qala-blocks-hero__text has-medium-font-size\">L\u00e4mna sm\u00e4rta och stelhet bakom dig! P\u00e5 v\u00e5r naprapatklinik i S\u00f6derk\u00f6ping hj\u00e4lper vi dig att f\u00f6rb\u00e4ttra r\u00f6rligheten och minska obehag i muskler och leder. Med effektiva och individuellt anpassade behandlingsmetoder fokuserar vi p\u00e5 att ge dig l\u00e5ngsiktig lindring och f\u00f6rb\u00e4ttrad livskvalitet. Boka din tid idag och p\u00e5b\u00f6rja din resa mot ett r\u00f6rligare liv.<\/p>\n<\/div>\n<\/div>\n\n\n\n<div class=\"wp-block-buttons is-horizontal is-content-justification-center is-layout-flex wp-container-core-buttons-is-layout-499968f5 wp-block-buttons-is-layout-flex\">\n<div class=\"wp-block-button wp-block-button\"><a class=\"wp-block-button__link wp-element-button\" href=\"https:\/\/www.stjarnkliniken.com\/boka-nu\/\">Boka tid<\/a><\/div>\n<\/div>\n\n\t\t<\/div>\n\n\t\t\n\t\t<div\n\t\t\tclass=\"wp-block-qala-blocks-hero__media-wrap\"\n\t\t\tstyle=\"aspect-ratio:1100\/733\"\n\t\t\t>\n\n\t\t\t\t\t\t\t<img decoding=\"async\" width=\"1024\" height=\"682\" src=\"https:\/\/www.stjarnkliniken.com\/soderkoping\/wp-content\/uploads\/sites\/18\/2023\/11\/o\u0308rebro_a\u030asa_6-1024x682.jpg\" class=\"attachment-large size-large\" alt=\"Boka naprapat i S\u00f6derk\u00f6ping - naprapati hos Stj\u00e4rnkliniken\" loading=\"lazy\" srcset=\"https:\/\/www.stjarnkliniken.com\/soderkoping\/wp-content\/uploads\/sites\/18\/2023\/11\/o\u0308rebro_a\u030asa_6-1024x682.jpg 1024w, https:\/\/www.stjarnkliniken.com\/soderkoping\/wp-content\/uploads\/sites\/18\/2023\/11\/o\u0308rebro_a\u030asa_6-300x200.jpg 300w, https:\/\/www.stjarnkliniken.com\/soderkoping\/wp-content\/uploads\/sites\/18\/2023\/11\/o\u0308rebro_a\u030asa_6-266x178.jpg 266w, https:\/\/www.stjarnkliniken.com\/soderkoping\/wp-content\/uploads\/sites\/18\/2023\/11\/o\u0308rebro_a\u030asa_6-710x473.jpg 710w, https:\/\/www.stjarnkliniken.com\/soderkoping\/wp-content\/uploads\/sites\/18\/2023\/11\/o\u0308rebro_a\u030asa_6-268x178.jpg 268w, https:\/\/www.stjarnkliniken.com\/soderkoping\/wp-content\/uploads\/sites\/18\/2023\/11\/o\u0308rebro_a\u030asa_6-450x300.jpg 450w, https:\/\/www.stjarnkliniken.com\/soderkoping\/wp-content\/uploads\/sites\/18\/2023\/11\/o\u0308rebro_a\u030asa_6-780x520.jpg 780w, https:\/\/www.stjarnkliniken.com\/soderkoping\/wp-content\/uploads\/sites\/18\/2023\/11\/o\u0308rebro_a\u030asa_6.jpg 1100w\" sizes=\"auto, (max-width: 1024px) 100vw, 1024px\" \/>\t\t\t\n\t\t\t\t\t\t\n\t\t\t\t\t\t\t<div\n\t\t\t\t\tclass=\"overlay\"\n\t\t\t\t\tstyle=\"opacity:70%; \"\n\t\t\t\t><\/div>\n\t\t\t\n\t\t<\/div>\n\t<\/div>\n<\/div>\n<\/div>\n\n\n\n<div style=\"height:100px\" aria-hidden=\"true\" class=\"wp-block-spacer\"><\/div>\n\n\n\n<h2 class=\"wp-block-heading has-text-align-center has-large-font-size\" id=\"h-darfor-valjer-vara-patienter-oss-for-sin-naprapatbehandling\">D\u00e4rf\u00f6r v\u00e4ljer v\u00e5ra patienter oss f\u00f6r sin naprapatbehandling<\/h2>\n\n\n\n<p>Vi \u00e4r dedikerade till att hj\u00e4lpa v\u00e5ra patienter till en sm\u00e4rtfri vardag. Men det \u00e4r deras egna erfarenheter och resultat som visar vad vi kan \u00e5stadkomma. De framg\u00e5ngar vi har hj\u00e4lpt till med har gjort oss till ett av S\u00f6derk\u00f6pings mest betrodda val f\u00f6r naprapatbehandling. L\u00e4s v\u00e5ra patientber\u00e4ttelser och se vad vi kan g\u00f6ra f\u00f6r dig!<\/p>\n\n\n\n<div style=\"text-decoration:none; overflow:hidden;max-width:100%;width:750px;height:350px;margin:0 auto;\"><div id=\"g-mapdisplay\" style=\"height:100%; width:100%;max-width:100%;\"><iframe title=\"Hitta till Stj\u00e4rnkliniken i S\u00f6derk\u00f6ping\" style=\"height:100%;width:100%;border:0;\" frameborder=\"0\" src=\"https:\/\/www.google.com\/maps\/embed\/v1\/place?q=stj\u00e4rnkliniken+s\u00f6derk\u00f6ping&#038;key=AIzaSyBFw0Qbyq9zTFTd-tUY6dZWTgaQzuU17R8\"><\/iframe><\/div><a class=\"embedded-map-code\" rel=\"nofollow\" href=\"https:\/\/www.bootstrapskins.com\/themes\" id=\"enable-maps-data\">premium bootstrap themes<\/a><style>#g-mapdisplay img.text-marker{max-width:none!important;background:none!important;}img{max-width:none}<\/style><\/div>\n\n\n\n<div style=\"height:100px\" aria-hidden=\"true\" class=\"wp-block-spacer\"><\/div>\n\n\n\n<div class=\"wp-block-group alignfull has-yellow-100-background-color has-background is-layout-flow wp-block-group-is-layout-flow\">\n<div class=\"wp-block-columns is-layout-flex wp-container-core-columns-is-layout-9d6595d7 wp-block-columns-is-layout-flex\">\n<div class=\"wp-block-column is-layout-flow wp-block-column-is-layout-flow\" style=\"flex-basis:25%\"><\/div>\n\n\n\n<div class=\"wp-block-column is-layout-flow wp-block-column-is-layout-flow\" style=\"padding-right:var(--wp--preset--spacing--20);padding-left:var(--wp--preset--spacing--20);flex-basis:50%\">\n<div style=\"height:29px\" aria-hidden=\"true\" class=\"wp-block-spacer\"><\/div>\n\n\n\n<h2 class=\"wp-block-heading has-text-align-center\" id=\"h-vad-vara-naprapater-kan-hjalp-dig-med\">Vad v\u00e5ra naprapater kan hj\u00e4lp dig med<\/h2>\n\n\n\n<p>P\u00e5 v\u00e5r klinik i S\u00f6derk\u00f6ping hj\u00e4lper vi patienter med en m\u00e4ngd olika problem \u2013 b\u00e5de akuta och l\u00e5ngvariga. H\u00e4r \u00e4r n\u00e5gra vanliga besv\u00e4r vi kan lindra:<\/p>\n\n\n\n<ul class=\"wp-block-list\">\n<li>Ryggskott och nacksp\u00e4rr<\/li>\n\n\n\n<li>\u00d6verbelastningsskador som tennis- eller golfarmb\u00e5ge<\/li>\n\n\n\n<li>Sp\u00e4nningshuvudv\u00e4rk<\/li>\n\n\n\n<li>Idrottsskador som l\u00f6parkn\u00e4 eller muskelbristningar<\/li>\n\n\n\n<li>Stelhet i axlar, h\u00f6fter och kn\u00e4n<\/li>\n\n\n\n<li>Fotproblem som h\u00e4lsporre eller stukningar<\/li>\n\n\n\n<li>Sm\u00e4rta i l\u00e4ndrygg och axlar<\/li>\n\n\n\n<li>Tidiga tecken p\u00e5 diskbr\u00e5ck eller ischias<\/li>\n\n\n\n<li>Belastningsskador och muskelsp\u00e4nningar<\/li>\n<\/ul>\n\n\n\n<div class=\"wp-block-buttons is-horizontal is-content-justification-center is-layout-flex wp-container-core-buttons-is-layout-499968f5 wp-block-buttons-is-layout-flex\">\n<div class=\"wp-block-button wp-block-button\"><a class=\"wp-block-button__link wp-element-button\" href=\"https:\/\/www.stjarnkliniken.com\/boka-nu\/\">Boka tid<\/a><\/div>\n<\/div>\n\n\n\n<div style=\"height:29px\" aria-hidden=\"true\" class=\"wp-block-spacer\"><\/div>\n<\/div>\n\n\n\n<div class=\"wp-block-column is-layout-flow wp-block-column-is-layout-flow\" style=\"flex-basis:25%\"><\/div>\n<\/div>\n<\/div>\n\n\n\n<div style=\"height:29px\" aria-hidden=\"true\" class=\"wp-block-spacer\"><\/div>\n\n\n\n<h2 class=\"wp-block-heading has-text-align-center\" id=\"h-naprapatbehandling-for-langvariga-besvar\">Naprapatbehandling f\u00f6r l\u00e5ngvariga besv\u00e4r<\/h2>\n\n\n\n<p>Om du lider av \u00e5terkommande eller kroniska sm\u00e4rtor erbjuder vi behandlingar som tar sikte p\u00e5 l\u00e5ngsiktiga l\u00f6sningar. Genom att kombinera naprapati med personligt anpassade tr\u00e4ningsprogram arbetar vi f\u00f6r att ge dig verktygen f\u00f6r en mer bekv\u00e4m och aktiv vardag.<\/p>\n\n\n\n<h3 class=\"wp-block-heading\">Vanliga l\u00e5ngvariga besv\u00e4r vi behandlar:<\/h3>\n\n\n\n<ul class=\"wp-block-list\">\n<li>Stressrelaterad huvudv\u00e4rk eller d\u00e5lig arbetsst\u00e4llning<\/li>\n\n\n\n<li>Belastningsskador fr\u00e5n fysisk aktivitet eller monotona r\u00f6relser<\/li>\n\n\n\n<li>V\u00e4rk och stelhet vid artros<\/li>\n\n\n\n<li>Kroniska problem som domningar eller sm\u00e4rta fr\u00e5n ischias<\/li>\n<\/ul>\n\n\n\n<div style=\"height:29px\" aria-hidden=\"true\" class=\"wp-block-spacer\"><\/div>\n\n\n\n<div class=\"wp-block-group alignfull has-yellow-100-background-color has-background is-nowrap is-layout-flex wp-container-core-group-is-layout-ad2f72ca wp-block-group-is-layout-flex\">\n<div class=\"wp-block-columns is-layout-flex wp-container-core-columns-is-layout-9d6595d7 wp-block-columns-is-layout-flex\">\n<div class=\"wp-block-column is-layout-flow wp-block-column-is-layout-flow\" style=\"flex-basis:25%\"><\/div>\n\n\n\n<div class=\"wp-block-column is-layout-flow wp-block-column-is-layout-flow\" style=\"padding-right:var(--wp--preset--spacing--20);padding-left:var(--wp--preset--spacing--20);flex-basis:50%\">\n<div style=\"height:29px\" aria-hidden=\"true\" class=\"wp-block-spacer\"><\/div>\n\n\n\n<h2 class=\"wp-block-heading has-text-align-center\" id=\"h-naprapat-med-friskvardsbidrag\">Naprapat med friskv\u00e5rdsbidrag<\/h2>\n\n\n\n<p>Har du friskv\u00e5rdsbidrag via ditt arbete? P\u00e5 v\u00e5r klinik i S\u00f6derk\u00f6ping kan du anv\u00e4nda det f\u00f6r naprapatbehandlingar som minskar sm\u00e4rta, l\u00f6ser upp sp\u00e4nningar och \u00f6kar r\u00f6rlighet. Boka din tid idag och investera i din h\u00e4lsa \u2013 vi hj\u00e4lper dig att f\u00e5 ut det mesta av ditt bidrag!<\/p>\n\n\n\n<p>F\u00f6r att r\u00e4knas som friskv\u00e5rd ska naprapatbehandling motverka stress, \u00f6mhet eller stelhet, utan att behandla specifika skador eller sjukdomar.<\/p>\n\n\n\n<div class=\"wp-block-buttons is-horizontal is-content-justification-center is-layout-flex wp-container-core-buttons-is-layout-499968f5 wp-block-buttons-is-layout-flex\">\n<div class=\"wp-block-button wp-block-button\"><a class=\"wp-block-button__link wp-element-button\" href=\"https:\/\/www.stjarnkliniken.com\/boka-nu\/\">Boka tid<\/a><\/div>\n<\/div>\n\n\n\n<div style=\"height:29px\" aria-hidden=\"true\" class=\"wp-block-spacer\"><\/div>\n<\/div>\n\n\n\n<div class=\"wp-block-column is-layout-flow wp-block-column-is-layout-flow\" style=\"flex-basis:25%\"><\/div>\n<\/div>\n<\/div>\n","protected":false},"excerpt":{"rendered":"<p>Boka naprapat i S\u00f6derk\u00f6ping. L\u00e4mna sm\u00e4rta och stelhet bakom dig! P\u00e5 v\u00e5r naprapatklinik i S\u00f6derk\u00f6ping hj\u00e4lper vi dig att f\u00f6rb\u00e4ttra r\u00f6rligheten och minska obehag i muskler och leder<\/p>\n","protected":false},"author":123,"featured_media":0,"parent":0,"menu_order":0,"comment_status":"closed","ping_status":"closed","template":"","meta":{"_acf_changed":false,"footnotes":""},"class_list":["post-9541","page","type-page","status-publish","hentry"],"acf":[],"yoast_head":"<!-- This site is optimized with the Yoast SEO Premium plugin v22.6 (Yoast SEO v22.6) - https:\/\/yoast.com\/wordpress\/plugins\/seo\/ -->\n<title>Boka naprapat i S\u00f6derk\u00f6ping \u2013 Minskad sm\u00e4rta och stelhet<\/title>\n<meta name=\"description\" content=\"P\u00e5 v\u00e5r naprapatklinik i S\u00f6derk\u00f6ping hj\u00e4lper vi dig att f\u00f6rb\u00e4ttra r\u00f6rligheten och minska obehag i muskler och leder. Boka din naprapatbehandling h\u00e4r!\" \/>\n<meta name=\"robots\" content=\"index, follow, max-snippet:-1, max-image-preview:large, max-video-preview:-1\" \/>\n<link rel=\"canonical\" href=\"https:\/\/www.stjarnkliniken.com\/soderkoping\/naprapat\/\" \/>\n<meta property=\"og:locale\" content=\"sv_SE\" \/>\n<meta property=\"og:type\" content=\"article\" \/>\n<meta property=\"og:title\" content=\"Boka naprapat i S\u00f6derk\u00f6ping\" \/>\n<meta property=\"og:description\" content=\"P\u00e5 v\u00e5r naprapatklinik i S\u00f6derk\u00f6ping hj\u00e4lper vi dig att f\u00f6rb\u00e4ttra r\u00f6rligheten och minska obehag i muskler och leder. Boka din naprapatbehandling h\u00e4r!\" \/>\n<meta property=\"og:url\" content=\"https:\/\/www.stjarnkliniken.com\/soderkoping\/naprapat\/\" \/>\n<meta property=\"og:site_name\" content=\"S\u00f6derk\u00f6ping\" \/>\n<meta property=\"article:modified_time\" content=\"2025-01-14T15:03:45+00:00\" \/>\n<meta name=\"twitter:card\" content=\"summary_large_image\" \/>\n<meta name=\"twitter:label1\" content=\"Ber\u00e4knad l\u00e4stid\" \/>\n\t<meta name=\"twitter:data1\" content=\"2 minuter\" \/>\n<script type=\"application\/ld+json\" class=\"yoast-schema-graph\">{\"@context\":\"https:\/\/schema.org\",\"@graph\":[{\"@type\":\"WebPage\",\"@id\":\"https:\/\/www.stjarnkliniken.com\/soderkoping\/naprapat\/\",\"url\":\"https:\/\/www.stjarnkliniken.com\/soderkoping\/naprapat\/\",\"name\":\"Boka naprapat i S\u00f6derk\u00f6ping \u2013 Minskad sm\u00e4rta och stelhet\",\"isPartOf\":{\"@id\":\"https:\/\/www.stjarnkliniken.com\/soderkoping\/#website\"},\"datePublished\":\"2025-01-14T11:51:07+00:00\",\"dateModified\":\"2025-01-14T15:03:45+00:00\",\"description\":\"P\u00e5 v\u00e5r naprapatklinik i S\u00f6derk\u00f6ping hj\u00e4lper vi dig att f\u00f6rb\u00e4ttra r\u00f6rligheten och minska obehag i muskler och leder. Boka din naprapatbehandling h\u00e4r!\",\"breadcrumb\":{\"@id\":\"https:\/\/www.stjarnkliniken.com\/soderkoping\/naprapat\/#breadcrumb\"},\"inLanguage\":\"sv-SE\",\"potentialAction\":[{\"@type\":\"ReadAction\",\"target\":[\"https:\/\/www.stjarnkliniken.com\/soderkoping\/naprapat\/\"]}]},{\"@type\":\"BreadcrumbList\",\"@id\":\"https:\/\/www.stjarnkliniken.com\/soderkoping\/naprapat\/#breadcrumb\",\"itemListElement\":[{\"@type\":\"ListItem\",\"position\":1,\"name\":\"Hem\",\"item\":\"https:\/\/www.stjarnkliniken.com\/soderkoping\/\"},{\"@type\":\"ListItem\",\"position\":2,\"name\":\"Boka naprapat i S\u00f6derk\u00f6ping\"}]},{\"@type\":\"WebSite\",\"@id\":\"https:\/\/www.stjarnkliniken.com\/soderkoping\/#website\",\"url\":\"https:\/\/www.stjarnkliniken.com\/soderkoping\/\",\"name\":\"S\u00f6derk\u00f6ping\",\"description\":\"Stj\u00e4rnkliniken: Naprapati &amp; massage - ingen v\u00e4ntetid, ingen remiss!\",\"potentialAction\":[{\"@type\":\"SearchAction\",\"target\":{\"@type\":\"EntryPoint\",\"urlTemplate\":\"https:\/\/www.stjarnkliniken.com\/soderkoping\/?s={search_term_string}\"},\"query-input\":\"required name=search_term_string\"}],\"inLanguage\":\"sv-SE\"}]}<\/script>\n<!-- \/ Yoast SEO Premium plugin. -->","yoast_head_json":{"title":"Boka naprapat i S\u00f6derk\u00f6ping \u2013 Minskad sm\u00e4rta och stelhet","description":"P\u00e5 v\u00e5r naprapatklinik i S\u00f6derk\u00f6ping hj\u00e4lper vi dig att f\u00f6rb\u00e4ttra r\u00f6rligheten och minska obehag i muskler och leder. Boka din naprapatbehandling h\u00e4r!","robots":{"index":"index","follow":"follow","max-snippet":"max-snippet:-1","max-image-preview":"max-image-preview:large","max-video-preview":"max-video-preview:-1"},"canonical":"https:\/\/www.stjarnkliniken.com\/soderkoping\/naprapat\/","og_locale":"sv_SE","og_type":"article","og_title":"Boka naprapat i S\u00f6derk\u00f6ping","og_description":"P\u00e5 v\u00e5r naprapatklinik i S\u00f6derk\u00f6ping hj\u00e4lper vi dig att f\u00f6rb\u00e4ttra r\u00f6rligheten och minska obehag i muskler och leder. Boka din naprapatbehandling h\u00e4r!","og_url":"https:\/\/www.stjarnkliniken.com\/soderkoping\/naprapat\/","og_site_name":"S\u00f6derk\u00f6ping","article_modified_time":"2025-01-14T15:03:45+00:00","twitter_card":"summary_large_image","twitter_misc":{"Ber\u00e4knad l\u00e4stid":"2 minuter"},"schema":{"@context":"https:\/\/schema.org","@graph":[{"@type":"WebPage","@id":"https:\/\/www.stjarnkliniken.com\/soderkoping\/naprapat\/","url":"https:\/\/www.stjarnkliniken.com\/soderkoping\/naprapat\/","name":"Boka naprapat i S\u00f6derk\u00f6ping \u2013 Minskad sm\u00e4rta och stelhet","isPartOf":{"@id":"https:\/\/www.stjarnkliniken.com\/soderkoping\/#website"},"datePublished":"2025-01-14T11:51:07+00:00","dateModified":"2025-01-14T15:03:45+00:00","description":"P\u00e5 v\u00e5r naprapatklinik i S\u00f6derk\u00f6ping hj\u00e4lper vi dig att f\u00f6rb\u00e4ttra r\u00f6rligheten och minska obehag i muskler och leder. Boka din naprapatbehandling h\u00e4r!","breadcrumb":{"@id":"https:\/\/www.stjarnkliniken.com\/soderkoping\/naprapat\/#breadcrumb"},"inLanguage":"sv-SE","potentialAction":[{"@type":"ReadAction","target":["https:\/\/www.stjarnkliniken.com\/soderkoping\/naprapat\/"]}]},{"@type":"BreadcrumbList","@id":"https:\/\/www.stjarnkliniken.com\/soderkoping\/naprapat\/#breadcrumb","itemListElement":[{"@type":"ListItem","position":1,"name":"Hem","item":"https:\/\/www.stjarnkliniken.com\/soderkoping\/"},{"@type":"ListItem","position":2,"name":"Boka naprapat i S\u00f6derk\u00f6ping"}]},{"@type":"WebSite","@id":"https:\/\/www.stjarnkliniken.com\/soderkoping\/#website","url":"https:\/\/www.stjarnkliniken.com\/soderkoping\/","name":"S\u00f6derk\u00f6ping","description":"Stj\u00e4rnkliniken: Naprapati &amp; massage - ingen v\u00e4ntetid, ingen remiss!","potentialAction":[{"@type":"SearchAction","target":{"@type":"EntryPoint","urlTemplate":"https:\/\/www.stjarnkliniken.com\/soderkoping\/?s={search_term_string}"},"query-input":"required name=search_term_string"}],"inLanguage":"sv-SE"}]}},"_links":{"self":[{"href":"https:\/\/www.stjarnkliniken.com\/soderkoping\/wp-json\/wp\/v2\/pages\/9541","targetHints":{"allow":["GET"]}}],"collection":[{"href":"https:\/\/www.stjarnkliniken.com\/soderkoping\/wp-json\/wp\/v2\/pages"}],"about":[{"href":"https:\/\/www.stjarnkliniken.com\/soderkoping\/wp-json\/wp\/v2\/types\/page"}],"author":[{"embeddable":true,"href":"https:\/\/www.stjarnkliniken.com\/soderkoping\/wp-json\/wp\/v2\/users\/123"}],"replies":[{"embeddable":true,"href":"https:\/\/www.stjarnkliniken.com\/soderkoping\/wp-json\/wp\/v2\/comments?post=9541"}],"version-history":[{"count":5,"href":"https:\/\/www.stjarnkliniken.com\/soderkoping\/wp-json\/wp\/v2\/pages\/9541\/revisions"}],"predecessor-version":[{"id":9554,"href":"https:\/\/www.stjarnkliniken.com\/soderkoping\/wp-json\/wp\/v2\/pages\/9541\/revisions\/9554"}],"wp:attachment":[{"href":"https:\/\/www.stjarnkliniken.com\/soderkoping\/wp-json\/wp\/v2\/media?parent=9541"}],"curies":[{"name":"wp","href":"https:\/\/api.w.org\/{rel}","templated":true}]}}