{"id":8699,"date":"2022-08-22T05:54:09","date_gmt":"2022-08-22T05:54:09","guid":{"rendered":"https:\/\/www.stjarnkliniken.com\/norrkoping\/ansvarsfriskrivning\/"},"modified":"2022-08-22T05:54:09","modified_gmt":"2022-08-22T05:54:09","slug":"ansvarsfriskrivning","status":"publish","type":"page","link":"https:\/\/www.stjarnkliniken.com\/soderkoping\/ansvarsfriskrivning\/","title":{"rendered":"Ansvarsfriskrivning"},"content":{"rendered":"","protected":false},"excerpt":{"rendered":"","protected":false},"author":2,"featured_media":0,"parent":0,"menu_order":0,"comment_status":"closed","ping_status":"closed","template":"","meta":{"_acf_changed":false,"footnotes":""},"class_list":["post-8699","page","type-page","status-publish","hentry"],"acf":[],"yoast_head":"<!-- This site is optimized with the Yoast SEO Premium plugin v22.6 (Yoast SEO v22.6) - https:\/\/yoast.com\/wordpress\/plugins\/seo\/ -->\n<title>Ansvarsfriskrivning - S\u00f6derk\u00f6ping<\/title>\n<meta name=\"robots\" content=\"index, follow, max-snippet:-1, max-image-preview:large, max-video-preview:-1\" \/>\n<link rel=\"canonical\" href=\"https:\/\/www.stjarnkliniken.com\/soderkoping\/ansvarsfriskrivning\/\" \/>\n<meta property=\"og:locale\" content=\"sv_SE\" \/>\n<meta property=\"og:type\" content=\"article\" \/>\n<meta property=\"og:title\" content=\"Ansvarsfriskrivning\" \/>\n<meta property=\"og:url\" content=\"https:\/\/www.stjarnkliniken.com\/soderkoping\/ansvarsfriskrivning\/\" \/>\n<meta property=\"og:site_name\" content=\"S\u00f6derk\u00f6ping\" \/>\n<meta name=\"twitter:card\" content=\"summary_large_image\" \/>\n<script type=\"application\/ld+json\" class=\"yoast-schema-graph\">{\"@context\":\"https:\/\/schema.org\",\"@graph\":[{\"@type\":\"WebPage\",\"@id\":\"https:\/\/www.stjarnkliniken.com\/soderkoping\/ansvarsfriskrivning\/\",\"url\":\"https:\/\/www.stjarnkliniken.com\/soderkoping\/ansvarsfriskrivning\/\",\"name\":\"Ansvarsfriskrivning - S\u00f6derk\u00f6ping\",\"isPartOf\":{\"@id\":\"https:\/\/www.stjarnkliniken.com\/soderkoping\/#website\"},\"datePublished\":\"2022-08-22T05:54:09+00:00\",\"dateModified\":\"2022-08-22T05:54:09+00:00\",\"breadcrumb\":{\"@id\":\"https:\/\/www.stjarnkliniken.com\/soderkoping\/ansvarsfriskrivning\/#breadcrumb\"},\"inLanguage\":\"sv-SE\",\"potentialAction\":[{\"@type\":\"ReadAction\",\"target\":[\"https:\/\/www.stjarnkliniken.com\/soderkoping\/ansvarsfriskrivning\/\"]}]},{\"@type\":\"BreadcrumbList\",\"@id\":\"https:\/\/www.stjarnkliniken.com\/soderkoping\/ansvarsfriskrivning\/#breadcrumb\",\"itemListElement\":[{\"@type\":\"ListItem\",\"position\":1,\"name\":\"Hem\",\"item\":\"https:\/\/www.stjarnkliniken.com\/soderkoping\/\"},{\"@type\":\"ListItem\",\"position\":2,\"name\":\"Ansvarsfriskrivning\"}]},{\"@type\":\"WebSite\",\"@id\":\"https:\/\/www.stjarnkliniken.com\/soderkoping\/#website\",\"url\":\"https:\/\/www.stjarnkliniken.com\/soderkoping\/\",\"name\":\"S\u00f6derk\u00f6ping\",\"description\":\"Stj\u00e4rnkliniken: Naprapati &amp; massage - ingen v\u00e4ntetid, ingen remiss!\",\"potentialAction\":[{\"@type\":\"SearchAction\",\"target\":{\"@type\":\"EntryPoint\",\"urlTemplate\":\"https:\/\/www.stjarnkliniken.com\/soderkoping\/?s={search_term_string}\"},\"query-input\":\"required name=search_term_string\"}],\"inLanguage\":\"sv-SE\"}]}<\/script>\n<!-- \/ Yoast SEO Premium plugin. -->","yoast_head_json":{"title":"Ansvarsfriskrivning - S\u00f6derk\u00f6ping","robots":{"index":"index","follow":"follow","max-snippet":"max-snippet:-1","max-image-preview":"max-image-preview:large","max-video-preview":"max-video-preview:-1"},"canonical":"https:\/\/www.stjarnkliniken.com\/soderkoping\/ansvarsfriskrivning\/","og_locale":"sv_SE","og_type":"article","og_title":"Ansvarsfriskrivning","og_url":"https:\/\/www.stjarnkliniken.com\/soderkoping\/ansvarsfriskrivning\/","og_site_name":"S\u00f6derk\u00f6ping","twitter_card":"summary_large_image","schema":{"@context":"https:\/\/schema.org","@graph":[{"@type":"WebPage","@id":"https:\/\/www.stjarnkliniken.com\/soderkoping\/ansvarsfriskrivning\/","url":"https:\/\/www.stjarnkliniken.com\/soderkoping\/ansvarsfriskrivning\/","name":"Ansvarsfriskrivning - S\u00f6derk\u00f6ping","isPartOf":{"@id":"https:\/\/www.stjarnkliniken.com\/soderkoping\/#website"},"datePublished":"2022-08-22T05:54:09+00:00","dateModified":"2022-08-22T05:54:09+00:00","breadcrumb":{"@id":"https:\/\/www.stjarnkliniken.com\/soderkoping\/ansvarsfriskrivning\/#breadcrumb"},"inLanguage":"sv-SE","potentialAction":[{"@type":"ReadAction","target":["https:\/\/www.stjarnkliniken.com\/soderkoping\/ansvarsfriskrivning\/"]}]},{"@type":"BreadcrumbList","@id":"https:\/\/www.stjarnkliniken.com\/soderkoping\/ansvarsfriskrivning\/#breadcrumb","itemListElement":[{"@type":"ListItem","position":1,"name":"Hem","item":"https:\/\/www.stjarnkliniken.com\/soderkoping\/"},{"@type":"ListItem","position":2,"name":"Ansvarsfriskrivning"}]},{"@type":"WebSite","@id":"https:\/\/www.stjarnkliniken.com\/soderkoping\/#website","url":"https:\/\/www.stjarnkliniken.com\/soderkoping\/","name":"S\u00f6derk\u00f6ping","description":"Stj\u00e4rnkliniken: Naprapati &amp; massage - ingen v\u00e4ntetid, ingen remiss!","potentialAction":[{"@type":"SearchAction","target":{"@type":"EntryPoint","urlTemplate":"https:\/\/www.stjarnkliniken.com\/soderkoping\/?s={search_term_string}"},"query-input":"required name=search_term_string"}],"inLanguage":"sv-SE"}]}},"_links":{"self":[{"href":"https:\/\/www.stjarnkliniken.com\/soderkoping\/wp-json\/wp\/v2\/pages\/8699","targetHints":{"allow":["GET"]}}],"collection":[{"href":"https:\/\/www.stjarnkliniken.com\/soderkoping\/wp-json\/wp\/v2\/pages"}],"about":[{"href":"https:\/\/www.stjarnkliniken.com\/soderkoping\/wp-json\/wp\/v2\/types\/page"}],"author":[{"embeddable":true,"href":"https:\/\/www.stjarnkliniken.com\/soderkoping\/wp-json\/wp\/v2\/users\/2"}],"replies":[{"embeddable":true,"href":"https:\/\/www.stjarnkliniken.com\/soderkoping\/wp-json\/wp\/v2\/comments?post=8699"}],"version-history":[{"count":0,"href":"https:\/\/www.stjarnkliniken.com\/soderkoping\/wp-json\/wp\/v2\/pages\/8699\/revisions"}],"wp:attachment":[{"href":"https:\/\/www.stjarnkliniken.com\/soderkoping\/wp-json\/wp\/v2\/media?parent=8699"}],"curies":[{"name":"wp","href":"https:\/\/api.w.org\/{rel}","templated":true}]}}