{"id":9638,"date":"2025-01-14T12:27:15","date_gmt":"2025-01-14T12:27:15","guid":{"rendered":"https:\/\/www.stjarnkliniken.com\/orebro-city\/?page_id=9638"},"modified":"2026-02-26T08:22:06","modified_gmt":"2026-02-26T08:22:06","slug":"naprapat","status":"publish","type":"page","link":"https:\/\/www.stjarnkliniken.com\/orebro-city\/naprapat\/","title":{"rendered":"Boka naprapat i \u00d6rebro"},"content":{"rendered":"\n<div class=\"wp-block-group alignfull has-yellow-100-background-color has-background is-layout-flow wp-block-group-is-layout-flow\">\n\n<div class=\"wp-block-qala-blocks-hero alignfull content-position__left content-align__center\" >\n\t<div\n\t\tclass=\"wp-block-qala-blocks-hero__wrapper \"\n\t\tstyle=\" \"\n\t\t>\n\n\t\t\t\t<div\n\t\t\tclass=\"wp-block-qala-blocks-hero__content\"\n\t\t\tdata-width=\"50%\"\n\t\t\tstyle=\" width:50%;  text-align:left;\"\n\t\t\t>\n\t\t\t\n\n<div class=\"wp-block-columns are-vertically-aligned-center is-justified-center is-layout-flex wp-container-core-columns-is-layout-9d6595d7 wp-block-columns-is-layout-flex\">\n<div class=\"wp-block-column is-vertically-aligned-center is-layout-flow wp-block-column-is-layout-flow\" style=\"flex-basis:550px\">\n<div style=\"height:75px\" aria-hidden=\"true\" class=\"wp-block-spacer\"><\/div>\n\n\n\n<h1 class=\"wp-block-heading has-text-align-center wp-block-qala-blocks-hero__heading\" id=\"h-boka-naprapat-i-orebro\"><em><em>BOKA NAPRAPAT I \u00d6REBRO<\/em><\/em><\/h1>\n\n\n\n<p class=\"has-text-align-left wp-block-qala-blocks-hero__text has-medium-font-size\">Upplev frihet fr\u00e5n sm\u00e4rta och stelhet! V\u00e5r naprapatklinik i \u00d6rebro \u00e4r h\u00e4r f\u00f6r att hj\u00e4lpa dig att \u00e5terf\u00e5 r\u00f6rligheten och minska obehag i muskler och leder. Med moderna metoder och individuell behandling tar vi hand om b\u00e5de akuta och l\u00e5ngvariga besv\u00e4r. Boka din tid enkelt via v\u00e5rt formul\u00e4r och l\u00e5t oss ta f\u00f6rsta steget mot en sm\u00e4rtfri vardag tillsammans.<\/p>\n<\/div>\n<\/div>\n\n\n\n<div class=\"wp-block-buttons is-horizontal is-content-justification-center is-layout-flex wp-container-core-buttons-is-layout-499968f5 wp-block-buttons-is-layout-flex\">\n<div class=\"wp-block-button wp-block-button\"><a class=\"wp-block-button__link wp-element-button\" href=\"https:\/\/www.stjarnkliniken.com\/boka-nu\/\">Boka tid<\/a><\/div>\n<\/div>\n\n\t\t<\/div>\n\n\t\t\n\t\t<div\n\t\t\tclass=\"wp-block-qala-blocks-hero__media-wrap\"\n\t\t\tstyle=\"aspect-ratio:1100\/733\"\n\t\t\t>\n\n\t\t\t\t\t\t\t<img decoding=\"async\" width=\"1024\" height=\"682\" src=\"https:\/\/www.stjarnkliniken.com\/orebro-city\/wp-content\/uploads\/sites\/14\/2023\/11\/o\u0308rebro_a\u030asa_6-1024x682.jpg\" class=\"attachment-large size-large\" alt=\"Boka naprapat och naprapati i \u00d6rebro hos Stj\u00e4rnkliniken\" loading=\"lazy\" srcset=\"https:\/\/www.stjarnkliniken.com\/orebro-city\/wp-content\/uploads\/sites\/14\/2023\/11\/o\u0308rebro_a\u030asa_6-1024x682.jpg 1024w, https:\/\/www.stjarnkliniken.com\/orebro-city\/wp-content\/uploads\/sites\/14\/2023\/11\/o\u0308rebro_a\u030asa_6-300x200.jpg 300w, https:\/\/www.stjarnkliniken.com\/orebro-city\/wp-content\/uploads\/sites\/14\/2023\/11\/o\u0308rebro_a\u030asa_6-266x178.jpg 266w, https:\/\/www.stjarnkliniken.com\/orebro-city\/wp-content\/uploads\/sites\/14\/2023\/11\/o\u0308rebro_a\u030asa_6-710x473.jpg 710w, https:\/\/www.stjarnkliniken.com\/orebro-city\/wp-content\/uploads\/sites\/14\/2023\/11\/o\u0308rebro_a\u030asa_6-268x178.jpg 268w, https:\/\/www.stjarnkliniken.com\/orebro-city\/wp-content\/uploads\/sites\/14\/2023\/11\/o\u0308rebro_a\u030asa_6-450x300.jpg 450w, https:\/\/www.stjarnkliniken.com\/orebro-city\/wp-content\/uploads\/sites\/14\/2023\/11\/o\u0308rebro_a\u030asa_6-780x520.jpg 780w, https:\/\/www.stjarnkliniken.com\/orebro-city\/wp-content\/uploads\/sites\/14\/2023\/11\/o\u0308rebro_a\u030asa_6.jpg 1100w\" sizes=\"auto, (max-width: 1024px) 100vw, 1024px\" \/>\t\t\t\n\t\t\t\t\t\t\n\t\t\t\t\t\t\t<div\n\t\t\t\t\tclass=\"overlay\"\n\t\t\t\t\tstyle=\"opacity:70%; \"\n\t\t\t\t><\/div>\n\t\t\t\n\t\t<\/div>\n\t<\/div>\n<\/div>\n<\/div>\n\n\n\n<div style=\"height:100px\" aria-hidden=\"true\" class=\"wp-block-spacer\"><\/div>\n\n\n\n<h2 class=\"wp-block-heading has-text-align-center has-x-large-font-size\" id=\"h-darfor-valjer-vara-patienter-oss\">D\u00e4rf\u00f6r v\u00e4ljer v\u00e5ra patienter oss<\/h2>\n\n\n\n<p>Vi brinner f\u00f6r att hj\u00e4lpa v\u00e5ra patienter mot en sm\u00e4rtfri vardag, och det \u00e4r deras fantastiska resultat som g\u00f6r oss till en av \u00d6rebros mest uppskattade naprapatkliniker. L\u00e4s deras ber\u00e4ttelser och uppt\u00e4ck hur vi kan g\u00f6ra skillnad \u00e4ven f\u00f6r dig.<\/p>\n\n\n\n<div style=\"text-decoration:none;overflow:hidden;max-width:100%;width:750px;height:350px;margin:0 auto\"><div id=\"embed-map-canvas\" style=\"height:100%;width:100%;max-width:100%\"><\/div><a class=\"googl-ehtml\" rel=\"nofollow\" href=\"https:\/\/www.bootstrapskins.com\/themes\" id=\"grab-map-info\">premium bootstrap themes<\/a>#embed-map-canvas img{max-height:none;max-width:none!important;background:none!important;}<\/div>\n\n\n\n<div style=\"height:100px\" aria-hidden=\"true\" class=\"wp-block-spacer\"><\/div>\n\n\n\n<div class=\"wp-block-group alignfull has-yellow-100-background-color has-background is-layout-flow wp-block-group-is-layout-flow\">\n\n<div class=\"wp-block-qala-blocks-hero alignfull content-position__left content-align__center\" >\n\t<div\n\t\tclass=\"wp-block-qala-blocks-hero__wrapper \"\n\t\tstyle=\" \"\n\t\t>\n\n\t\t\t\t<div\n\t\t\tclass=\"wp-block-qala-blocks-hero__content\"\n\t\t\tdata-width=\"50%\"\n\t\t\tstyle=\" width:50%;  text-align:left;\"\n\t\t\t>\n\t\t\t\n\n<div class=\"wp-block-columns are-vertically-aligned-center is-justified-center is-layout-flex wp-container-core-columns-is-layout-9d6595d7 wp-block-columns-is-layout-flex\">\n<div class=\"wp-block-column is-vertically-aligned-center is-layout-flow wp-block-column-is-layout-flow\" style=\"flex-basis:550px\">\n<div style=\"height:75px\" aria-hidden=\"true\" class=\"wp-block-spacer\"><\/div>\n\n\n\n<h2 class=\"wp-block-heading has-text-align-left wp-block-qala-blocks-hero__heading\" id=\"h-vad-gor-en-naprapat-egentligen\">Vad g\u00f6r en naprapat egentligen?<\/h2>\n\n\n\n<p class=\"has-text-align-left wp-block-qala-blocks-hero__text has-medium-font-size\">En naprapats arbete handlar om att hitta och behandla orsakerna till sm\u00e4rta och stelhet i kroppen. Genom tekniker som muskelbehandling, justering av leder och stretching f\u00f6rb\u00e4ttrar vi din kroppsfunktion, lindrar obehag och f\u00f6rebygger framtida problem. Naprapati ser kroppen som en helhet \u2013 vi behandlar inte bara dina symtom utan ocks\u00e5 orsaken till dem.<\/p>\n\n\n\n<h2 class=\"wp-block-heading\" id=\"h-besvar-vi-kan-hjalpa-dig-med\">Besv\u00e4r vi kan hj\u00e4lpa dig med<\/h2>\n\n\n\n<p class=\"has-medium-font-size\">V\u00e5ra \u00d6rebro-naprapater \u00e4r experter p\u00e5 att behandla allt fr\u00e5n akuta skador till kroniska problem. H\u00e4r \u00e4r n\u00e5gra vanliga besv\u00e4r som vi kan hj\u00e4lpa dig med:<\/p>\n\n\n\n<ul class=\"wp-block-list has-small-font-size\">\n<li>Pl\u00f6tsliga ryggskott och stel nacke<\/li>\n\n\n\n<li>\u00d6verbelastning i armb\u00e5ge, exempelvis tennis- eller golfarmb\u00e5ge<\/li>\n\n\n\n<li>Huvudv\u00e4rk orsakad av muskelsp\u00e4nningar<\/li>\n\n\n\n<li>Idrottsskador som l\u00f6parkn\u00e4 eller muskelstr\u00e4ckningar<\/li>\n\n\n\n<li>Begr\u00e4nsad r\u00f6rlighet i axlar, h\u00f6fter och kn\u00e4n<\/li>\n\n\n\n<li>Fotproblem som h\u00e4lsporre eller stukningar<\/li>\n\n\n\n<li>Axell\u00e5sningar och sm\u00e4rta i l\u00e4ndrygg<\/li>\n\n\n\n<li>Tidiga tecken p\u00e5 diskbr\u00e5ck eller ischias<\/li>\n\n\n\n<li>Muskelbristningar och andra belastningsskador<\/li>\n<\/ul>\n<\/div>\n<\/div>\n\n\n\n<div class=\"wp-block-buttons is-horizontal is-content-justification-center is-layout-flex wp-container-core-buttons-is-layout-499968f5 wp-block-buttons-is-layout-flex\">\n<div class=\"wp-block-button wp-block-button\"><a class=\"wp-block-button__link wp-element-button\" href=\"https:\/\/www.stjarnkliniken.com\/boka-nu\/\">Boka tid<\/a><\/div>\n<\/div>\n\n\n\n<div style=\"height:75px\" aria-hidden=\"true\" class=\"wp-block-spacer\"><\/div>\n\n\t\t<\/div>\n\n\t\t\n\t\t<div\n\t\t\tclass=\"wp-block-qala-blocks-hero__media-wrap\"\n\t\t\tstyle=\"aspect-ratio:591\/591\"\n\t\t\t>\n\n\t\t\t\t\t\t\t<img decoding=\"async\" width=\"591\" height=\"591\" src=\"https:\/\/www.stjarnkliniken.com\/orebro-city\/wp-content\/uploads\/sites\/14\/2022\/05\/naprapati-2-hemsida.jpg\" class=\"attachment-large size-large\" alt=\"Stj\u00e4rnklinikens naprapat i \u00d6rebro hj\u00e4lper dig med s\u00e5v\u00e4l akuta som l\u00e5ngvariga besv\u00e4r\" loading=\"lazy\" srcset=\"https:\/\/www.stjarnkliniken.com\/orebro-city\/wp-content\/uploads\/sites\/14\/2022\/05\/naprapati-2-hemsida.jpg 591w, https:\/\/www.stjarnkliniken.com\/orebro-city\/wp-content\/uploads\/sites\/14\/2022\/05\/naprapati-2-hemsida-300x300.jpg 300w\" sizes=\"auto, (max-width: 591px) 100vw, 591px\" \/>\t\t\t\n\t\t\t\t\t\t\n\t\t\t\t\t\t\t<div\n\t\t\t\t\tclass=\"overlay\"\n\t\t\t\t\tstyle=\"opacity:70%; \"\n\t\t\t\t><\/div>\n\t\t\t\n\t\t<\/div>\n\t<\/div>\n<\/div>\n<\/div>\n\n\n\n<div style=\"height:100px\" aria-hidden=\"true\" class=\"wp-block-spacer\"><\/div>\n\n\n\n<h2 class=\"wp-block-heading has-text-align-center has-x-large-font-size\" id=\"h-for-dig-med-langvariga-besvar\">F\u00f6r dig med l\u00e5ngvariga besv\u00e4r<\/h2>\n\n\n\n<p>Om du har kroniska eller \u00e5terkommande besv\u00e4r erbjuder vi behandlingar som fokuserar p\u00e5 att f\u00f6rb\u00e4ttra din vardag l\u00e5ngsiktigt. Vi kombinerar naprapati med individuella tr\u00e4ningsprogram f\u00f6r att ge dig de b\u00e4sta f\u00f6ruts\u00e4ttningarna att leva sm\u00e4rtfritt.<\/p>\n\n\n\n<ul class=\"wp-block-list\">\n<li>Huvudv\u00e4rk kopplad till stress eller d\u00e5lig arbetsst\u00e4llning<\/li>\n\n\n\n<li>Belastningsrelaterade problem fr\u00e5n jobb eller tr\u00e4ning<\/li>\n\n\n\n<li>Stelhet och v\u00e4rk vid artros<\/li>\n\n\n\n<li>Kroniska sm\u00e4rtor som domningar eller ischias<\/li>\n<\/ul>\n\n\n\n<div style=\"height:100px\" aria-hidden=\"true\" class=\"wp-block-spacer\"><\/div>\n\n\n\n<div class=\"wp-block-group alignfull has-yellow-100-background-color has-background is-layout-flow wp-block-group-is-layout-flow\">\n<div class=\"wp-block-columns is-layout-flex wp-container-core-columns-is-layout-9d6595d7 wp-block-columns-is-layout-flex\">\n<div class=\"wp-block-column is-layout-flow wp-block-column-is-layout-flow\" style=\"flex-basis:25%\"><\/div>\n\n\n\n<div class=\"wp-block-column is-layout-flow wp-block-column-is-layout-flow\" style=\"padding-right:var(--wp--preset--spacing--20);padding-left:var(--wp--preset--spacing--20);flex-basis:50%\">\n<div style=\"height:100px\" aria-hidden=\"true\" class=\"wp-block-spacer\"><\/div>\n\n\n\n<h2 class=\"wp-block-heading has-text-align-center has-large-font-size\" id=\"h-anvand-ditt-friskvardsbidrag-till-naprapatbehandling\">Anv\u00e4nd ditt friskv\u00e5rdsbidrag till naprapatbehandling<\/h2>\n\n\n\n<p>Har du friskv\u00e5rdsbidrag fr\u00e5n din arbetsgivare? Hos oss p\u00e5 Stj\u00e4rnkliniken i \u00d6rebro kan du anv\u00e4nda det f\u00f6r v\u00e5ra friskv\u00e5rdande naprapatbehandlingar. Vi hj\u00e4lper dig att f\u00f6rebygga sm\u00e4rta, l\u00f6sa upp sp\u00e4nningar och f\u00f6rb\u00e4ttra din r\u00f6rlighet, s\u00e5 att du kan m\u00e5 b\u00e4ttre och prestera p\u00e5 topp i vardagen. Att investera i din h\u00e4lsa har aldrig varit enklare \u2013 boka din tid och l\u00e5t oss hj\u00e4lpa dig att utnyttja ditt friskv\u00e5rdsbidrag p\u00e5 b\u00e4sta s\u00e4tt!<\/p>\n\n\n\n<div class=\"wp-block-buttons is-horizontal is-content-justification-center is-layout-flex wp-container-core-buttons-is-layout-499968f5 wp-block-buttons-is-layout-flex\">\n<div class=\"wp-block-button wp-block-button\"><a class=\"wp-block-button__link wp-element-button\" href=\"https:\/\/www.stjarnkliniken.com\/boka-nu\/\">Boka tid<\/a><\/div>\n<\/div>\n\n\n\n<div style=\"height:100px\" aria-hidden=\"true\" class=\"wp-block-spacer\"><\/div>\n<\/div>\n\n\n\n<div class=\"wp-block-column is-layout-flow wp-block-column-is-layout-flow\" style=\"flex-basis:25%\"><\/div>\n<\/div>\n<\/div>\n\n\n\n<div style=\"height:100px\" aria-hidden=\"true\" class=\"wp-block-spacer\"><\/div>\n\n\n\n<h2 class=\"wp-block-heading has-text-align-center\" id=\"h-vanliga-fragor-och-svar-om-naprapati\">Vanliga fr\u00e5gor och svar om naprapati<\/h2>\n\n\n\n<div class=\"wp-block-qala-blocks-single-accordion  \" data-accordion-image-id=\"\">\n\t<div class=\"wp-block-qala-blocks-single-accordion__heading\" style=\"background-color: ;\">\n\t\t\t\t\t\t\t<h4 class=\"wp-block-qala-blocks-single-accordion__heading-title\" style=\"color: ;\">\n\t\t\t\tVad inneb\u00e4r naprapati?\t\t\t<\/h4>\n\t\t\t<\/div>\n\t<div class=\"wp-block-qala-blocks-single-accordion__content\" style=\"color: ; background-color: ;\" >\n\t\t<p>Naprapati \u00e4r en behandlingsmetod som riktar sig mot sm\u00e4rta och stelhet i muskler och leder. Genom olika manuella tekniker som massage och justering f\u00f6rb\u00e4ttras kroppens funktion och f\u00f6rebyggs framtida problem.<\/p>\n\t<\/div>\n\t<div class=\"accordion-image-placeholder\">\n\t\t\t<\/div>\n<\/div>\n\n\n\n<div class=\"wp-block-qala-blocks-single-accordion  \" data-accordion-image-id=\"\">\n\t<div class=\"wp-block-qala-blocks-single-accordion__heading\" style=\"background-color: ;\">\n\t\t\t\t\t\t\t<h4 class=\"wp-block-qala-blocks-single-accordion__heading-title\" style=\"color: ;\">\n\t\t\t\tN\u00e4r \u00e4r det dags att tr\u00e4ffa en naprapat?\t\t\t<\/h4>\n\t\t\t<\/div>\n\t<div class=\"wp-block-qala-blocks-single-accordion__content\" style=\"color: ; background-color: ;\" >\n\t\t<p>Om du har \u00e5terkommande eller l\u00e5ngvariga besv\u00e4r i rygg, nacke, leder eller muskler \u00e4r det en god id\u00e9 att boka en tid. \u00c4ven f\u00f6r f\u00f6rebyggande v\u00e5rd \u00e4r naprapati mycket effektivt.<\/p>\n\t<\/div>\n\t<div class=\"accordion-image-placeholder\">\n\t\t\t<\/div>\n<\/div>\n\n\n\n<div class=\"wp-block-qala-blocks-single-accordion  \" data-accordion-image-id=\"\">\n\t<div class=\"wp-block-qala-blocks-single-accordion__heading\" style=\"background-color: ;\">\n\t\t\t\t\t\t\t<h4 class=\"wp-block-qala-blocks-single-accordion__heading-title\" style=\"color: ;\">\n\t\t\t\tVad skiljer naprapati fr\u00e5n kiropraktik?\t\t\t<\/h4>\n\t\t\t<\/div>\n\t<div class=\"wp-block-qala-blocks-single-accordion__content\" style=\"color: ; background-color: ;\" >\n\t\t<p>Naprapater behandlar b\u00e5de leder och mjukdelar som muskler och senor, medan kiropraktorer fr\u00e4mst fokuserar p\u00e5 ryggraden och nervsystemet.<\/p>\n\t<\/div>\n\t<div class=\"accordion-image-placeholder\">\n\t\t\t<\/div>\n<\/div>\n\n\n\n<div style=\"height:100px\" aria-hidden=\"true\" class=\"wp-block-spacer\"><\/div>\n","protected":false},"excerpt":{"rendered":"<p>BOKA NAPRAPAT I \u00d6REBRO. Upplev frihet fr\u00e5n sm\u00e4rta och stelhet! V\u00e5r naprapatklinik i \u00d6rebro \u00e4r h\u00e4r f\u00f6r att hj\u00e4lpa dig att \u00e5terf\u00e5 r\u00f6rligheten och minska obehag i muskler och leder<\/p>\n","protected":false},"author":2,"featured_media":0,"parent":0,"menu_order":0,"comment_status":"closed","ping_status":"closed","template":"","meta":{"_acf_changed":false,"footnotes":""},"class_list":["post-9638","page","type-page","status-publish","hentry"],"acf":[],"yoast_head":"<!-- This site is optimized with the Yoast SEO Premium plugin v22.6 (Yoast SEO v22.6) - https:\/\/yoast.com\/wordpress\/plugins\/seo\/ -->\n<title>Boka naprapat i \u00d6rebro - Stj\u00e4rnkliniken<\/title>\n<meta name=\"description\" content=\"Upplev frihet fr\u00e5n sm\u00e4rta och stelhet! V\u00e5r naprapatklinik \u00e4r h\u00e4r f\u00f6r att hj\u00e4lpa dig att \u00e5terf\u00e5 r\u00f6rligheten och minska obehag i muskler och leder. Boka tid h\u00e4r!\" \/>\n<meta name=\"robots\" content=\"index, follow, max-snippet:-1, max-image-preview:large, max-video-preview:-1\" \/>\n<link rel=\"canonical\" href=\"https:\/\/www.stjarnkliniken.com\/orebro-city\/naprapat\/\" \/>\n<meta property=\"og:locale\" content=\"sv_SE\" \/>\n<meta property=\"og:type\" content=\"article\" \/>\n<meta property=\"og:title\" content=\"Boka naprapat i \u00d6rebro\" \/>\n<meta property=\"og:description\" content=\"Upplev frihet fr\u00e5n sm\u00e4rta och stelhet! V\u00e5r naprapatklinik \u00e4r h\u00e4r f\u00f6r att hj\u00e4lpa dig att \u00e5terf\u00e5 r\u00f6rligheten och minska obehag i muskler och leder. Boka tid h\u00e4r!\" \/>\n<meta property=\"og:url\" content=\"https:\/\/www.stjarnkliniken.com\/orebro-city\/naprapat\/\" \/>\n<meta property=\"og:site_name\" content=\"\u00d6rebro City\" \/>\n<meta property=\"article:modified_time\" content=\"2026-02-26T08:22:06+00:00\" \/>\n<meta name=\"twitter:card\" content=\"summary_large_image\" \/>\n<meta name=\"twitter:label1\" content=\"Ber\u00e4knad l\u00e4stid\" \/>\n\t<meta name=\"twitter:data1\" content=\"2 minuter\" \/>\n<script type=\"application\/ld+json\" class=\"yoast-schema-graph\">{\"@context\":\"https:\/\/schema.org\",\"@graph\":[{\"@type\":\"WebPage\",\"@id\":\"https:\/\/www.stjarnkliniken.com\/orebro-city\/naprapat\/\",\"url\":\"https:\/\/www.stjarnkliniken.com\/orebro-city\/naprapat\/\",\"name\":\"Boka naprapat i \u00d6rebro - Stj\u00e4rnkliniken\",\"isPartOf\":{\"@id\":\"https:\/\/www.stjarnkliniken.com\/orebro-city\/#website\"},\"datePublished\":\"2025-01-14T12:27:15+00:00\",\"dateModified\":\"2026-02-26T08:22:06+00:00\",\"description\":\"Upplev frihet fr\u00e5n sm\u00e4rta och stelhet! V\u00e5r naprapatklinik \u00e4r h\u00e4r f\u00f6r att hj\u00e4lpa dig att \u00e5terf\u00e5 r\u00f6rligheten och minska obehag i muskler och leder. Boka tid h\u00e4r!\",\"breadcrumb\":{\"@id\":\"https:\/\/www.stjarnkliniken.com\/orebro-city\/naprapat\/#breadcrumb\"},\"inLanguage\":\"sv-SE\",\"potentialAction\":[{\"@type\":\"ReadAction\",\"target\":[\"https:\/\/www.stjarnkliniken.com\/orebro-city\/naprapat\/\"]}]},{\"@type\":\"BreadcrumbList\",\"@id\":\"https:\/\/www.stjarnkliniken.com\/orebro-city\/naprapat\/#breadcrumb\",\"itemListElement\":[{\"@type\":\"ListItem\",\"position\":1,\"name\":\"Hem\",\"item\":\"https:\/\/www.stjarnkliniken.com\/orebro-city\/\"},{\"@type\":\"ListItem\",\"position\":2,\"name\":\"Boka naprapat i \u00d6rebro\"}]},{\"@type\":\"WebSite\",\"@id\":\"https:\/\/www.stjarnkliniken.com\/orebro-city\/#website\",\"url\":\"https:\/\/www.stjarnkliniken.com\/orebro-city\/\",\"name\":\"\u00d6rebro City\",\"description\":\"Stj\u00e4rnkliniken: Naprapati &amp; massage - ingen v\u00e4ntetid, ingen remiss!\",\"potentialAction\":[{\"@type\":\"SearchAction\",\"target\":{\"@type\":\"EntryPoint\",\"urlTemplate\":\"https:\/\/www.stjarnkliniken.com\/orebro-city\/?s={search_term_string}\"},\"query-input\":\"required name=search_term_string\"}],\"inLanguage\":\"sv-SE\"}]}<\/script>\n<!-- \/ Yoast SEO Premium plugin. -->","yoast_head_json":{"title":"Boka naprapat i \u00d6rebro - Stj\u00e4rnkliniken","description":"Upplev frihet fr\u00e5n sm\u00e4rta och stelhet! V\u00e5r naprapatklinik \u00e4r h\u00e4r f\u00f6r att hj\u00e4lpa dig att \u00e5terf\u00e5 r\u00f6rligheten och minska obehag i muskler och leder. Boka tid h\u00e4r!","robots":{"index":"index","follow":"follow","max-snippet":"max-snippet:-1","max-image-preview":"max-image-preview:large","max-video-preview":"max-video-preview:-1"},"canonical":"https:\/\/www.stjarnkliniken.com\/orebro-city\/naprapat\/","og_locale":"sv_SE","og_type":"article","og_title":"Boka naprapat i \u00d6rebro","og_description":"Upplev frihet fr\u00e5n sm\u00e4rta och stelhet! V\u00e5r naprapatklinik \u00e4r h\u00e4r f\u00f6r att hj\u00e4lpa dig att \u00e5terf\u00e5 r\u00f6rligheten och minska obehag i muskler och leder. Boka tid h\u00e4r!","og_url":"https:\/\/www.stjarnkliniken.com\/orebro-city\/naprapat\/","og_site_name":"\u00d6rebro City","article_modified_time":"2026-02-26T08:22:06+00:00","twitter_card":"summary_large_image","twitter_misc":{"Ber\u00e4knad l\u00e4stid":"2 minuter"},"schema":{"@context":"https:\/\/schema.org","@graph":[{"@type":"WebPage","@id":"https:\/\/www.stjarnkliniken.com\/orebro-city\/naprapat\/","url":"https:\/\/www.stjarnkliniken.com\/orebro-city\/naprapat\/","name":"Boka naprapat i \u00d6rebro - Stj\u00e4rnkliniken","isPartOf":{"@id":"https:\/\/www.stjarnkliniken.com\/orebro-city\/#website"},"datePublished":"2025-01-14T12:27:15+00:00","dateModified":"2026-02-26T08:22:06+00:00","description":"Upplev frihet fr\u00e5n sm\u00e4rta och stelhet! V\u00e5r naprapatklinik \u00e4r h\u00e4r f\u00f6r att hj\u00e4lpa dig att \u00e5terf\u00e5 r\u00f6rligheten och minska obehag i muskler och leder. Boka tid h\u00e4r!","breadcrumb":{"@id":"https:\/\/www.stjarnkliniken.com\/orebro-city\/naprapat\/#breadcrumb"},"inLanguage":"sv-SE","potentialAction":[{"@type":"ReadAction","target":["https:\/\/www.stjarnkliniken.com\/orebro-city\/naprapat\/"]}]},{"@type":"BreadcrumbList","@id":"https:\/\/www.stjarnkliniken.com\/orebro-city\/naprapat\/#breadcrumb","itemListElement":[{"@type":"ListItem","position":1,"name":"Hem","item":"https:\/\/www.stjarnkliniken.com\/orebro-city\/"},{"@type":"ListItem","position":2,"name":"Boka naprapat i \u00d6rebro"}]},{"@type":"WebSite","@id":"https:\/\/www.stjarnkliniken.com\/orebro-city\/#website","url":"https:\/\/www.stjarnkliniken.com\/orebro-city\/","name":"\u00d6rebro City","description":"Stj\u00e4rnkliniken: Naprapati &amp; massage - ingen v\u00e4ntetid, ingen remiss!","potentialAction":[{"@type":"SearchAction","target":{"@type":"EntryPoint","urlTemplate":"https:\/\/www.stjarnkliniken.com\/orebro-city\/?s={search_term_string}"},"query-input":"required name=search_term_string"}],"inLanguage":"sv-SE"}]}},"_links":{"self":[{"href":"https:\/\/www.stjarnkliniken.com\/orebro-city\/wp-json\/wp\/v2\/pages\/9638","targetHints":{"allow":["GET"]}}],"collection":[{"href":"https:\/\/www.stjarnkliniken.com\/orebro-city\/wp-json\/wp\/v2\/pages"}],"about":[{"href":"https:\/\/www.stjarnkliniken.com\/orebro-city\/wp-json\/wp\/v2\/types\/page"}],"author":[{"embeddable":true,"href":"https:\/\/www.stjarnkliniken.com\/orebro-city\/wp-json\/wp\/v2\/users\/2"}],"replies":[{"embeddable":true,"href":"https:\/\/www.stjarnkliniken.com\/orebro-city\/wp-json\/wp\/v2\/comments?post=9638"}],"version-history":[{"count":5,"href":"https:\/\/www.stjarnkliniken.com\/orebro-city\/wp-json\/wp\/v2\/pages\/9638\/revisions"}],"predecessor-version":[{"id":9834,"href":"https:\/\/www.stjarnkliniken.com\/orebro-city\/wp-json\/wp\/v2\/pages\/9638\/revisions\/9834"}],"wp:attachment":[{"href":"https:\/\/www.stjarnkliniken.com\/orebro-city\/wp-json\/wp\/v2\/media?parent=9638"}],"curies":[{"name":"wp","href":"https:\/\/api.w.org\/{rel}","templated":true}]}}