{"id":9548,"date":"2025-04-07T06:05:44","date_gmt":"2025-04-07T06:05:44","guid":{"rendered":"https:\/\/www.stjarnkliniken.com\/katrineholm\/?page_id=9548"},"modified":"2026-02-03T08:45:35","modified_gmt":"2026-02-03T08:45:35","slug":"kontakt-katrineholm","status":"publish","type":"page","link":"https:\/\/www.stjarnkliniken.com\/katrineholm\/kontakt-katrineholm\/","title":{"rendered":"Kontakt Katrineholm"},"content":{"rendered":"\n<div class=\"wp-block-group alignfull has-black-color has-yellow-100-background-color has-text-color has-background is-layout-flow wp-block-group-is-layout-flow\" style=\"padding-top:100px;padding-right:100px;padding-bottom:100px;padding-left:100px\">\n<h1 class=\"wp-block-heading has-text-align-center\" id=\"h-kontakt-katrineholm\"><em>KONTAKT KATRINEHOLM<\/em><\/h1>\n<\/div>\n\n\n\n<div style=\"height:87px\" aria-hidden=\"true\" class=\"wp-block-spacer\"><\/div>\n\n\n\n<h2 class=\"wp-block-heading has-text-align-center\" id=\"h-om-kliniken\">Om kliniken<\/h2>\n\n\n\n<p class=\"has-text-align-center\"><br><strong>Adress:<\/strong> <a href=\"https:\/\/maps.app.goo.gl\/4NHWs1Cs7kCSeeYs5\"><mark style=\"background-color:#ffffff\" class=\"has-inline-color\">Drottninggatan 11<\/mark> (klicka h\u00e4r f\u00f6r v\u00e4gbeskrivning)<\/a><br><strong>\u00d6ppettider:<\/strong> M\u00e5ndag &#8211; fredag kl. 08:00 &#8211; 17:00<br><strong>Reception:<\/strong>&nbsp;Obemannad.&nbsp;&nbsp;<br><br>P\u00e5 Stj\u00e4rnkliniken i Katrineholm kan du tr\u00e4ffa v\u00e5r Leg. Kiropraktor Mats Stjernholm som \u00e4r ansluten till Region S\u00f6rmland. Du kan bes\u00f6ka Mats via detta avtal oberoende besv\u00e4r f\u00f6r 260 kr\/bes\u00f6k 4 g\u00e5nger per \u00e5r och h\u00f6gkostnadsskydd g\u00e4ller. Vid uteblivet bes\u00f6k debiteras du med 410 kr.<br><br><strong>Parkering<\/strong><br>N\u00e4rmaste parkering \u00e4r antingen l\u00e4ngs med Djul\u00f6gatan eller p\u00e5 parkeringsplatsen M\u00e5rden, d\u00e4r man f\u00e5r st\u00e5 gratis i 6 timmar med P-skiva. Parkeringsplatsen M\u00e5rden ligger p\u00e5 baksidan av konferenscenter Safiren.&nbsp;&nbsp;<br><br>Kliniken ligger ca 5 minuters promenad fr\u00e5n Stortorget.<\/p>\n\n\n\n<p class=\"has-text-align-center\" id=\"h-har-du-fragor-om-tjansten\"><\/p>\n\n\n\n<h2 class=\"wp-block-heading has-text-align-center\" id=\"h-allman-info\">Allm\u00e4n info<\/h2>\n\n\n\n<p class=\"has-text-align-center\">Vid fr\u00e5gor om bokning, behandling eller allm\u00e4nna funderingar n\u00e5r du oss p\u00e5 <a href=\"mailto:info@stjarnkliniken.com\">info@stjarnkliniken.com<\/a> eller telefon, <a href=\"tel:010-30 30 260\">010-30 30 260<\/a>, p\u00e5 f\u00f6ljande tider:<br><strong>M\u00e5ndagar:<\/strong>&nbsp;07:20 \u2013 16:20<br><strong>Tisdagar \u2013 torsdagar:<\/strong>&nbsp;07:20 \u2013 10:00 och 14.20 &#8211; 16.20<br><strong>Fredagar:<\/strong>&nbsp;07:20 \u2013 12:20<\/p>\n\n\n\n<p class=\"has-text-align-center\">Vid organisatoriska fr\u00e5gor kontakta VD Gustav Ingestad p\u00e5 <a href=\"mailto:gustav@stjarnkliniken.com\">gustav@stjarnkliniken.com<\/a><\/p>\n","protected":false},"excerpt":{"rendered":"<p>KONTAKT KATRINEHOLM. Om kliniken. Adress:. <\/p>\n","protected":false},"author":42,"featured_media":0,"parent":0,"menu_order":0,"comment_status":"closed","ping_status":"closed","template":"","meta":{"_acf_changed":false,"footnotes":""},"class_list":["post-9548","page","type-page","status-publish","hentry"],"acf":[],"yoast_head":"<!-- This site is optimized with the Yoast SEO Premium plugin v22.6 (Yoast SEO v22.6) - https:\/\/yoast.com\/wordpress\/plugins\/seo\/ -->\n<title>Kontakt Katrineholm - Katrineholm<\/title>\n<meta name=\"robots\" content=\"index, follow, max-snippet:-1, max-image-preview:large, max-video-preview:-1\" \/>\n<link rel=\"canonical\" href=\"https:\/\/www.stjarnkliniken.com\/katrineholm\/kontakt-katrineholm\/\" \/>\n<meta property=\"og:locale\" content=\"sv_SE\" \/>\n<meta property=\"og:type\" content=\"article\" \/>\n<meta property=\"og:title\" content=\"Kontakt Katrineholm\" \/>\n<meta property=\"og:description\" content=\"KONTAKT KATRINEHOLM. Om kliniken. Adress:.\" \/>\n<meta property=\"og:url\" content=\"https:\/\/www.stjarnkliniken.com\/katrineholm\/kontakt-katrineholm\/\" \/>\n<meta property=\"og:site_name\" content=\"Katrineholm\" \/>\n<meta property=\"article:modified_time\" content=\"2026-02-03T08:45:35+00:00\" \/>\n<meta name=\"twitter:card\" content=\"summary_large_image\" \/>\n<meta name=\"twitter:label1\" content=\"Ber\u00e4knad l\u00e4stid\" \/>\n\t<meta name=\"twitter:data1\" content=\"1 minut\" \/>\n<script type=\"application\/ld+json\" class=\"yoast-schema-graph\">{\"@context\":\"https:\/\/schema.org\",\"@graph\":[{\"@type\":\"WebPage\",\"@id\":\"https:\/\/www.stjarnkliniken.com\/katrineholm\/kontakt-katrineholm\/\",\"url\":\"https:\/\/www.stjarnkliniken.com\/katrineholm\/kontakt-katrineholm\/\",\"name\":\"Kontakt Katrineholm - Katrineholm\",\"isPartOf\":{\"@id\":\"https:\/\/www.stjarnkliniken.com\/katrineholm\/#website\"},\"datePublished\":\"2025-04-07T06:05:44+00:00\",\"dateModified\":\"2026-02-03T08:45:35+00:00\",\"breadcrumb\":{\"@id\":\"https:\/\/www.stjarnkliniken.com\/katrineholm\/kontakt-katrineholm\/#breadcrumb\"},\"inLanguage\":\"sv-SE\",\"potentialAction\":[{\"@type\":\"ReadAction\",\"target\":[\"https:\/\/www.stjarnkliniken.com\/katrineholm\/kontakt-katrineholm\/\"]}]},{\"@type\":\"BreadcrumbList\",\"@id\":\"https:\/\/www.stjarnkliniken.com\/katrineholm\/kontakt-katrineholm\/#breadcrumb\",\"itemListElement\":[{\"@type\":\"ListItem\",\"position\":1,\"name\":\"Hem\",\"item\":\"https:\/\/www.stjarnkliniken.com\/katrineholm\/\"},{\"@type\":\"ListItem\",\"position\":2,\"name\":\"Kontakt Katrineholm\"}]},{\"@type\":\"WebSite\",\"@id\":\"https:\/\/www.stjarnkliniken.com\/katrineholm\/#website\",\"url\":\"https:\/\/www.stjarnkliniken.com\/katrineholm\/\",\"name\":\"Katrineholm\",\"description\":\"Stj\u00e4rnkliniken: Naprapati &amp; massage - ingen v\u00e4ntetid, ingen remiss!\",\"potentialAction\":[{\"@type\":\"SearchAction\",\"target\":{\"@type\":\"EntryPoint\",\"urlTemplate\":\"https:\/\/www.stjarnkliniken.com\/katrineholm\/?s={search_term_string}\"},\"query-input\":\"required name=search_term_string\"}],\"inLanguage\":\"sv-SE\"}]}<\/script>\n<!-- \/ Yoast SEO Premium plugin. -->","yoast_head_json":{"title":"Kontakt Katrineholm - Katrineholm","robots":{"index":"index","follow":"follow","max-snippet":"max-snippet:-1","max-image-preview":"max-image-preview:large","max-video-preview":"max-video-preview:-1"},"canonical":"https:\/\/www.stjarnkliniken.com\/katrineholm\/kontakt-katrineholm\/","og_locale":"sv_SE","og_type":"article","og_title":"Kontakt Katrineholm","og_description":"KONTAKT KATRINEHOLM. Om kliniken. Adress:.","og_url":"https:\/\/www.stjarnkliniken.com\/katrineholm\/kontakt-katrineholm\/","og_site_name":"Katrineholm","article_modified_time":"2026-02-03T08:45:35+00:00","twitter_card":"summary_large_image","twitter_misc":{"Ber\u00e4knad l\u00e4stid":"1 minut"},"schema":{"@context":"https:\/\/schema.org","@graph":[{"@type":"WebPage","@id":"https:\/\/www.stjarnkliniken.com\/katrineholm\/kontakt-katrineholm\/","url":"https:\/\/www.stjarnkliniken.com\/katrineholm\/kontakt-katrineholm\/","name":"Kontakt Katrineholm - Katrineholm","isPartOf":{"@id":"https:\/\/www.stjarnkliniken.com\/katrineholm\/#website"},"datePublished":"2025-04-07T06:05:44+00:00","dateModified":"2026-02-03T08:45:35+00:00","breadcrumb":{"@id":"https:\/\/www.stjarnkliniken.com\/katrineholm\/kontakt-katrineholm\/#breadcrumb"},"inLanguage":"sv-SE","potentialAction":[{"@type":"ReadAction","target":["https:\/\/www.stjarnkliniken.com\/katrineholm\/kontakt-katrineholm\/"]}]},{"@type":"BreadcrumbList","@id":"https:\/\/www.stjarnkliniken.com\/katrineholm\/kontakt-katrineholm\/#breadcrumb","itemListElement":[{"@type":"ListItem","position":1,"name":"Hem","item":"https:\/\/www.stjarnkliniken.com\/katrineholm\/"},{"@type":"ListItem","position":2,"name":"Kontakt Katrineholm"}]},{"@type":"WebSite","@id":"https:\/\/www.stjarnkliniken.com\/katrineholm\/#website","url":"https:\/\/www.stjarnkliniken.com\/katrineholm\/","name":"Katrineholm","description":"Stj\u00e4rnkliniken: Naprapati &amp; massage - ingen v\u00e4ntetid, ingen remiss!","potentialAction":[{"@type":"SearchAction","target":{"@type":"EntryPoint","urlTemplate":"https:\/\/www.stjarnkliniken.com\/katrineholm\/?s={search_term_string}"},"query-input":"required name=search_term_string"}],"inLanguage":"sv-SE"}]}},"_links":{"self":[{"href":"https:\/\/www.stjarnkliniken.com\/katrineholm\/wp-json\/wp\/v2\/pages\/9548","targetHints":{"allow":["GET"]}}],"collection":[{"href":"https:\/\/www.stjarnkliniken.com\/katrineholm\/wp-json\/wp\/v2\/pages"}],"about":[{"href":"https:\/\/www.stjarnkliniken.com\/katrineholm\/wp-json\/wp\/v2\/types\/page"}],"author":[{"embeddable":true,"href":"https:\/\/www.stjarnkliniken.com\/katrineholm\/wp-json\/wp\/v2\/users\/42"}],"replies":[{"embeddable":true,"href":"https:\/\/www.stjarnkliniken.com\/katrineholm\/wp-json\/wp\/v2\/comments?post=9548"}],"version-history":[{"count":2,"href":"https:\/\/www.stjarnkliniken.com\/katrineholm\/wp-json\/wp\/v2\/pages\/9548\/revisions"}],"predecessor-version":[{"id":9584,"href":"https:\/\/www.stjarnkliniken.com\/katrineholm\/wp-json\/wp\/v2\/pages\/9548\/revisions\/9584"}],"wp:attachment":[{"href":"https:\/\/www.stjarnkliniken.com\/katrineholm\/wp-json\/wp\/v2\/media?parent=9548"}],"curies":[{"name":"wp","href":"https:\/\/api.w.org\/{rel}","templated":true}]}}