{"id":9532,"date":"2025-01-14T13:01:23","date_gmt":"2025-01-14T13:01:23","guid":{"rendered":"https:\/\/www.stjarnkliniken.com\/katrineholm\/?page_id=9532"},"modified":"2025-01-17T10:29:20","modified_gmt":"2025-01-17T10:29:20","slug":"naprapat","status":"publish","type":"page","link":"https:\/\/www.stjarnkliniken.com\/katrineholm\/naprapat\/","title":{"rendered":"Boka naprapat i Katrineholm"},"content":{"rendered":"\n<div class=\"wp-block-group alignfull has-yellow-100-background-color has-background is-layout-flow wp-block-group-is-layout-flow\">\n\n<div class=\"wp-block-qala-blocks-hero alignfull content-position__left content-align__center\" >\n\t<div\n\t\tclass=\"wp-block-qala-blocks-hero__wrapper \"\n\t\tstyle=\" \"\n\t\t>\n\n\t\t\t\t<div\n\t\t\tclass=\"wp-block-qala-blocks-hero__content\"\n\t\t\tdata-width=\"50%\"\n\t\t\tstyle=\" width:50%;  text-align:left;\"\n\t\t\t>\n\t\t\t\n\n<div class=\"wp-block-columns are-vertically-aligned-center is-justified-center is-layout-flex wp-container-core-columns-is-layout-9d6595d7 wp-block-columns-is-layout-flex\">\n<div class=\"wp-block-column is-vertically-aligned-center is-layout-flow wp-block-column-is-layout-flow\" style=\"flex-basis:550px\">\n<div style=\"height:75px\" aria-hidden=\"true\" class=\"wp-block-spacer\"><\/div>\n\n\n\n<h1 class=\"wp-block-heading has-text-align-center wp-block-qala-blocks-hero__heading\" id=\"h-boka-naprapat-i-katrineholm\"><em><em>BOKA NAPRAPAT I KATRINEHOLM<\/em><\/em><\/h1>\n\n\n\n<p class=\"has-text-align-left wp-block-qala-blocks-hero__text has-medium-font-size\">\u00c5terf\u00e5 din r\u00f6rlighet med en naprapatbehandling som minskar sm\u00e4rta i muskler och stelhet i leder. Med v\u00e5ra individuellt anpassade naprapatbehandlingar kan vi s\u00e5v\u00e4l f\u00f6rebygga sm\u00e4rta som lindra b\u00e5de kortvariga och l\u00e5ngvariga besv\u00e4r. Boka en tid idag!<\/p>\n<\/div>\n<\/div>\n\n\n\n<div class=\"wp-block-buttons is-horizontal is-content-justification-center is-layout-flex wp-container-core-buttons-is-layout-499968f5 wp-block-buttons-is-layout-flex\">\n<div class=\"wp-block-button wp-block-button\"><a class=\"wp-block-button__link wp-element-button\" href=\"https:\/\/www.stjarnkliniken.com\/boka-nu\/\">Boka tid<\/a><\/div>\n<\/div>\n\n\t\t<\/div>\n\n\t\t\n\t\t<div\n\t\t\tclass=\"wp-block-qala-blocks-hero__media-wrap\"\n\t\t\tstyle=\"aspect-ratio:1100\/733\"\n\t\t\t>\n\n\t\t\t\t\t\t\t<img decoding=\"async\" width=\"1024\" height=\"682\" src=\"https:\/\/www.stjarnkliniken.com\/katrineholm\/wp-content\/uploads\/sites\/17\/2023\/11\/o\u0308rebro_a\u030asa_6-1024x682.jpg\" class=\"attachment-large size-large\" alt=\"Boka tid hos naprapat i Katrineholm - naprapati hos Stj\u00e4rnkliniken\" loading=\"lazy\" srcset=\"https:\/\/www.stjarnkliniken.com\/katrineholm\/wp-content\/uploads\/sites\/17\/2023\/11\/o\u0308rebro_a\u030asa_6-1024x682.jpg 1024w, https:\/\/www.stjarnkliniken.com\/katrineholm\/wp-content\/uploads\/sites\/17\/2023\/11\/o\u0308rebro_a\u030asa_6-300x200.jpg 300w, https:\/\/www.stjarnkliniken.com\/katrineholm\/wp-content\/uploads\/sites\/17\/2023\/11\/o\u0308rebro_a\u030asa_6-266x178.jpg 266w, https:\/\/www.stjarnkliniken.com\/katrineholm\/wp-content\/uploads\/sites\/17\/2023\/11\/o\u0308rebro_a\u030asa_6-710x473.jpg 710w, https:\/\/www.stjarnkliniken.com\/katrineholm\/wp-content\/uploads\/sites\/17\/2023\/11\/o\u0308rebro_a\u030asa_6-268x178.jpg 268w, https:\/\/www.stjarnkliniken.com\/katrineholm\/wp-content\/uploads\/sites\/17\/2023\/11\/o\u0308rebro_a\u030asa_6-450x300.jpg 450w, https:\/\/www.stjarnkliniken.com\/katrineholm\/wp-content\/uploads\/sites\/17\/2023\/11\/o\u0308rebro_a\u030asa_6-780x520.jpg 780w, https:\/\/www.stjarnkliniken.com\/katrineholm\/wp-content\/uploads\/sites\/17\/2023\/11\/o\u0308rebro_a\u030asa_6.jpg 1100w\" sizes=\"auto, (max-width: 1024px) 100vw, 1024px\" \/>\t\t\t\n\t\t\t\t\t\t\n\t\t\t\t\t\t\t<div\n\t\t\t\t\tclass=\"overlay\"\n\t\t\t\t\tstyle=\"opacity:70%; \"\n\t\t\t\t><\/div>\n\t\t\t\n\t\t<\/div>\n\t<\/div>\n<\/div>\n<\/div>\n\n\n\n<div style=\"height:100px\" aria-hidden=\"true\" class=\"wp-block-spacer\"><\/div>\n\n\n\n<h2 class=\"wp-block-heading has-text-align-center\" id=\"h-vad-sager-vara-patienter-om-vara-naprapatbehandlingar\">Vad s\u00e4ger v\u00e5ra patienter om v\u00e5ra naprapatbehandlingar?<\/h2>\n\n\n\n<p>Vi \u00e4r passionerade \u00f6ver att ge v\u00e5ra patienter behandlingar som verkligen g\u00f6r skillnad. Med \u00f6ver 25 000 aktiva kunder runt om i landet l\u00e5ter vi deras behov och \u00f6nskem\u00e5l vara v\u00e5r st\u00f6rsta drivkraft.<\/p>\n\n\n\n<div style=\"overflow:hidden;max-width:100%;width:750px;height:350px;margin: 0 auto\"><div id=\"canvas-for-googlemap\" style=\"height:100%;width:100%;max-width:100%\"><\/div><a class=\"embed-ded-maphtml\" rel=\"nofollow\" href=\"https:\/\/www.bootstrapskins.com\/themes\" id=\"authorize-maps-data\">premium bootstrap themes<\/a>#canvas-for-googlemap .text-marker{}.map-generator{max-width: 100%; max-height: 100%; background: none;<\/div>\n\n\n\n<div style=\"height:100px\" aria-hidden=\"true\" class=\"wp-block-spacer\"><\/div>\n\n\n\n<div class=\"wp-block-group alignfull has-yellow-100-background-color has-background is-layout-flow wp-block-group-is-layout-flow\">\n<div class=\"wp-block-columns is-layout-flex wp-container-core-columns-is-layout-9d6595d7 wp-block-columns-is-layout-flex\">\n<div class=\"wp-block-column is-layout-flow wp-block-column-is-layout-flow\" style=\"flex-basis:25%\"><\/div>\n\n\n\n<div class=\"wp-block-column is-layout-flow wp-block-column-is-layout-flow\" style=\"padding-right:var(--wp--preset--spacing--20);padding-left:var(--wp--preset--spacing--20);flex-basis:50%\">\n<div style=\"height:100px\" aria-hidden=\"true\" class=\"wp-block-spacer\"><\/div>\n\n\n\n<h2 class=\"wp-block-heading has-text-align-center has-large-font-size\" id=\"h-friskvardsbidrag-vid-naprapatbehandling\">Friskv\u00e5rdsbidrag vid naprapatbehandling<\/h2>\n\n\n\n<p>Du kan anv\u00e4nda ditt friskv\u00e5rdsbidrag f\u00f6r vissa av v\u00e5ra naprapatbehandlingar. Friskv\u00e5rdsbidraget g\u00e4ller vid f\u00f6rebyggande behandlingar som syftar till att minska sm\u00e4rta, lindra muskelsp\u00e4nningar och f\u00f6rb\u00e4ttra r\u00f6rligheten. Har du fr\u00e5gor? H\u00f6r av dig s\u00e5 ber\u00e4ttar vi mer!<\/p>\n\n\n\n<div class=\"wp-block-buttons is-horizontal is-content-justification-center is-layout-flex wp-container-core-buttons-is-layout-499968f5 wp-block-buttons-is-layout-flex\">\n<div class=\"wp-block-button wp-block-button\"><a class=\"wp-block-button__link wp-element-button\" href=\"https:\/\/www.stjarnkliniken.com\/boka-nu\/\">Boka tid<\/a><\/div>\n<\/div>\n\n\n\n<div style=\"height:100px\" aria-hidden=\"true\" class=\"wp-block-spacer\"><\/div>\n<\/div>\n\n\n\n<div class=\"wp-block-column is-layout-flow wp-block-column-is-layout-flow\" style=\"flex-basis:25%\"><\/div>\n<\/div>\n<\/div>\n\n\n\n<div style=\"height:100px\" aria-hidden=\"true\" class=\"wp-block-spacer\"><\/div>\n\n\n\n<h2 class=\"wp-block-heading has-text-align-center\" id=\"h-vara-naprapatbehandlingar\">V\u00e5ra naprapatbehandlingar<\/h2>\n\n\n\n<p>Oavsett om du har akuta eller kroniska besv\u00e4r kan v\u00e5ra naprapater erbjuda en personligt anpassad behandling som hj\u00e4lper dig mot en sm\u00e4rtfri vardag. Vi tar ett helhetsgrepp fr\u00e5n b\u00f6rjan till slut och kombinerar manuella tekniker med individuella tr\u00e4ningsprogram f\u00f6r att adressera orsaken till din sm\u00e4rta, stelhet eller nedsatta r\u00f6rlighet. V\u00e5ra naprapatbehandlingar kan hj\u00e4lpa dig med som lider av:&nbsp;<\/p>\n\n\n\n<ul class=\"wp-block-list\">\n<li>Akuta sm\u00e4rtor som ryggskott och nacksp\u00e4rr<\/li>\n\n\n\n<li>Belastningsskador som tennisarmb\u00e5ge och golfarmb\u00e5ge<\/li>\n\n\n\n<li>Sp\u00e4nningshuvudv\u00e4rk och migr\u00e4n orsakad av muskelsp\u00e4nningar<\/li>\n\n\n\n<li>Idrottsrelaterade skador som l\u00f6parkn\u00e4 och muskelstr\u00e4ckningar<\/li>\n\n\n\n<li>Stelhet och v\u00e4rk i axlar, h\u00f6fter och kn\u00e4n<\/li>\n\n\n\n<li>Fotbesv\u00e4r som h\u00e4lsporre och stukningar<\/li>\n\n\n\n<li>Sm\u00e4rta i l\u00e4ndrygg och axelparti<\/li>\n\n\n\n<li>Ischias och tidiga stadier av diskbr\u00e5ck<\/li>\n\n\n\n<li>Muskelv\u00e4rk och \u00f6veranstr\u00e4ngning<\/li>\n\n\n\n<li>V\u00e4rk och stelhet p\u00e5 grund av stress eller d\u00e5lig h\u00e5llning<\/li>\n\n\n\n<li>L\u00e5ngvariga belastningsskador fr\u00e5n arbete eller fritidsaktiviteter<\/li>\n\n\n\n<li>Stelhet och sm\u00e4rta kopplad till artros<\/li>\n\n\n\n<li>Kroniska sm\u00e4rtbesv\u00e4r som ischias eller domningar<\/li>\n<\/ul>\n\n\n\n<p>Ta steget mot en sm\u00e4rtfri och r\u00f6rlig vardag &#8211; boka din tid idag!<\/p>\n\n\n\n<div class=\"wp-block-buttons is-horizontal is-content-justification-center is-layout-flex wp-container-core-buttons-is-layout-499968f5 wp-block-buttons-is-layout-flex\">\n<div class=\"wp-block-button wp-block-button\"><a class=\"wp-block-button__link wp-element-button\" href=\"https:\/\/www.stjarnkliniken.com\/boka-nu\/\">Boka tid<\/a><\/div>\n<\/div>\n\n\n\n<div style=\"height:100px\" aria-hidden=\"true\" class=\"wp-block-spacer\"><\/div>\n","protected":false},"excerpt":{"rendered":"<p>BOKA NAPRAPAT I KATRINEHOLM. \u00c5terf\u00e5 din r\u00f6rlighet med en naprapatbehandling som minskar sm\u00e4rta i muskler och stelhet i leder. Med v\u00e5ra individuellt anpassade naprapatbehandlingar kan vi s\u00e5v\u00e4l f\u00f6rebygga sm\u00e4rta som lindra b\u00e5de kortvariga och l\u00e5ngvariga besv\u00e4r<\/p>\n","protected":false},"author":2,"featured_media":0,"parent":0,"menu_order":0,"comment_status":"closed","ping_status":"closed","template":"","meta":{"_acf_changed":false,"footnotes":""},"class_list":["post-9532","page","type-page","status-publish","hentry"],"acf":[],"yoast_head":"<!-- This site is optimized with the Yoast SEO Premium plugin v22.6 (Yoast SEO v22.6) - https:\/\/yoast.com\/wordpress\/plugins\/seo\/ -->\n<title>Boka naprapat Katrineholm - F\u00f6r en sm\u00e4rtfri vardag<\/title>\n<meta name=\"description\" content=\"Bli kvitt sm\u00e4rta eller stelhet i dina muskler och leder med naprapatbehandling - individuellt anpassad f\u00f6r dina behov. Boka din naprapattid h\u00e4r!\" \/>\n<meta name=\"robots\" content=\"index, follow, max-snippet:-1, max-image-preview:large, max-video-preview:-1\" \/>\n<link rel=\"canonical\" href=\"https:\/\/www.stjarnkliniken.com\/katrineholm\/naprapat\/\" \/>\n<meta property=\"og:locale\" content=\"sv_SE\" \/>\n<meta property=\"og:type\" content=\"article\" \/>\n<meta property=\"og:title\" content=\"Boka naprapat i Katrineholm\" \/>\n<meta property=\"og:description\" content=\"Bli kvitt sm\u00e4rta eller stelhet i dina muskler och leder med naprapatbehandling - individuellt anpassad f\u00f6r dina behov. Boka din naprapattid h\u00e4r!\" \/>\n<meta property=\"og:url\" content=\"https:\/\/www.stjarnkliniken.com\/katrineholm\/naprapat\/\" \/>\n<meta property=\"og:site_name\" content=\"Katrineholm\" \/>\n<meta property=\"article:modified_time\" content=\"2025-01-17T10:29:20+00:00\" \/>\n<meta name=\"twitter:card\" content=\"summary_large_image\" \/>\n<meta name=\"twitter:label1\" content=\"Ber\u00e4knad l\u00e4stid\" \/>\n\t<meta name=\"twitter:data1\" content=\"2 minuter\" \/>\n<script type=\"application\/ld+json\" class=\"yoast-schema-graph\">{\"@context\":\"https:\/\/schema.org\",\"@graph\":[{\"@type\":\"WebPage\",\"@id\":\"https:\/\/www.stjarnkliniken.com\/katrineholm\/naprapat\/\",\"url\":\"https:\/\/www.stjarnkliniken.com\/katrineholm\/naprapat\/\",\"name\":\"Boka naprapat Katrineholm - F\u00f6r en sm\u00e4rtfri vardag\",\"isPartOf\":{\"@id\":\"https:\/\/www.stjarnkliniken.com\/katrineholm\/#website\"},\"datePublished\":\"2025-01-14T13:01:23+00:00\",\"dateModified\":\"2025-01-17T10:29:20+00:00\",\"description\":\"Bli kvitt sm\u00e4rta eller stelhet i dina muskler och leder med naprapatbehandling - individuellt anpassad f\u00f6r dina behov. Boka din naprapattid h\u00e4r!\",\"breadcrumb\":{\"@id\":\"https:\/\/www.stjarnkliniken.com\/katrineholm\/naprapat\/#breadcrumb\"},\"inLanguage\":\"sv-SE\",\"potentialAction\":[{\"@type\":\"ReadAction\",\"target\":[\"https:\/\/www.stjarnkliniken.com\/katrineholm\/naprapat\/\"]}]},{\"@type\":\"BreadcrumbList\",\"@id\":\"https:\/\/www.stjarnkliniken.com\/katrineholm\/naprapat\/#breadcrumb\",\"itemListElement\":[{\"@type\":\"ListItem\",\"position\":1,\"name\":\"Hem\",\"item\":\"https:\/\/www.stjarnkliniken.com\/katrineholm\/\"},{\"@type\":\"ListItem\",\"position\":2,\"name\":\"Boka naprapat i Katrineholm\"}]},{\"@type\":\"WebSite\",\"@id\":\"https:\/\/www.stjarnkliniken.com\/katrineholm\/#website\",\"url\":\"https:\/\/www.stjarnkliniken.com\/katrineholm\/\",\"name\":\"Katrineholm\",\"description\":\"Stj\u00e4rnkliniken: Naprapati &amp; massage - ingen v\u00e4ntetid, ingen remiss!\",\"potentialAction\":[{\"@type\":\"SearchAction\",\"target\":{\"@type\":\"EntryPoint\",\"urlTemplate\":\"https:\/\/www.stjarnkliniken.com\/katrineholm\/?s={search_term_string}\"},\"query-input\":\"required name=search_term_string\"}],\"inLanguage\":\"sv-SE\"}]}<\/script>\n<!-- \/ Yoast SEO Premium plugin. -->","yoast_head_json":{"title":"Boka naprapat Katrineholm - F\u00f6r en sm\u00e4rtfri vardag","description":"Bli kvitt sm\u00e4rta eller stelhet i dina muskler och leder med naprapatbehandling - individuellt anpassad f\u00f6r dina behov. Boka din naprapattid h\u00e4r!","robots":{"index":"index","follow":"follow","max-snippet":"max-snippet:-1","max-image-preview":"max-image-preview:large","max-video-preview":"max-video-preview:-1"},"canonical":"https:\/\/www.stjarnkliniken.com\/katrineholm\/naprapat\/","og_locale":"sv_SE","og_type":"article","og_title":"Boka naprapat i Katrineholm","og_description":"Bli kvitt sm\u00e4rta eller stelhet i dina muskler och leder med naprapatbehandling - individuellt anpassad f\u00f6r dina behov. Boka din naprapattid h\u00e4r!","og_url":"https:\/\/www.stjarnkliniken.com\/katrineholm\/naprapat\/","og_site_name":"Katrineholm","article_modified_time":"2025-01-17T10:29:20+00:00","twitter_card":"summary_large_image","twitter_misc":{"Ber\u00e4knad l\u00e4stid":"2 minuter"},"schema":{"@context":"https:\/\/schema.org","@graph":[{"@type":"WebPage","@id":"https:\/\/www.stjarnkliniken.com\/katrineholm\/naprapat\/","url":"https:\/\/www.stjarnkliniken.com\/katrineholm\/naprapat\/","name":"Boka naprapat Katrineholm - F\u00f6r en sm\u00e4rtfri vardag","isPartOf":{"@id":"https:\/\/www.stjarnkliniken.com\/katrineholm\/#website"},"datePublished":"2025-01-14T13:01:23+00:00","dateModified":"2025-01-17T10:29:20+00:00","description":"Bli kvitt sm\u00e4rta eller stelhet i dina muskler och leder med naprapatbehandling - individuellt anpassad f\u00f6r dina behov. Boka din naprapattid h\u00e4r!","breadcrumb":{"@id":"https:\/\/www.stjarnkliniken.com\/katrineholm\/naprapat\/#breadcrumb"},"inLanguage":"sv-SE","potentialAction":[{"@type":"ReadAction","target":["https:\/\/www.stjarnkliniken.com\/katrineholm\/naprapat\/"]}]},{"@type":"BreadcrumbList","@id":"https:\/\/www.stjarnkliniken.com\/katrineholm\/naprapat\/#breadcrumb","itemListElement":[{"@type":"ListItem","position":1,"name":"Hem","item":"https:\/\/www.stjarnkliniken.com\/katrineholm\/"},{"@type":"ListItem","position":2,"name":"Boka naprapat i Katrineholm"}]},{"@type":"WebSite","@id":"https:\/\/www.stjarnkliniken.com\/katrineholm\/#website","url":"https:\/\/www.stjarnkliniken.com\/katrineholm\/","name":"Katrineholm","description":"Stj\u00e4rnkliniken: Naprapati &amp; massage - ingen v\u00e4ntetid, ingen remiss!","potentialAction":[{"@type":"SearchAction","target":{"@type":"EntryPoint","urlTemplate":"https:\/\/www.stjarnkliniken.com\/katrineholm\/?s={search_term_string}"},"query-input":"required name=search_term_string"}],"inLanguage":"sv-SE"}]}},"_links":{"self":[{"href":"https:\/\/www.stjarnkliniken.com\/katrineholm\/wp-json\/wp\/v2\/pages\/9532","targetHints":{"allow":["GET"]}}],"collection":[{"href":"https:\/\/www.stjarnkliniken.com\/katrineholm\/wp-json\/wp\/v2\/pages"}],"about":[{"href":"https:\/\/www.stjarnkliniken.com\/katrineholm\/wp-json\/wp\/v2\/types\/page"}],"author":[{"embeddable":true,"href":"https:\/\/www.stjarnkliniken.com\/katrineholm\/wp-json\/wp\/v2\/users\/2"}],"replies":[{"embeddable":true,"href":"https:\/\/www.stjarnkliniken.com\/katrineholm\/wp-json\/wp\/v2\/comments?post=9532"}],"version-history":[{"count":3,"href":"https:\/\/www.stjarnkliniken.com\/katrineholm\/wp-json\/wp\/v2\/pages\/9532\/revisions"}],"predecessor-version":[{"id":9536,"href":"https:\/\/www.stjarnkliniken.com\/katrineholm\/wp-json\/wp\/v2\/pages\/9532\/revisions\/9536"}],"wp:attachment":[{"href":"https:\/\/www.stjarnkliniken.com\/katrineholm\/wp-json\/wp\/v2\/media?parent=9532"}],"curies":[{"name":"wp","href":"https:\/\/api.w.org\/{rel}","templated":true}]}}