{"id":8397,"date":"2022-05-19T12:42:07","date_gmt":"2022-05-19T12:42:07","guid":{"rendered":"https:\/\/www.stjarnkliniken.com\/microsite\/?page_id=8397"},"modified":"2026-02-27T07:59:08","modified_gmt":"2026-02-27T07:59:08","slug":"tjanster","status":"publish","type":"page","link":"https:\/\/www.stjarnkliniken.com\/katrineholm\/tjanster\/","title":{"rendered":"Tj\u00e4nster i Katrineholm"},"content":{"rendered":"\n<div style=\"height:100px\" aria-hidden=\"true\" class=\"wp-block-spacer\"><\/div>\n\n\n\n<h1 class=\"wp-block-heading alignwide has-text-align-center\" id=\"h-vara-tjanster-i-katrineholm\"><em> V\u00c5RA TJ\u00c4NSTER I KATRINEHOLM<\/em><\/h1>\n\n\n\n<div class=\"wp-block-group alignwide is-layout-flow wp-block-group-is-layout-flow\">\n<h5 class=\"wp-block-heading has-text-align-center has-medium-font-size\" id=\"h-hos-oss-har-du-alla-mojligheter-att-forebygga-optimera-eller-behandla-en-skada\">Hos oss har du alla m\u00f6jligheter att f\u00f6rebygga, optimera eller behandla en skada<\/h5>\n<\/div>\n\n\n\n<div style=\"height:51px\" aria-hidden=\"true\" class=\"wp-block-spacer\"><\/div>\n\n\n\n<div class=\"wp-block-group alignwide service-row is-layout-flow wp-block-group-is-layout-flow\">\n<div class=\"wp-block-columns alignwide has-same-height is-layout-flex wp-container-core-columns-is-layout-9d6595d7 wp-block-columns-is-layout-flex\">\n<div class=\"wp-block-column is-layout-flow wp-block-column-is-layout-flow\">\n<div class=\"wp-block-group has-white-color has-yellow-600-background-color has-text-color has-background is-layout-flow wp-block-group-is-layout-flow\" style=\"padding-top:30px;padding-right:40px;padding-bottom:30px;padding-left:40px\">\n<h2 class=\"wp-block-heading alignfull has-white-color has-text-color has-large-font-size\" id=\"h-kropps-behandling\">KROPPS-BEHANDLING<\/h2>\n\n\n\n<div style=\"height:25px\" aria-hidden=\"true\" class=\"wp-block-spacer\"><\/div>\n<\/div>\n<\/div>\n\n\n\n<div class=\"wp-block-column is-layout-flow wp-block-column-is-layout-flow\">\n<div class=\"wp-block-group has-yellow-100-background-color has-background is-layout-flow wp-block-group-is-layout-flow\" style=\"padding-top:30px;padding-right:40px;padding-bottom:30px;padding-left:40px\">\n<figure class=\"wp-block-image size-large is-resized\"><img decoding=\"async\" src=\"https:\/\/www.stjarnkliniken.com\/wp-content\/uploads\/2022\/04\/Group-9.png\" alt=\"\" class=\"wp-image-66\" style=\"width:60px\"\/><\/figure>\n\n\n\n<h4 class=\"wp-block-heading\" id=\"h-friskvardande-behandling\"><a href=\"https:\/\/www.stjarnkliniken.com\/friskvardande-behandling\/\"><span class=\"has-inline-color has-black-color\">Friskv\u00e5rdande behandling<\/span><\/a><\/h4>\n\n\n\n<p>Tj\u00e4nsten f\u00f6r dig som vill nyttja ditt friskv\u00e5rdsbidrag hos v\u00e5ra&nbsp;naprapater, fysioterapeuter eller kiropraktorer.&nbsp;Din arbetsgivare har nu m\u00f6jlighet att godk\u00e4nna dessa tj\u00e4nster som friskv\u00e5rd med 25% moms.<\/p>\n\n\n\n<p><em>Denna tj\u00e4nst uppfyller Skatteverkets krav f\u00f6r friskv\u00e5rd. Dock \u00e4r det viktigt att du vet vad som g\u00e4ller p\u00e5 just din arbetsplats innan du bokar din tid.<\/em><\/p>\n<\/div>\n<\/div>\n\n\n\n<div class=\"wp-block-column is-layout-flow wp-block-column-is-layout-flow\">\n<div class=\"wp-block-group has-yellow-100-background-color has-background is-layout-flow wp-block-group-is-layout-flow\" style=\"padding-top:30px;padding-right:40px;padding-bottom:30px;padding-left:40px\">\n<figure class=\"wp-block-image size-large is-resized\"><img decoding=\"async\" src=\"https:\/\/www.stjarnkliniken.com\/wp-content\/uploads\/2022\/04\/Group-9.png\" alt=\"\" class=\"wp-image-66\" style=\"width:60px\"\/><\/figure>\n\n\n\n<h4 class=\"wp-block-heading\" id=\"h-naprapati\"><a href=\"https:\/\/www.stjarnkliniken.com\/naprapati\/\"><span class=\"has-inline-color has-black-color\">Naprapati<\/span><\/a><\/h4>\n\n\n\n<p>Naprapatens huvudsakliga m\u00e5l \u00e4r att ta bort sm\u00e4rtan som uppst\u00e5r n\u00e4r samspelet mellan muskler, leder och nervsystem inte fungerar. D\u00e4refter \u00e5terst\u00e4ller naprapaten kroppens r\u00f6relsef\u00f6rm\u00e5ga och analyserar bakomliggande orsaker.<\/p>\n\n\n\n<p><a href=\"https:\/\/www.stjarnkliniken.com\/katrineholm\/naprapat\/\">L\u00e4s mer om naprapat i Katrineholm h\u00e4r!<\/a><\/p>\n<\/div>\n<\/div>\n<\/div>\n\n\n\n<div class=\"wp-block-columns alignwide has-same-height is-layout-flex wp-container-core-columns-is-layout-9d6595d7 wp-block-columns-is-layout-flex\">\n<div class=\"wp-block-column is-layout-flow wp-block-column-is-layout-flow\">\n<div class=\"wp-block-group has-yellow-100-background-color has-background is-layout-flow wp-block-group-is-layout-flow\" style=\"padding-top:30px;padding-right:40px;padding-bottom:30px;padding-left:40px\">\n<figure class=\"wp-block-image size-large is-resized\"><img decoding=\"async\" src=\"https:\/\/www.stjarnkliniken.com\/wp-content\/uploads\/2022\/04\/Group-9.png\" alt=\"\" class=\"wp-image-66\" style=\"width:60px\"\/><\/figure>\n\n\n\n<h4 class=\"wp-block-heading\" id=\"h-fysioterapi\"><a href=\"https:\/\/www.stjarnkliniken.com\/sjukgymnastik\/\"><span class=\"has-inline-color has-black-color\">Fysioterapi<\/span><\/a><\/h4>\n\n\n\n<p>Fysioterapeuten kan f\u00f6rebygga, utreda och behandla olika typer av funktionsrubbningar och sm\u00e4rttillst\u00e5nd. Det kan handla om allt fr\u00e5n bed\u00f6mning eller behandling av skador och sjukdomar till rehabilitering efter exempelvis en operation.<\/p>\n<\/div>\n<\/div>\n\n\n\n<div class=\"wp-block-column is-layout-flow wp-block-column-is-layout-flow\">\n<div class=\"wp-block-group has-yellow-100-background-color has-background is-layout-flow wp-block-group-is-layout-flow\" style=\"padding-top:30px;padding-right:40px;padding-bottom:30px;padding-left:40px\">\n<figure class=\"wp-block-image size-large is-resized\"><img decoding=\"async\" src=\"https:\/\/www.stjarnkliniken.com\/wp-content\/uploads\/2022\/04\/Group-9.png\" alt=\"\" class=\"wp-image-66\" style=\"width:60px\"\/><\/figure>\n\n\n\n<h4 class=\"wp-block-heading\" id=\"h-massage\"><a href=\"https:\/\/www.stjarnkliniken.com\/massage\/\"><span class=\"has-inline-color has-black-color\">Massage<\/span><\/a><\/h4>\n\n\n\n<p>Vi anpassar alltid massagebehandlingen efter dina behov. Behandlande massage, idrottsmassage och gravidmassage.<\/p>\n<\/div>\n<\/div>\n\n\n\n<div class=\"wp-block-column is-layout-flow wp-block-column-is-layout-flow\">\n<div class=\"wp-block-group has-yellow-100-background-color has-background is-layout-flow wp-block-group-is-layout-flow\" style=\"padding-top:30px;padding-right:40px;padding-bottom:30px;padding-left:40px\">\n<figure class=\"wp-block-image size-large is-resized\"><img decoding=\"async\" src=\"https:\/\/www.stjarnkliniken.com\/wp-content\/uploads\/2022\/04\/Group-9.png\" alt=\"\" class=\"wp-image-66\" style=\"width:60px\"\/><\/figure>\n\n\n\n<h4 class=\"wp-block-heading\" id=\"h-kiropraktik\"><a href=\"https:\/\/www.stjarnkliniken.com\/kiropraktorbehandling\/\"><span class=\"has-inline-color has-black-color\">Kiropraktik<\/span><\/a><\/h4>\n\n\n\n<p>Kiropraktorns huvudsakliga m\u00e5l \u00e4r att ta bort sm\u00e4rtan som uppst\u00e5r n\u00e4r samspelet mellan muskler, leder och nervsystem inte fungerar. D\u00e4refter \u00e5terst\u00e4ller kiropraktorn kroppens r\u00f6relsef\u00f6rm\u00e5ga och analyserar bakomliggande orsaker.<\/p>\n<\/div>\n<\/div>\n<\/div>\n\n\n\n<div class=\"wp-block-columns alignwide has-same-height is-layout-flex wp-container-core-columns-is-layout-9d6595d7 wp-block-columns-is-layout-flex\">\n<div class=\"wp-block-column is-layout-flow wp-block-column-is-layout-flow\">\n<div class=\"wp-block-group has-yellow-100-background-color has-background is-layout-flow wp-block-group-is-layout-flow\" style=\"padding-top:30px;padding-right:40px;padding-bottom:30px;padding-left:40px\">\n<figure class=\"wp-block-image size-large is-resized\"><img decoding=\"async\" src=\"https:\/\/www.stjarnkliniken.com\/wp-content\/uploads\/2022\/04\/Group-9.png\" alt=\"\" class=\"wp-image-66\" style=\"width:60px\"\/><\/figure>\n\n\n\n<h4 class=\"wp-block-heading\" id=\"h-stotvag\"><a href=\"https:\/\/www.stjarnkliniken.com\/stotvagsbehandling\/\"><span class=\"has-inline-color has-black-color\">St\u00f6tv\u00e5g<\/span><\/a><\/h4>\n\n\n\n<p>St\u00f6tv\u00e5g hj\u00e4lper till att stimulera l\u00e4kning i mjukv\u00e4vnad, fr\u00e4mjar l\u00e4kning genom stimulans av nybildning av k\u00e4rl samt nedreglerar fris\u00e4ttning av inflammatoriska \u00e4mnen i omr\u00e5det.<\/p>\n<\/div>\n<\/div>\n\n\n\n<div class=\"wp-block-column is-layout-flow wp-block-column-is-layout-flow\">\n<div class=\"wp-block-group has-yellow-100-background-color has-background is-layout-flow wp-block-group-is-layout-flow\" style=\"padding-top:30px;padding-right:40px;padding-bottom:30px;padding-left:40px\">\n<figure class=\"wp-block-image size-large is-resized\"><img decoding=\"async\" src=\"https:\/\/www.stjarnkliniken.com\/wp-content\/uploads\/2022\/04\/Group-9.png\" alt=\"\" class=\"wp-image-66\" style=\"width:60px\"\/><\/figure>\n\n\n\n<h4 class=\"wp-block-heading\" id=\"h-regionsavtal\"><span class=\"has-inline-color has-black-color\">Regionsavtal<\/span><\/h4>\n\n\n\n<p>P\u00e5 Stj\u00e4rnkliniken i Katrineholm kan du som \u00e4r \u00f6ver 18 \u00e5r tr\u00e4ffa v\u00e5r Leg. Kiropraktor Mats Stj\u00e4rnholm som \u00e4r ansluten till Region S\u00f6rmland. Du kan bes\u00f6ka Mats 4ggr\/\u00e5r via detta avtal oberoende besv\u00e4r f\u00f6r 260 kr\/bes\u00f6k och h\u00f6gkostnadsskydd g\u00e4ller. Vid uteblivet bes\u00f6k debiteras du med 410 kr.<\/p>\n<\/div>\n<\/div>\n\n\n\n<div class=\"wp-block-column is-layout-flow wp-block-column-is-layout-flow\">\n<div class=\"wp-block-group has-yellow-100-background-color has-background is-layout-flow wp-block-group-is-layout-flow\" style=\"padding-top:30px;padding-right:40px;padding-bottom:30px;padding-left:40px\">\n<figure class=\"wp-block-image size-large is-resized\"><img decoding=\"async\" src=\"https:\/\/www.stjarnkliniken.com\/wp-content\/uploads\/2022\/04\/Group-9.png\" alt=\"\" class=\"wp-image-66\" style=\"width:60px\"\/><\/figure>\n\n\n\n<h4 class=\"wp-block-heading\" id=\"h-arbetsinriktad-rehabilitering\"><span class=\"has-inline-color has-black-color\">Arbetsinriktad rehabilitering<\/span><\/h4>\n\n\n\n<p>Arbetsinriktad rehabilitering syftar till att f\u00f6rebygga arbetsskador, st\u00f6dja \u00e5terg\u00e5ng i arbete samt st\u00e4rka belastningsf\u00f6rm\u00e5ga och utf\u00f6rs av naprapat\/fysioterapeut\/kiropraktor.<\/p>\n\n\n\n<p><em><em>Denna tj\u00e4nst uppfyller Skatteverkets krav f\u00f6r friskv\u00e5rd. Dock \u00e4r det viktigt att du vet vad som g\u00e4ller p\u00e5 just din arbetsplats innan du bokar din tid.<\/em><\/em><\/p>\n<\/div>\n<\/div>\n<\/div>\n<\/div>\n\n\n\n<div style=\"height:50px\" aria-hidden=\"true\" class=\"wp-block-spacer\"><\/div>\n\n\n\n<div class=\"wp-block-group alignwide service-row is-layout-flow wp-block-group-is-layout-flow\">\n<div class=\"wp-block-columns alignwide has-same-height is-layout-flex wp-container-core-columns-is-layout-9d6595d7 wp-block-columns-is-layout-flex\">\n<div class=\"wp-block-column is-layout-flow wp-block-column-is-layout-flow\">\n<div class=\"wp-block-group has-white-color has-yellow-600-background-color has-text-color has-background is-layout-flow wp-block-group-is-layout-flow\" style=\"padding-top:30px;padding-right:40px;padding-bottom:30px;padding-left:40px\">\n<h2 class=\"wp-block-heading alignfull has-white-color has-text-color has-large-font-size\" id=\"h-traning-amp-nulage\">TR\u00c4NING &amp; NUL\u00c4GE<\/h2>\n\n\n\n<div style=\"height:25px\" aria-hidden=\"true\" class=\"wp-block-spacer\"><\/div>\n<\/div>\n<\/div>\n\n\n\n<div class=\"wp-block-column is-layout-flow wp-block-column-is-layout-flow\">\n<div class=\"wp-block-group has-yellow-100-background-color has-background is-layout-flow wp-block-group-is-layout-flow\" style=\"padding-top:30px;padding-right:40px;padding-bottom:30px;padding-left:40px\">\n<figure class=\"wp-block-image size-large is-resized\"><img loading=\"lazy\" decoding=\"async\" width=\"120\" height=\"120\" src=\"https:\/\/www.stjarnkliniken.com\/wp-content\/uploads\/2022\/04\/Group-963.png\" alt=\"\" class=\"wp-image-25\" style=\"width:60px\"\/><\/figure>\n\n\n\n<h4 class=\"wp-block-heading\" id=\"h-personlig-traning\"><a href=\"https:\/\/www.stjarnkliniken.com\/personlig-traning-pt\/\"><span class=\"has-inline-color has-black-color\">Personlig Tr\u00e4ning<\/span><\/a><\/h4>\n\n\n\n<p>Tr\u00e4na med oss p\u00e5 Stj\u00e4rnkliniken! Vi hj\u00e4lper dig att n\u00e5 dina m\u00e5l oavsett om det g\u00e4ller att bli starkare eller att f\u00e5 b\u00e4ttre kondition.<\/p>\n<\/div>\n<\/div>\n\n\n\n<div class=\"wp-block-column is-layout-flow wp-block-column-is-layout-flow\"><\/div>\n<\/div>\n<\/div>\n\n\n\n<div style=\"height:50px\" aria-hidden=\"true\" class=\"wp-block-spacer\"><\/div>\n\n\n\n<div class=\"wp-block-group alignwide service-row is-layout-flow wp-block-group-is-layout-flow\">\n<div class=\"wp-block-columns alignwide has-same-height is-layout-flex wp-container-core-columns-is-layout-9d6595d7 wp-block-columns-is-layout-flex\">\n<div class=\"wp-block-column is-layout-flow wp-block-column-is-layout-flow\">\n<div class=\"wp-block-group has-white-color has-yellow-600-background-color has-text-color has-background is-layout-flow wp-block-group-is-layout-flow\" style=\"padding-top:30px;padding-right:40px;padding-bottom:30px;padding-left:40px\">\n<h2 class=\"wp-block-heading alignfull has-white-color has-text-color has-large-font-size\" id=\"h-individuell-coaching\">INDIVIDUELL COACHING<\/h2>\n\n\n\n<div style=\"height:25px\" aria-hidden=\"true\" class=\"wp-block-spacer\"><\/div>\n<\/div>\n<\/div>\n\n\n\n<div class=\"wp-block-column is-layout-flow wp-block-column-is-layout-flow\">\n<div class=\"wp-block-group has-yellow-100-background-color has-background is-layout-flow wp-block-group-is-layout-flow\" style=\"padding-top:30px;padding-right:40px;padding-bottom:30px;padding-left:40px\">\n<figure class=\"wp-block-image size-large is-resized\"><img loading=\"lazy\" decoding=\"async\" width=\"100\" height=\"100\" src=\"https:\/\/www.stjarnkliniken.com\/wp-content\/uploads\/2022\/04\/Group-961.png\" alt=\"\" class=\"wp-image-24\" style=\"width:60px;height:60px\"\/><\/figure>\n\n\n\n<h4 class=\"wp-block-heading\" id=\"h-kostradgivning\"><span class=\"has-inline-color has-black-color\">Kostr\u00e5dgivning<\/span><\/h4>\n\n\n\n<p>P\u00e5 Stj\u00e4rnkliniken tr\u00e4ffar du&nbsp;fysiskt eller online v\u00e5ra&nbsp;utbildade och certifierade&nbsp;kostr\u00e5dgivare&nbsp;som hj\u00e4lper dig se \u00f6ver din kosth\u00e5llning. Vi analyserar&nbsp;hur du&nbsp;n\u00e4rings-&nbsp;och energim\u00e4ssigt&nbsp;\u00e4ter idag och vad du beh\u00f6ver&nbsp;g\u00f6ra f\u00f6r f\u00f6r\u00e4ndringar fram\u00e5t&nbsp;f\u00f6r att n\u00e5 dina m\u00e5l.&nbsp;<a href=\"https:\/\/stjarnkliniken.app.myaimi.se\/boka\/linkoping\">Boka h\u00e4r!<\/a><\/p>\n<\/div>\n<\/div>\n\n\n\n<div class=\"wp-block-column is-layout-flow wp-block-column-is-layout-flow\"><\/div>\n<\/div>\n<\/div>\n\n\n\n<div style=\"height:50px\" aria-hidden=\"true\" class=\"wp-block-spacer\"><\/div>\n\n\n\n<div style=\"height:60px\" aria-hidden=\"true\" class=\"wp-block-spacer\"><\/div>\n\n\n\n<p><\/p>\n","protected":false},"excerpt":{"rendered":"<p>V\u00c5RA TJ\u00c4NSTER I KATRINEHOLM. Hos oss har du alla m\u00f6jligheter att f\u00f6rebygga, optimera eller behandla en skada. <\/p>\n","protected":false},"author":2,"featured_media":0,"parent":0,"menu_order":0,"comment_status":"closed","ping_status":"closed","template":"","meta":{"_acf_changed":false,"footnotes":""},"class_list":["post-8397","page","type-page","status-publish","hentry"],"acf":[],"yoast_head":"<!-- This site is optimized with the Yoast SEO Premium plugin v22.6 (Yoast SEO v22.6) - https:\/\/yoast.com\/wordpress\/plugins\/seo\/ -->\n<title>Tj\u00e4nster i Katrineholm - Katrineholm<\/title>\n<meta name=\"robots\" content=\"index, follow, max-snippet:-1, max-image-preview:large, max-video-preview:-1\" \/>\n<link rel=\"canonical\" href=\"https:\/\/www.stjarnkliniken.com\/katrineholm\/tjanster\/\" \/>\n<meta property=\"og:locale\" content=\"sv_SE\" \/>\n<meta property=\"og:type\" content=\"article\" \/>\n<meta property=\"og:title\" content=\"Tj\u00e4nster i Katrineholm\" \/>\n<meta property=\"og:description\" content=\"V\u00c5RA TJ\u00c4NSTER I KATRINEHOLM. Hos oss har du alla m\u00f6jligheter att f\u00f6rebygga, optimera eller behandla en skada.\" \/>\n<meta property=\"og:url\" content=\"https:\/\/www.stjarnkliniken.com\/katrineholm\/tjanster\/\" \/>\n<meta property=\"og:site_name\" content=\"Katrineholm\" \/>\n<meta property=\"article:modified_time\" content=\"2026-02-27T07:59:08+00:00\" \/>\n<meta property=\"og:image\" content=\"https:\/\/www.stjarnkliniken.com\/wp-content\/uploads\/2022\/04\/Group-9.png\" \/>\n<meta name=\"twitter:card\" content=\"summary_large_image\" \/>\n<meta name=\"twitter:label1\" content=\"Ber\u00e4knad l\u00e4stid\" \/>\n\t<meta name=\"twitter:data1\" content=\"4 minuter\" \/>\n<script type=\"application\/ld+json\" class=\"yoast-schema-graph\">{\"@context\":\"https:\/\/schema.org\",\"@graph\":[{\"@type\":\"WebPage\",\"@id\":\"https:\/\/www.stjarnkliniken.com\/katrineholm\/tjanster\/\",\"url\":\"https:\/\/www.stjarnkliniken.com\/katrineholm\/tjanster\/\",\"name\":\"Tj\u00e4nster i Katrineholm - Katrineholm\",\"isPartOf\":{\"@id\":\"https:\/\/www.stjarnkliniken.com\/katrineholm\/#website\"},\"primaryImageOfPage\":{\"@id\":\"https:\/\/www.stjarnkliniken.com\/katrineholm\/tjanster\/#primaryimage\"},\"image\":{\"@id\":\"https:\/\/www.stjarnkliniken.com\/katrineholm\/tjanster\/#primaryimage\"},\"thumbnailUrl\":\"https:\/\/www.stjarnkliniken.com\/wp-content\/uploads\/2022\/04\/Group-9.png\",\"datePublished\":\"2022-05-19T12:42:07+00:00\",\"dateModified\":\"2026-02-27T07:59:08+00:00\",\"breadcrumb\":{\"@id\":\"https:\/\/www.stjarnkliniken.com\/katrineholm\/tjanster\/#breadcrumb\"},\"inLanguage\":\"sv-SE\",\"potentialAction\":[{\"@type\":\"ReadAction\",\"target\":[\"https:\/\/www.stjarnkliniken.com\/katrineholm\/tjanster\/\"]}]},{\"@type\":\"ImageObject\",\"inLanguage\":\"sv-SE\",\"@id\":\"https:\/\/www.stjarnkliniken.com\/katrineholm\/tjanster\/#primaryimage\",\"url\":\"https:\/\/www.stjarnkliniken.com\/wp-content\/uploads\/2022\/04\/Group-9.png\",\"contentUrl\":\"https:\/\/www.stjarnkliniken.com\/wp-content\/uploads\/2022\/04\/Group-9.png\"},{\"@type\":\"BreadcrumbList\",\"@id\":\"https:\/\/www.stjarnkliniken.com\/katrineholm\/tjanster\/#breadcrumb\",\"itemListElement\":[{\"@type\":\"ListItem\",\"position\":1,\"name\":\"Hem\",\"item\":\"https:\/\/www.stjarnkliniken.com\/katrineholm\/\"},{\"@type\":\"ListItem\",\"position\":2,\"name\":\"Tj\u00e4nster i Katrineholm\"}]},{\"@type\":\"WebSite\",\"@id\":\"https:\/\/www.stjarnkliniken.com\/katrineholm\/#website\",\"url\":\"https:\/\/www.stjarnkliniken.com\/katrineholm\/\",\"name\":\"Katrineholm\",\"description\":\"Stj\u00e4rnkliniken: Naprapati &amp; massage - ingen v\u00e4ntetid, ingen remiss!\",\"potentialAction\":[{\"@type\":\"SearchAction\",\"target\":{\"@type\":\"EntryPoint\",\"urlTemplate\":\"https:\/\/www.stjarnkliniken.com\/katrineholm\/?s={search_term_string}\"},\"query-input\":\"required name=search_term_string\"}],\"inLanguage\":\"sv-SE\"}]}<\/script>\n<!-- \/ Yoast SEO Premium plugin. -->","yoast_head_json":{"title":"Tj\u00e4nster i Katrineholm - Katrineholm","robots":{"index":"index","follow":"follow","max-snippet":"max-snippet:-1","max-image-preview":"max-image-preview:large","max-video-preview":"max-video-preview:-1"},"canonical":"https:\/\/www.stjarnkliniken.com\/katrineholm\/tjanster\/","og_locale":"sv_SE","og_type":"article","og_title":"Tj\u00e4nster i Katrineholm","og_description":"V\u00c5RA TJ\u00c4NSTER I KATRINEHOLM. Hos oss har du alla m\u00f6jligheter att f\u00f6rebygga, optimera eller behandla en skada.","og_url":"https:\/\/www.stjarnkliniken.com\/katrineholm\/tjanster\/","og_site_name":"Katrineholm","article_modified_time":"2026-02-27T07:59:08+00:00","og_image":[{"url":"https:\/\/www.stjarnkliniken.com\/wp-content\/uploads\/2022\/04\/Group-9.png"}],"twitter_card":"summary_large_image","twitter_misc":{"Ber\u00e4knad l\u00e4stid":"4 minuter"},"schema":{"@context":"https:\/\/schema.org","@graph":[{"@type":"WebPage","@id":"https:\/\/www.stjarnkliniken.com\/katrineholm\/tjanster\/","url":"https:\/\/www.stjarnkliniken.com\/katrineholm\/tjanster\/","name":"Tj\u00e4nster i Katrineholm - Katrineholm","isPartOf":{"@id":"https:\/\/www.stjarnkliniken.com\/katrineholm\/#website"},"primaryImageOfPage":{"@id":"https:\/\/www.stjarnkliniken.com\/katrineholm\/tjanster\/#primaryimage"},"image":{"@id":"https:\/\/www.stjarnkliniken.com\/katrineholm\/tjanster\/#primaryimage"},"thumbnailUrl":"https:\/\/www.stjarnkliniken.com\/wp-content\/uploads\/2022\/04\/Group-9.png","datePublished":"2022-05-19T12:42:07+00:00","dateModified":"2026-02-27T07:59:08+00:00","breadcrumb":{"@id":"https:\/\/www.stjarnkliniken.com\/katrineholm\/tjanster\/#breadcrumb"},"inLanguage":"sv-SE","potentialAction":[{"@type":"ReadAction","target":["https:\/\/www.stjarnkliniken.com\/katrineholm\/tjanster\/"]}]},{"@type":"ImageObject","inLanguage":"sv-SE","@id":"https:\/\/www.stjarnkliniken.com\/katrineholm\/tjanster\/#primaryimage","url":"https:\/\/www.stjarnkliniken.com\/wp-content\/uploads\/2022\/04\/Group-9.png","contentUrl":"https:\/\/www.stjarnkliniken.com\/wp-content\/uploads\/2022\/04\/Group-9.png"},{"@type":"BreadcrumbList","@id":"https:\/\/www.stjarnkliniken.com\/katrineholm\/tjanster\/#breadcrumb","itemListElement":[{"@type":"ListItem","position":1,"name":"Hem","item":"https:\/\/www.stjarnkliniken.com\/katrineholm\/"},{"@type":"ListItem","position":2,"name":"Tj\u00e4nster i Katrineholm"}]},{"@type":"WebSite","@id":"https:\/\/www.stjarnkliniken.com\/katrineholm\/#website","url":"https:\/\/www.stjarnkliniken.com\/katrineholm\/","name":"Katrineholm","description":"Stj\u00e4rnkliniken: Naprapati &amp; massage - ingen v\u00e4ntetid, ingen remiss!","potentialAction":[{"@type":"SearchAction","target":{"@type":"EntryPoint","urlTemplate":"https:\/\/www.stjarnkliniken.com\/katrineholm\/?s={search_term_string}"},"query-input":"required name=search_term_string"}],"inLanguage":"sv-SE"}]}},"_links":{"self":[{"href":"https:\/\/www.stjarnkliniken.com\/katrineholm\/wp-json\/wp\/v2\/pages\/8397","targetHints":{"allow":["GET"]}}],"collection":[{"href":"https:\/\/www.stjarnkliniken.com\/katrineholm\/wp-json\/wp\/v2\/pages"}],"about":[{"href":"https:\/\/www.stjarnkliniken.com\/katrineholm\/wp-json\/wp\/v2\/types\/page"}],"author":[{"embeddable":true,"href":"https:\/\/www.stjarnkliniken.com\/katrineholm\/wp-json\/wp\/v2\/users\/2"}],"replies":[{"embeddable":true,"href":"https:\/\/www.stjarnkliniken.com\/katrineholm\/wp-json\/wp\/v2\/comments?post=8397"}],"version-history":[{"count":5,"href":"https:\/\/www.stjarnkliniken.com\/katrineholm\/wp-json\/wp\/v2\/pages\/8397\/revisions"}],"predecessor-version":[{"id":9598,"href":"https:\/\/www.stjarnkliniken.com\/katrineholm\/wp-json\/wp\/v2\/pages\/8397\/revisions\/9598"}],"wp:attachment":[{"href":"https:\/\/www.stjarnkliniken.com\/katrineholm\/wp-json\/wp\/v2\/media?parent=8397"}],"curies":[{"name":"wp","href":"https:\/\/api.w.org\/{rel}","templated":true}]}}