{"id":9480,"date":"2025-04-06T13:06:21","date_gmt":"2025-04-06T13:06:21","guid":{"rendered":"https:\/\/www.stjarnkliniken.com\/goteborg-haga\/?page_id=9480"},"modified":"2026-02-03T08:43:54","modified_gmt":"2026-02-03T08:43:54","slug":"kontakt-goteborg","status":"publish","type":"page","link":"https:\/\/www.stjarnkliniken.com\/goteborg-haga\/kontakt-goteborg\/","title":{"rendered":"Kontakt G\u00f6teborg"},"content":{"rendered":"\n<p class=\"has-text-align-center\"><\/p>\n\n\n\n<div class=\"wp-block-group alignfull has-black-color has-yellow-100-background-color has-text-color has-background is-layout-flow wp-block-group-is-layout-flow\" style=\"padding-top:100px;padding-right:100px;padding-bottom:100px;padding-left:100px\">\n<h1 class=\"wp-block-heading has-text-align-center\" id=\"h-kontakt-goteborg\"><em>KONTAKT G\u00d6TEBORG<\/em><\/h1>\n<\/div>\n\n\n\n<div style=\"height:87px\" aria-hidden=\"true\" class=\"wp-block-spacer\"><\/div>\n\n\n\n<h2 class=\"wp-block-heading has-text-align-center\" id=\"h-om-kliniken\">Om kliniken<\/h2>\n\n\n\n<p class=\"has-text-align-center\"><br><strong>Adress:<\/strong> <mark><mark style=\"background-color:#ffffff\" class=\"has-inline-color\"><a href=\"https:\/\/www.google.se\/maps\/place\/Stj\u00e4rnkliniken+G\u00f6teborg+Haga\/@57.699626,11.9552574,17z\/data=!3m1!4b1!4m6!3m5!1s0x464ff33a821d6c97:0x75f8a182e352c621!8m2!3d57.6996232!4d11.9578323!16s%2Fg%2F11mbgml6m2?coh=245189&amp;entry=tts&amp;g_ep=EgoyMDI1MDIxOS4xIPu8ASoJLDEwMjExNDU1SAFQAw%3D%3D\" target=\"_blank\" rel=\"noreferrer noopener\">S<\/a><\/mark><a href=\"https:\/\/www.google.se\/maps\/place\/Stj\u00e4rnkliniken+G\u00f6teborg+Haga\/@57.699626,11.9552574,17z\/data=!3m1!4b1!4m6!3m5!1s0x464ff33a821d6c97:0x75f8a182e352c621!8m2!3d57.6996232!4d11.9578323!16s%2Fg%2F11mbgml6m2?coh=245189&amp;entry=tts&amp;g_ep=EgoyMDI1MDIxOS4xIPu8ASoJLDEwMjExNDU1SAFQAw%3D%3D\"><mark style=\"background-color:#ffffff\" class=\"has-inline-color\">\u00f6dra All\u00e9gatan 6, Axesshuset<\/mark><\/a><\/mark><mark style=\"background-color:#ffffff\" class=\"has-inline-color\"><a href=\"https:\/\/www.google.se\/maps\/place\/Stj\u00e4rnkliniken+G\u00f6teborg+Haga\/@57.699626,11.9552574,17z\/data=!3m1!4b1!4m6!3m5!1s0x464ff33a821d6c97:0x75f8a182e352c621!8m2!3d57.6996232!4d11.9578323!16s%2Fg%2F11mbgml6m2?coh=245189&amp;entry=tts&amp;g_ep=EgoyMDI1MDIxOS4xIPu8ASoJLDEwMjExNDU1SAFQAw%3D%3D\"> (klicka h\u00e4r f\u00f6r v\u00e4gbeskrivning)<\/a><\/mark><br><strong>\u00d6ppettider:<\/strong> M\u00e5ndag &#8211; fredag, kl. 08:00 &#8211; 17:00<br><strong>Reception:<\/strong>&nbsp;Obemannad.<br><br>Ringklocka p\u00e5 v\u00e4ggen bredvid d\u00f6rren efter kl. 16.00. Ringklockan finns bredvid \u201dStj\u00e4rnkliniken\u201d p\u00e5 skylten utanf\u00f6r entr\u00e9n.&nbsp;&nbsp;<br><br>Vi tar inte emot patienter via v\u00e5rdavtal i G\u00f6teborg.&nbsp;<br><br><strong>N\u00e4rmaste h\u00e5llplats med sp\u00e5rvagn eller buss<\/strong>&nbsp;<br>J\u00e4rntorget, 2 min g\u00e5ng.<br>Hagakyrkan, 2 min g\u00e5ng.<br><br><strong>Parkering<\/strong><br>Parkering finns i samma hus p\u00e5 bottenplan. Du kan k\u00f6ra in p\u00e5 b\u00e5da kortsidor av huset, f\u00f6rslagsvis via Skolgatan.<br><br>Kliniken ligger ca 15 min promenad fr\u00e5n Centralstationen.<\/p>\n\n\n\n<p class=\"has-text-align-center\" id=\"h-har-du-fragor-om-tjansten\"><\/p>\n\n\n\n<h2 class=\"wp-block-heading has-text-align-center\" id=\"h-allman-info\">Allm\u00e4n info<\/h2>\n\n\n\n<p class=\"has-text-align-center\">Vid fr\u00e5gor om bokning, behandling eller allm\u00e4nna funderingar n\u00e5r du oss p\u00e5 <a href=\"mailto:info@stjarnkliniken.com\">info@stjarnkliniken.com<\/a> eller telefon, <a href=\"tel:010-30 30 260\">010-30 30 260<\/a>, p\u00e5 f\u00f6ljande tider:<br><strong>M\u00e5ndagar:<\/strong>&nbsp;07:20 \u2013 16:20<br><strong>Tisdagar \u2013 torsdagar:<\/strong>&nbsp;07:20 \u2013 10:00 och 14.20 &#8211; 16.20<br><strong>Fredagar:<\/strong>&nbsp;07:20 \u2013 12:20<\/p>\n\n\n\n<p class=\"has-text-align-center\">Vid organisatoriska fr\u00e5gor kontakta VD Gustav Ingestad p\u00e5 <a href=\"mailto:gustav@stjarnkliniken.com\">gustav@stjarnkliniken.com<\/a><\/p>\n\n\n\n<div style=\"height:66px\" aria-hidden=\"true\" class=\"wp-block-spacer\"><\/div>\n\n\n\n<p class=\"has-text-align-center\"><\/p>\n","protected":false},"excerpt":{"rendered":"<p>KONTAKT G\u00d6TEBORG. Om kliniken. <\/p>\n","protected":false},"author":42,"featured_media":0,"parent":0,"menu_order":0,"comment_status":"closed","ping_status":"closed","template":"","meta":{"_acf_changed":false,"footnotes":""},"class_list":["post-9480","page","type-page","status-publish","hentry"],"acf":[],"yoast_head":"<!-- This site is optimized with the Yoast SEO Premium plugin v22.6 (Yoast SEO v22.6) - https:\/\/yoast.com\/wordpress\/plugins\/seo\/ -->\n<title>Kontakt G\u00f6teborg - G\u00f6teborg Haga<\/title>\n<meta name=\"robots\" content=\"index, follow, max-snippet:-1, max-image-preview:large, max-video-preview:-1\" \/>\n<link rel=\"canonical\" href=\"https:\/\/www.stjarnkliniken.com\/goteborg-haga\/kontakt-goteborg\/\" \/>\n<meta property=\"og:locale\" content=\"sv_SE\" \/>\n<meta property=\"og:type\" content=\"article\" \/>\n<meta property=\"og:title\" content=\"Kontakt G\u00f6teborg\" \/>\n<meta property=\"og:description\" content=\"KONTAKT G\u00d6TEBORG. Om kliniken.\" \/>\n<meta property=\"og:url\" content=\"https:\/\/www.stjarnkliniken.com\/goteborg-haga\/kontakt-goteborg\/\" \/>\n<meta property=\"og:site_name\" content=\"G\u00f6teborg Haga\" \/>\n<meta property=\"article:modified_time\" content=\"2026-02-03T08:43:54+00:00\" \/>\n<meta name=\"twitter:card\" content=\"summary_large_image\" \/>\n<meta name=\"twitter:label1\" content=\"Ber\u00e4knad l\u00e4stid\" \/>\n\t<meta name=\"twitter:data1\" content=\"1 minut\" \/>\n<script type=\"application\/ld+json\" class=\"yoast-schema-graph\">{\"@context\":\"https:\/\/schema.org\",\"@graph\":[{\"@type\":\"WebPage\",\"@id\":\"https:\/\/www.stjarnkliniken.com\/goteborg-haga\/kontakt-goteborg\/\",\"url\":\"https:\/\/www.stjarnkliniken.com\/goteborg-haga\/kontakt-goteborg\/\",\"name\":\"Kontakt G\u00f6teborg - G\u00f6teborg Haga\",\"isPartOf\":{\"@id\":\"https:\/\/www.stjarnkliniken.com\/goteborg-haga\/#website\"},\"datePublished\":\"2025-04-06T13:06:21+00:00\",\"dateModified\":\"2026-02-03T08:43:54+00:00\",\"breadcrumb\":{\"@id\":\"https:\/\/www.stjarnkliniken.com\/goteborg-haga\/kontakt-goteborg\/#breadcrumb\"},\"inLanguage\":\"sv-SE\",\"potentialAction\":[{\"@type\":\"ReadAction\",\"target\":[\"https:\/\/www.stjarnkliniken.com\/goteborg-haga\/kontakt-goteborg\/\"]}]},{\"@type\":\"BreadcrumbList\",\"@id\":\"https:\/\/www.stjarnkliniken.com\/goteborg-haga\/kontakt-goteborg\/#breadcrumb\",\"itemListElement\":[{\"@type\":\"ListItem\",\"position\":1,\"name\":\"Hem\",\"item\":\"https:\/\/www.stjarnkliniken.com\/goteborg-haga\/\"},{\"@type\":\"ListItem\",\"position\":2,\"name\":\"Kontakt G\u00f6teborg\"}]},{\"@type\":\"WebSite\",\"@id\":\"https:\/\/www.stjarnkliniken.com\/goteborg-haga\/#website\",\"url\":\"https:\/\/www.stjarnkliniken.com\/goteborg-haga\/\",\"name\":\"G\u00f6teborg Haga\",\"description\":\"Stj\u00e4rnkliniken: Naprapati &amp; massage - ingen v\u00e4ntetid, ingen remiss!\",\"potentialAction\":[{\"@type\":\"SearchAction\",\"target\":{\"@type\":\"EntryPoint\",\"urlTemplate\":\"https:\/\/www.stjarnkliniken.com\/goteborg-haga\/?s={search_term_string}\"},\"query-input\":\"required name=search_term_string\"}],\"inLanguage\":\"sv-SE\"}]}<\/script>\n<!-- \/ Yoast SEO Premium plugin. -->","yoast_head_json":{"title":"Kontakt G\u00f6teborg - G\u00f6teborg Haga","robots":{"index":"index","follow":"follow","max-snippet":"max-snippet:-1","max-image-preview":"max-image-preview:large","max-video-preview":"max-video-preview:-1"},"canonical":"https:\/\/www.stjarnkliniken.com\/goteborg-haga\/kontakt-goteborg\/","og_locale":"sv_SE","og_type":"article","og_title":"Kontakt G\u00f6teborg","og_description":"KONTAKT G\u00d6TEBORG. Om kliniken.","og_url":"https:\/\/www.stjarnkliniken.com\/goteborg-haga\/kontakt-goteborg\/","og_site_name":"G\u00f6teborg Haga","article_modified_time":"2026-02-03T08:43:54+00:00","twitter_card":"summary_large_image","twitter_misc":{"Ber\u00e4knad l\u00e4stid":"1 minut"},"schema":{"@context":"https:\/\/schema.org","@graph":[{"@type":"WebPage","@id":"https:\/\/www.stjarnkliniken.com\/goteborg-haga\/kontakt-goteborg\/","url":"https:\/\/www.stjarnkliniken.com\/goteborg-haga\/kontakt-goteborg\/","name":"Kontakt G\u00f6teborg - G\u00f6teborg Haga","isPartOf":{"@id":"https:\/\/www.stjarnkliniken.com\/goteborg-haga\/#website"},"datePublished":"2025-04-06T13:06:21+00:00","dateModified":"2026-02-03T08:43:54+00:00","breadcrumb":{"@id":"https:\/\/www.stjarnkliniken.com\/goteborg-haga\/kontakt-goteborg\/#breadcrumb"},"inLanguage":"sv-SE","potentialAction":[{"@type":"ReadAction","target":["https:\/\/www.stjarnkliniken.com\/goteborg-haga\/kontakt-goteborg\/"]}]},{"@type":"BreadcrumbList","@id":"https:\/\/www.stjarnkliniken.com\/goteborg-haga\/kontakt-goteborg\/#breadcrumb","itemListElement":[{"@type":"ListItem","position":1,"name":"Hem","item":"https:\/\/www.stjarnkliniken.com\/goteborg-haga\/"},{"@type":"ListItem","position":2,"name":"Kontakt G\u00f6teborg"}]},{"@type":"WebSite","@id":"https:\/\/www.stjarnkliniken.com\/goteborg-haga\/#website","url":"https:\/\/www.stjarnkliniken.com\/goteborg-haga\/","name":"G\u00f6teborg Haga","description":"Stj\u00e4rnkliniken: Naprapati &amp; massage - ingen v\u00e4ntetid, ingen remiss!","potentialAction":[{"@type":"SearchAction","target":{"@type":"EntryPoint","urlTemplate":"https:\/\/www.stjarnkliniken.com\/goteborg-haga\/?s={search_term_string}"},"query-input":"required name=search_term_string"}],"inLanguage":"sv-SE"}]}},"_links":{"self":[{"href":"https:\/\/www.stjarnkliniken.com\/goteborg-haga\/wp-json\/wp\/v2\/pages\/9480","targetHints":{"allow":["GET"]}}],"collection":[{"href":"https:\/\/www.stjarnkliniken.com\/goteborg-haga\/wp-json\/wp\/v2\/pages"}],"about":[{"href":"https:\/\/www.stjarnkliniken.com\/goteborg-haga\/wp-json\/wp\/v2\/types\/page"}],"author":[{"embeddable":true,"href":"https:\/\/www.stjarnkliniken.com\/goteborg-haga\/wp-json\/wp\/v2\/users\/42"}],"replies":[{"embeddable":true,"href":"https:\/\/www.stjarnkliniken.com\/goteborg-haga\/wp-json\/wp\/v2\/comments?post=9480"}],"version-history":[{"count":5,"href":"https:\/\/www.stjarnkliniken.com\/goteborg-haga\/wp-json\/wp\/v2\/pages\/9480\/revisions"}],"predecessor-version":[{"id":9591,"href":"https:\/\/www.stjarnkliniken.com\/goteborg-haga\/wp-json\/wp\/v2\/pages\/9480\/revisions\/9591"}],"wp:attachment":[{"href":"https:\/\/www.stjarnkliniken.com\/goteborg-haga\/wp-json\/wp\/v2\/media?parent=9480"}],"curies":[{"name":"wp","href":"https:\/\/api.w.org\/{rel}","templated":true}]}}