{"id":9440,"date":"2025-02-25T17:03:05","date_gmt":"2025-02-25T17:03:05","guid":{"rendered":"https:\/\/www.stjarnkliniken.com\/goteborg-haga\/?page_id=9440"},"modified":"2025-02-25T17:07:15","modified_gmt":"2025-02-25T17:07:15","slug":"fysioterapeut-goteborg","status":"publish","type":"page","link":"https:\/\/www.stjarnkliniken.com\/goteborg-haga\/fysioterapeut-goteborg\/","title":{"rendered":"Fysioterapeut G\u00f6teborg"},"content":{"rendered":"\n<div class=\"wp-block-group alignfull has-yellow-100-background-color has-background is-layout-flow wp-block-group-is-layout-flow\">\n\n<div class=\"wp-block-qala-blocks-hero alignfull content-position__left content-align__center\" >\n\t<div\n\t\tclass=\"wp-block-qala-blocks-hero__wrapper \"\n\t\tstyle=\" \"\n\t\t>\n\n\t\t\t\t<div\n\t\t\tclass=\"wp-block-qala-blocks-hero__content\"\n\t\t\tdata-width=\"50%\"\n\t\t\tstyle=\" width:50%;  text-align:left;\"\n\t\t\t>\n\t\t\t\n\n<div class=\"wp-block-columns are-vertically-aligned-center is-justified-center is-layout-flex wp-container-core-columns-is-layout-9d6595d7 wp-block-columns-is-layout-flex\">\n<div class=\"wp-block-column is-vertically-aligned-center is-layout-flow wp-block-column-is-layout-flow\" style=\"flex-basis:550px\">\n<div style=\"height:40px\" aria-hidden=\"true\" class=\"wp-block-spacer\"><\/div>\n\n\n\n<div style=\"height:50px\" aria-hidden=\"true\" class=\"wp-block-spacer\"><\/div>\n\n\n\n<h1 class=\"wp-block-heading has-text-align-center wp-block-qala-blocks-hero__heading\" id=\"h-fysioterapeut-goteborg\"><em><em>FYSIOTERAPEUT G\u00d6TEBORG<\/em><\/em><\/h1>\n\n\n\n<p class=\"has-text-align-center has-medium-font-size\">Beh\u00f6ver du hj\u00e4lp av en fysioterapeut\/sjukgymnast i G\u00f6teborg? V\u00e4lkommen till en av v\u00e5ra fysioterapeuter p\u00e5 Stj\u00e4rnkliniken! Vi erbjuder fysioterapi i G\u00f6teborg Haga.<\/p>\n\n\n\n<div class=\"wp-block-columns is-layout-flex wp-container-core-columns-is-layout-9d6595d7 wp-block-columns-is-layout-flex\">\n<div class=\"wp-block-column is-layout-flow wp-block-column-is-layout-flow\">\n<figure class=\"wp-block-image size-large is-style-rounded\"><img decoding=\"async\" src=\"https:\/\/www.stjarnkliniken.com\/wp-content\/uploads\/2022\/05\/naprapati-5-hemsida-e1655198992406.jpg\" alt=\"\" class=\"wp-image-8514\" \/><\/figure>\n\n\n\n<h4 class=\"wp-block-heading has-text-align-center has-normal-font-size\" id=\"h-akupunktur\">Akupunktur<\/h4>\n<\/div>\n\n\n\n<div class=\"wp-block-column is-layout-flow wp-block-column-is-layout-flow\">\n<figure class=\"wp-block-image size-large is-style-rounded\"><img decoding=\"async\" src=\"https:\/\/www.stjarnkliniken.com\/wp-content\/uploads\/2022\/06\/pt-hemsida.jpg\" alt=\"\" class=\"wp-image-9096\" \/><\/figure>\n\n\n\n<h4 class=\"wp-block-heading has-text-align-center has-normal-font-size\" id=\"h-rehabilitering\">Rehabilitering<\/h4>\n<\/div>\n\n\n\n<div class=\"wp-block-column is-layout-flow wp-block-column-is-layout-flow\">\n<figure class=\"wp-block-image size-large is-style-rounded\"><img decoding=\"async\" src=\"https:\/\/www.stjarnkliniken.com\/wp-content\/uploads\/2022\/05\/naprapati-4-hemsida.jpg\" alt=\"\" class=\"wp-image-8506\" \/><\/figure>\n\n\n\n<h4 class=\"wp-block-heading has-text-align-center has-normal-font-size\" id=\"h-mobilisering\">Mobilisering<\/h4>\n<\/div>\n<\/div>\n<\/div>\n<\/div>\n\n\t\t<\/div>\n\n\t\t\n\t\t<div\n\t\t\tclass=\"wp-block-qala-blocks-hero__media-wrap\"\n\t\t\tstyle=\"\"\n\t\t\t>\n\n\t\t\t\t\t\t\t\t\t\t\t\t<img decoding=\"async\" src=\"https:\/\/www.stjarnkliniken.com\/wp-content\/uploads\/2022\/09\/sto\u0308t-hemsida.jpg\" alt=\"hero-image\" loading=\"lazy\">\n\t\t\t\t\t\t\t\n\t\t\t\t\t\t\n\t\t\t\t\t\t\t<div\n\t\t\t\t\tclass=\"overlay\"\n\t\t\t\t\tstyle=\"opacity:70%; \"\n\t\t\t\t><\/div>\n\t\t\t\n\t\t<\/div>\n\t<\/div>\n<\/div>\n<\/div>\n\n\n\n<div style=\"height:70px\" aria-hidden=\"true\" class=\"wp-block-spacer\"><\/div>\n\n\n\n<h2 class=\"wp-block-heading alignwide\" id=\"h-traffa-en-legitimerad-fysioterapeut-i-goteborg\">Tr\u00e4ffa en legitimerad fysioterapeut i G\u00f6teborg<\/h2>\n\n\n\n<div class=\"wp-block-group alignwide is-layout-flow wp-block-group-is-layout-flow\">\n<p>V\u00e4lkommen till oss p\u00e5 Stj\u00e4rnkliniken f\u00f6r att tr\u00e4ffa en legitimerad fysioterapeut i Stockholm.<\/p>\n\n\n\n<p>Vi har l\u00e5ng erfarenhet av sjukgymnastik och kan erbjuda flera olika behandlingsmetoder f\u00f6r att f\u00f6rebygga, utreda och behandla olika typer av sm\u00e4rttillst\u00e5nd och funktionsrubbningar.<\/p>\n\n\n\n<div class=\"wp-block-buttons alignfull is-horizontal is-content-justification-left is-layout-flex wp-container-core-buttons-is-layout-7e5fce0a wp-block-buttons-is-layout-flex\">\n<div class=\"wp-block-button wp-block-button\"><a class=\"wp-block-button__link wp-element-button\" href=\"https:\/\/g.stjarnkliniken.com\/boka\/goteborg?step=2\">Boka tid<\/a><\/div>\n<\/div>\n\n\n\n<div style=\"height:70px\" aria-hidden=\"true\" class=\"wp-block-spacer\"><\/div>\n\n\n\n<h3 class=\"wp-block-heading alignwide\"><strong>V\u00e5ra kliniker<\/strong><\/h3>\n\n\n\n<p>Vi har en klinik i G\u00f6teborgsomr\u00e5det och du som vill ha hj\u00e4lp med fysioterapi i G\u00f6teborg hittar du oss i Axesshuset i Haga.<\/p>\n<\/div>\n\n\n\n<div style=\"height:70px\" aria-hidden=\"true\" class=\"wp-block-spacer\"><\/div>\n\n\n\n<div class=\"wp-block-group alignfull hero-block-video has-yellow-100-background-color has-background is-layout-flow wp-block-group-is-layout-flow\">\n\n<div class=\"wp-block-qala-blocks-hero alignfull content-position__left content-align__center\" >\n\t<div\n\t\tclass=\"wp-block-qala-blocks-hero__wrapper \"\n\t\tstyle=\" \"\n\t\t>\n\n\t\t\t\t<div\n\t\t\tclass=\"wp-block-qala-blocks-hero__content\"\n\t\t\tdata-width=\"50%\"\n\t\t\tstyle=\" width:50%;  text-align:left;\"\n\t\t\t>\n\t\t\t\n\n<div style=\"height:32px\" aria-hidden=\"true\" class=\"wp-block-spacer\"><\/div>\n\n\n\n<h2 class=\"wp-block-heading has-text-align-center has-black-color has-text-color\">Hur g\u00e5r en behandling till?<\/h2>\n\n\n\n<p class=\"has-text-align-center\">En behandling inom fysioterapi kan variera beroende p\u00e5 patientens diagnos och kan inneb\u00e4ra allt fr\u00e5n tr\u00e4ning och akupunktur, till massage, stretching och st\u00f6tv\u00e5gsbehandling. Fysioterapeuten arbetar f\u00f6rebyggande och ger dig verktyg som ska hj\u00e4lpa dig att undvika nya skador, samt hur du ska l\u00e4ra dig att anv\u00e4nda din kropp p\u00e5 ett s\u00e4tt som kan minska dina besv\u00e4r.<\/p>\n\n\n\n<div style=\"height:36px\" aria-hidden=\"true\" class=\"wp-block-spacer\"><\/div>\n\n\n\n<h3 class=\"wp-block-heading has-text-align-center\" id=\"h-vad-kan-vi-hjalpa-till-med\"><strong>Vad kan vi hj\u00e4lpa till med?<\/strong><\/h3>\n\n\n\n<p class=\"has-text-align-center\">En behandling hos en fysioterapeut kan vara effektiv vid olika typer av besv\u00e4r, som exempelvis:<\/p>\n\n\n\n<div class=\"wp-block-columns is-layout-flex wp-container-core-columns-is-layout-9d6595d7 wp-block-columns-is-layout-flex\">\n<div class=\"wp-block-column is-layout-flow wp-block-column-is-layout-flow\" style=\"flex-basis:33.34%\"><\/div>\n\n\n\n<div class=\"wp-block-column is-layout-flow wp-block-column-is-layout-flow\" style=\"flex-basis:300%\">\n<ul class=\"wp-block-list has-normal-font-size\">\n<li>V\u00e4rk eller sp\u00e4nning i axlar och nacke<\/li>\n\n\n\n<li>Sp\u00e4nda och stela muskler<\/li>\n\n\n\n<li>Ryggsm\u00e4rta som uppst\u00e5r n\u00e4r muskler och leder inte anv\u00e4nds korrekt<\/li>\n<\/ul>\n<\/div>\n\n\n\n<div class=\"wp-block-column is-layout-flow wp-block-column-is-layout-flow\" style=\"flex-basis:33.33%\"><\/div>\n<\/div>\n\n\n\n<div style=\"height:30px\" aria-hidden=\"true\" class=\"wp-block-spacer\"><\/div>\n\n\t\t<\/div>\n\n\t\t\n\t\t<div\n\t\t\tclass=\"wp-block-qala-blocks-hero__media-wrap\"\n\t\t\tstyle=\"\"\n\t\t\t>\n\n\t\t\t\t\t\t\t\t\t\t\t\t<img decoding=\"async\" src=\"https:\/\/www.stjarnkliniken.com\/wp-content\/uploads\/2022\/06\/190619_stjarnkliniken_0710A-scaled-e1655883967254.jpg\" alt=\"hero-image\" loading=\"lazy\">\n\t\t\t\t\t\t\t\n\t\t\t\t\t\t\n\t\t\t\t\t\t\t<div\n\t\t\t\t\tclass=\"overlay\"\n\t\t\t\t\tstyle=\"opacity:70%; \"\n\t\t\t\t><\/div>\n\t\t\t\n\t\t<\/div>\n\t<\/div>\n<\/div>\n<\/div>\n\n\n\n<div class=\"wp-block-group alignfull has-yellow-600-background-color has-background is-layout-flow wp-block-group-is-layout-flow\">\n\n<div class=\"wp-block-qala-blocks-hero alignfull content-position__right content-align__center\" >\n\t<div\n\t\tclass=\"wp-block-qala-blocks-hero__wrapper \"\n\t\tstyle=\" \"\n\t\t>\n\n\t\t\t\t<div\n\t\t\tclass=\"wp-block-qala-blocks-hero__content\"\n\t\t\tdata-width=\"50%\"\n\t\t\tstyle=\" width:50%;  text-align:left;\"\n\t\t\t>\n\t\t\t\n\n<div class=\"wp-block-group is-label is-layout-flow wp-block-group-is-layout-flow\">\n<p class=\"has-text-align-center is-label has-yellow-300-background-color has-background\" id=\"h-stjarnkliniken\"><strong><em>VARF\u00d6R OSS<\/em><\/strong><\/p>\n<\/div>\n\n\n\n<h2 class=\"wp-block-heading has-text-align-center has-white-color has-text-color\">Det lilla extra<\/h2>\n\n\n\n<p class=\"has-text-align-center has-white-color has-text-color\">Om vi anser att det beh\u00f6vs f\u00f6ljs behandlingen upp med individuellt anpassade tr\u00e4ningsprogram och andra r\u00e5d som kan vara behj\u00e4lpliga i ditt tillfrisknande och f\u00f6r att f\u00f6rebygga nya skador.<\/p>\n\n\t\t<\/div>\n\n\t\t\n\t\t<div\n\t\t\tclass=\"wp-block-qala-blocks-hero__media-wrap\"\n\t\t\tstyle=\"\"\n\t\t\t>\n\n\t\t\t\t\t\t\t\t\t\t\t\t<img decoding=\"async\" src=\"https:\/\/www.stjarnkliniken.com\/wp-content\/uploads\/2022\/06\/extra-hemsida-e1655822481351.jpg\" alt=\"hero-image\" loading=\"lazy\">\n\t\t\t\t\t\t\t\n\t\t\t\t\t\t\n\t\t\t\t\t\t\t<div\n\t\t\t\t\tclass=\"overlay\"\n\t\t\t\t\tstyle=\"opacity:70%; \"\n\t\t\t\t><\/div>\n\t\t\t\n\t\t<\/div>\n\t<\/div>\n<\/div>\n<\/div>\n\n\n\n<div style=\"height:100px\" aria-hidden=\"true\" class=\"wp-block-spacer\"><\/div>\n\n\n\n<div class=\"wp-block-buttons is-horizontal is-content-justification-center is-layout-flex wp-container-core-buttons-is-layout-499968f5 wp-block-buttons-is-layout-flex\">\n<div class=\"wp-block-button wp-block-button\"><a class=\"wp-block-button__link wp-element-button\" href=\"https:\/\/g.stjarnkliniken.com\/boka\/goteborg?step=2\">BOKA TID H\u00c4R<\/a><\/div>\n<\/div>\n\n\n\n<div class=\"wp-block-group is-layout-flow wp-block-group-is-layout-flow\" style=\"padding-top:0px;padding-right:100px;padding-bottom:100px;padding-left:100px\">\n<h2 class=\"wp-block-heading has-text-align-center\" id=\"h-vi-hjalper-dig-idag-valj-din-klinik\">Vi hj\u00e4lper dig idag.<br><span class=\"has-inline-color has-yellow-300-color\"><strong>V\u00e4lj din klinik.<\/strong><\/span><\/h2>\n<\/div>\n","protected":false},"excerpt":{"rendered":"<p>FYSIOTERAPEUT G\u00d6TEBORG. Beh\u00f6ver du hj\u00e4lp av en fysioterapeut\/sjukgymnast i G\u00f6teborg? V\u00e4lkommen till en av v\u00e5ra fysioterapeuter p\u00e5 Stj\u00e4rnkliniken! Vi erbjuder fysioterapi i G\u00f6teborg Haga.. &hellip;<\/p>\n","protected":false},"author":42,"featured_media":0,"parent":0,"menu_order":0,"comment_status":"closed","ping_status":"closed","template":"","meta":{"_acf_changed":false,"footnotes":""},"class_list":["post-9440","page","type-page","status-publish","hentry"],"acf":[],"yoast_head":"<!-- This site is optimized with the Yoast SEO Premium plugin v22.6 (Yoast SEO v22.6) - https:\/\/yoast.com\/wordpress\/plugins\/seo\/ -->\n<title>Fysioterapeut G\u00f6teborg - G\u00f6teborg Haga<\/title>\n<meta name=\"robots\" content=\"index, follow, max-snippet:-1, max-image-preview:large, max-video-preview:-1\" \/>\n<link rel=\"canonical\" href=\"https:\/\/www.stjarnkliniken.com\/goteborg-haga\/fysioterapeut-goteborg\/\" \/>\n<meta property=\"og:locale\" content=\"sv_SE\" \/>\n<meta property=\"og:type\" content=\"article\" \/>\n<meta property=\"og:title\" content=\"Fysioterapeut G\u00f6teborg\" \/>\n<meta property=\"og:description\" content=\"FYSIOTERAPEUT G\u00d6TEBORG. Beh\u00f6ver du hj\u00e4lp av en fysioterapeut\/sjukgymnast i G\u00f6teborg? V\u00e4lkommen till en av v\u00e5ra fysioterapeuter p\u00e5 Stj\u00e4rnkliniken! Vi erbjuder fysioterapi i G\u00f6teborg Haga.. &hellip;\" \/>\n<meta property=\"og:url\" content=\"https:\/\/www.stjarnkliniken.com\/goteborg-haga\/fysioterapeut-goteborg\/\" \/>\n<meta property=\"og:site_name\" content=\"G\u00f6teborg Haga\" \/>\n<meta property=\"article:modified_time\" content=\"2025-02-25T17:07:15+00:00\" \/>\n<meta property=\"og:image\" content=\"https:\/\/www.stjarnkliniken.com\/wp-content\/uploads\/2022\/05\/naprapati-5-hemsida-e1655198992406.jpg\" \/>\n<meta name=\"twitter:card\" content=\"summary_large_image\" \/>\n<meta name=\"twitter:label1\" content=\"Ber\u00e4knad l\u00e4stid\" \/>\n\t<meta name=\"twitter:data1\" content=\"2 minuter\" \/>\n<script type=\"application\/ld+json\" class=\"yoast-schema-graph\">{\"@context\":\"https:\/\/schema.org\",\"@graph\":[{\"@type\":\"WebPage\",\"@id\":\"https:\/\/www.stjarnkliniken.com\/goteborg-haga\/fysioterapeut-goteborg\/\",\"url\":\"https:\/\/www.stjarnkliniken.com\/goteborg-haga\/fysioterapeut-goteborg\/\",\"name\":\"Fysioterapeut G\u00f6teborg - G\u00f6teborg Haga\",\"isPartOf\":{\"@id\":\"https:\/\/www.stjarnkliniken.com\/goteborg-haga\/#website\"},\"primaryImageOfPage\":{\"@id\":\"https:\/\/www.stjarnkliniken.com\/goteborg-haga\/fysioterapeut-goteborg\/#primaryimage\"},\"image\":{\"@id\":\"https:\/\/www.stjarnkliniken.com\/goteborg-haga\/fysioterapeut-goteborg\/#primaryimage\"},\"thumbnailUrl\":\"https:\/\/www.stjarnkliniken.com\/wp-content\/uploads\/2022\/05\/naprapati-5-hemsida-e1655198992406.jpg\",\"datePublished\":\"2025-02-25T17:03:05+00:00\",\"dateModified\":\"2025-02-25T17:07:15+00:00\",\"breadcrumb\":{\"@id\":\"https:\/\/www.stjarnkliniken.com\/goteborg-haga\/fysioterapeut-goteborg\/#breadcrumb\"},\"inLanguage\":\"sv-SE\",\"potentialAction\":[{\"@type\":\"ReadAction\",\"target\":[\"https:\/\/www.stjarnkliniken.com\/goteborg-haga\/fysioterapeut-goteborg\/\"]}]},{\"@type\":\"ImageObject\",\"inLanguage\":\"sv-SE\",\"@id\":\"https:\/\/www.stjarnkliniken.com\/goteborg-haga\/fysioterapeut-goteborg\/#primaryimage\",\"url\":\"https:\/\/www.stjarnkliniken.com\/wp-content\/uploads\/2022\/05\/naprapati-5-hemsida-e1655198992406.jpg\",\"contentUrl\":\"https:\/\/www.stjarnkliniken.com\/wp-content\/uploads\/2022\/05\/naprapati-5-hemsida-e1655198992406.jpg\"},{\"@type\":\"BreadcrumbList\",\"@id\":\"https:\/\/www.stjarnkliniken.com\/goteborg-haga\/fysioterapeut-goteborg\/#breadcrumb\",\"itemListElement\":[{\"@type\":\"ListItem\",\"position\":1,\"name\":\"Hem\",\"item\":\"https:\/\/www.stjarnkliniken.com\/goteborg-haga\/\"},{\"@type\":\"ListItem\",\"position\":2,\"name\":\"Fysioterapeut G\u00f6teborg\"}]},{\"@type\":\"WebSite\",\"@id\":\"https:\/\/www.stjarnkliniken.com\/goteborg-haga\/#website\",\"url\":\"https:\/\/www.stjarnkliniken.com\/goteborg-haga\/\",\"name\":\"G\u00f6teborg Haga\",\"description\":\"Stj\u00e4rnkliniken: Naprapati &amp; massage - ingen v\u00e4ntetid, ingen remiss!\",\"potentialAction\":[{\"@type\":\"SearchAction\",\"target\":{\"@type\":\"EntryPoint\",\"urlTemplate\":\"https:\/\/www.stjarnkliniken.com\/goteborg-haga\/?s={search_term_string}\"},\"query-input\":\"required name=search_term_string\"}],\"inLanguage\":\"sv-SE\"}]}<\/script>\n<!-- \/ Yoast SEO Premium plugin. -->","yoast_head_json":{"title":"Fysioterapeut G\u00f6teborg - G\u00f6teborg Haga","robots":{"index":"index","follow":"follow","max-snippet":"max-snippet:-1","max-image-preview":"max-image-preview:large","max-video-preview":"max-video-preview:-1"},"canonical":"https:\/\/www.stjarnkliniken.com\/goteborg-haga\/fysioterapeut-goteborg\/","og_locale":"sv_SE","og_type":"article","og_title":"Fysioterapeut G\u00f6teborg","og_description":"FYSIOTERAPEUT G\u00d6TEBORG. Beh\u00f6ver du hj\u00e4lp av en fysioterapeut\/sjukgymnast i G\u00f6teborg? V\u00e4lkommen till en av v\u00e5ra fysioterapeuter p\u00e5 Stj\u00e4rnkliniken! Vi erbjuder fysioterapi i G\u00f6teborg Haga.. &hellip;","og_url":"https:\/\/www.stjarnkliniken.com\/goteborg-haga\/fysioterapeut-goteborg\/","og_site_name":"G\u00f6teborg Haga","article_modified_time":"2025-02-25T17:07:15+00:00","og_image":[{"url":"https:\/\/www.stjarnkliniken.com\/wp-content\/uploads\/2022\/05\/naprapati-5-hemsida-e1655198992406.jpg"}],"twitter_card":"summary_large_image","twitter_misc":{"Ber\u00e4knad l\u00e4stid":"2 minuter"},"schema":{"@context":"https:\/\/schema.org","@graph":[{"@type":"WebPage","@id":"https:\/\/www.stjarnkliniken.com\/goteborg-haga\/fysioterapeut-goteborg\/","url":"https:\/\/www.stjarnkliniken.com\/goteborg-haga\/fysioterapeut-goteborg\/","name":"Fysioterapeut G\u00f6teborg - G\u00f6teborg Haga","isPartOf":{"@id":"https:\/\/www.stjarnkliniken.com\/goteborg-haga\/#website"},"primaryImageOfPage":{"@id":"https:\/\/www.stjarnkliniken.com\/goteborg-haga\/fysioterapeut-goteborg\/#primaryimage"},"image":{"@id":"https:\/\/www.stjarnkliniken.com\/goteborg-haga\/fysioterapeut-goteborg\/#primaryimage"},"thumbnailUrl":"https:\/\/www.stjarnkliniken.com\/wp-content\/uploads\/2022\/05\/naprapati-5-hemsida-e1655198992406.jpg","datePublished":"2025-02-25T17:03:05+00:00","dateModified":"2025-02-25T17:07:15+00:00","breadcrumb":{"@id":"https:\/\/www.stjarnkliniken.com\/goteborg-haga\/fysioterapeut-goteborg\/#breadcrumb"},"inLanguage":"sv-SE","potentialAction":[{"@type":"ReadAction","target":["https:\/\/www.stjarnkliniken.com\/goteborg-haga\/fysioterapeut-goteborg\/"]}]},{"@type":"ImageObject","inLanguage":"sv-SE","@id":"https:\/\/www.stjarnkliniken.com\/goteborg-haga\/fysioterapeut-goteborg\/#primaryimage","url":"https:\/\/www.stjarnkliniken.com\/wp-content\/uploads\/2022\/05\/naprapati-5-hemsida-e1655198992406.jpg","contentUrl":"https:\/\/www.stjarnkliniken.com\/wp-content\/uploads\/2022\/05\/naprapati-5-hemsida-e1655198992406.jpg"},{"@type":"BreadcrumbList","@id":"https:\/\/www.stjarnkliniken.com\/goteborg-haga\/fysioterapeut-goteborg\/#breadcrumb","itemListElement":[{"@type":"ListItem","position":1,"name":"Hem","item":"https:\/\/www.stjarnkliniken.com\/goteborg-haga\/"},{"@type":"ListItem","position":2,"name":"Fysioterapeut G\u00f6teborg"}]},{"@type":"WebSite","@id":"https:\/\/www.stjarnkliniken.com\/goteborg-haga\/#website","url":"https:\/\/www.stjarnkliniken.com\/goteborg-haga\/","name":"G\u00f6teborg Haga","description":"Stj\u00e4rnkliniken: Naprapati &amp; massage - ingen v\u00e4ntetid, ingen remiss!","potentialAction":[{"@type":"SearchAction","target":{"@type":"EntryPoint","urlTemplate":"https:\/\/www.stjarnkliniken.com\/goteborg-haga\/?s={search_term_string}"},"query-input":"required name=search_term_string"}],"inLanguage":"sv-SE"}]}},"_links":{"self":[{"href":"https:\/\/www.stjarnkliniken.com\/goteborg-haga\/wp-json\/wp\/v2\/pages\/9440","targetHints":{"allow":["GET"]}}],"collection":[{"href":"https:\/\/www.stjarnkliniken.com\/goteborg-haga\/wp-json\/wp\/v2\/pages"}],"about":[{"href":"https:\/\/www.stjarnkliniken.com\/goteborg-haga\/wp-json\/wp\/v2\/types\/page"}],"author":[{"embeddable":true,"href":"https:\/\/www.stjarnkliniken.com\/goteborg-haga\/wp-json\/wp\/v2\/users\/42"}],"replies":[{"embeddable":true,"href":"https:\/\/www.stjarnkliniken.com\/goteborg-haga\/wp-json\/wp\/v2\/comments?post=9440"}],"version-history":[{"count":2,"href":"https:\/\/www.stjarnkliniken.com\/goteborg-haga\/wp-json\/wp\/v2\/pages\/9440\/revisions"}],"predecessor-version":[{"id":9442,"href":"https:\/\/www.stjarnkliniken.com\/goteborg-haga\/wp-json\/wp\/v2\/pages\/9440\/revisions\/9442"}],"wp:attachment":[{"href":"https:\/\/www.stjarnkliniken.com\/goteborg-haga\/wp-json\/wp\/v2\/media?parent=9440"}],"curies":[{"name":"wp","href":"https:\/\/api.w.org\/{rel}","templated":true}]}}