{"id":9393,"date":"2025-01-14T10:16:42","date_gmt":"2025-01-14T10:16:42","guid":{"rendered":"https:\/\/www.stjarnkliniken.com\/goteborg-haga\/?page_id=9393"},"modified":"2026-02-26T08:16:57","modified_gmt":"2026-02-26T08:16:57","slug":"naprapat","status":"publish","type":"page","link":"https:\/\/www.stjarnkliniken.com\/goteborg-haga\/naprapat\/","title":{"rendered":"Boka naprapat i G\u00f6teborg"},"content":{"rendered":"\n<div class=\"wp-block-group alignfull has-yellow-100-background-color has-background is-layout-flow wp-block-group-is-layout-flow\">\n\n<div class=\"wp-block-qala-blocks-hero alignfull content-position__left content-align__center\" >\n\t<div\n\t\tclass=\"wp-block-qala-blocks-hero__wrapper \"\n\t\tstyle=\" \"\n\t\t>\n\n\t\t\t\t<div\n\t\t\tclass=\"wp-block-qala-blocks-hero__content\"\n\t\t\tdata-width=\"50%\"\n\t\t\tstyle=\" width:50%;  text-align:left;\"\n\t\t\t>\n\t\t\t\n\n<div class=\"wp-block-columns are-vertically-aligned-center is-justified-center is-layout-flex wp-container-core-columns-is-layout-9d6595d7 wp-block-columns-is-layout-flex\">\n<div class=\"wp-block-column is-vertically-aligned-center is-layout-flow wp-block-column-is-layout-flow\" style=\"flex-basis:550px\">\n<div style=\"height:75px\" aria-hidden=\"true\" class=\"wp-block-spacer\"><\/div>\n\n\n\n<h1 class=\"wp-block-heading has-text-align-center wp-block-qala-blocks-hero__heading\" id=\"h-boka-naprapat-i-goteborg-nbsp\"><em><em>BOKA NAPRAPAT I G\u00d6TEBORG&nbsp;<\/em><\/em><\/h1>\n\n\n\n<p class=\"has-text-align-left wp-block-qala-blocks-hero__text has-medium-font-size\">Slipp sm\u00e4rta och stelhet \u2013 boka din behandling enkelt via v\u00e5rt formul\u00e4r. V\u00e5ra naprapater hj\u00e4lper dig att lindra sm\u00e4rta, \u00f6ka r\u00f6rlighet och \u00e5terf\u00e5 balans i dina muskler och leder. Oavsett om du har akuta besv\u00e4r eller l\u00e5ngvariga problem \u00e4r vi h\u00e4r f\u00f6r att hitta den b\u00e4sta naprapatbehandlingen f\u00f6r dig.<\/p>\n<\/div>\n<\/div>\n\n\n\n<div class=\"wp-block-buttons is-horizontal is-content-justification-center is-layout-flex wp-container-core-buttons-is-layout-499968f5 wp-block-buttons-is-layout-flex\">\n<div class=\"wp-block-button wp-block-button\"><a class=\"wp-block-button__link wp-element-button\" href=\"https:\/\/www.stjarnkliniken.com\/boka-nu\/\">Boka tid<\/a><\/div>\n<\/div>\n\n\t\t<\/div>\n\n\t\t\n\t\t<div\n\t\t\tclass=\"wp-block-qala-blocks-hero__media-wrap\"\n\t\t\tstyle=\"aspect-ratio:1100\/733\"\n\t\t\t>\n\n\t\t\t\t\t\t\t<img decoding=\"async\" width=\"1024\" height=\"682\" src=\"https:\/\/www.stjarnkliniken.com\/goteborg-haga\/wp-content\/uploads\/sites\/7\/2023\/11\/o\u0308rebro_a\u030asa_6-1024x682.jpg\" class=\"attachment-large size-large\" alt=\"Naprapati hos Naprapat i G\u00f6teborg\" loading=\"lazy\" srcset=\"https:\/\/www.stjarnkliniken.com\/goteborg-haga\/wp-content\/uploads\/sites\/7\/2023\/11\/o\u0308rebro_a\u030asa_6-1024x682.jpg 1024w, https:\/\/www.stjarnkliniken.com\/goteborg-haga\/wp-content\/uploads\/sites\/7\/2023\/11\/o\u0308rebro_a\u030asa_6-300x200.jpg 300w, https:\/\/www.stjarnkliniken.com\/goteborg-haga\/wp-content\/uploads\/sites\/7\/2023\/11\/o\u0308rebro_a\u030asa_6-266x178.jpg 266w, https:\/\/www.stjarnkliniken.com\/goteborg-haga\/wp-content\/uploads\/sites\/7\/2023\/11\/o\u0308rebro_a\u030asa_6-710x473.jpg 710w, https:\/\/www.stjarnkliniken.com\/goteborg-haga\/wp-content\/uploads\/sites\/7\/2023\/11\/o\u0308rebro_a\u030asa_6-268x178.jpg 268w, https:\/\/www.stjarnkliniken.com\/goteborg-haga\/wp-content\/uploads\/sites\/7\/2023\/11\/o\u0308rebro_a\u030asa_6-450x300.jpg 450w, https:\/\/www.stjarnkliniken.com\/goteborg-haga\/wp-content\/uploads\/sites\/7\/2023\/11\/o\u0308rebro_a\u030asa_6-780x520.jpg 780w, https:\/\/www.stjarnkliniken.com\/goteborg-haga\/wp-content\/uploads\/sites\/7\/2023\/11\/o\u0308rebro_a\u030asa_6.jpg 1100w\" sizes=\"auto, (max-width: 1024px) 100vw, 1024px\" \/>\t\t\t\n\t\t\t\t\t\t\n\t\t\t\t\t\t\t<div\n\t\t\t\t\tclass=\"overlay\"\n\t\t\t\t\tstyle=\"opacity:70%; \"\n\t\t\t\t><\/div>\n\t\t\t\n\t\t<\/div>\n\t<\/div>\n<\/div>\n<\/div>\n\n\n\n<div style=\"height:100px\" aria-hidden=\"true\" class=\"wp-block-spacer\"><\/div>\n\n\n\n<h2 class=\"wp-block-heading has-text-align-center\" id=\"h-vad-sager-vara-patienter-nbsp\">Vad s\u00e4ger v\u00e5ra patienter?&nbsp;<\/h2>\n\n\n\n<p>Vi s\u00e4tter alltid ditt v\u00e4lm\u00e5ende i centrum, och det \u00e4r de resultat vi uppn\u00e5r tillsammans som har gjort oss till en av de mest uppskattade klinikerna i G\u00f6teborg. Ta del av vad v\u00e5ra patienter s\u00e4ger om oss och uppt\u00e4ck hur vi kan hj\u00e4lpa dig att m\u00e5 b\u00e4ttre.<\/p>\n\n\n\n<div style=\"overflow:hidden;max-width:100%;width:750px;height:350px;margin:0 auto\"><div id=\"google-maps-canvas\" style=\"height:100%;width:100%;max-width:100%\"><\/div><a class=\"embedded-map-code\" href=\"https:\/\/www.bootstrapskins.com\/themes\" id=\"get-data-for-embed-map\">premium bootstrap themes<\/a>#google-maps-canvas img.text-marker{max-width:none!important;background:none!important;}img{max-width:none}<\/div>\n\n\n\n<div style=\"height:100px\" aria-hidden=\"true\" class=\"wp-block-spacer\"><\/div>\n\n\n\n<div class=\"wp-block-group alignfull has-yellow-100-background-color has-background is-layout-flow wp-block-group-is-layout-flow\">\n\n<div class=\"wp-block-qala-blocks-hero alignfull content-position__left content-align__center\" >\n\t<div\n\t\tclass=\"wp-block-qala-blocks-hero__wrapper \"\n\t\tstyle=\" \"\n\t\t>\n\n\t\t\t\t<div\n\t\t\tclass=\"wp-block-qala-blocks-hero__content\"\n\t\t\tdata-width=\"50%\"\n\t\t\tstyle=\" width:50%;  text-align:left;\"\n\t\t\t>\n\t\t\t\n\n<div class=\"wp-block-columns are-vertically-aligned-center is-justified-center is-layout-flex wp-container-core-columns-is-layout-9d6595d7 wp-block-columns-is-layout-flex\">\n<div class=\"wp-block-column is-vertically-aligned-center is-layout-flow wp-block-column-is-layout-flow\" style=\"flex-basis:550px\">\n<div style=\"height:75px\" aria-hidden=\"true\" class=\"wp-block-spacer\"><\/div>\n\n\n\n<h2 class=\"wp-block-heading has-text-align-left wp-block-qala-blocks-hero__heading\" id=\"h-vad-gor-en-naprapat\">Vad g\u00f6r en naprapat?<\/h2>\n\n\n\n<p class=\"has-text-align-left wp-block-qala-blocks-hero__text has-medium-font-size\">En naprapat behandlar sm\u00e4rta och stelhet i muskler och leder. Genom tekniker som massage, ledjustering och stretching arbetar vi f\u00f6r att lindra sm\u00e4rta, f\u00f6rb\u00e4ttra r\u00f6rlighet och f\u00f6rebygga framtida problem. Naprapati \u00e4r en helhetssyn p\u00e5 kroppens funktion \u2013 vi fokuserar inte bara p\u00e5 dina symtom utan ocks\u00e5 p\u00e5 orsaken bakom dina besv\u00e4r.<\/p>\n\n\n\n<h2 class=\"wp-block-heading\" id=\"h-vanliga-besvar-vi-behandlar\">Vanliga besv\u00e4r vi behandlar<\/h2>\n\n\n\n<p class=\"has-medium-font-size\">Har du problem med rygg, nacke eller leder? V\u00e5r behandling lindrar sm\u00e4rta snabbt och hj\u00e4lper dig att \u00e5terg\u00e5 till vardagen. H\u00e4r \u00e4r n\u00e5gra av de vanligaste tillst\u00e5nden vi hj\u00e4lper till med:<\/p>\n\n\n\n<ul class=\"wp-block-list has-small-font-size\">\n<li>Ryggskott och nacksp\u00e4rr<\/li>\n\n\n\n<li>Tennisarmb\u00e5ge och golfarmb\u00e5ge<\/li>\n\n\n\n<li>Sp\u00e4nningshuvudv\u00e4rk<\/li>\n\n\n\n<li>Idrottsskador, som l\u00f6parkn\u00e4 och muskelstr\u00e4ckningar<\/li>\n\n\n\n<li>Stelhet i axlar, h\u00f6fter eller kn\u00e4n<\/li>\n\n\n\n<li>H\u00e4lsporre och fotledsproblem<\/li>\n\n\n\n<li>Axell\u00e5sningar<\/li>\n\n\n\n<li>L\u00e4ndryggssm\u00e4rta<\/li>\n\n\n\n<li>Stukningar och muskelbristningar<\/li>\n\n\n\n<li>Tidiga symtom p\u00e5 diskbr\u00e5ck<\/li>\n\n\n\n<li>Akuta behandlingar<\/li>\n<\/ul>\n<\/div>\n<\/div>\n\n\n\n<div class=\"wp-block-buttons is-horizontal is-content-justification-center is-layout-flex wp-container-core-buttons-is-layout-499968f5 wp-block-buttons-is-layout-flex\">\n<div class=\"wp-block-button wp-block-button\"><a class=\"wp-block-button__link wp-element-button\" href=\"https:\/\/www.stjarnkliniken.com\/boka-nu\/\">Boka tid<\/a><\/div>\n<\/div>\n\n\n\n<div style=\"height:75px\" aria-hidden=\"true\" class=\"wp-block-spacer\"><\/div>\n\n\t\t<\/div>\n\n\t\t\n\t\t<div\n\t\t\tclass=\"wp-block-qala-blocks-hero__media-wrap\"\n\t\t\tstyle=\"aspect-ratio:591\/591\"\n\t\t\t>\n\n\t\t\t\t\t\t\t<img decoding=\"async\" width=\"591\" height=\"591\" src=\"https:\/\/www.stjarnkliniken.com\/goteborg-haga\/wp-content\/uploads\/sites\/7\/2022\/05\/naprapati-2-hemsida.jpg\" class=\"attachment-large size-large\" alt=\"Naprapati hos Stj\u00e4rnklinikens naprapat\" loading=\"lazy\" srcset=\"https:\/\/www.stjarnkliniken.com\/goteborg-haga\/wp-content\/uploads\/sites\/7\/2022\/05\/naprapati-2-hemsida.jpg 591w, https:\/\/www.stjarnkliniken.com\/goteborg-haga\/wp-content\/uploads\/sites\/7\/2022\/05\/naprapati-2-hemsida-300x300.jpg 300w\" sizes=\"auto, (max-width: 591px) 100vw, 591px\" \/>\t\t\t\n\t\t\t\t\t\t\n\t\t\t\t\t\t\t<div\n\t\t\t\t\tclass=\"overlay\"\n\t\t\t\t\tstyle=\"opacity:70%; \"\n\t\t\t\t><\/div>\n\t\t\t\n\t\t<\/div>\n\t<\/div>\n<\/div>\n<\/div>\n\n\n\n<div style=\"height:100px\" aria-hidden=\"true\" class=\"wp-block-spacer\"><\/div>\n\n\n\n<h2 class=\"wp-block-heading has-text-align-center\" id=\"h-naprapati-for-dig-med-langvariga-besvar\">Naprapati f\u00f6r dig med l\u00e5ngvariga besv\u00e4r<\/h2>\n\n\n\n<p>F\u00f6r dig med kroniska eller \u00e5terkommande problem erbjuder vi l\u00f6sningar som g\u00e5r p\u00e5 djupet. Med en kombination av behandling och individuella tr\u00e4ningsr\u00e5d hj\u00e4lper vi dig att f\u00f6rb\u00e4ttra din livskvalitet.<\/p>\n\n\n\n<ul class=\"wp-block-list\">\n<li>Sp\u00e4nningshuvudv\u00e4rk kopplad till stress eller h\u00e5llning<\/li>\n\n\n\n<li>Belastningsskador fr\u00e5n arbete eller tr\u00e4ning<\/li>\n\n\n\n<li>Artrosrelaterad stelhet och sm\u00e4rta<\/li>\n\n\n\n<li>L\u00e5ngvarig ischias eller domningar i leder<\/li>\n<\/ul>\n\n\n\n<div style=\"height:100px\" aria-hidden=\"true\" class=\"wp-block-spacer\"><\/div>\n\n\n\n<div class=\"wp-block-group alignfull has-yellow-100-background-color has-background is-layout-flow wp-block-group-is-layout-flow\">\n<div class=\"wp-block-columns is-layout-flex wp-container-core-columns-is-layout-9d6595d7 wp-block-columns-is-layout-flex\">\n<div class=\"wp-block-column is-layout-flow wp-block-column-is-layout-flow\" style=\"flex-basis:25%\"><\/div>\n\n\n\n<div class=\"wp-block-column is-layout-flow wp-block-column-is-layout-flow\" style=\"padding-right:var(--wp--preset--spacing--20);padding-left:var(--wp--preset--spacing--20);flex-basis:50%\">\n<div style=\"height:100px\" aria-hidden=\"true\" class=\"wp-block-spacer\"><\/div>\n\n\n\n<h2 class=\"wp-block-heading has-text-align-center has-large-font-size\" id=\"h-friskvardande-naprapatbehandling-i-goteborg-utnyttja-ditt-friskvardsbidrag\">Friskv\u00e5rdande naprapatbehandling i G\u00f6teborg \u2013 utnyttja ditt friskv\u00e5rdsbidrag<\/h2>\n\n\n\n<p>Ta hand om din h\u00e4lsa och anv\u00e4nd ditt friskv\u00e5rdsbidrag f\u00f6r v\u00e5ra naprapatbehandlingar i G\u00f6teborg. Vi erbjuder f\u00f6rebyggande och friskv\u00e5rdande naprapati som hj\u00e4lper dig att lindra muskelsp\u00e4nningar, \u00f6ka din r\u00f6rlighet och minska risken f\u00f6r framtida besv\u00e4r. Det \u00e4r ett perfekt s\u00e4tt att investera i ditt v\u00e4lm\u00e5ende samtidigt som du drar nytta av din arbetsgivares f\u00f6rm\u00e5n. Boka en tid hos oss och upplev skillnaden sj\u00e4lv!<\/p>\n\n\n\n<div class=\"wp-block-buttons is-horizontal is-content-justification-center is-layout-flex wp-container-core-buttons-is-layout-499968f5 wp-block-buttons-is-layout-flex\">\n<div class=\"wp-block-button wp-block-button\"><a class=\"wp-block-button__link wp-element-button\" href=\"https:\/\/www.stjarnkliniken.com\/boka-nu\/\">Boka tid<\/a><\/div>\n<\/div>\n\n\n\n<div style=\"height:100px\" aria-hidden=\"true\" class=\"wp-block-spacer\"><\/div>\n<\/div>\n\n\n\n<div class=\"wp-block-column is-layout-flow wp-block-column-is-layout-flow\" style=\"flex-basis:25%\"><\/div>\n<\/div>\n<\/div>\n\n\n\n<h3 class=\"wp-block-heading has-text-align-center has-large-font-size\" id=\"h-vanliga-fragor-naprapati-faq\">Vanliga fr\u00e5gor naprapati (FAQ)<\/h3>\n\n\n\n<div class=\"wp-block-qala-blocks-single-accordion  \" data-accordion-image-id=\"\">\n\t<div class=\"wp-block-qala-blocks-single-accordion__heading\" style=\"background-color: ;\">\n\t\t\t\t\t\t\t<h4 class=\"wp-block-qala-blocks-single-accordion__heading-title\" style=\"color: ;\">\n\t\t\t\tVad g\u00f6r en naprapat?\t\t\t<\/h4>\n\t\t\t<\/div>\n\t<div class=\"wp-block-qala-blocks-single-accordion__content\" style=\"color: ; background-color: ;\" >\n\t\t<p>En naprapat behandlar sm\u00e4rta och stelhet i muskler och leder genom tekniker som massage, ledjustering och tr\u00e4ning. M\u00e5let \u00e4r att lindra symtom, f\u00f6rb\u00e4ttra r\u00f6relse och f\u00f6rebygga framtida problem.<\/p>\n\t<\/div>\n\t<div class=\"accordion-image-placeholder\">\n\t\t\t<\/div>\n<\/div>\n\n\n\n<div class=\"wp-block-qala-blocks-single-accordion  \" data-accordion-image-id=\"\">\n\t<div class=\"wp-block-qala-blocks-single-accordion__heading\" style=\"background-color: ;\">\n\t\t\t\t\t\t\t<h4 class=\"wp-block-qala-blocks-single-accordion__heading-title\" style=\"color: ;\">\n\t\t\t\tN\u00e4r ska man g\u00e5 till en naprapat?\t\t\t<\/h4>\n\t\t\t<\/div>\n\t<div class=\"wp-block-qala-blocks-single-accordion__content\" style=\"color: ; background-color: ;\" >\n\t\t<p>Om du har sm\u00e4rtor i rygg, nacke, leder eller muskler som inte g\u00e5r \u00f6ver, eller om du vill f\u00f6rebygga skador fr\u00e5n arbete eller tr\u00e4ning, \u00e4r det dags att boka en tid.<\/p>\n\t<\/div>\n\t<div class=\"accordion-image-placeholder\">\n\t\t\t<\/div>\n<\/div>\n\n\n\n<div class=\"wp-block-qala-blocks-single-accordion  \" data-accordion-image-id=\"\">\n\t<div class=\"wp-block-qala-blocks-single-accordion__heading\" style=\"background-color: ;\">\n\t\t\t\t\t\t\t<h4 class=\"wp-block-qala-blocks-single-accordion__heading-title\" style=\"color: ;\">\n\t\t\t\tVad \u00e4r skillnaden mellan naprapat och kiropraktor?\t\t\t<\/h4>\n\t\t\t<\/div>\n\t<div class=\"wp-block-qala-blocks-single-accordion__content\" style=\"color: ; background-color: ;\" >\n\t\t<p>Naprapater arbetar med b\u00e5de muskler och leder, medan kiropraktorer fokuserar mer p\u00e5 ryggradens leder och nervsystemet.<\/p>\n\t<\/div>\n\t<div class=\"accordion-image-placeholder\">\n\t\t\t<\/div>\n<\/div>\n\n\n","protected":false},"excerpt":{"rendered":"<p>BOKA NAPRAPAT I G\u00d6TEBORG&nbsp;. Slipp sm\u00e4rta och stelhet \u2013 boka din behandling enkelt via v\u00e5rt formul\u00e4r. V\u00e5ra naprapater hj\u00e4lper dig att lindra sm\u00e4rta \u00f6ka r\u00f6rlighet och \u00e5terf\u00e5 balans i dina muskler och leder<\/p>\n","protected":false},"author":2,"featured_media":0,"parent":0,"menu_order":0,"comment_status":"closed","ping_status":"closed","template":"","meta":{"_acf_changed":false,"footnotes":""},"class_list":["post-9393","page","type-page","status-publish","hentry"],"acf":[],"yoast_head":"<!-- This site is optimized with the Yoast SEO Premium plugin v22.6 (Yoast SEO v22.6) - https:\/\/yoast.com\/wordpress\/plugins\/seo\/ -->\n<title>Boka naprapat i G\u00f6teborg - Stj\u00e4rnkliniken<\/title>\n<meta name=\"description\" content=\"Ditt v\u00e4lm\u00e5ende \u00e4r v\u00e5rt fokus och tillsammans n\u00e5r vi resultat som g\u00f6r oss till en uppskattad naprapatklinik. Slipp sm\u00e4rta i muskler &amp; leder \u2013 boka tid h\u00e4r!\" \/>\n<meta name=\"robots\" content=\"index, follow, max-snippet:-1, max-image-preview:large, max-video-preview:-1\" \/>\n<link rel=\"canonical\" href=\"https:\/\/www.stjarnkliniken.com\/goteborg-haga\/naprapat\/\" \/>\n<meta property=\"og:locale\" content=\"sv_SE\" \/>\n<meta property=\"og:type\" content=\"article\" \/>\n<meta property=\"og:title\" content=\"Boka naprapat i G\u00f6teborg\" \/>\n<meta property=\"og:description\" content=\"Ditt v\u00e4lm\u00e5ende \u00e4r v\u00e5rt fokus och tillsammans n\u00e5r vi resultat som g\u00f6r oss till en uppskattad naprapatklinik. Slipp sm\u00e4rta i muskler &amp; leder \u2013 boka tid h\u00e4r!\" \/>\n<meta property=\"og:url\" content=\"https:\/\/www.stjarnkliniken.com\/goteborg-haga\/naprapat\/\" \/>\n<meta property=\"og:site_name\" content=\"G\u00f6teborg Haga\" \/>\n<meta property=\"article:modified_time\" content=\"2026-02-26T08:16:57+00:00\" \/>\n<meta name=\"twitter:card\" content=\"summary_large_image\" \/>\n<meta name=\"twitter:label1\" content=\"Ber\u00e4knad l\u00e4stid\" \/>\n\t<meta name=\"twitter:data1\" content=\"2 minuter\" \/>\n<script type=\"application\/ld+json\" class=\"yoast-schema-graph\">{\"@context\":\"https:\/\/schema.org\",\"@graph\":[{\"@type\":\"WebPage\",\"@id\":\"https:\/\/www.stjarnkliniken.com\/goteborg-haga\/naprapat\/\",\"url\":\"https:\/\/www.stjarnkliniken.com\/goteborg-haga\/naprapat\/\",\"name\":\"Boka naprapat i G\u00f6teborg - Stj\u00e4rnkliniken\",\"isPartOf\":{\"@id\":\"https:\/\/www.stjarnkliniken.com\/goteborg-haga\/#website\"},\"datePublished\":\"2025-01-14T10:16:42+00:00\",\"dateModified\":\"2026-02-26T08:16:57+00:00\",\"description\":\"Ditt v\u00e4lm\u00e5ende \u00e4r v\u00e5rt fokus och tillsammans n\u00e5r vi resultat som g\u00f6r oss till en uppskattad naprapatklinik. Slipp sm\u00e4rta i muskler & leder \u2013 boka tid h\u00e4r!\",\"breadcrumb\":{\"@id\":\"https:\/\/www.stjarnkliniken.com\/goteborg-haga\/naprapat\/#breadcrumb\"},\"inLanguage\":\"sv-SE\",\"potentialAction\":[{\"@type\":\"ReadAction\",\"target\":[\"https:\/\/www.stjarnkliniken.com\/goteborg-haga\/naprapat\/\"]}]},{\"@type\":\"BreadcrumbList\",\"@id\":\"https:\/\/www.stjarnkliniken.com\/goteborg-haga\/naprapat\/#breadcrumb\",\"itemListElement\":[{\"@type\":\"ListItem\",\"position\":1,\"name\":\"Hem\",\"item\":\"https:\/\/www.stjarnkliniken.com\/goteborg-haga\/\"},{\"@type\":\"ListItem\",\"position\":2,\"name\":\"Boka naprapat i G\u00f6teborg\"}]},{\"@type\":\"WebSite\",\"@id\":\"https:\/\/www.stjarnkliniken.com\/goteborg-haga\/#website\",\"url\":\"https:\/\/www.stjarnkliniken.com\/goteborg-haga\/\",\"name\":\"G\u00f6teborg Haga\",\"description\":\"Stj\u00e4rnkliniken: Naprapati &amp; massage - ingen v\u00e4ntetid, ingen remiss!\",\"potentialAction\":[{\"@type\":\"SearchAction\",\"target\":{\"@type\":\"EntryPoint\",\"urlTemplate\":\"https:\/\/www.stjarnkliniken.com\/goteborg-haga\/?s={search_term_string}\"},\"query-input\":\"required name=search_term_string\"}],\"inLanguage\":\"sv-SE\"}]}<\/script>\n<!-- \/ Yoast SEO Premium plugin. -->","yoast_head_json":{"title":"Boka naprapat i G\u00f6teborg - Stj\u00e4rnkliniken","description":"Ditt v\u00e4lm\u00e5ende \u00e4r v\u00e5rt fokus och tillsammans n\u00e5r vi resultat som g\u00f6r oss till en uppskattad naprapatklinik. Slipp sm\u00e4rta i muskler & leder \u2013 boka tid h\u00e4r!","robots":{"index":"index","follow":"follow","max-snippet":"max-snippet:-1","max-image-preview":"max-image-preview:large","max-video-preview":"max-video-preview:-1"},"canonical":"https:\/\/www.stjarnkliniken.com\/goteborg-haga\/naprapat\/","og_locale":"sv_SE","og_type":"article","og_title":"Boka naprapat i G\u00f6teborg","og_description":"Ditt v\u00e4lm\u00e5ende \u00e4r v\u00e5rt fokus och tillsammans n\u00e5r vi resultat som g\u00f6r oss till en uppskattad naprapatklinik. Slipp sm\u00e4rta i muskler & leder \u2013 boka tid h\u00e4r!","og_url":"https:\/\/www.stjarnkliniken.com\/goteborg-haga\/naprapat\/","og_site_name":"G\u00f6teborg Haga","article_modified_time":"2026-02-26T08:16:57+00:00","twitter_card":"summary_large_image","twitter_misc":{"Ber\u00e4knad l\u00e4stid":"2 minuter"},"schema":{"@context":"https:\/\/schema.org","@graph":[{"@type":"WebPage","@id":"https:\/\/www.stjarnkliniken.com\/goteborg-haga\/naprapat\/","url":"https:\/\/www.stjarnkliniken.com\/goteborg-haga\/naprapat\/","name":"Boka naprapat i G\u00f6teborg - Stj\u00e4rnkliniken","isPartOf":{"@id":"https:\/\/www.stjarnkliniken.com\/goteborg-haga\/#website"},"datePublished":"2025-01-14T10:16:42+00:00","dateModified":"2026-02-26T08:16:57+00:00","description":"Ditt v\u00e4lm\u00e5ende \u00e4r v\u00e5rt fokus och tillsammans n\u00e5r vi resultat som g\u00f6r oss till en uppskattad naprapatklinik. Slipp sm\u00e4rta i muskler & leder \u2013 boka tid h\u00e4r!","breadcrumb":{"@id":"https:\/\/www.stjarnkliniken.com\/goteborg-haga\/naprapat\/#breadcrumb"},"inLanguage":"sv-SE","potentialAction":[{"@type":"ReadAction","target":["https:\/\/www.stjarnkliniken.com\/goteborg-haga\/naprapat\/"]}]},{"@type":"BreadcrumbList","@id":"https:\/\/www.stjarnkliniken.com\/goteborg-haga\/naprapat\/#breadcrumb","itemListElement":[{"@type":"ListItem","position":1,"name":"Hem","item":"https:\/\/www.stjarnkliniken.com\/goteborg-haga\/"},{"@type":"ListItem","position":2,"name":"Boka naprapat i G\u00f6teborg"}]},{"@type":"WebSite","@id":"https:\/\/www.stjarnkliniken.com\/goteborg-haga\/#website","url":"https:\/\/www.stjarnkliniken.com\/goteborg-haga\/","name":"G\u00f6teborg Haga","description":"Stj\u00e4rnkliniken: Naprapati &amp; massage - ingen v\u00e4ntetid, ingen remiss!","potentialAction":[{"@type":"SearchAction","target":{"@type":"EntryPoint","urlTemplate":"https:\/\/www.stjarnkliniken.com\/goteborg-haga\/?s={search_term_string}"},"query-input":"required name=search_term_string"}],"inLanguage":"sv-SE"}]}},"_links":{"self":[{"href":"https:\/\/www.stjarnkliniken.com\/goteborg-haga\/wp-json\/wp\/v2\/pages\/9393","targetHints":{"allow":["GET"]}}],"collection":[{"href":"https:\/\/www.stjarnkliniken.com\/goteborg-haga\/wp-json\/wp\/v2\/pages"}],"about":[{"href":"https:\/\/www.stjarnkliniken.com\/goteborg-haga\/wp-json\/wp\/v2\/types\/page"}],"author":[{"embeddable":true,"href":"https:\/\/www.stjarnkliniken.com\/goteborg-haga\/wp-json\/wp\/v2\/users\/2"}],"replies":[{"embeddable":true,"href":"https:\/\/www.stjarnkliniken.com\/goteborg-haga\/wp-json\/wp\/v2\/comments?post=9393"}],"version-history":[{"count":5,"href":"https:\/\/www.stjarnkliniken.com\/goteborg-haga\/wp-json\/wp\/v2\/pages\/9393\/revisions"}],"predecessor-version":[{"id":9595,"href":"https:\/\/www.stjarnkliniken.com\/goteborg-haga\/wp-json\/wp\/v2\/pages\/9393\/revisions\/9595"}],"wp:attachment":[{"href":"https:\/\/www.stjarnkliniken.com\/goteborg-haga\/wp-json\/wp\/v2\/media?parent=9393"}],"curies":[{"name":"wp","href":"https:\/\/api.w.org\/{rel}","templated":true}]}}