{"id":9088,"date":"2023-04-13T09:22:08","date_gmt":"2023-04-13T09:22:08","guid":{"rendered":"https:\/\/www.stjarnkliniken.com\/goteborg-haga\/?page_id=9088"},"modified":"2025-02-25T16:54:06","modified_gmt":"2025-02-25T16:54:06","slug":"naprapat-goteborg","status":"publish","type":"page","link":"https:\/\/www.stjarnkliniken.com\/goteborg-haga\/naprapat-goteborg\/","title":{"rendered":"Naprapat G\u00f6teborg"},"content":{"rendered":"\n<div class=\"wp-block-group alignfull has-yellow-100-background-color has-background is-layout-flow wp-block-group-is-layout-flow\">\n\n<div class=\"wp-block-qala-blocks-hero alignfull content-position__left content-align__center\" >\n\t<div\n\t\tclass=\"wp-block-qala-blocks-hero__wrapper \"\n\t\tstyle=\" \"\n\t\t>\n\n\t\t\t\t<div\n\t\t\tclass=\"wp-block-qala-blocks-hero__content\"\n\t\t\tdata-width=\"50%\"\n\t\t\tstyle=\" width:50%;  text-align:left;\"\n\t\t\t>\n\t\t\t\n\n<div class=\"wp-block-columns are-vertically-aligned-center is-justified-center is-layout-flex wp-container-core-columns-is-layout-9d6595d7 wp-block-columns-is-layout-flex\">\n<div class=\"wp-block-column is-vertically-aligned-center is-layout-flow wp-block-column-is-layout-flow\" style=\"flex-basis:550px\">\n<div style=\"height:75px\" aria-hidden=\"true\" class=\"wp-block-spacer\"><\/div>\n\n\n\n<h1 class=\"wp-block-heading has-text-align-center wp-block-qala-blocks-hero__heading\" id=\"h-naprapat-goteborg\"><em>NAPRAPAT G\u00d6TEBORG<\/em><\/h1>\n\n\n\n<p class=\"has-text-align-center wp-block-qala-blocks-hero__text has-medium-font-size\">&nbsp;S\u00f6ker du en naprapat i G\u00f6teborg? V\u00e4lkommen till oss p\u00e5 Stj\u00e4rnkliniken! Vi har expertis inom muskel-, led- och r\u00f6relseomr\u00e5det och arbetar f\u00f6r att minska din sm\u00e4rta och fr\u00e4mja din h\u00e4lsa och ditt v\u00e4lbefinnande<\/p>\n\n\n\n<div class=\"wp-block-columns is-layout-flex wp-container-core-columns-is-layout-9d6595d7 wp-block-columns-is-layout-flex\">\n<div class=\"wp-block-column is-layout-flow wp-block-column-is-layout-flow\">\n<figure class=\"wp-block-image size-large is-style-rounded\"><img decoding=\"async\" src=\"https:\/\/www.stjarnkliniken.com\/wp-content\/uploads\/2022\/06\/naprapati-6-hemsida.jpg\" alt=\"\" class=\"wp-image-9093\" \/><\/figure>\n\n\n\n<h4 class=\"wp-block-heading has-text-align-center has-normal-font-size\" id=\"h-manipulation\">Manipulation<\/h4>\n<\/div>\n\n\n\n<div class=\"wp-block-column is-layout-flow wp-block-column-is-layout-flow\">\n<figure class=\"wp-block-image size-large is-style-rounded\"><img loading=\"lazy\" decoding=\"async\" width=\"591\" height=\"591\" src=\"https:\/\/www.stjarnkliniken.com\/wp-content\/uploads\/2022\/05\/naprapati-3-hemsida.jpg\" alt=\"\" class=\"wp-image-8343\" srcset=\"https:\/\/www.stjarnkliniken.com\/goteborg-haga\/wp-content\/uploads\/sites\/7\/2022\/05\/naprapati-3-hemsida.jpg 591w, https:\/\/www.stjarnkliniken.com\/goteborg-haga\/wp-content\/uploads\/sites\/7\/2022\/05\/naprapati-3-hemsida-300x300.jpg 300w\" sizes=\"auto, (max-width: 591px) 100vw, 591px\" \/><\/figure>\n\n\n\n<h4 class=\"wp-block-heading has-text-align-center has-normal-font-size\" id=\"h-stotvags-behandling\">St\u00f6tv\u00e5gs-behandling<\/h4>\n<\/div>\n\n\n\n<div class=\"wp-block-column is-layout-flow wp-block-column-is-layout-flow\">\n<figure class=\"wp-block-image size-large is-style-rounded\"><img loading=\"lazy\" decoding=\"async\" width=\"600\" height=\"600\" src=\"https:\/\/www.stjarnkliniken.com\/wp-content\/uploads\/2022\/05\/massage4-hemsida.jpg\" alt=\"\" class=\"wp-image-8222\" srcset=\"https:\/\/www.stjarnkliniken.com\/goteborg-haga\/wp-content\/uploads\/sites\/7\/2022\/05\/massage4-hemsida.jpg 600w, https:\/\/www.stjarnkliniken.com\/goteborg-haga\/wp-content\/uploads\/sites\/7\/2022\/05\/massage4-hemsida-300x300.jpg 300w\" sizes=\"auto, (max-width: 600px) 100vw, 600px\" \/><\/figure>\n\n\n\n<h4 class=\"wp-block-heading has-text-align-center has-normal-font-size\" id=\"h-massage\">Massage<\/h4>\n<\/div>\n\n\n\n<div class=\"wp-block-column is-layout-flow wp-block-column-is-layout-flow\">\n<figure class=\"wp-block-image size-large is-style-rounded\"><img decoding=\"async\" src=\"https:\/\/www.stjarnkliniken.com\/stockholm-city\/wp-content\/uploads\/sites\/8\/2023\/01\/na\u030al-kopia.jpg\" alt=\"\" class=\"wp-image-9070\" \/><\/figure>\n\n\n\n<h4 class=\"wp-block-heading has-text-align-center has-normal-font-size\" id=\"h-dry-needling\">Dry-needling<\/h4>\n<\/div>\n<\/div>\n<\/div>\n<\/div>\n\n\t\t<\/div>\n\n\t\t\n\t\t<div\n\t\t\tclass=\"wp-block-qala-blocks-hero__media-wrap\"\n\t\t\tstyle=\"\"\n\t\t\t>\n\n\t\t\t\t\t\t\t\t\t\t\t\t<img decoding=\"async\" src=\"https:\/\/www.stjarnkliniken.com\/wp-content\/uploads\/2022\/06\/naprapati-start-hemsida-e1655883744591.jpg\" alt=\"hero-image\" loading=\"lazy\">\n\t\t\t\t\t\t\t\n\t\t\t\t\t\t\n\t\t\t\t\t\t\t<div\n\t\t\t\t\tclass=\"overlay\"\n\t\t\t\t\tstyle=\"opacity:70%; \"\n\t\t\t\t><\/div>\n\t\t\t\n\t\t<\/div>\n\t<\/div>\n<\/div>\n<\/div>\n\n\n\n<div style=\"height:70px\" aria-hidden=\"true\" class=\"wp-block-spacer\"><\/div>\n\n\n\n<h2 class=\"wp-block-heading alignwide\">&nbsp;Legitimerade, professionella naprapater&nbsp;<\/h2>\n\n\n\n<div class=\"wp-block-group alignwide is-layout-flow wp-block-group-is-layout-flow\">\n<p>&nbsp;P\u00e5 Stj\u00e4rnkliniken m\u00f6ter du legitimerade naprapater i G\u00f6teborg som fr\u00e4mst fokuserar p\u00e5 att lindra sm\u00e4rta som orsakas av problem i samspelet mellan muskler, leder och nervsystem, f\u00f6r att \u00e5terst\u00e4lla kroppens r\u00f6relsef\u00f6rm\u00e5ga.&nbsp;<\/p>\n\n\n\n<p>&nbsp;D\u00e4refter analyserar naprapaten de underliggande orsakerna till besv\u00e4ren, som kan inkludera muskul\u00e4ra obalanser eller arbetsmilj\u00f6relaterade faktorer. Du kan \u00e4ven bes\u00f6ka en naprapat hos oss f\u00f6r att f\u00f6rebygga skador och sm\u00e4rta.&nbsp;<\/p>\n\n\n\n<div class=\"wp-block-buttons alignfull is-horizontal is-content-justification-left is-layout-flex wp-container-core-buttons-is-layout-7e5fce0a wp-block-buttons-is-layout-flex\">\n<div class=\"wp-block-button wp-block-button\"><a class=\"wp-block-button__link wp-element-button\" href=\"https:\/\/www.stjarnkliniken.com\/boka-nu\/\">Boka tid<\/a><\/div>\n<\/div>\n\n\n\n<div style=\"height:70px\" aria-hidden=\"true\" class=\"wp-block-spacer\"><\/div>\n\n\n\n<h3 class=\"wp-block-heading alignwide\"><strong>V\u00e5ra kliniker<\/strong><\/h3>\n\n\n\n<p>H\u00e4r ser du v\u00e5ra kliniker som erbjuder naprapati i G\u00f6teborg med omnejd.&nbsp;<\/p>\n\n\n\n<ul class=\"wp-block-list has-normal-font-size\">\n<li><a href=\"https:\/\/www.stjarnkliniken.com\/goteborg-haga\/\"><strong><mark class=\"has-inline-color has-black-color\">Haga<\/mark><\/strong><\/a><\/li>\n<\/ul>\n\n\n\n<p><\/p>\n<\/div>\n\n\n\n<div style=\"height:55px\" aria-hidden=\"true\" class=\"wp-block-spacer\"><\/div>\n\n\n\n<div class=\"wp-block-group alignfull hero-block-video has-yellow-100-background-color has-background is-layout-flow wp-block-group-is-layout-flow\">\n\n<div class=\"wp-block-qala-blocks-hero alignfull content-position__left content-align__center\" >\n\t<div\n\t\tclass=\"wp-block-qala-blocks-hero__wrapper \"\n\t\tstyle=\" \"\n\t\t>\n\n\t\t\t\t<div\n\t\t\tclass=\"wp-block-qala-blocks-hero__content\"\n\t\t\tdata-width=\"50%\"\n\t\t\tstyle=\" width:50%;  text-align:left;\"\n\t\t\t>\n\t\t\t\n\n<div style=\"height:32px\" aria-hidden=\"true\" class=\"wp-block-spacer\"><\/div>\n\n\n\n<h2 class=\"wp-block-heading has-text-align-center has-black-color has-text-color\"><strong>Vad inneb\u00e4r en naprapatbehandling?&nbsp;<\/strong><\/h2>\n\n\n\n<p class=\"has-text-align-center has-black-color has-text-color\">En naprapatbehandling inneb\u00e4r att naprapaten fr\u00e4mst arbetar manuellt genom att anv\u00e4nda olika tekniker f\u00f6r att f\u00f6rebygga problem som \u00e4r kopplade till r\u00f6relseapparaten, till exempel sm\u00e4rta i muskler eller leder.&nbsp;<\/p>\n\n\n\n<p class=\"has-text-align-center has-black-color has-text-color\">Naprapaten kombinerar ofta manipulation och mobilisering av lederna med massagetekniker och stretching av musklerna. Andra tekniker som kan anv\u00e4ndas inkluderar elektromedicin, akupunktur, dry-needling och st\u00f6tv\u00e5gsbehandling, beroende p\u00e5 vad som passar patienten b\u00e4st.&nbsp;<\/p>\n\n\n\n<div style=\"height:36px\" aria-hidden=\"true\" class=\"wp-block-spacer\"><\/div>\n\n\n\n<h3 class=\"wp-block-heading has-text-align-center\" id=\"h-hur-kan-en-naprapat-hjalpa-mig-nbsp\"><strong>Hur kan en naprapat hj\u00e4lpa mig?&nbsp;<\/strong><\/h3>\n\n\n\n<p class=\"has-text-align-center has-black-color has-text-color\">Genom att f\u00f6rebygga och behandla besv\u00e4r och sm\u00e4rtor i muskler och leder kan en naprapat hj\u00e4lpa dig att \u00e5terf\u00e5 r\u00f6rligheten och minska sm\u00e4rtan i kroppen. Naprapaten kan behandla problem som sm\u00e4rta i rygg, nacke, skuldror, kn\u00e4 och axlar, samt olika \u00e5kommor som ischias, sp\u00e4nningshuvudv\u00e4rk eller tennisarmb\u00e5ge.&nbsp;<\/p>\n\n\n\n<div style=\"height:36px\" aria-hidden=\"true\" class=\"wp-block-spacer\"><\/div>\n\n\n\n<h3 class=\"wp-block-heading has-text-align-center\" id=\"h-boka-tid\"><strong>Boka tid<\/strong><\/h3>\n\n\n\n<p class=\"has-text-align-center has-black-color has-text-color\">Om du vill boka behandling hos en av v\u00e5ra naprapater i G\u00f6teborg eller f\u00e5 mer information om hur vi kan hj\u00e4lpa dig, \u00e4r du v\u00e4lkommen att kontakta oss. Vi anpassar alltid behandlingen efter dina individuella f\u00f6ruts\u00e4ttningar och behov, f\u00f6r att s\u00e4kerst\u00e4lla att du f\u00e5r den b\u00e4sta m\u00f6jliga hj\u00e4lpen.&nbsp;<\/p>\n\n\n\n<div class=\"wp-block-buttons is-horizontal is-content-justification-center is-layout-flex wp-container-core-buttons-is-layout-499968f5 wp-block-buttons-is-layout-flex\">\n<div class=\"wp-block-button wp-block-button\"><a class=\"wp-block-button__link wp-element-button\" href=\"https:\/\/www.stjarnkliniken.com\/boka-nu\/\">Boka tid<\/a><\/div>\n<\/div>\n\n\t\t<\/div>\n\n\t\t\n\t\t<div\n\t\t\tclass=\"wp-block-qala-blocks-hero__media-wrap\"\n\t\t\tstyle=\"\"\n\t\t\t>\n\n\t\t\t\t\t\t\t\t\t\t\t\t<img decoding=\"async\" src=\"https:\/\/www.stjarnkliniken.com\/wp-content\/uploads\/2022\/06\/190619_stjarnkliniken_0747A-scaled-e1655209478226.jpg\" alt=\"hero-image\" loading=\"lazy\">\n\t\t\t\t\t\t\t\n\t\t\t\t\t\t\n\t\t\t\t\t\t\t<div\n\t\t\t\t\tclass=\"overlay\"\n\t\t\t\t\tstyle=\"opacity:70%; \"\n\t\t\t\t><\/div>\n\t\t\t\n\t\t<\/div>\n\t<\/div>\n<\/div>\n<\/div>\n\n\n\n<div class=\"wp-block-group alignfull has-yellow-600-background-color has-background is-layout-flow wp-block-group-is-layout-flow\">\n\n<div class=\"wp-block-qala-blocks-hero alignfull content-position__right content-align__center\" >\n\t<div\n\t\tclass=\"wp-block-qala-blocks-hero__wrapper \"\n\t\tstyle=\" \"\n\t\t>\n\n\t\t\t\t<div\n\t\t\tclass=\"wp-block-qala-blocks-hero__content\"\n\t\t\tdata-width=\"50%\"\n\t\t\tstyle=\" width:50%;  text-align:left;\"\n\t\t\t>\n\t\t\t\n\n<div class=\"wp-block-group is-label is-layout-flow wp-block-group-is-layout-flow\">\n<p class=\"has-text-align-center is-label has-yellow-300-background-color has-background\" id=\"h-stjarnkliniken\"><strong><em>DET LILLA EXTRA<\/em><\/strong><\/p>\n<\/div>\n\n\n\n<h2 class=\"wp-block-heading has-text-align-center has-white-color has-text-color\">Varf\u00f6r Stj\u00e4rnkliniken?<\/h2>\n\n\n\n<p class=\"has-text-align-center has-white-color has-text-color\">Vi f\u00f6ljer upp behandlingen med individuellt anpassade tr\u00e4ningsprogram och andra r\u00e5d om vi anser att det beh\u00f6vs. Dessa tr\u00e4ningsprogram och r\u00e5d kan vara till stor hj\u00e4lp i ditt tillfrisknande och f\u00f6r att f\u00f6rebygga nya skador. Vi vill se till att du f\u00e5r den b\u00e4sta m\u00f6jliga v\u00e5rden och \u00e5terh\u00e4mtningen. V\u00e4lkommen till v\u00e5r naprapati i G\u00f6teborg!&nbsp;<\/p>\n\n\t\t<\/div>\n\n\t\t\n\t\t<div\n\t\t\tclass=\"wp-block-qala-blocks-hero__media-wrap\"\n\t\t\tstyle=\"\"\n\t\t\t>\n\n\t\t\t\t\t\t\t\t\t\t\t\t<img decoding=\"async\" src=\"https:\/\/www.stjarnkliniken.com\/wp-content\/uploads\/2022\/06\/extra-hemsida-e1655822481351.jpg\" alt=\"hero-image\" loading=\"lazy\">\n\t\t\t\t\t\t\t\n\t\t\t\t\t\t\n\t\t\t\t\t\t\t<div\n\t\t\t\t\tclass=\"overlay\"\n\t\t\t\t\tstyle=\"opacity:70%; \"\n\t\t\t\t><\/div>\n\t\t\t\n\t\t<\/div>\n\t<\/div>\n<\/div>\n<\/div>\n\n\n\n<div style=\"height:100px\" aria-hidden=\"true\" class=\"wp-block-spacer\"><\/div>\n\n\n\n<div class=\"wp-block-buttons is-horizontal is-content-justification-center is-layout-flex wp-container-core-buttons-is-layout-499968f5 wp-block-buttons-is-layout-flex\">\n<div class=\"wp-block-button wp-block-button\"><a class=\"wp-block-button__link wp-element-button\" href=\"https:\/\/www.stjarnkliniken.com\/boka-nu\/\">BOKA TID H\u00c4R<\/a><\/div>\n<\/div>\n\n\n\n<div class=\"wp-block-group is-layout-flow wp-block-group-is-layout-flow\" style=\"padding-top:0px;padding-right:100px;padding-bottom:100px;padding-left:100px\">\n<h2 class=\"wp-block-heading has-text-align-center\" id=\"h-vi-hjalper-dig-idag-valj-din-klinik\">Vi hj\u00e4lper dig idag.<br><span class=\"has-inline-color has-yellow-300-color\"><strong>V\u00e4lj din klinik.<\/strong><\/span><\/h2>\n<\/div>\n","protected":false},"excerpt":{"rendered":"<p>NAPRAPAT G\u00d6TEBORG. &nbsp;S\u00f6ker du en naprapat i G\u00f6teborg? V\u00e4lkommen till oss p\u00e5 Stj\u00e4rnkliniken! Vi har expertis inom muskel- led- och r\u00f6relseomr\u00e5det och arbetar f\u00f6r att minska din sm\u00e4rta och fr\u00e4mja din h\u00e4lsa och ditt v\u00e4lbefinnande&hellip;<\/p>\n","protected":false},"author":2,"featured_media":0,"parent":0,"menu_order":0,"comment_status":"closed","ping_status":"closed","template":"","meta":{"_acf_changed":false,"footnotes":""},"class_list":["post-9088","page","type-page","status-publish","hentry"],"acf":[],"yoast_head":"<!-- This site is optimized with the Yoast SEO Premium plugin v22.6 (Yoast SEO v22.6) - https:\/\/yoast.com\/wordpress\/plugins\/seo\/ -->\n<title>Naprapat G\u00f6teborg - Stj\u00e4rnkliniken<\/title>\n<meta name=\"description\" content=\"Tr\u00e4ffa en legitimerad naprapat i G\u00f6teborg. Vi hj\u00e4lper dig med sm\u00e4rtlindring och rehabilitering av muskler och leder. Boka tid i dag!\" \/>\n<meta name=\"robots\" content=\"index, follow, max-snippet:-1, max-image-preview:large, max-video-preview:-1\" \/>\n<link rel=\"canonical\" href=\"https:\/\/www.stjarnkliniken.com\/goteborg-haga\/naprapat-goteborg\/\" \/>\n<meta property=\"og:locale\" content=\"sv_SE\" \/>\n<meta property=\"og:type\" content=\"article\" \/>\n<meta property=\"og:title\" content=\"Naprapat G\u00f6teborg\" \/>\n<meta property=\"og:description\" content=\"Tr\u00e4ffa en legitimerad naprapat i G\u00f6teborg. Vi hj\u00e4lper dig med sm\u00e4rtlindring och rehabilitering av muskler och leder. Boka tid i dag!\" \/>\n<meta property=\"og:url\" content=\"https:\/\/www.stjarnkliniken.com\/goteborg-haga\/naprapat-goteborg\/\" \/>\n<meta property=\"og:site_name\" content=\"G\u00f6teborg Haga\" \/>\n<meta property=\"article:modified_time\" content=\"2025-02-25T16:54:06+00:00\" \/>\n<meta property=\"og:image\" content=\"https:\/\/www.stjarnkliniken.com\/wp-content\/uploads\/2022\/06\/naprapati-6-hemsida.jpg\" \/>\n<meta name=\"twitter:card\" content=\"summary_large_image\" \/>\n<meta name=\"twitter:label1\" content=\"Ber\u00e4knad l\u00e4stid\" \/>\n\t<meta name=\"twitter:data1\" content=\"3 minuter\" \/>\n<script type=\"application\/ld+json\" class=\"yoast-schema-graph\">{\"@context\":\"https:\/\/schema.org\",\"@graph\":[{\"@type\":\"WebPage\",\"@id\":\"https:\/\/www.stjarnkliniken.com\/goteborg-haga\/naprapat-goteborg\/\",\"url\":\"https:\/\/www.stjarnkliniken.com\/goteborg-haga\/naprapat-goteborg\/\",\"name\":\"Naprapat G\u00f6teborg - Stj\u00e4rnkliniken\",\"isPartOf\":{\"@id\":\"https:\/\/www.stjarnkliniken.com\/goteborg-haga\/#website\"},\"primaryImageOfPage\":{\"@id\":\"https:\/\/www.stjarnkliniken.com\/goteborg-haga\/naprapat-goteborg\/#primaryimage\"},\"image\":{\"@id\":\"https:\/\/www.stjarnkliniken.com\/goteborg-haga\/naprapat-goteborg\/#primaryimage\"},\"thumbnailUrl\":\"https:\/\/www.stjarnkliniken.com\/wp-content\/uploads\/2022\/06\/naprapati-6-hemsida.jpg\",\"datePublished\":\"2023-04-13T09:22:08+00:00\",\"dateModified\":\"2025-02-25T16:54:06+00:00\",\"description\":\"Tr\u00e4ffa en legitimerad naprapat i G\u00f6teborg. Vi hj\u00e4lper dig med sm\u00e4rtlindring och rehabilitering av muskler och leder. Boka tid i dag!\",\"breadcrumb\":{\"@id\":\"https:\/\/www.stjarnkliniken.com\/goteborg-haga\/naprapat-goteborg\/#breadcrumb\"},\"inLanguage\":\"sv-SE\",\"potentialAction\":[{\"@type\":\"ReadAction\",\"target\":[\"https:\/\/www.stjarnkliniken.com\/goteborg-haga\/naprapat-goteborg\/\"]}]},{\"@type\":\"ImageObject\",\"inLanguage\":\"sv-SE\",\"@id\":\"https:\/\/www.stjarnkliniken.com\/goteborg-haga\/naprapat-goteborg\/#primaryimage\",\"url\":\"https:\/\/www.stjarnkliniken.com\/wp-content\/uploads\/2022\/06\/naprapati-6-hemsida.jpg\",\"contentUrl\":\"https:\/\/www.stjarnkliniken.com\/wp-content\/uploads\/2022\/06\/naprapati-6-hemsida.jpg\"},{\"@type\":\"BreadcrumbList\",\"@id\":\"https:\/\/www.stjarnkliniken.com\/goteborg-haga\/naprapat-goteborg\/#breadcrumb\",\"itemListElement\":[{\"@type\":\"ListItem\",\"position\":1,\"name\":\"Hem\",\"item\":\"https:\/\/www.stjarnkliniken.com\/goteborg-haga\/\"},{\"@type\":\"ListItem\",\"position\":2,\"name\":\"Naprapat G\u00f6teborg\"}]},{\"@type\":\"WebSite\",\"@id\":\"https:\/\/www.stjarnkliniken.com\/goteborg-haga\/#website\",\"url\":\"https:\/\/www.stjarnkliniken.com\/goteborg-haga\/\",\"name\":\"G\u00f6teborg Haga\",\"description\":\"Stj\u00e4rnkliniken: Naprapati &amp; massage - ingen v\u00e4ntetid, ingen remiss!\",\"potentialAction\":[{\"@type\":\"SearchAction\",\"target\":{\"@type\":\"EntryPoint\",\"urlTemplate\":\"https:\/\/www.stjarnkliniken.com\/goteborg-haga\/?s={search_term_string}\"},\"query-input\":\"required name=search_term_string\"}],\"inLanguage\":\"sv-SE\"}]}<\/script>\n<!-- \/ Yoast SEO Premium plugin. -->","yoast_head_json":{"title":"Naprapat G\u00f6teborg - Stj\u00e4rnkliniken","description":"Tr\u00e4ffa en legitimerad naprapat i G\u00f6teborg. Vi hj\u00e4lper dig med sm\u00e4rtlindring och rehabilitering av muskler och leder. Boka tid i dag!","robots":{"index":"index","follow":"follow","max-snippet":"max-snippet:-1","max-image-preview":"max-image-preview:large","max-video-preview":"max-video-preview:-1"},"canonical":"https:\/\/www.stjarnkliniken.com\/goteborg-haga\/naprapat-goteborg\/","og_locale":"sv_SE","og_type":"article","og_title":"Naprapat G\u00f6teborg","og_description":"Tr\u00e4ffa en legitimerad naprapat i G\u00f6teborg. Vi hj\u00e4lper dig med sm\u00e4rtlindring och rehabilitering av muskler och leder. Boka tid i dag!","og_url":"https:\/\/www.stjarnkliniken.com\/goteborg-haga\/naprapat-goteborg\/","og_site_name":"G\u00f6teborg Haga","article_modified_time":"2025-02-25T16:54:06+00:00","og_image":[{"url":"https:\/\/www.stjarnkliniken.com\/wp-content\/uploads\/2022\/06\/naprapati-6-hemsida.jpg"}],"twitter_card":"summary_large_image","twitter_misc":{"Ber\u00e4knad l\u00e4stid":"3 minuter"},"schema":{"@context":"https:\/\/schema.org","@graph":[{"@type":"WebPage","@id":"https:\/\/www.stjarnkliniken.com\/goteborg-haga\/naprapat-goteborg\/","url":"https:\/\/www.stjarnkliniken.com\/goteborg-haga\/naprapat-goteborg\/","name":"Naprapat G\u00f6teborg - Stj\u00e4rnkliniken","isPartOf":{"@id":"https:\/\/www.stjarnkliniken.com\/goteborg-haga\/#website"},"primaryImageOfPage":{"@id":"https:\/\/www.stjarnkliniken.com\/goteborg-haga\/naprapat-goteborg\/#primaryimage"},"image":{"@id":"https:\/\/www.stjarnkliniken.com\/goteborg-haga\/naprapat-goteborg\/#primaryimage"},"thumbnailUrl":"https:\/\/www.stjarnkliniken.com\/wp-content\/uploads\/2022\/06\/naprapati-6-hemsida.jpg","datePublished":"2023-04-13T09:22:08+00:00","dateModified":"2025-02-25T16:54:06+00:00","description":"Tr\u00e4ffa en legitimerad naprapat i G\u00f6teborg. Vi hj\u00e4lper dig med sm\u00e4rtlindring och rehabilitering av muskler och leder. Boka tid i dag!","breadcrumb":{"@id":"https:\/\/www.stjarnkliniken.com\/goteborg-haga\/naprapat-goteborg\/#breadcrumb"},"inLanguage":"sv-SE","potentialAction":[{"@type":"ReadAction","target":["https:\/\/www.stjarnkliniken.com\/goteborg-haga\/naprapat-goteborg\/"]}]},{"@type":"ImageObject","inLanguage":"sv-SE","@id":"https:\/\/www.stjarnkliniken.com\/goteborg-haga\/naprapat-goteborg\/#primaryimage","url":"https:\/\/www.stjarnkliniken.com\/wp-content\/uploads\/2022\/06\/naprapati-6-hemsida.jpg","contentUrl":"https:\/\/www.stjarnkliniken.com\/wp-content\/uploads\/2022\/06\/naprapati-6-hemsida.jpg"},{"@type":"BreadcrumbList","@id":"https:\/\/www.stjarnkliniken.com\/goteborg-haga\/naprapat-goteborg\/#breadcrumb","itemListElement":[{"@type":"ListItem","position":1,"name":"Hem","item":"https:\/\/www.stjarnkliniken.com\/goteborg-haga\/"},{"@type":"ListItem","position":2,"name":"Naprapat G\u00f6teborg"}]},{"@type":"WebSite","@id":"https:\/\/www.stjarnkliniken.com\/goteborg-haga\/#website","url":"https:\/\/www.stjarnkliniken.com\/goteborg-haga\/","name":"G\u00f6teborg Haga","description":"Stj\u00e4rnkliniken: Naprapati &amp; massage - ingen v\u00e4ntetid, ingen remiss!","potentialAction":[{"@type":"SearchAction","target":{"@type":"EntryPoint","urlTemplate":"https:\/\/www.stjarnkliniken.com\/goteborg-haga\/?s={search_term_string}"},"query-input":"required name=search_term_string"}],"inLanguage":"sv-SE"}]}},"_links":{"self":[{"href":"https:\/\/www.stjarnkliniken.com\/goteborg-haga\/wp-json\/wp\/v2\/pages\/9088","targetHints":{"allow":["GET"]}}],"collection":[{"href":"https:\/\/www.stjarnkliniken.com\/goteborg-haga\/wp-json\/wp\/v2\/pages"}],"about":[{"href":"https:\/\/www.stjarnkliniken.com\/goteborg-haga\/wp-json\/wp\/v2\/types\/page"}],"author":[{"embeddable":true,"href":"https:\/\/www.stjarnkliniken.com\/goteborg-haga\/wp-json\/wp\/v2\/users\/2"}],"replies":[{"embeddable":true,"href":"https:\/\/www.stjarnkliniken.com\/goteborg-haga\/wp-json\/wp\/v2\/comments?post=9088"}],"version-history":[{"count":5,"href":"https:\/\/www.stjarnkliniken.com\/goteborg-haga\/wp-json\/wp\/v2\/pages\/9088\/revisions"}],"predecessor-version":[{"id":9439,"href":"https:\/\/www.stjarnkliniken.com\/goteborg-haga\/wp-json\/wp\/v2\/pages\/9088\/revisions\/9439"}],"wp:attachment":[{"href":"https:\/\/www.stjarnkliniken.com\/goteborg-haga\/wp-json\/wp\/v2\/media?parent=9088"}],"curies":[{"name":"wp","href":"https:\/\/api.w.org\/{rel}","templated":true}]}}